{"id":4,"date":"2024-04-03T23:25:21","date_gmt":"2024-04-03T20:25:21","guid":{"rendered":"https:\/\/sisu.ut.ee\/andmebaasid\/koduarvutist-juurdepaas\/"},"modified":"2025-11-30T17:15:11","modified_gmt":"2025-11-30T15:15:11","slug":"koduarvutist-juurdepaas","status":"publish","type":"page","link":"https:\/\/sisu.ut.ee\/andmebaasid\/koduarvutist-juurdepaas\/","title":{"rendered":"Koduarvutist juurdep\u00e4\u00e4s"},"content":{"rendered":"<p>Tartu \u00dclikoolile raamatukogu kaudu avatud\u00a0andmebaasidele, ajakirjadele ja e-raamatutele on juurdep\u00e4\u00e4s \u00fclikooli arvutiv\u00f5rgus, v\u00e4ljaspool seda on juurdep\u00e4\u00e4s \u00a0ainult \u00fclikooli kasutajatunnustega.<\/p>\n<p><strong>V\u00e4ljaspool T\u00dc arvutiv\u00f5rku raamatukogu andmebaaside nimekirjas <\/strong><a id=\"https:\/\/utlib.ut.ee\/andmebaasid\" name=\"https:\/\/utlib.ut.ee\/andmebaasid\"><\/a><a href=\"https:\/\/utlib.ut.ee\/andmebaasid\" target=\"_blank\" rel=\"noopener\">https:\/\/utlib.ut.ee\/andmebaasid<\/a><strong> andmebaasi nimel kl\u00f5psates on vaja VPN \u00fchendust.\u00a0<\/strong><br>\nVPN \u00fchenduse loomiseks kasutage <strong>EduVPN<\/strong> klienti. VPN \u00fchenduse loomise kohta leiate infot <a href=\"https:\/\/wiki.ut.ee\/pages\/viewpage.action?pageId=17105590\" target=\"_blank\" rel=\"noopener\">\u00fclikooli arvutiabi kodulehelt.<\/a><br>\nVPN \u00fchenduse kasutamiseks on vajalikud \u00fclikooli kasutajatunnused.<\/p>\n<p><strong>Ilma VPN \u00fchenduseta<\/strong> saab kasutada andmebaase, kui kl\u00f5psate T\u00dc raamatukogu andmebaaside lehel andmebaasi nime all lingil <strong>Ligip\u00e4\u00e4s T\u00dc kasutajatunnustega<\/strong>\u00a0ning sisenete T\u00dc \u00f5ppeinfos\u00fcsteemi kasutajatunnustega.<\/p>\n<p>Soovitame siiski kasutada VPN \u00fchendust, sest nii saate oma otsingutega k\u00e4tte k\u00f5ik Tartu \u00dclikoolile erinevates andmebaasides avatud t\u00e4istekstid ja \u00fclikoolile tellitud ajakirjad. Ka Google Scholariga otsinguid tehes saate siis k\u00e4tte \u00fclikoolile avatud t\u00e4istekstid.<br>\nM\u00f5ningate andmebaaside puhul v\u00f5ib olla\u00a0tarvis lisaks kasutada ka\u00a0T\u00dc\u00a0puhverserverit, vt\u00a0\u00a0<a href=\"https:\/\/wiki.ut.ee\/pages\/viewpage.action?pageId=39551255\" target=\"_blank\" rel=\"noopener\">\u00a0<\/a><a href=\"https:\/\/wiki.ut.ee\/pages\/viewpage.action?pageId=39551255\" target=\"_blank\" rel=\"noopener\">https:\/\/wiki.ut.ee\/pages\/viewpage.action?pageId=39551255<\/a>.<\/p>\n","protected":false},"excerpt":{"rendered":"<p>Tartu \u00dclikoolile raamatukogu kaudu avatud\u00a0andmebaasidele, ajakirjadele ja e-raamatutele on juurdep\u00e4\u00e4s \u00fclikooli arvutiv\u00f5rgus, v\u00e4ljaspool seda on juurdep\u00e4\u00e4s \u00a0ainult \u00fclikooli kasutajatunnustega. V\u00e4ljaspool T\u00dc arvutiv\u00f5rku raamatukogu andmebaaside nimekirjas https:\/\/utlib.ut.ee\/andmebaasid andmebaasi nimel kl\u00f5psates on vaja VPN \u00fchendust.\u00a0 VPN \u00fchenduse loomiseks kasutage EduVPN klienti. VPN &#8230;<\/p>\n","protected":false},"author":5,"featured_media":0,"parent":0,"menu_order":0,"comment_status":"closed","ping_status":"closed","template":"","meta":{"_acf_changed":false,"inline_featured_image":false,"footnotes":""},"class_list":["post-4","page","type-page","status-publish","hentry"],"acf":[],"_links":{"self":[{"href":"https:\/\/sisu.ut.ee\/andmebaasid\/wp-json\/wp\/v2\/pages\/4","targetHints":{"allow":["GET"]}}],"collection":[{"href":"https:\/\/sisu.ut.ee\/andmebaasid\/wp-json\/wp\/v2\/pages"}],"about":[{"href":"https:\/\/sisu.ut.ee\/andmebaasid\/wp-json\/wp\/v2\/types\/page"}],"author":[{"embeddable":true,"href":"https:\/\/sisu.ut.ee\/andmebaasid\/wp-json\/wp\/v2\/users\/5"}],"replies":[{"embeddable":true,"href":"https:\/\/sisu.ut.ee\/andmebaasid\/wp-json\/wp\/v2\/comments?post=4"}],"version-history":[{"count":3,"href":"https:\/\/sisu.ut.ee\/andmebaasid\/wp-json\/wp\/v2\/pages\/4\/revisions"}],"predecessor-version":[{"id":106,"href":"https:\/\/sisu.ut.ee\/andmebaasid\/wp-json\/wp\/v2\/pages\/4\/revisions\/106"}],"wp:attachment":[{"href":"https:\/\/sisu.ut.ee\/andmebaasid\/wp-json\/wp\/v2\/media?parent=4"}],"curies":[{"name":"wp","href":"https:\/\/api.w.org\/{rel}","templated":true}]}}