{"id":3,"date":"2024-04-03T23:25:21","date_gmt":"2024-04-03T20:25:21","guid":{"rendered":"https:\/\/sisu.ut.ee\/andmebaasid\/e-raamatute-andmebaasid\/"},"modified":"2026-02-08T18:23:49","modified_gmt":"2026-02-08T16:23:49","slug":"e-raamatute-andmebaasid","status":"publish","type":"page","link":"https:\/\/sisu.ut.ee\/andmebaasid\/e-raamatute-andmebaasid\/","title":{"rendered":"E-raamatute andmebaasid"},"content":{"rendered":"<p>T\u00dc Raamatukogu vahendusel on \u00fclikoolile kasutamiseks avatud mitmed multidistsiplinaarsed ja erialased e-raamatute andmebaasid.<\/p>\n<h5><strong><span style=\"color: #333399;\">Valik e-raamatute andmebaase<\/span><\/strong><\/h5>\n<p>J\u00e4rgnevate linkidega on juurdep\u00e4\u00e4s andmebaasidele, kui kasutate\u00a0<a title=\"\" href=\"https:\/\/wiki.ut.ee\/pages\/viewpage.action?pageId=17105590\" target=\"_blank\" rel=\"noopener\" data-url=\"https:\/\/wiki.ut.ee\/pages\/viewpage.action?pageId=17105590\">VPN \u00fchendust<\/a>.<\/p>\n<p><strong>Ebook Central <\/strong>\u00a0<a title=\"\" href=\"http:\/\/site.ebrary.com\/lib\/tartu\/home.action\" target=\"_blank\" rel=\"noopener\" data-url=\"http:\/\/site.ebrary.com\/lib\/tartu\/home.action\">http:\/\/site.ebrary.com\/lib\/tartu\/home.action<\/a><br>\nMultidistsiplinarne andmebaas, mis sisaldab raamatuid v\u00e4ga paljudelt erinevatelt kirjastustelt. Abimaterjal andmebaasi kasutamiseks\u00a0<a href=\"https:\/\/sisu.ut.ee\/abi\" target=\"_blank\" rel=\"noopener\">https:\/\/sisu.ut.ee\/abi<\/a>.<br>\n<strong>Oxford Academic <\/strong><a href=\"https:\/\/academic.oup.com\/books\" target=\"_blank\" rel=\"noopener\">https:\/\/academic.oup.com\/books<\/a><br>\nOxford University Press e-raamatute andmebaas. Juurdep\u00e4\u00e4s on\u00a0 170-le humanitaarteaduste, sotsiaalteaduste, loodus- ja t\u00e4ppisteaduste ning meditsiini alastele raamatutele. <a title=\"\" href=\"https:\/\/docs.google.com\/spreadsheets\/d\/1NrWSPR8iB8cMiyx_jczWnHeevAyUx3TJ\/edit#gid=557486829\" target=\"_blank\" rel=\"noopener\" data-url=\"https:\/\/docs.google.com\/spreadsheets\/d\/1NrWSPR8iB8cMiyx_jczWnHeevAyUx3TJ\/edit#gid=557486829\">Raamatute nimekiri<\/a>.<br>\n<strong>O\u2019Reilly <\/strong>\u00a0<a title=\"\" href=\"https:\/\/www.oreilly.com\/member\/login\/\" target=\"_blank\" rel=\"noopener\" data-url=\" https:\/\/www.oreilly.com\/member\/login\/\">https:\/\/www.oreilly.com\/member\/login\/<\/a><br>\nIT-alaste ja digitaalmeedia alaste raamatute kollektsioon sisaldab \u00fcle 45000 raamatu ja video. Vajalik on eelnev registreerimine oma T\u00dc e-mailiga (ut.ee) aadressil\u00a0<a title=\"\" href=\"https:\/\/www.oreilly.com\/library\/view\/temporary-access\/\" target=\"_blank\" rel=\"noopener\" data-url=\"https:\/\/www.oreilly.com\/library\/view\/temporary-access\/\">https:\/\/www.oreilly.com\/library\/view\/temporary-access\/<\/a>.\u00a0Select your institution rippmen\u00fc\u00fcst valige <em>Not listed? Click here<\/em>. Seej\u00e4rel sisestage oma T\u00dc e-posti aadress (@ut.ee).\u00a0Saate ajutise juurdep\u00e4\u00e4su andmebaasile ja 5-30 minuti jooksul e-kirja konto loomiseks.\u00a0V\u00e4ljaspool \u00fclikooli v\u00f5rku kasutage VPN \u00fchendust.<\/p>\n<p><span style=\"color: #333399;\" data-mce-mark=\"1\"><strong>Valik teatmeteoseid<\/strong><\/span><\/p>\n<p><strong>Oxford English Dictionary\u00a0<\/strong><a title=\"\" href=\"http:\/\/www.oed.com\/\" target=\"_blank\" rel=\"noopener\" data-url=\"http:\/\/www.oed.com\/\">http:\/\/www.oed.com\/<\/a><br>\n20-k\u00f6iteline 2. v\u00e4ljaanne on n\u00fc\u00fcd k\u00e4ttesaadav ka online-versioonis<br>\n<strong>Oxford Reference Online <\/strong><a title=\"\" href=\"http:\/\/www.oxfordreference.com\/\" target=\"_blank\" rel=\"noopener\" data-url=\"http:\/\/www.oxfordreference.com\/\">http:\/\/www.oxfordreference.com\/<\/a><br>\nKirjastuse Oxford University Press teatmeteosed erinevatest valdkondadest. Sisaldab s\u00f5naraamatuid, erialas\u00f5nastikke, k\u00e4siraamatud, biograafilisi leksikone, ents\u00fcklopeediad.<br>\n<strong style=\"line-height: 1.6em;\">Grove Music Online\u00a0<\/strong><a title=\"\" href=\"https:\/\/www.oxfordmusiconline.com\/\" target=\"_blank\" rel=\"noopener\" data-url=\"https:\/\/www.oxfordmusiconline.com\/\">https:\/\/www.oxfordmusiconline.com\/<\/a><br>\nMuusikaleksikoni \u201cThe New Grove Dictionary of Music and Musicians\u201d online-versioon.\u00a0Enam kui 50 000 artiklist koosnev andmebaas sisaldab lisaks The New Grove (2. ed.) 29 k\u00f6ite t\u00e4istekstidele ka The New Grove Dictionary of Opera ja The New Grove Dictionary of Jazz (2. ed) k\u00f5iki artikleid.<br>\n<strong>Grove Art Online <\/strong><a title=\"\" href=\"https:\/\/www.oxfordartonline.com\/groveart\" target=\"_blank\" rel=\"noopener\" data-url=\"https:\/\/www.oxfordartonline.com\/groveart\">https:\/\/www.oxfordartonline.com\/groveart<\/a><br>\nKunstiandmebaas, sisaldab 34-k\u00f6itelist kunstileksikoni Dictionary of Art (1996, ed. Jane Turne) ning teatmeteost The Oxford Companion to Western Art (2001, ed. Hugh Brigstocke).<\/p>\n<p><span data-mce-mark=\"1\">\u00a0<\/span><\/p>\n","protected":false},"excerpt":{"rendered":"<p>T\u00dc Raamatukogu vahendusel on \u00fclikoolile kasutamiseks avatud mitmed multidistsiplinaarsed ja erialased e-raamatute andmebaasid. Valik e-raamatute andmebaase J\u00e4rgnevate linkidega on juurdep\u00e4\u00e4s andmebaasidele, kui kasutate\u00a0VPN \u00fchendust. Ebook Central \u00a0http:\/\/site.ebrary.com\/lib\/tartu\/home.action Multidistsiplinarne andmebaas, mis sisaldab raamatuid v\u00e4ga paljudelt erinevatelt kirjastustelt. Abimaterjal andmebaasi kasutamiseks\u00a0https:\/\/sisu.ut.ee\/abi. Oxford &#8230;<\/p>\n","protected":false},"author":5,"featured_media":0,"parent":0,"menu_order":0,"comment_status":"closed","ping_status":"closed","template":"","meta":{"_acf_changed":false,"inline_featured_image":false,"footnotes":""},"class_list":["post-3","page","type-page","status-publish","hentry"],"acf":[],"_links":{"self":[{"href":"https:\/\/sisu.ut.ee\/andmebaasid\/wp-json\/wp\/v2\/pages\/3","targetHints":{"allow":["GET"]}}],"collection":[{"href":"https:\/\/sisu.ut.ee\/andmebaasid\/wp-json\/wp\/v2\/pages"}],"about":[{"href":"https:\/\/sisu.ut.ee\/andmebaasid\/wp-json\/wp\/v2\/types\/page"}],"author":[{"embeddable":true,"href":"https:\/\/sisu.ut.ee\/andmebaasid\/wp-json\/wp\/v2\/users\/5"}],"replies":[{"embeddable":true,"href":"https:\/\/sisu.ut.ee\/andmebaasid\/wp-json\/wp\/v2\/comments?post=3"}],"version-history":[{"count":12,"href":"https:\/\/sisu.ut.ee\/andmebaasid\/wp-json\/wp\/v2\/pages\/3\/revisions"}],"predecessor-version":[{"id":109,"href":"https:\/\/sisu.ut.ee\/andmebaasid\/wp-json\/wp\/v2\/pages\/3\/revisions\/109"}],"wp:attachment":[{"href":"https:\/\/sisu.ut.ee\/andmebaasid\/wp-json\/wp\/v2\/media?parent=3"}],"curies":[{"name":"wp","href":"https:\/\/api.w.org\/{rel}","templated":true}]}}