{"id":87,"date":"2024-04-03T23:29:38","date_gmt":"2024-04-03T20:29:38","guid":{"rendered":"https:\/\/sisu.ut.ee\/amr\/lisamaterjalid-0\/"},"modified":"2024-04-10T14:56:18","modified_gmt":"2024-04-10T11:56:18","slug":"lisamaterjalid-0","status":"publish","type":"page","link":"https:\/\/sisu.ut.ee\/amr\/lisamaterjalid-0\/","title":{"rendered":"Lisamaterjalid"},"content":{"rendered":"<ul>\n<li>Bioloogiline ohutus.\u00a0<a href=\"http:\/\/www.agri.ee\/et\/eesmargid-tegevused\/toiduohutus\/bioloogiline-ohutus\/mikroobide-resistentsus\" target=\"_blank\" rel=\"noopener\">Mikroobide resistentsus.<\/a><\/li>\n<li>Veterinaar- ja toidulaboratoorium\u00a0<a href=\"http:\/\/www.vetlab.ee\/?a=mypage&amp;path_id=3eb05bef9e2ad045f3f2a&amp;story_id=4c9c4060dd9ab91af75c4\" target=\"_blank\" rel=\"noopener\">Selgitused \u201eKAASKIRI PIIMAPROOVIST UDARAP\u00d5LETIKU TEKITAJATE M\u00c4\u00c4RAMISEKS\u201d juurde<\/a><\/li>\n<li>Arvo Viltrop, VLI nakkushaiguste osakond\u00a0<a href=\"http:\/\/www.eau.ee\/~viltrop\/LNH_4.1_Dgn.pdf\" target=\"_blank\" rel=\"noopener\">Nakkushaiguste diagnoosimisest<\/a><\/li>\n<li>Federation of Veterinarians of Europe\u00a0<a href=\"http:\/\/www.fve.org\/veterinary\/pdf\/medicines\/AMR%20leaflets\/HEALTH%20PROF\/FVE_sheet_vets_doctors_dentists_ET.pdf\" target=\"_blank\" rel=\"noopener\">Arstid, hambaarstid ja veterinaararstid annavad n\u00f5u: \u201eKuidas kasutada antibiootikume vastutustundlikult\u201d\u00a0<\/a><\/li>\n<\/ul>\n<div class=\"page\" title=\"Page 1\">\n<div class=\"section\">\n<div class=\"layoutArea\">\n<div class=\"column\"><\/div>\n<\/div>\n<\/div>\n<\/div>\n<div class=\"page\" title=\"Page 1\">\n<div class=\"section\">\n<div class=\"layoutArea\">\n<div class=\"column\"><\/div>\n<\/div>\n<\/div>\n<\/div>\n","protected":false},"excerpt":{"rendered":"<p>Bioloogiline ohutus.\u00a0Mikroobide resistentsus. Veterinaar- ja toidulaboratoorium\u00a0Selgitused \u201eKAASKIRI PIIMAPROOVIST UDARAP\u00d5LETIKU TEKITAJATE M\u00c4\u00c4RAMISEKS\u201d juurde Arvo Viltrop, VLI nakkushaiguste osakond\u00a0Nakkushaiguste diagnoosimisest Federation of Veterinarians of Europe\u00a0Arstid, hambaarstid ja veterinaararstid annavad n\u00f5u: \u201eKuidas kasutada antibiootikume vastutustundlikult\u201d\u00a0<\/p>\n","protected":false},"author":39,"featured_media":0,"parent":0,"menu_order":0,"comment_status":"closed","ping_status":"closed","template":"","meta":{"_acf_changed":false,"inline_featured_image":false,"footnotes":""},"class_list":["post-87","page","type-page","status-publish","hentry"],"acf":[],"_links":{"self":[{"href":"https:\/\/sisu.ut.ee\/amr\/wp-json\/wp\/v2\/pages\/87","targetHints":{"allow":["GET"]}}],"collection":[{"href":"https:\/\/sisu.ut.ee\/amr\/wp-json\/wp\/v2\/pages"}],"about":[{"href":"https:\/\/sisu.ut.ee\/amr\/wp-json\/wp\/v2\/types\/page"}],"author":[{"embeddable":true,"href":"https:\/\/sisu.ut.ee\/amr\/wp-json\/wp\/v2\/users\/39"}],"replies":[{"embeddable":true,"href":"https:\/\/sisu.ut.ee\/amr\/wp-json\/wp\/v2\/comments?post=87"}],"version-history":[{"count":2,"href":"https:\/\/sisu.ut.ee\/amr\/wp-json\/wp\/v2\/pages\/87\/revisions"}],"predecessor-version":[{"id":672,"href":"https:\/\/sisu.ut.ee\/amr\/wp-json\/wp\/v2\/pages\/87\/revisions\/672"}],"wp:attachment":[{"href":"https:\/\/sisu.ut.ee\/amr\/wp-json\/wp\/v2\/media?parent=87"}],"curies":[{"name":"wp","href":"https:\/\/api.w.org\/{rel}","templated":true}]}}