{"id":80,"date":"2024-04-03T23:29:37","date_gmt":"2024-04-03T20:29:37","guid":{"rendered":"https:\/\/sisu.ut.ee\/amr\/maailm-ja-amr\/"},"modified":"2024-04-10T13:34:39","modified_gmt":"2024-04-10T10:34:39","slug":"maailm-ja-amr","status":"publish","type":"page","link":"https:\/\/sisu.ut.ee\/amr\/maailm-ja-amr\/","title":{"rendered":"Maailm ja AMR"},"content":{"rendered":"<p>\n\t\u00a0\n<\/p>\n<p>\n\t<span style=\"font-size:15px\"><strong>Euroopa j\u00e4relvalve organisatsioonid\u00a0<\/strong><\/span><br>\u00a0\n<\/p>\n<p>\n\t\u00a0 \u00a0 \u00a0 \u00a0 \u00a0 \u00a0 \u00a0 \u00a0 \u00a0 \u00a0\u00a0\u00a0 \u00a0 \u00a0 \u00a0 \u00a0 \u00a0 \u00a0 \u00a0 \u00a0 \u00a0 \u00a0 \u00a0 \u00a0 \u00a0 \u00a0 \u00a0 \u00a0 \u00a0 \u00a0 \u00a0 \u00a0 \u00a0 \u00a0 \u00a0\u00a0<br><a href=\"http:\/\/ecdc.europa.eu\/en\/healthtopics\/antimicrobial_resistance\/pages\/index.aspx\" target=\"_blank\" rel=\"noopener\"><img loading=\"lazy\" decoding=\"async\" width=\"259\" height=\"194\" class=\"alignnone wp-image-202\" style=\"float:left\" src=\"https:\/\/sisu.ut.ee\/wp-content\/uploads\/sites\/104\/ecdc.png\" title=\"ecdc.png\" alt=\"ecdc.png\"><\/a><\/p>\n<p>\u00a0 \u00a0 \u00a0 \u00a0 \u00a0<a data-url=\"https:\/\/www.ecdc.europa.eu\/en\" href=\"https:\/\/www.ecdc.europa.eu\/en\" target=\"_blank\" title=\"\" rel=\"noopener\">European Centre for Disease Prevention and Control<\/a><\/p>\n<p>\u00a0\n<\/p>\n<p>\n\t<a href=\"http:\/\/www.efsa.europa.eu\/en\/zoonoses\/aboutzoonoses.htm\" target=\"_blank\" rel=\"noopener\"><img loading=\"lazy\" decoding=\"async\" width=\"259\" height=\"194\" class=\"alignnone wp-image-194\" style=\"float:left\" src=\"https:\/\/sisu.ut.ee\/wp-content\/uploads\/sites\/104\/efsa.jpg\" title=\"efsa.jpg\" alt=\"efsa.jpg\"><\/a><\/p>\n<p>\u00a0\u00a0<a data-url=\"http:\/\/www.efsa.europa.eu\/en\/panels\/biohaz\" href=\"http:\/\/www.efsa.europa.eu\/en\/panels\/biohaz\" target=\"_blank\" title=\"\" rel=\"noopener\">The Panel on Biological Hazards (BIOHAZ)<\/a><br>\u00a0\n<\/p>\n<p><a href=\"http:\/\/www.ema.europa.eu\/ema\/\" target=\"_blank\" rel=\"noopener\"><img loading=\"lazy\" decoding=\"async\" width=\"324\" height=\"155\" class=\"alignnone wp-image-195\" style=\"float:left\" src=\"https:\/\/sisu.ut.ee\/wp-content\/uploads\/sites\/104\/ema.jpg\" title=\"ema.jpg\" alt=\"ema.jpg\" srcset=\"https:\/\/sisu.ut.ee\/wp-content\/uploads\/sites\/104\/ema.jpg 324w, https:\/\/sisu.ut.ee\/wp-content\/uploads\/sites\/104\/ema-300x144.jpg 300w\" sizes=\"auto, (max-width: 324px) 100vw, 324px\"><\/a><\/p>\n<p>\u00a0 \u00a0<a data-url=\"https:\/\/www.ema.europa.eu\/en\" href=\"https:\/\/www.ema.europa.eu\/en\" target=\"_blank\" title=\"\" rel=\"noopener\">European Medicines Agency\u00a0<\/a>\n<\/p>\n<p>\n\t\u00a0\n<\/p>\n<p>\n\t__________________________________________________________________________________________________________________________________________________________________________________\n<\/p>\n<p>\n\t<br><span style=\"font-size:15px\"><strong>Euroopa koost\u00f6\u00f6v\u00f5rgustikud<\/strong><\/span>\n<\/p>\n<p>\n\t\u00a0\n<\/p>\n<p>\n\t\u00a0\n<\/p>\n<p>\n\t<a data-url=\"https:\/\/www.jpiamr.eu\" href=\"https:\/\/www.jpiamr.eu\" target=\"_blank\" title=\"\" rel=\"noopener\"><img loading=\"lazy\" decoding=\"async\" width=\"750\" height=\"167\" class=\"alignnone wp-image-211\" src=\"https:\/\/sisu.ut.ee\/wp-content\/uploads\/sites\/104\/jpiamr-logo-rgb.jpg\" title=\"jpiamr-logo-rgb.jpg\" alt=\"jpiamr-logo-rgb.jpg\" srcset=\"https:\/\/sisu.ut.ee\/wp-content\/uploads\/sites\/104\/jpiamr-logo-rgb.jpg 750w, https:\/\/sisu.ut.ee\/wp-content\/uploads\/sites\/104\/jpiamr-logo-rgb-300x67.jpg 300w\" sizes=\"auto, (max-width: 750px) 100vw, 750px\"><\/a>\u00a0 \u00a0\u00a0<a data-url=\"https:\/\/www.jpiamr.eu\" href=\"https:\/\/www.jpiamr.eu\" target=\"_blank\" title=\"\" rel=\"noopener\">Joint Programming Initiative on Antimicrobial Resistance\u00a0<\/a><br>\u00a0\n<\/p>\n<p>\n\t<br><a data-url=\"https:\/\/onehealthejp.eu\/\" href=\"https:\/\/onehealthejp.eu\/\" target=\"_blank\" title=\"\" rel=\"noopener\"><img loading=\"lazy\" decoding=\"async\" width=\"608\" height=\"406\" class=\"alignnone wp-image-212\" src=\"https:\/\/sisu.ut.ee\/wp-content\/uploads\/sites\/104\/screen_shot_2020-06-01_at_16.46.03.png\" title=\"screen_shot_2020-06-01_at_16.46.03.png\" alt=\"s\" srcset=\"https:\/\/sisu.ut.ee\/wp-content\/uploads\/sites\/104\/screen_shot_2020-06-01_at_16.46.03.png 608w, https:\/\/sisu.ut.ee\/wp-content\/uploads\/sites\/104\/screen_shot_2020-06-01_at_16.46.03-300x200.png 300w\" sizes=\"auto, (max-width: 608px) 100vw, 608px\"><\/a>\u00a0 \u00a0 \u00a0 \u00a0 \u00a0 \u00a0<a data-url=\"https:\/\/onehealthejp.eu\" href=\"https:\/\/onehealthejp.eu\" target=\"_blank\" title=\"\" rel=\"noopener\">One Healt European Joint Programme<\/a><br>\u00a0\n<\/p>\n<p>\n\t\u00a0 \u00a0<a data-url=\"https:\/\/eu-jamrai.eu\/\" href=\"https:\/\/eu-jamrai.eu\/\" target=\"_blank\" title=\"\" rel=\"noopener\"><img loading=\"lazy\" decoding=\"async\" width=\"506\" height=\"460\" class=\"alignnone wp-image-213\" src=\"https:\/\/sisu.ut.ee\/wp-content\/uploads\/sites\/104\/screen_shot_2020-06-01_at_16.53.42.png\" title=\"screen_shot_2020-06-01_at_16.53.42.png\" alt=\"t\" srcset=\"https:\/\/sisu.ut.ee\/wp-content\/uploads\/sites\/104\/screen_shot_2020-06-01_at_16.53.42.png 506w, https:\/\/sisu.ut.ee\/wp-content\/uploads\/sites\/104\/screen_shot_2020-06-01_at_16.53.42-300x273.png 300w\" sizes=\"auto, (max-width: 506px) 100vw, 506px\"><\/a>\u00a0 \u00a0 \u00a0 \u00a0 \u00a0 \u00a0 \u00a0 \u00a0 \u00a0\u00a0<a data-url=\"https:\/\/eu-jamrai.eu\" href=\"https:\/\/eu-jamrai.eu\" target=\"_blank\" title=\"\" rel=\"noopener\">Antimicrobial Resistance and Healthcare-Associated Infections<\/a>\n<\/p>\n<p>\n\t\u00a0\n<\/p>\n<p>\n\t<a href=\"https:\/\/www.combacte.com\" target=\"_blank\" rel=\"noopener\"><img loading=\"lazy\" decoding=\"async\" width=\"862\" height=\"440\" class=\"alignnone wp-image-218\" src=\"https:\/\/sisu.ut.ee\/wp-content\/uploads\/sites\/104\/screen_shot_2020-06-01_at_17.24.19.png\" title=\"screen_shot_2020-06-01_at_17.24.19.png\" alt=\"qq\" srcset=\"https:\/\/sisu.ut.ee\/wp-content\/uploads\/sites\/104\/screen_shot_2020-06-01_at_17.24.19.png 862w, https:\/\/sisu.ut.ee\/wp-content\/uploads\/sites\/104\/screen_shot_2020-06-01_at_17.24.19-300x153.png 300w, https:\/\/sisu.ut.ee\/wp-content\/uploads\/sites\/104\/screen_shot_2020-06-01_at_17.24.19-768x392.png 768w\" sizes=\"auto, (max-width: 862px) 100vw, 862px\"><\/a>\u00a0 <a data-url=\"https:\/\/www.combacte.com\" href=\"https:\/\/www.combacte.com\" target=\"_blank\" title=\"\" rel=\"noopener\">Combacte: Combatting Bacterial Resistance in Europe<\/a><\/p>\n<p>\u00a0\n<\/p>\n<p>\n\t__________________________________________________________________________________________________________________________________________________________________________________\n<\/p>\n<p>\n\t\u00a0\n<\/p>\n<p>\n\t<span style=\"font-size:15px\"><strong>Erialased organisatsioonid<\/strong><\/span><\/p>\n<p><a href=\"https:\/\/www.escmid.org\/\" target=\"_blank\" rel=\"noopener\"><img loading=\"lazy\" decoding=\"async\" width=\"326\" height=\"120\" class=\"alignnone wp-image-199\" src=\"https:\/\/sisu.ut.ee\/wp-content\/uploads\/sites\/104\/escmid.png\" title=\"escmid.png\" alt=\"escmid.png\" srcset=\"https:\/\/sisu.ut.ee\/wp-content\/uploads\/sites\/104\/escmid.png 326w, https:\/\/sisu.ut.ee\/wp-content\/uploads\/sites\/104\/escmid-300x110.png 300w\" sizes=\"auto, (max-width: 326px) 100vw, 326px\"><\/a><a data-url=\"https:\/\/www.escmid.org\" href=\"https:\/\/www.escmid.org\" target=\"_blank\" title=\"\" rel=\"noopener\">European Society of Clinical Microbiology and Infestcious Diseases\u00a0<\/a>\n<\/p>\n<p>\n\t\u00a0\n<\/p>\n<p>\n\t\u00a0<a href=\"https:\/\/www.asm.org\" target=\"_blank\" rel=\"noopener\"><img loading=\"lazy\" decoding=\"async\" width=\"462\" height=\"258\" class=\"alignnone wp-image-214\" src=\"https:\/\/sisu.ut.ee\/wp-content\/uploads\/sites\/104\/screen_shot_2020-06-01_at_17.01.14.png\" title=\"screen_shot_2020-06-01_at_17.01.14.png\" alt=\"d\" srcset=\"https:\/\/sisu.ut.ee\/wp-content\/uploads\/sites\/104\/screen_shot_2020-06-01_at_17.01.14.png 462w, https:\/\/sisu.ut.ee\/wp-content\/uploads\/sites\/104\/screen_shot_2020-06-01_at_17.01.14-300x168.png 300w\" sizes=\"auto, (max-width: 462px) 100vw, 462px\"><\/a>\u00a0 \u00a0 \u00a0 \u00a0 \u00a0 \u00a0<a data-url=\"https:\/\/www.asm.org\" href=\"https:\/\/www.asm.org\" target=\"_blank\" title=\"\" rel=\"noopener\">American Society for Microbiology\u00a0<\/a>\n<\/p>\n<p>\n\t\u00a0\n<\/p>\n<p>\n\t__________________________________________________________________________________________________________________________________________________________________________________\n<\/p>\n<p>\n\t\u00a0\n<\/p>\n<p>\n\t<span style=\"font-size:15px\"><strong>\u00dclemaailmsed organisatsioonid ja rahastajad<\/strong><\/span>\n<\/p>\n<p>\n\t\u00a0\n<\/p>\n<p>\n\t<a href=\"https:\/\/wellcome.ac.uk\" target=\"_blank\" rel=\"noopener\"><img loading=\"lazy\" decoding=\"async\" width=\"350\" height=\"348\" class=\"alignnone wp-image-215\" src=\"https:\/\/sisu.ut.ee\/wp-content\/uploads\/sites\/104\/screen_shot_2020-06-01_at_17.07.50.png\" title=\"screen_shot_2020-06-01_at_17.07.50.png\" alt=\"e\" srcset=\"https:\/\/sisu.ut.ee\/wp-content\/uploads\/sites\/104\/screen_shot_2020-06-01_at_17.07.50.png 350w, https:\/\/sisu.ut.ee\/wp-content\/uploads\/sites\/104\/screen_shot_2020-06-01_at_17.07.50-300x298.png 300w, https:\/\/sisu.ut.ee\/wp-content\/uploads\/sites\/104\/screen_shot_2020-06-01_at_17.07.50-150x150.png 150w\" sizes=\"auto, (max-width: 350px) 100vw, 350px\"><\/a>\u00a0 \u00a0 \u00a0 \u00a0 \u00a0 \u00a0 \u00a0 \u00a0<a data-url=\" https:\/\/wellcome.ac.uk\" href=\"https:\/\/wellcome.ac.uk\" target=\"_blank\" title=\"\" rel=\"noopener\">Wellcome<\/a><\/p>\n<p><a href=\"https:\/\/www.gatesfoundation.org\" target=\"_blank\" rel=\"noopener\"><img loading=\"lazy\" decoding=\"async\" width=\"342\" height=\"374\" class=\"alignnone wp-image-216\" src=\"https:\/\/sisu.ut.ee\/wp-content\/uploads\/sites\/104\/screen_shot_2020-06-01_at_17.10.30.png\" title=\"screen_shot_2020-06-01_at_17.10.30.png\" alt=\"g\" srcset=\"https:\/\/sisu.ut.ee\/wp-content\/uploads\/sites\/104\/screen_shot_2020-06-01_at_17.10.30.png 342w, https:\/\/sisu.ut.ee\/wp-content\/uploads\/sites\/104\/screen_shot_2020-06-01_at_17.10.30-274x300.png 274w\" sizes=\"auto, (max-width: 342px) 100vw, 342px\"><\/a>\u00a0 \u00a0 \u00a0 \u00a0 \u00a0 \u00a0 \u00a0\u00a0<a data-url=\"https:\/\/www.gatesfoundation.org\" href=\"https:\/\/www.gatesfoundation.org\" target=\"_blank\" title=\"\" rel=\"noopener\">Bill and Melinda Gates Foundation<\/a>\n<\/p>\n<p>\n\t\u00a0\n<\/p>\n<p>\n\t\u00a0<a href=\"https:\/\/gardp.org\" target=\"_blank\" rel=\"noopener\"><img loading=\"lazy\" decoding=\"async\" width=\"842\" height=\"302\" class=\"alignnone wp-image-217\" src=\"https:\/\/sisu.ut.ee\/wp-content\/uploads\/sites\/104\/screen_shot_2020-06-01_at_17.13.55.png\" title=\"screen_shot_2020-06-01_at_17.13.55.png\" alt=\"s\" srcset=\"https:\/\/sisu.ut.ee\/wp-content\/uploads\/sites\/104\/screen_shot_2020-06-01_at_17.13.55.png 842w, https:\/\/sisu.ut.ee\/wp-content\/uploads\/sites\/104\/screen_shot_2020-06-01_at_17.13.55-300x108.png 300w, https:\/\/sisu.ut.ee\/wp-content\/uploads\/sites\/104\/screen_shot_2020-06-01_at_17.13.55-768x275.png 768w\" sizes=\"auto, (max-width: 842px) 100vw, 842px\"><\/a>\u00a0 \u00a0<a data-url=\"https:\/\/gardp.org\" href=\"https:\/\/gardp.org\" target=\"_blank\" title=\"\" rel=\"noopener\">Global Antibiotic Research and Development Partnership<\/a>\n<\/p>\n<p>\n\t\u00a0\n<\/p>\n<p>\n\t\u00a0<\/p>\n","protected":false},"excerpt":{"rendered":"<p>\u00a0 Euroopa j\u00e4relvalve organisatsioonid\u00a0\u00a0 \u00a0 \u00a0 \u00a0 \u00a0 \u00a0 \u00a0 \u00a0 \u00a0 \u00a0 \u00a0\u00a0\u00a0 \u00a0 \u00a0 \u00a0 \u00a0 \u00a0 \u00a0 \u00a0 \u00a0 \u00a0 \u00a0 \u00a0 \u00a0 \u00a0 \u00a0 \u00a0 \u00a0 \u00a0 \u00a0 \u00a0 \u00a0 \u00a0 \u00a0 \u00a0\u00a0 \u00a0 \u00a0 \u00a0 &#8230;<\/p>\n","protected":false},"author":39,"featured_media":0,"parent":0,"menu_order":0,"comment_status":"closed","ping_status":"closed","template":"","meta":{"_acf_changed":false,"inline_featured_image":false,"footnotes":""},"class_list":["post-80","page","type-page","status-publish","hentry"],"acf":[],"_links":{"self":[{"href":"https:\/\/sisu.ut.ee\/amr\/wp-json\/wp\/v2\/pages\/80","targetHints":{"allow":["GET"]}}],"collection":[{"href":"https:\/\/sisu.ut.ee\/amr\/wp-json\/wp\/v2\/pages"}],"about":[{"href":"https:\/\/sisu.ut.ee\/amr\/wp-json\/wp\/v2\/types\/page"}],"author":[{"embeddable":true,"href":"https:\/\/sisu.ut.ee\/amr\/wp-json\/wp\/v2\/users\/39"}],"replies":[{"embeddable":true,"href":"https:\/\/sisu.ut.ee\/amr\/wp-json\/wp\/v2\/comments?post=80"}],"version-history":[{"count":7,"href":"https:\/\/sisu.ut.ee\/amr\/wp-json\/wp\/v2\/pages\/80\/revisions"}],"predecessor-version":[{"id":611,"href":"https:\/\/sisu.ut.ee\/amr\/wp-json\/wp\/v2\/pages\/80\/revisions\/611"}],"wp:attachment":[{"href":"https:\/\/sisu.ut.ee\/amr\/wp-json\/wp\/v2\/media?parent=80"}],"curies":[{"name":"wp","href":"https:\/\/api.w.org\/{rel}","templated":true}]}}