{"id":74,"date":"2024-04-03T23:29:37","date_gmt":"2024-04-03T20:29:37","guid":{"rendered":"https:\/\/sisu.ut.ee\/amr\/ettekanded-4\/"},"modified":"2024-04-10T14:52:23","modified_gmt":"2024-04-10T11:52:23","slug":"ettekanded-4","status":"publish","type":"page","link":"https:\/\/sisu.ut.ee\/amr\/ettekanded-4\/","title":{"rendered":"Ettekanded"},"content":{"rendered":"<ul>\n<li><span style=\"font-size: revert; font-weight: var(--bs-body-font-weight); text-align: var(--bs-body-text-align);\">Irja Lutsar <\/span><a style=\"font-size: revert; font-weight: var(--bs-body-font-weight); text-align: var(--bs-body-text-align);\" href=\"http:\/\/www.arstideliit.ee\/wp-content\/uploads\/2014\/01\/Irja-Lutsar_XXI-sajandi-infektsioonid.pdf\" target=\"_blank\" rel=\"noopener\">Infektsioonhaigused 21. sajandil\u00a0<\/a><\/li>\n<\/ul>\n<div class=\"page\" title=\"Page 1\">\n<div class=\"section\">\n<div class=\"layoutArea\">\n<div class=\"column\">\n<ul>\n<li>Alan Altraja\u00a0<a href=\"http:\/\/www.anest.ee\/public\/files\/Pneumonia%20konsensusdokumendis_Altraja.pdf\" target=\"_blank\" rel=\"noopener\">Pneumooniad\u00a0\u2013\u00a0uued konsensusdokumendid\u00a0<\/a>Tartu \u00dclikooli Kopsukliinik<\/li>\n<\/ul>\n<\/div>\n<\/div>\n<\/div>\n<\/div>\n<div class=\"page\" title=\"Page 1\">\n<div class=\"section\">\n<div class=\"layoutArea\">\n<div class=\"column\">\n<ul>\n<li>Eda Tamm <a href=\"http:\/\/www.elselts.ee\/els\/materjal\/20121206\/ageotiidantibaktravi_etamm.pdf\" target=\"_blank\" rel=\"noopener\">\u00c4ge keskk\u00f5rvap\u00f5letik \u2013 kas ravida v\u00f5i mitte\u00a0<\/a>\u00a0SA T\u00dcK Lastekliinik<\/li>\n<\/ul>\n<\/div>\n<\/div>\n<\/div>\n<\/div>\n<ul>\n<li class=\"page\" title=\"Page 1\">Krista L\u00f5ivukene <a href=\"http:\/\/www.elmy.ee\/public\/files\/Anaeroobide%20tundlikkus.L%F5ivukene.pdf\" target=\"_blank\" rel=\"noopener\">Anaeroobide\u00a0antibiootikumitundlikkus<\/a>\n<div class=\"section\">\n<div class=\"layoutArea\">\n<div class=\"column\">\n<\/div>\n<\/div>\n<\/div>\n<\/li>\n<\/ul>\n","protected":false},"excerpt":{"rendered":"<p>Irja Lutsar Infektsioonhaigused 21. sajandil\u00a0 Alan Altraja\u00a0Pneumooniad\u00a0\u2013\u00a0uued konsensusdokumendid\u00a0Tartu \u00dclikooli Kopsukliinik Eda Tamm \u00c4ge keskk\u00f5rvap\u00f5letik \u2013 kas ravida v\u00f5i mitte\u00a0\u00a0SA T\u00dcK Lastekliinik Krista L\u00f5ivukene Anaeroobide\u00a0antibiootikumitundlikkus<\/p>\n","protected":false},"author":39,"featured_media":0,"parent":0,"menu_order":0,"comment_status":"closed","ping_status":"closed","template":"","meta":{"_acf_changed":false,"inline_featured_image":false,"footnotes":""},"class_list":["post-74","page","type-page","status-publish","hentry"],"acf":[],"_links":{"self":[{"href":"https:\/\/sisu.ut.ee\/amr\/wp-json\/wp\/v2\/pages\/74","targetHints":{"allow":["GET"]}}],"collection":[{"href":"https:\/\/sisu.ut.ee\/amr\/wp-json\/wp\/v2\/pages"}],"about":[{"href":"https:\/\/sisu.ut.ee\/amr\/wp-json\/wp\/v2\/types\/page"}],"author":[{"embeddable":true,"href":"https:\/\/sisu.ut.ee\/amr\/wp-json\/wp\/v2\/users\/39"}],"replies":[{"embeddable":true,"href":"https:\/\/sisu.ut.ee\/amr\/wp-json\/wp\/v2\/comments?post=74"}],"version-history":[{"count":2,"href":"https:\/\/sisu.ut.ee\/amr\/wp-json\/wp\/v2\/pages\/74\/revisions"}],"predecessor-version":[{"id":665,"href":"https:\/\/sisu.ut.ee\/amr\/wp-json\/wp\/v2\/pages\/74\/revisions\/665"}],"wp:attachment":[{"href":"https:\/\/sisu.ut.ee\/amr\/wp-json\/wp\/v2\/media?parent=74"}],"curies":[{"name":"wp","href":"https:\/\/api.w.org\/{rel}","templated":true}]}}