{"id":68,"date":"2024-04-03T23:29:37","date_gmt":"2024-04-03T20:29:37","guid":{"rendered":"https:\/\/sisu.ut.ee\/amr\/keskkond-0\/"},"modified":"2024-04-10T14:48:27","modified_gmt":"2024-04-10T11:48:27","slug":"keskkond-0","status":"publish","type":"page","link":"https:\/\/sisu.ut.ee\/amr\/keskkond-0\/","title":{"rendered":"KESKKOND"},"content":{"rendered":"<div class=\"page\" title=\"Page 4\">\n<div class=\"layoutArea\">\n<div class=\"column\">\n<div class=\"page\" title=\"Page 1\">\n<div class=\"layoutArea\">\n<div class=\"column\">\n<ul>\n<li>V\u00e4itekiri\u00a0filosoofiadoktori kraadi taotlemiseks keskkonnakaitse erialal\u00a0<a href=\"http:\/\/dspace.emu.ee\/bitstream\/handle\/10492\/146\/Thesis_Lillenberg_2011.pdf?sequence=3\" target=\"_blank\" rel=\"noopener\">M\u00d5NEDE RAVIMIJ\u00c4\u00c4KIDE SISALDUS EESTI REOVEESETTES, NENDE STABIILSUS KESKKONNAS JA AKUMULEERUMINE KOMPOSTV\u00c4ETISEST TOIDUTAIMEDESSE\u00a0<\/a><\/li>\n<\/ul>\n<\/div>\n<\/div>\n<\/div>\n<\/div>\n<\/div>\n<\/div>\n<ul>\n<li>Eesti Loodus\u00a0<a href=\"http:\/\/www.eestiloodus.ee\/artikkel4679_4623.html\" target=\"_blank\" rel=\"noopener\">Ravimij\u00e4\u00e4gid looduskeskkonnas<\/a><\/li>\n<\/ul>\n<div class=\"page\" title=\"Page 1\">\n<div class=\"layoutArea\">\n<div class=\"column\">\n<div class=\"page\" title=\"Page 1\">\n<div class=\"layoutArea\">\n<div class=\"column\">\n<ul>\n<li>Pille-Riin Sarv\u00a0Magistrit\u00f6\u00f6\u00a0<a href=\"http:\/\/www.ebc.ee\/kaitsmised\/2009\/magistritood_2009\/Pille-Riin_Sarv.pdf\" target=\"_blank\" rel=\"noopener\">V\u00f5rtsj\u00e4rve veebakterite\u00a0antibiootikumi-resistentsus ja<\/a>\u00a0<a href=\"http:\/\/www.ebc.ee\/kaitsmised\/2009\/magistritood_2009\/Pille-Riin_Sarv.pdf\" target=\"_blank\" rel=\"noopener\">resistentsusgeenid\u00a0AmpC geenide n\u00e4itel<\/a><\/li>\n<\/ul>\n<\/div>\n<\/div>\n<\/div>\n<\/div>\n<\/div>\n<\/div>\n<ul>\n<li><span style=\"color: #c0c0c0;\">Lillenberg M, Yurchenko S, Kipper K, Herodes K, Pihl V, Sepp K, L\u00f5hmus R, Nei L. <a href=\"http:\/\/www.ncbi.nlm.nih.gov\/pubmed\/19552910\" target=\"_blank\" rel=\"noopener\">Simultaneous determination of fluoroquinolones, sulfonamides and tetracyclines in sewage sludge by pressurized liquid extraction and liquid chromatography electrospray ionization-mass spectrometry.\u00a0<\/a>J Chromatogr A. 2009 Aug 7;1216(32):5949-54. doi: 10.1016\/j.chroma.2009.06.029. Epub 2009 Jun 13.<\/span><\/li>\n<li><span style=\"color: #c0c0c0;\">N\u00f5lvak H, Truu M, Tiirik K, Oopkaup K, Sildvee T, Kaasik A, Mander \u00dc, Truu J. <a href=\"http:\/\/www.ncbi.nlm.nih.gov\/pubmed\/23770545\" target=\"_blank\" rel=\"noopener\">Dynamics of antibiotic resistance genes and their relationships with system treatment efficiency in a horizontal subsurface flow constructed wetland.\u00a0<\/a>Sci Total Environ. 2013 Sep 1;461-462:636-44. doi: 10.1016\/j.scitotenv.2013.05.052. Epub 2013 Jun 12.<\/span><\/li>\n<li><span style=\"color: #c0c0c0;\">Voolaid V, Tenson T, Kisand V. <a href=\"http:\/\/www.ncbi.nlm.nih.gov\/pubmed\/23204414\" target=\"_blank\" rel=\"noopener\">Aeromonas and Pseudomonas species carriers of ampC FOX genes in aquatic environments.<\/a>\u00a0Appl Environ Microbiol. 2013 Feb;79(3):1055-7. doi: 10.1128\/AEM.03171-12. Epub 2012 Nov 30.<\/span><\/li>\n<li><span style=\"color: #c0c0c0;\">Voolaid V, J\u00f5ers A, Kisand V, Tenson T. <a href=\"http:\/\/www.biomedcentral.com\/content\/pdf\/1471-2180-12-225.pdf\" target=\"_blank\" rel=\"noopener\">Co-occurrence of resistance to different antibiotics among aquatic bacteria.<\/a>\u00a0BMC Microbiol. 2012 Oct 2;12:225. doi: 10.1186\/1471-2180-12-225.<\/span><\/li>\n<li><span style=\"color: #c0c0c0;\">Tiirik K, N\u00f5lvak H, Oopkaup K, Truu M, Preem JK, Heinaru A, Truu J.\u00a0Characterization of the bacterioplankton community and its antibiotic resistance genes in the Baltic Sea.\u00a0Biotechnol Appl Biochem. 2013 Aug 13. doi: 10.1002\/bab.1144. [Epub ahead of print]<\/span><\/li>\n<li><span style=\"color: #c0c0c0;\">N\u00f5lvak H, Truu M, Tiirik K, Oopkaup K, Sildvee T, Kaasik A, Mander \u00dc, Truu J. <a href=\"http:\/\/www.ncbi.nlm.nih.gov\/pubmed\/23770545\" target=\"_blank\" rel=\"noopener\">Dynamics of antibiotic resistance genes and their relationships with system treatment efficiency in a horizontal subsurface flow constructed wetland.<\/a>\u00a0Sci Total Environ. 2013 Sep 1;461-462:636-44. doi: 10.1016\/j.scitotenv.2013.05.052. Epub 2013 Jun 12.<\/span><\/li>\n<li><span style=\"color: #c0c0c0;\">N\u00f5lvak H, Truu M, Truu J. Evaluation of quantitative real-time PCR workflow modifications on 16S rRNA and tetA gene quantification in environmental samples.<\/span><\/li>\n<\/ul>\n","protected":false},"excerpt":{"rendered":"<p>V\u00e4itekiri\u00a0filosoofiadoktori kraadi taotlemiseks keskkonnakaitse erialal\u00a0M\u00d5NEDE RAVIMIJ\u00c4\u00c4KIDE SISALDUS EESTI REOVEESETTES, NENDE STABIILSUS KESKKONNAS JA AKUMULEERUMINE KOMPOSTV\u00c4ETISEST TOIDUTAIMEDESSE\u00a0 Eesti Loodus\u00a0Ravimij\u00e4\u00e4gid looduskeskkonnas Pille-Riin Sarv\u00a0Magistrit\u00f6\u00f6\u00a0V\u00f5rtsj\u00e4rve veebakterite\u00a0antibiootikumi-resistentsus ja\u00a0resistentsusgeenid\u00a0AmpC geenide n\u00e4itel Lillenberg M, Yurchenko S, Kipper K, Herodes K, Pihl V, Sepp K, L\u00f5hmus R, Nei &#8230;<\/p>\n","protected":false},"author":39,"featured_media":0,"parent":0,"menu_order":0,"comment_status":"closed","ping_status":"closed","template":"","meta":{"_acf_changed":false,"inline_featured_image":false,"footnotes":""},"class_list":["post-68","page","type-page","status-publish","hentry"],"acf":[],"_links":{"self":[{"href":"https:\/\/sisu.ut.ee\/amr\/wp-json\/wp\/v2\/pages\/68","targetHints":{"allow":["GET"]}}],"collection":[{"href":"https:\/\/sisu.ut.ee\/amr\/wp-json\/wp\/v2\/pages"}],"about":[{"href":"https:\/\/sisu.ut.ee\/amr\/wp-json\/wp\/v2\/types\/page"}],"author":[{"embeddable":true,"href":"https:\/\/sisu.ut.ee\/amr\/wp-json\/wp\/v2\/users\/39"}],"replies":[{"embeddable":true,"href":"https:\/\/sisu.ut.ee\/amr\/wp-json\/wp\/v2\/comments?post=68"}],"version-history":[{"count":2,"href":"https:\/\/sisu.ut.ee\/amr\/wp-json\/wp\/v2\/pages\/68\/revisions"}],"predecessor-version":[{"id":661,"href":"https:\/\/sisu.ut.ee\/amr\/wp-json\/wp\/v2\/pages\/68\/revisions\/661"}],"wp:attachment":[{"href":"https:\/\/sisu.ut.ee\/amr\/wp-json\/wp\/v2\/media?parent=68"}],"curies":[{"name":"wp","href":"https:\/\/api.w.org\/{rel}","templated":true}]}}