{"id":65,"date":"2024-04-03T23:29:37","date_gmt":"2024-04-03T20:29:37","guid":{"rendered":"https:\/\/sisu.ut.ee\/amr\/meditsiin-0\/"},"modified":"2024-04-10T14:51:55","modified_gmt":"2024-04-10T11:51:55","slug":"meditsiin-0","status":"publish","type":"page","link":"https:\/\/sisu.ut.ee\/amr\/meditsiin-0\/","title":{"rendered":"MEDITSIIN"},"content":{"rendered":"<div title=\"Page 1\">\n<div>\n<div>\n<ul>\n<li>Mitt, P.; Metsvaht, T.; Adamson, V.; Telling, K..; Naaber, P.; Lutsar, I.; Maimets , M. (2014). <a href=\"http:\/\/www.kliinikum.ee\/infektsioonikontrolliteenistus\/doc\/teadus\/JHI86(95).pdf\" target=\"_blank\" rel=\"noopener\">Five-year prospective surveillance of nosocomial bloodstream infections in an Estonian paediatric intensive care unit.<\/a> Journal of Hospital Infection, 86(2), 95 \u2013 99.<\/li>\n<li>Luidalepp, Hannes.\u00a0<a href=\"http:\/\/www.dart-europe.eu\/full.php?id=583119\" target=\"_blank\" rel=\"noopener\">Escherichia coli antibiootikumitundlikkust m\u00f5jutavad tegurid<\/a>. V\u00e4itekiri.<\/li>\n<li>Adamson, V.; Mitt, P.; Pisarev, H.; Metsvaht, T.; Telling, K.; Naaber, P.; Maimets, M. (2012). <a href=\"http:\/\/www.biomedcentral.com\/1471-2334\/12\/281\/abstract\" target=\"_blank\" rel=\"noopener\">Prolonged outbreak of Serratia marcescens in Tartu University hospital: a case-control study. BMC Infectious Diseases, 12(1), 281<\/a><\/li>\n<li>Mitt, P.; Adamson, V.; L\u00f5ivukene, K.; Lang, K.; Telling, K.; P\u00e4ro, K.; R\u00f5\u00f5m, A.; Naaber, P.; Maimets, M. (2009).\u00a0Epidemiology of nosocomial bloodstream infections in Estonia. Journal of Hospital Infection, 71, 365 \u2013 370.<\/li>\n<li>L\u00f5ivukene, Krista; K\u00f5ljalg, Siiri; Kermes, Kadri; Allik, Merle; Juhani, Anneli; Adamson, Vivika; Telling, Kaidi; Ivanova, Marina; Naaber, Paul (2008). Fenot\u00fc\u00fcbiliselt samastamiselt genot\u00fc\u00fcbilisele: Mycobacterium fortuitum\u00b4i juhtum.\u00a0Eesti Arst: Arstiteaduskonna Teaduskonverents, Tartu 09.10 \u2013 10.10.2008.\u00a0O\u00dc Celsius Healthcare, 2008, (9), 678.<\/li>\n<li>Mitt, P.; Adamson, V.; L\u00f5ivukene, K.; Lang, K.; Telling, K.; P\u00e4ro, K.; R\u00f5\u00f5m, A.; Naaber, P.; Maimets, M. (2007). Nosokomiaalsete vereringeinfektsioonide epidemioloogia Eestis.\u00a0In: Eesti Arst:\u00a0Eesti Arst, 2007, 677 \u2013 678.<\/li>\n<li>Telling, K.; Mitt, P.; Adamson, V.; \u00d6\u00f6pik, A.; Starkopf, J.; Maimets, M. (2007). Device-associated infection rates in intensive care units of Tartu University Hospital.\u00a0In: Acta Medica Lituanica:, 2007, 111.<\/li>\n<li>Mitt, P; Adamson, V; R\u00f5\u00f5m, A; L\u00f5ivukene, K; Telling, K; P\u00e4ro, K; Borodina, V; Laeneste, T; Naaber, P; Maimets, M (2006). Epidemiology of nosocomial bloodstream infections in Estonia. 7th Baltic-Nordic Congress of Infectious Diseases Riia 2006. , 2006.<\/li>\n<li>Sepp E, Stsepetova J, L\u00f5ivukene K, Truusalu K, K\u00f5ljalg S, Naaber P, Mikelsaar M.\u00a0<a href=\"http:\/\/www.ncbi.nlm.nih.gov\/pubmed\/19995422\">The occurrence of antimicrobial resistance and class 1 integrons among commensal Escherichia coli isolates from infants and elderly persons.<\/a>\u00a0Ann Clin Microbiol Antimicrob. 2009 Dec 8;8:34. doi: 10.1186\/1476-0711-8-34.PMID:19995422<\/li>\n<li>Gracia M, D\u00edaz C, Coronel P, Gimeno M, Garc\u00eda-Rodas R, Rodr\u00edguez-Cerrato V, del Prado G, Huelves L, Ruiz V, Naves PF, Ponte MC, Granizo JJ, Soriano F.\u00a0<a href=\"http:\/\/www.ncbi.nlm.nih.gov\/pubmed\/19232860\">Antimicrobial susceptibility of Streptococcus pyogenes in Central, Eastern, and Baltic European Countries, 2005 to 2006: the cefditoren surveillance program.<\/a>\u00a0Diagn Microbiol Infect Dis. 2009 May;64(1):52-6. doi: 10.1016\/j.diagmicrobio.2008.12.018. Epub 2009 Feb 18.<\/li>\n<li>Mitt P, Adamson V, L\u00f5ivukene K, Lang K, Telling K, P\u00e4ro K, R\u00f5\u00f5m A, Naaber P, Maimets M.\u00a0<a href=\"http:\/\/www.ncbi.nlm.nih.gov\/pubmed\/19216000\">Epidemiology of nosocomial bloodstream infections in Estonia.<\/a>\u00a0J Hosp Infect. 2009 Apr;71(4):365-70. doi: 10.1016\/j.jhin.2009.01.008. Epub 2009 Feb 12.<\/li>\n<li>K\u00f5ljalg S, Truusalu K, Vainum\u00e4e I, Stsepetova J, Sepp E, Mikelsaar M.\u00a0<a href=\"http:\/\/www.ncbi.nlm.nih.gov\/pubmed\/18971357\">Persistence of Escherichia coli clones and phenotypic and genotypic antibiotic resistance in recurrent urinary tract infections in childhood.<\/a>\u00a0J Clin Microbiol. 2009 Jan;47(1):99-105. doi: 10.1128\/JCM.01419-08. Epub 2008 Oct 29.<\/li>\n<li>Tamm E, Naaber P, Maimets M, Oona M, K\u00f5ljalg S, Lutsar I.<a href=\"http:\/\/www.ncbi.nlm.nih.gov\/pubmed\/17474973\">\u00a0Antimicrobial susceptibility and serogroup\/serotype distribution of nasopharyngeal isolates of Streptococcus pneumoniae in healthy Estonian children in 1999-2003.<\/a>\u00a0Clin Microbiol Infect. 2007 Aug;13(8):824-6. Epub 2007 May 2.<\/li>\n<li>Altraja A, Naaber P, Tamm E, Meriste S, Kullamaa A, Leesik H.\u00a0<a href=\"http:\/\/www.ncbi.nlm.nih.gov\/pubmed\/17267337\">Antimicrobial susceptibility of common pathogens from community-acquired lower respiratory tract infections in Estonia.<\/a>\u00a0J Chemother. 2006 Dec;18(6):603-9.<\/li>\n<li>L\u00f5ivukene K, Sepp E, Adamson V, Mitt P, Kallandi U, Otter K, Naaber P.\u00a0<a href=\"http:\/\/www.ncbi.nlm.nih.gov\/pubmed\/17148068\">Prevalence and antibiotic susceptibility of Acinetobacter baumannii, Pseudomonas aeruginosa and Klebsiella pneumoniae in Estonian intensive care units in comparison with European data.<\/a>\u00a0Scand J Infect Dis. 2006;38(11-12):1001-8.\u00a0PMID:17148068<\/li>\n<li>L\u00f5ivukene K, Kermes K, Sepp E, Adamson V, Mitt P, J\u00fcrna M, M\u00e4gi H, Kallandi U, Otter K, Naaber P.\u00a0<a href=\"http:\/\/www.ncbi.nlm.nih.gov\/pubmed\/16779633\">The comparison of susceptibility patterns of Gram-negative invasive and non-invasive pathogens in Estonian hospitals.<\/a>\u00a0Antonie Van Leeuwenhoek. 2006 Apr-May;89(3-4):367-71. Epub 2006 Apr 25.<\/li>\n<li>Leesik H, Ani U, Juhani A, Altraja A.\u00a0<a href=\"http:\/\/www.ncbi.nlm.nih.gov\/pubmed\/16778466\">Microbial pathogens of adult community-acquired pneumonia in Southern Estonia.<\/a>\u00a0Medicina (Kaunas). 2006;42(5):384-94.<\/li>\n<li>L\u00f5ivukene K, Kermes K, Sepp E, Adamson V, Mitt P, Kallandi U, Otter K, Naaber P;\u00a0<a href=\"http:\/\/www.ncbi.nlm.nih.gov\/pubmed\/16525194\">Surveillance of antimicrobial resistance of invasive pathogens: the Estonian experience.<\/a>\u00a0European Antimicrobial Resistance Surveillance System, Estonian Study Group.\u00a0Euro Surveill. 2006;11(2):47-9.<\/li>\n<li>Karki T, Truusalu K, Vainum\u00e4e I, Mikelsaar M.\u00a0\u00a0<a href=\"http:\/\/www.ncbi.nlm.nih.gov\/pubmed\/11440217\">Antibiotic susceptibility patterns of community- and hospital-acquired Staphylococcus aureus and Escherichia coli in Estonia.<\/a>\u00a0Scand J Infect Dis. 2001;33(5):333-8.<\/li>\n<li>Naaber P, Tamm E, P\u00fctsepp A, K\u00f5ljalg S, Maimets M.\u00a0<a href=\"http:\/\/www.ncbi.nlm.nih.gov\/pubmed\/11284928\">Nasopharyngeal carriage and antibacterial susceptibility of Streptococcus pneumoniae, Haemophilus influenzae and Moraxella catarrhalis in Estonian children.<\/a>\u00a0Clin Microbiol Infect. 2000 Dec;6(12):675-7. No abstract available.<\/li>\n<li>Naaber P, K\u00f5ljalg S, Maimets M.\u00a0\u00a0<a href=\"http:\/\/www.ncbi.nlm.nih.gov\/pubmed\/11091054\">Antibiotic usage and resistance \u2013 trends in Estonian University Hospitals.<\/a>\u00a0Int J Antimicrob Agents. 2000 Nov;16(3):309-15.<\/li>\n<li>Hanberger, H\u00e5kan; Arman, Dilek; Gill, Hans; Jindr\u00e1k, Vlastimil; Kalenic, Smilja; Kurcz, Andrea; Licker, Monica; Naaber, Paul; Scicluna, Elizabeth A.; Vanis, V\u00e1clav; Walther, Sten M.\u00a0<a title=\"Surveillance of microbial resistance in European Intensive Care Units: a first report from the Care-ICU programme for improved infection control. \" href=\"http:\/\/ehis.ebscohost.com\/eds\/viewarticle?data=dGJyMPPp44rp2%2fdV0%2bnjisfk5Ie47%2bqB6eXthKzj34HspON88bavR7CurUqup7I4srCxSbimsji%2fw6SM8Nfsi9%2fZ8oHt5Od8u6OwSLWvr0%2b0prVJpOLfhuWz44ak2uBV36%2fmPvLX5VW%2fxKR57LOxTq%2bqs06ypqR%2b7ejrefKz5I3q4vJ99uoA&amp;hid=101\">Surveillance of microbial resistance in European Intensive Care Units: a first report from the Care-ICU programme for improved infection control.<\/a>\u00a0Detail Only Available\u00a0Academic Journal\u00a0Intensive Care Medicine. Jan2009, Vol. 35 Issue 1, p91-100. 10p. 3 Charts, 3 Graphs. DOI: 10.1007\/s00134-008-1237-y.<\/li>\n<li>P. Mitt; T. Metsvaht; V. Adamson; K. Telling; P. Naaber; I. Lutsar; M. Maimets.\u00a0<a title=\"Five-year prospective surveillance of nosocomial bloodstream infections in an Estonian paediatric intensive care unit\" href=\"http:\/\/ehis.ebscohost.com\/eds\/viewarticle?data=dGJyMPPp44rp2%2fdV0%2bnjisfk5Ie47%2bqB6eXthKzj34HspON88bavR7CurUqup7I4srCxSbimsji%2fw6SM8Nfsi9%2fZ8oHt5Od8u6OvTbGntkixprRNpOLfhuWz44ak2uBV49rxfermpIzf3btZzJzfhrvJrkm3q7RPrqevS66msVCupqR%2b7ejrefKz5I3q4vJ99uoA&amp;hid=101\">Five-year prospective surveillance of nosocomial bloodstream infections in an Estonian paediatric intensive care unit<\/a>\u00a0Detail Only Available\u00a0Academic Journal\u00a0In Journal of Hospital Infection. Language: English. DOI: 10.1016\/j.jhin.2013.11.002, Database: ScienceDirect<\/li>\n<li>Eda Tamm, Irja Lutsar, Paul Naaber, \u2026 [jt.]\u00a0Streptococcus pneumoniae nasofar\u00fcngeaalne kolonisatsioon ja antimikroobne resistentsus tervetel lasteaialastel aastatel 1999\/2000 ja 2003 \/\u00a0<a href=\"http:\/\/ise.elnet.ee\/search%7ES6*est?\/jEesti+Arst\/jeesti+arst\/-3,-1,0,B\/browse\">Eesti Arst (2004) nr. 5, lk. 326. ISSN 0235-8026<\/a>\u00a02004<\/li>\n<li>Krista L\u00f5ivukene \u00a0 Vivika Adamson \u00a0 Piret Mitt \u00a0 Siiri K\u00f5ljalg \u00a0 Epp Sepp \u00a0 Marina Ivanova \u00a0 Marika J\u00fcrna-Ellam \u00a0 Kaisa Kirs \u00a0 Allan Nurk \u00a0 Aino R\u00f5\u00f5m \u00a0 Kai Truusalu \u00a0 Paul Naaber\u00a0Metitsilliiniresistentse Staphylococcus aureus\u2019e osakaal, esmasavaldumus ja antibiootikumiresistentsus Eestis\u00a0Eesti Arst 2010; 89(10):630\u2212636<\/li>\n<li>Aino R\u00f5\u00f5m \u00a0 Epp Sepp \u00a0 Galina Nemtseva \u00a0 Helle M\u00e4gi \u00a0 Kadi Abel \u00a0 Kadri Kermes \u00a0 Kaisa Kirs \u00a0 Karin Otter \u00a0 Krista L\u00f5ivukene \u00a0 Kristel P\u00e4ro \u00a0 Marika J\u00fcrna \u00a0 Marina Ivanova \u00a0 Natalja Kam\u00f5nina \u00a0 Paul Naaber \u00a0 Piret Mitt \u00a0 Ruth M\u00e4nnik \u00a0 Rutta Voiko \u00a0 Svetlana Rudenko \u00a0 Tiiu Timmas \u00a0 Vivika Adamson \u00a0 \u00dclle Kallandi \u00a0 \u00dclle Laaring\u00a0Invasiivsete patogeenide struktuur ja antibiootikumitundlikkus: olukord Eestis 2004\u00a0Eesti Arst 2005; 84 (8): 520\u2013526<\/li>\n<li>Aino R\u00f5\u00f5m \u00a0 Argo Parts \u00a0 Epp Sepp \u00a0 Helle M\u00e4gi \u00a0 Karin Otter \u00a0 Krista L\u00f5ivukene \u00a0 Paul Naaber \u00a0 Vivika Adamson \u00a0 \u00dclle Kallandi \u00a0\u00a0Acinetobacter baumannii, Pseudomonas aeruginosa ja Klebsiella pneumoniae t\u00e4htsus ning antibiootikumitundlikkus Eesti haiglate intensiivravi osakondade\u00a0<a href=\"http:\/\/ise.elnet.ee\/search%7ES2*est?\/jEesti+Arst\/jeesti+arst\/-3,-1,0,B\/browse\">Eesti Arst (2004) nr. 8, lk. 526-534 : ill. ISSN 0235-8026<\/a><\/li>\n<li>T\u00f5nis Karki, Marika Mikelsaar\u00a0<a href=\"http:\/\/ise.elnet.ee\/search%7ES2*est?\/Xantibiootikumitundlikkus&amp;searchscope=2&amp;SORT=D\/Xantibiootikumitundlikkus&amp;searchscope=2&amp;SORT=D&amp;extended=0&amp;SUBKEY=antibiootikumitundlikkus\/1%2C3%2C3%2CB\/frameset&amp;FF=Xantibiootikumitundlikkus&amp;searchscope=2&amp;SORT=D&amp;3%2C3%2C\">Eestist isoleeritud Escherichia coli antibiootikumitundlikkus \/\u00a0<\/a>Arstiteaduskonna aastakonverents, 7. oktoober 1999 : teesid, Tartu, 1999, lk. 43 : tab.<\/li>\n<\/ul>\n<\/div>\n<\/div>\n<\/div>\n","protected":false},"excerpt":{"rendered":"<p>Mitt, P.; Metsvaht, T.; Adamson, V.; Telling, K..; Naaber, P.; Lutsar, I.; Maimets , M. (2014). Five-year prospective surveillance of nosocomial bloodstream infections in an Estonian paediatric intensive care unit. Journal of Hospital Infection, 86(2), 95 \u2013 99. Luidalepp, Hannes.\u00a0Escherichia &#8230;<\/p>\n","protected":false},"author":39,"featured_media":0,"parent":0,"menu_order":0,"comment_status":"closed","ping_status":"closed","template":"","meta":{"_acf_changed":false,"inline_featured_image":false,"footnotes":""},"class_list":["post-65","page","type-page","status-publish","hentry"],"acf":[],"_links":{"self":[{"href":"https:\/\/sisu.ut.ee\/amr\/wp-json\/wp\/v2\/pages\/65","targetHints":{"allow":["GET"]}}],"collection":[{"href":"https:\/\/sisu.ut.ee\/amr\/wp-json\/wp\/v2\/pages"}],"about":[{"href":"https:\/\/sisu.ut.ee\/amr\/wp-json\/wp\/v2\/types\/page"}],"author":[{"embeddable":true,"href":"https:\/\/sisu.ut.ee\/amr\/wp-json\/wp\/v2\/users\/39"}],"replies":[{"embeddable":true,"href":"https:\/\/sisu.ut.ee\/amr\/wp-json\/wp\/v2\/comments?post=65"}],"version-history":[{"count":2,"href":"https:\/\/sisu.ut.ee\/amr\/wp-json\/wp\/v2\/pages\/65\/revisions"}],"predecessor-version":[{"id":664,"href":"https:\/\/sisu.ut.ee\/amr\/wp-json\/wp\/v2\/pages\/65\/revisions\/664"}],"wp:attachment":[{"href":"https:\/\/sisu.ut.ee\/amr\/wp-json\/wp\/v2\/media?parent=65"}],"curies":[{"name":"wp","href":"https:\/\/api.w.org\/{rel}","templated":true}]}}