{"id":62,"date":"2024-04-03T23:29:37","date_gmt":"2024-04-03T20:29:37","guid":{"rendered":"https:\/\/sisu.ut.ee\/amr\/veterinaarmeditsiin-0\/"},"modified":"2024-04-10T14:54:56","modified_gmt":"2024-04-10T11:54:56","slug":"veterinaarmeditsiin-0","status":"publish","type":"page","link":"https:\/\/sisu.ut.ee\/amr\/veterinaarmeditsiin-0\/","title":{"rendered":"VETERINAARMEDITSIIN"},"content":{"rendered":"<table class=\"table table-hover\" border=\"0\" cellspacing=\"0\">\n<tbody>\n<tr>\n<td><span style=\"color: #c0c0c0\"><a id=\"ctl00_ContentPlaceHolder1_PortaalIsikuCV1_CVView1_FormView1_GridViewPublications_ctl02_LinkButton1\"><\/a>Kalmus, P.; Simojoki, H.; Orro, T.; Taponen, S.; Mustonen, K.; Holopainen, J.; Py\u00f6r\u00e4l\u00e4, S. (2014). <a href=\"http:\/\/www.journalofdairyscience.org\/article\/S0022-0302(14)00075-7\/abstract\" target=\"_blank\" rel=\"noopener\">Efficacy of 5-day parenteral vs. intramammary benzylpenicillin for treatment of clinical mastitis caused by Gram-positive bacteria susceptible to penicillin in vitro<\/a>. Journal of Dairy Science, 97, 1 \u2013 10.<\/span><\/td>\n<\/tr>\n<tr class=\"altRow\">\n<td><span style=\"color: #c0c0c0\"><a id=\"ctl00_ContentPlaceHolder1_PortaalIsikuCV1_CVView1_FormView1_GridViewPublications_ctl03_LinkButton1\"><\/a>Kalmus, P.; Simojoki, H.; Py\u00f6r\u00e4l\u00e4, S.; Taponen, S.; Holopainen, J.; Orro, T. (2013). <a href=\"http:\/\/www.journalofdairyscience.org\/article\/S0022-0302(13)00244-0\/fulltext\" target=\"_blank\" rel=\"noopener\">Milk haptoglobin, milk amyloid A and NAGase activity in bovine naturally occurring clinical mastitis diagnosed with a quantitative PCR test.<\/a> Journal of Dairy Science, 96(6), 3662 \u2013 3670.<\/span><\/td>\n<\/tr>\n<tr>\n<td><span style=\"color: #c0c0c0\"><a id=\"ctl00_ContentPlaceHolder1_PortaalIsikuCV1_CVView1_FormView1_GridViewPublications_ctl04_LinkButton1\"><\/a>Kalmus, Piret; Aasm\u00e4e, Birgit; H\u00e4kkinen, Liidia; Orro, Toomas (2013). Intramammary antibiotic usage and antimicrobial susceptibility of beetalactamasepositive S.aureus from clinical mastitis in Estonia 2008-2012. The 29th NKVet Symposium: Mastitis -new knowledge on diagnostics and control on modern dairy farms (36).The Nordic Commitee for Veterinary Scientific Cooperation<\/span><\/td>\n<\/tr>\n<tr class=\"altRow\">\n<td><span style=\"color: #c0c0c0\"><a id=\"ctl00_ContentPlaceHolder1_PortaalIsikuCV1_CVView1_FormView1_GridViewPublications_ctl05_LinkButton1\"><\/a>Merem\u00e4e, Kadrin; Roasto, Mati; Kalmus, Piret; Viltrop, Arvo; Kramarenko, Toomas (2013). Toorpiima ohutusest p\u00f5hjalikumalt. Eesti Loomaarstlik Ringvaade, 1, 22 \u2013 29.<\/span><\/td>\n<\/tr>\n<tr>\n<td><span style=\"color: #c0c0c0\"><a id=\"ctl00_ContentPlaceHolder1_PortaalIsikuCV1_CVView1_FormView1_GridViewPublications_ctl06_LinkButton1\"><\/a>Raaperi, Kerli; Kalmus, Piret (2013). Abortide sagedasemad p\u00f5hjused ja diagnoosimine veistel. Eesti Loomaarstlik Ringvaade, 16 \u2013 19.<\/span><\/td>\n<\/tr>\n<tr class=\"altRow\">\n<td><span style=\"color: #c0c0c0\"><a id=\"ctl00_ContentPlaceHolder1_PortaalIsikuCV1_CVView1_FormView1_GridViewPublications_ctl07_LinkButton1\"><\/a>Aasm\u00e4e, Birgit; Kalmus, Piret (2012). Antimicrobial resistance of animal pathogens 2006-2009 in Estonia. A.Markevica, Z.Kriauciunene, N.Karpova-Sadigova (Toim.). Reseach for rural development 2012 (181 \u2013 188). L\u00e4ti: Latvia University of Agriculture<\/span><\/td>\n<\/tr>\n<tr>\n<td>\n<p><a id=\"ctl00_ContentPlaceHolder1_PortaalIsikuCV1_CVView1_FormView1_GridViewPublications_ctl08_LinkButton1\"><\/a><span style=\"color: #c0c0c0\">Aasm\u00e4e, Birgit; Kalmus, Piret; Onoper, Alar; Lehtla, Andzela; H\u00e4kkinen, Liidia; Birkenfeldt, Margus (2012). Soovitused antibiootikumide m\u00f5istlikuks kasutamiseks eri loomaliikide bakteriaalsete infektsioonide ravis. Eesti Loomaarstlik Ringvaade, 4, 18 \u2013 24.<\/span><\/p>\n<p><a href=\"http:\/\/www.ncbi.nlm.nih.gov\/pubmed\/22883439\"><\/a>Jeremejeva J, Orro T, Waldmann A, Kask K<a href=\"http:\/\/www.ncbi.nlm.nih.gov\/pubmed\/22883439\">. Treatment<\/a><a href=\"http:\/\/www.ncbi.nlm.nih.gov\/pubmed\/22883439\">\u00a0<\/a><a href=\"http:\/\/www.ncbi.nlm.nih.gov\/pubmed\/22883439\">of<\/a><a href=\"http:\/\/www.ncbi.nlm.nih.gov\/pubmed\/22883439\">\u00a0<\/a><a href=\"http:\/\/www.ncbi.nlm.nih.gov\/pubmed\/22883439\">dairy<\/a><a href=\"http:\/\/www.ncbi.nlm.nih.gov\/pubmed\/22883439\">\u00a0<\/a><a href=\"http:\/\/www.ncbi.nlm.nih.gov\/pubmed\/22883439\">cows<\/a><a href=\"http:\/\/www.ncbi.nlm.nih.gov\/pubmed\/22883439\">\u00a0<\/a><a href=\"http:\/\/www.ncbi.nlm.nih.gov\/pubmed\/22883439\">with<\/a><a href=\"http:\/\/www.ncbi.nlm.nih.gov\/pubmed\/22883439\">\u00a0PGF2<\/a><a href=\"http:\/\/www.ncbi.nlm.nih.gov\/pubmed\/22883439\">\u03b1\u00a0<\/a><a href=\"http:\/\/www.ncbi.nlm.nih.gov\/pubmed\/22883439\">or<\/a><a href=\"http:\/\/www.ncbi.nlm.nih.gov\/pubmed\/22883439\">\u00a0NSAID,\u00a0<\/a><a href=\"http:\/\/www.ncbi.nlm.nih.gov\/pubmed\/22883439\">in<\/a><a href=\"http:\/\/www.ncbi.nlm.nih.gov\/pubmed\/22883439\">\u00a0<\/a><a href=\"http:\/\/www.ncbi.nlm.nih.gov\/pubmed\/22883439\">combination<\/a><a href=\"http:\/\/www.ncbi.nlm.nih.gov\/pubmed\/22883439\">\u00a0<\/a><a href=\"http:\/\/www.ncbi.nlm.nih.gov\/pubmed\/22883439\">with<\/a><a href=\"http:\/\/www.ncbi.nlm.nih.gov\/pubmed\/22883439\">\u00a0<\/a><a href=\"http:\/\/www.ncbi.nlm.nih.gov\/pubmed\/22883439\">antibiotics<\/a><a href=\"http:\/\/www.ncbi.nlm.nih.gov\/pubmed\/22883439\">,\u00a0<\/a><a href=\"http:\/\/www.ncbi.nlm.nih.gov\/pubmed\/22883439\">in<\/a><a href=\"http:\/\/www.ncbi.nlm.nih.gov\/pubmed\/22883439\">\u00a0<\/a><a href=\"http:\/\/www.ncbi.nlm.nih.gov\/pubmed\/22883439\">cases<\/a><a href=\"http:\/\/www.ncbi.nlm.nih.gov\/pubmed\/22883439\">\u00a0<\/a><a href=\"http:\/\/www.ncbi.nlm.nih.gov\/pubmed\/22883439\">of<\/a><a href=\"http:\/\/www.ncbi.nlm.nih.gov\/pubmed\/22883439\">\u00a0<\/a><a href=\"http:\/\/www.ncbi.nlm.nih.gov\/pubmed\/22883439\">postpartum<\/a><a href=\"http:\/\/www.ncbi.nlm.nih.gov\/pubmed\/22883439\">\u00a0<\/a><a href=\"http:\/\/www.ncbi.nlm.nih.gov\/pubmed\/22883439\">uterine<\/a><a href=\"http:\/\/www.ncbi.nlm.nih.gov\/pubmed\/22883439\">\u00a0<\/a><a href=\"http:\/\/www.ncbi.nlm.nih.gov\/pubmed\/22883439\">inflammation<\/a><a href=\"http:\/\/www.ncbi.nlm.nih.gov\/pubmed\/22883439\">.<\/a>\u00a0<span style=\"color: #c0c0c0\">Acta Vet Scand. 2012 Aug 10;54:45. doi: 10.1186\/1751-0147-54-45.<\/span><\/p>\n<p><a href=\"http:\/\/www.ncbi.nlm.nih.gov\/pubmed\/17803154\"><\/a>Roasto M, Juhkam K, Tamme T, H\u00f6rman A, H\u00e4kkinen L, Reinik M, Karus A, H\u00e4nninen ML<a href=\"http:\/\/www.ncbi.nlm.nih.gov\/pubmed\/17803154\">.\u00a0High<\/a><a href=\"http:\/\/www.ncbi.nlm.nih.gov\/pubmed\/17803154\">\u00a0<\/a><a href=\"http:\/\/www.ncbi.nlm.nih.gov\/pubmed\/17803154\">level<\/a><a href=\"http:\/\/www.ncbi.nlm.nih.gov\/pubmed\/17803154\">\u00a0<\/a><a href=\"http:\/\/www.ncbi.nlm.nih.gov\/pubmed\/17803154\">of<\/a><a href=\"http:\/\/www.ncbi.nlm.nih.gov\/pubmed\/17803154\">\u00a0<\/a><a href=\"http:\/\/www.ncbi.nlm.nih.gov\/pubmed\/17803154\">antimicrobial<\/a><a href=\"http:\/\/www.ncbi.nlm.nih.gov\/pubmed\/17803154\">\u00a0<\/a><a href=\"http:\/\/www.ncbi.nlm.nih.gov\/pubmed\/17803154\">resistance<\/a><a href=\"http:\/\/www.ncbi.nlm.nih.gov\/pubmed\/17803154\">\u00a0<\/a><a href=\"http:\/\/www.ncbi.nlm.nih.gov\/pubmed\/17803154\">in<\/a><a href=\"http:\/\/www.ncbi.nlm.nih.gov\/pubmed\/17803154\">\u00a0<\/a><a href=\"http:\/\/www.ncbi.nlm.nih.gov\/pubmed\/17803154\">Campylobacter<\/a><a href=\"http:\/\/www.ncbi.nlm.nih.gov\/pubmed\/17803154\">\u00a0<\/a><a href=\"http:\/\/www.ncbi.nlm.nih.gov\/pubmed\/17803154\">jejuni<\/a><a href=\"http:\/\/www.ncbi.nlm.nih.gov\/pubmed\/17803154\">\u00a0<\/a><a href=\"http:\/\/www.ncbi.nlm.nih.gov\/pubmed\/17803154\">isolated<\/a><a href=\"http:\/\/www.ncbi.nlm.nih.gov\/pubmed\/17803154\">\u00a0<\/a><a href=\"http:\/\/www.ncbi.nlm.nih.gov\/pubmed\/17803154\">from<\/a><a href=\"http:\/\/www.ncbi.nlm.nih.gov\/pubmed\/17803154\">\u00a0broiler\u00a0<\/a><a href=\"http:\/\/www.ncbi.nlm.nih.gov\/pubmed\/17803154\">chickens<\/a><a href=\"http:\/\/www.ncbi.nlm.nih.gov\/pubmed\/17803154\">\u00a0<\/a><a href=\"http:\/\/www.ncbi.nlm.nih.gov\/pubmed\/17803154\">in<\/a><a href=\"http:\/\/www.ncbi.nlm.nih.gov\/pubmed\/17803154\">\u00a0Estonia\u00a0<\/a><a href=\"http:\/\/www.ncbi.nlm.nih.gov\/pubmed\/17803154\">in<\/a><a href=\"http:\/\/www.ncbi.nlm.nih.gov\/pubmed\/17803154\">\u00a02005 and 2006.<\/a>\u00a0<span style=\"color: #c0c0c0\">J Food Prot. 2007 Aug;70(8):1940-4.<\/span><\/p>\n<\/td>\n<\/tr>\n<tr class=\"altRow\">\n<td>\n<p><a id=\"ctl00_ContentPlaceHolder1_PortaalIsikuCV1_CVView1_FormView1_GridViewPublications_ctl09_LinkButton1\"><\/a>Kalmus, P.; Aasm\u00e4e, B.; Karssin, A.; Orro, T.; Kask, K. (2011). <a href=\"Kalmus%20et%20al.%202011.pdf\" target=\"_blank\" rel=\"noopener\">Udder pathogens and their resistance to antimicrobial agents in dairy cows in Estonia.<\/a> Acta Veterinaria Scandinavica, 53, 4<\/p>\n<div class=\"page\" title=\"Page 17\">\n<div class=\"layoutArea\">\n<div class=\"column\">\n<p><a id=\"ctl00_ContentPlaceHolder1_PortaalIsikuCV1_CVView1_FormView1_GridViewPublications_ctl15_LinkButton1\"><\/a>Aasm\u00e4e, B., Kalmus, P. (2011). Antibiootikumid \u2013 nii s\u00f5brad kui vaenlased. Eesti Loomaarstlik Ringvaade, 4, 15 \u2013 19.<\/p>\n<p><a href=\"http:\/\/www.ncbi.nlm.nih.gov\/pubmed\/21922097\"><\/a>Kipper K, Herodes K, Leito I, Nei L.<a href=\"http:\/\/www.ncbi.nlm.nih.gov\/pubmed\/21922097\">\u00a0<\/a><a href=\"Two%20fluoroalcohols%20as%20components%20of%20basic%20buffers%20for%20liquid%20chromatography%20electrospray%20ionization%20mass%20spectrometric%20determination%20of%20antibiotic%20resid\" target=\"_blank\" rel=\"noopener\">Two fluoroalcohols as components of basic buffers for liquid chromatography electrospray ionization mass spectrometric determination of antibiotic residues.<\/a>\u00a0Analyst. 2011 Nov 7;136(21):4587-94. doi: 10.1039\/c1an15123a. Epub 2011 Sep 16.<\/p>\n<\/div>\n<\/div>\n<\/div>\n<\/td>\n<\/tr>\n<tr>\n<td><a id=\"ctl00_ContentPlaceHolder1_PortaalIsikuCV1_CVView1_FormView1_GridViewPublications_ctl10_LinkButton1\"><\/a>Aasm\u00e4e, Birgit; Kalmus, Piret; Kalmus, Kalmer; H\u00e4kkinen, Liidia (2011). <span style=\"color: #c0c0c0\">Monitoring of antimicrobial resistance of animal pathogens in Estonia. In Proceedings: Animal Hygiene and Suistainable Livestock Production, XV ISAH Congress (1435 \u2013 1439). Vienna, Austria: Tribun EU<\/span><\/td>\n<\/tr>\n<tr class=\"altRow\">\n<td><a id=\"ctl00_ContentPlaceHolder1_PortaalIsikuCV1_CVView1_FormView1_GridViewPublications_ctl11_LinkButton1\"><\/a>Kalmus, Piret; Aasm\u00e4e, Birgit (2011). <span style=\"color: #c0c0c0\">Ravimij\u00e4\u00e4kide piima sattumise t\u00f5en\u00e4osus, ravimij\u00e4\u00e4kide m\u00e4\u00e4ramise kiirtestid.<\/span> <span style=\"color: #c0c0c0\">Terve loom ja tervislik toit (85 \u2013 90). Tartu: Eesti Maa\u00fclikool<\/span><\/td>\n<\/tr>\n<tr>\n<td><a id=\"ctl00_ContentPlaceHolder1_PortaalIsikuCV1_CVView1_FormView1_GridViewPublications_ctl12_LinkButton1\"><\/a>Kalmus, Piret; Aasm\u00e4e, Birgit (2010). <span style=\"color: #c0c0c0\">Mikroobide antibiootikumiresistentsuse monitooring Eestis aastatel 2005.-2009. <\/span><span style=\"color: #c0c0c0\">Terve loom ja tervislik toit (4 \u2013 9). Tartu: Eesti Maa\u00fclikool<\/span><\/td>\n<\/tr>\n<tr class=\"altRow\">\n<td>\n<p><a id=\"ctl00_ContentPlaceHolder1_PortaalIsikuCV1_CVView1_FormView1_GridViewPublications_ctl13_LinkButton1\"><\/a>Kalmus, Piret (2010). <span style=\"color: #c0c0c0\">Udarap\u00f5letike ravi piimaproovide j\u00e4rgi.<\/span> <span style=\"color: #c0c0c0\">Maamajandus, 1, 8 \u2013 12.<\/span><\/p>\n<p><a href=\"http:\/\/www.ncbi.nlm.nih.gov\/pubmed\/17182145\"><\/a>Praakle-Amin K, Roasto M, Korkeala H, H\u00e4nninen ML.<a href=\"http:\/\/www.ncbi.nlm.nih.gov\/pubmed\/17182145\">\u00a0PFGE\u00a0<\/a><a href=\"http:\/\/www.ncbi.nlm.nih.gov\/pubmed\/17182145\">genotyping<\/a><a href=\"http:\/\/www.ncbi.nlm.nih.gov\/pubmed\/17182145\">\u00a0and\u00a0<\/a><a href=\"http:\/\/www.ncbi.nlm.nih.gov\/pubmed\/17182145\">antimicrobial<\/a><a href=\"http:\/\/www.ncbi.nlm.nih.gov\/pubmed\/17182145\">\u00a0<\/a><a href=\"http:\/\/www.ncbi.nlm.nih.gov\/pubmed\/17182145\">susceptibility<\/a><a href=\"http:\/\/www.ncbi.nlm.nih.gov\/pubmed\/17182145\">\u00a0<\/a><a href=\"http:\/\/www.ncbi.nlm.nih.gov\/pubmed\/17182145\">of<\/a><a href=\"http:\/\/www.ncbi.nlm.nih.gov\/pubmed\/17182145\">\u00a0<\/a><a href=\"http:\/\/www.ncbi.nlm.nih.gov\/pubmed\/17182145\">Campylobacter<\/a><a href=\"http:\/\/www.ncbi.nlm.nih.gov\/pubmed\/17182145\">\u00a0<\/a><a href=\"http:\/\/www.ncbi.nlm.nih.gov\/pubmed\/17182145\">in<\/a><a href=\"http:\/\/www.ncbi.nlm.nih.gov\/pubmed\/17182145\">\u00a0<\/a><a href=\"http:\/\/www.ncbi.nlm.nih.gov\/pubmed\/17182145\">retail<\/a><a href=\"http:\/\/www.ncbi.nlm.nih.gov\/pubmed\/17182145\">\u00a0<\/a><a href=\"http:\/\/www.ncbi.nlm.nih.gov\/pubmed\/17182145\">poultry<\/a><a href=\"http:\/\/www.ncbi.nlm.nih.gov\/pubmed\/17182145\">\u00a0<\/a><a href=\"http:\/\/www.ncbi.nlm.nih.gov\/pubmed\/17182145\">meat<\/a><a href=\"http:\/\/www.ncbi.nlm.nih.gov\/pubmed\/17182145\">\u00a0<\/a><a href=\"http:\/\/www.ncbi.nlm.nih.gov\/pubmed\/17182145\">in<\/a><a href=\"http:\/\/www.ncbi.nlm.nih.gov\/pubmed\/17182145\">\u00a0Estonia.<\/a>\u00a0<span style=\"color: #c0c0c0\">Int J Food Microbiol. 2007 Feb 28;114(1):105-12. Epub 2006 Dec 19.<\/span><\/p>\n<\/td>\n<\/tr>\n<tr class=\"altRow\">\n<td><a id=\"ctl00_ContentPlaceHolder1_PortaalIsikuCV1_CVView1_FormView1_GridViewPublications_ctl15_LinkButton1\"><\/a>Kalmus, Piret; Viltrop, Arvo; Aasm\u00e4e, Birgit; Kask, Kalle (2006). <a href=\"http:\/\/www.actavetscand.com\/content\/48\/1\/21\" target=\"_blank\" rel=\"noopener\"><span style=\"color: #c0c0c0\">Occurrence of clinical mastitis in primiparous Estonian dairy cows with different housing conditions. <\/span><\/a><span style=\"color: #c0c0c0\">Acta Veterinaria Scandinavica, 48(1);21, 1 \u2013 6.<\/span><\/td>\n<\/tr>\n<tr>\n<td><a id=\"ctl00_ContentPlaceHolder1_PortaalIsikuCV1_CVView1_FormView1_GridViewPublications_ctl16_LinkButton1\"><\/a>Aasm\u00e4e, B.; Kalmus, P.; Tiirats, T. (2003).<span style=\"color: #c0c0c0\"> Antimicrobial resistance of pathogens causing clinical mastitis in dairy cows. L\u00fcpsilehmade kliinilist mastiiti p\u00f5hjustavate mikroobide antibiootikumiresistentsus. <\/span><span style=\"color: #c0c0c0\">Agraarteadus : journal of agricultural science : Akadeemilise P\u00f5llumajanduse Seltsi v\u00e4ljaanne, XIV(3), 139 \u2013 143.<\/span>\n<\/td>\n<\/tr>\n<\/tbody>\n<\/table>\n","protected":false},"excerpt":{"rendered":"<p>Kalmus, P.; Simojoki, H.; Orro, T.; Taponen, S.; Mustonen, K.; Holopainen, J.; Py\u00f6r\u00e4l\u00e4, S. (2014). Efficacy of 5-day parenteral vs. intramammary benzylpenicillin for treatment of clinical mastitis caused by Gram-positive bacteria susceptible to penicillin in vitro. Journal of Dairy Science, &#8230;<\/p>\n","protected":false},"author":39,"featured_media":0,"parent":0,"menu_order":0,"comment_status":"closed","ping_status":"closed","template":"","meta":{"_acf_changed":false,"inline_featured_image":false,"footnotes":""},"class_list":["post-62","page","type-page","status-publish","hentry"],"acf":[],"_links":{"self":[{"href":"https:\/\/sisu.ut.ee\/amr\/wp-json\/wp\/v2\/pages\/62","targetHints":{"allow":["GET"]}}],"collection":[{"href":"https:\/\/sisu.ut.ee\/amr\/wp-json\/wp\/v2\/pages"}],"about":[{"href":"https:\/\/sisu.ut.ee\/amr\/wp-json\/wp\/v2\/types\/page"}],"author":[{"embeddable":true,"href":"https:\/\/sisu.ut.ee\/amr\/wp-json\/wp\/v2\/users\/39"}],"replies":[{"embeddable":true,"href":"https:\/\/sisu.ut.ee\/amr\/wp-json\/wp\/v2\/comments?post=62"}],"version-history":[{"count":1,"href":"https:\/\/sisu.ut.ee\/amr\/wp-json\/wp\/v2\/pages\/62\/revisions"}],"predecessor-version":[{"id":526,"href":"https:\/\/sisu.ut.ee\/amr\/wp-json\/wp\/v2\/pages\/62\/revisions\/526"}],"wp:attachment":[{"href":"https:\/\/sisu.ut.ee\/amr\/wp-json\/wp\/v2\/media?parent=62"}],"curies":[{"name":"wp","href":"https:\/\/api.w.org\/{rel}","templated":true}]}}