{"id":23,"date":"2024-04-03T23:29:35","date_gmt":"2024-04-03T20:29:35","guid":{"rendered":"https:\/\/sisu.ut.ee\/amr\/artiklid-eesti-kohta\/"},"modified":"2024-04-10T15:33:24","modified_gmt":"2024-04-10T12:33:24","slug":"artiklid-eesti-kohta","status":"publish","type":"page","link":"https:\/\/sisu.ut.ee\/amr\/artiklid-eesti-kohta\/","title":{"rendered":"RAPORTID"},"content":{"rendered":"<h2><a href=\"http:\/\/www.who.int\/mediacentre\/factsheets\/fs194\/en\/\" target=\"_blank\" rel=\"noopener\">WHO<\/a> hoiatab maailma: resistentsus antibiootikumidele kujutab suurt ohtu<\/h2>\n<p>Maailma Terviseorganisatsiooni (WHO) v\u00e4rske raporti kohaselt kujutab antimikroobne resistentsus, sealhulgas antibiootikumidele, t\u00f5sist ohtu inimeste tervisele \u00fcle maailma.<\/p>\n<p>Esiti vaid tulevikuprognoos, on tegu n\u00fc\u00fcdseks reaalse ohuga, mis m\u00f5jutab igas vanuses ja piirkonnas elavaid inimesi. Resistentsus antibiootikumidele \u2212 kui ravim ei suuda enam nakkuste vastu v\u00f5idelda, on muutunud suureks ohuks rahvastiku tervisele.<\/p>\n<p>WHO asepeadirektor Keiji Fukuda s\u00f5nul t\u00fc\u00fcrib maailm antibiootikumi-j\u00e4rgse ajastu poole, kus lihtsad haigused, mida seni on aastak\u00fcmneid t\u00f5husalt ravitud, muutuvad surmavaks. \u201cEfektiivsed antibiootikumid on olnud \u00fcheks alustalaks meie pikaealisuse ja tervema elu tagamiseks. Juhul kui me ei tegutse koheselt, et peatada nakkusi ja seda, kuidas toodame, kirjutame v\u00e4lja ja kasutame antibiootikume, kaotab maailm aina rohkem neid \u00fcleilmseid rahvastiku tervise h\u00fcvesid ning tagaj\u00e4rjed v\u00f5ivad olla laastavad.\u201d<\/p>\n<p>Raportis <a href=\"http:\/\/apps.who.int\/iris\/bitstream\/10665\/112642\/1\/9789241564748_eng.pdf?ua=1\" target=\"_blank\" rel=\"noopener\">\u201cAntimicrobial resistance: global report on surveillance\u201d<\/a> tuuakse v\u00e4lja, et resistentsust esineb mitme infektsiooni puhul, ent nimetatud on seitse erinevat bakterit, mis p\u00f5hjustavad haigusi, nagu verem\u00fcrgistus, k\u00f5hulahtisus, kopsup\u00f5letik, kuseteede nakkused ja tripper.<\/p>\n<p>Raportis t\u00f5detakse, et resistentsuse p\u00f5hjuste j\u00e4lile j\u00f5udmine on keeruline, kuna paljudes riikides puuduvad esmased vahendid probleemi tuvastamiseks. K\u00fcll aga kirjutatakse, et tagada tuleb puhas vesi, nakkuste kontroll haiglates, vaktsineerimine ning puhtus haiglates.<\/p>\n<ul>\n<li><a href=\"http:\/\/www.efsa.europa.eu\/en\/search\/doc\/4006.pdf\" target=\"_blank\" rel=\"noopener\"><em><em><em><em>ECDC\/EFSA\/EMA first joint report on the integrated analysis of the consumption of antimicrobial agents and occurrence of antimicrobial resistance in bacteria from humans and food-producing animals<\/em><\/em><\/em><\/em><\/a><\/li>\n<li><a href=\"http:\/\/www.who.int\/mediacentre\/factsheets\/fs194\/en\/\" target=\"_blank\" rel=\"noopener\">World Health Organizatoin Media centre<\/a><\/li>\n<li><a href=\"http:\/\/apps.who.int\/iris\/bitstream\/10665\/112642\/1\/9789241564748_eng.pdf?ua=1\" target=\"_blank\" rel=\"noopener\">ANTIMICROBIAL\u00a0RESISTANCE\u00a0<em id=\"__mceDel\">Global Report\u00a0<\/em><em id=\"__mceDel\">on Surveillance<\/em><\/a><\/li>\n<\/ul>\n","protected":false},"excerpt":{"rendered":"<p>WHO hoiatab maailma: resistentsus antibiootikumidele kujutab suurt ohtu Maailma Terviseorganisatsiooni (WHO) v\u00e4rske raporti kohaselt kujutab antimikroobne resistentsus, sealhulgas antibiootikumidele, t\u00f5sist ohtu inimeste tervisele \u00fcle maailma. Esiti vaid tulevikuprognoos, on tegu n\u00fc\u00fcdseks reaalse ohuga, mis m\u00f5jutab igas vanuses ja piirkonnas elavaid &#8230;<\/p>\n","protected":false},"author":39,"featured_media":0,"parent":0,"menu_order":0,"comment_status":"closed","ping_status":"closed","template":"","meta":{"_acf_changed":false,"inline_featured_image":false,"footnotes":""},"class_list":["post-23","page","type-page","status-publish","hentry"],"acf":[],"_links":{"self":[{"href":"https:\/\/sisu.ut.ee\/amr\/wp-json\/wp\/v2\/pages\/23","targetHints":{"allow":["GET"]}}],"collection":[{"href":"https:\/\/sisu.ut.ee\/amr\/wp-json\/wp\/v2\/pages"}],"about":[{"href":"https:\/\/sisu.ut.ee\/amr\/wp-json\/wp\/v2\/types\/page"}],"author":[{"embeddable":true,"href":"https:\/\/sisu.ut.ee\/amr\/wp-json\/wp\/v2\/users\/39"}],"replies":[{"embeddable":true,"href":"https:\/\/sisu.ut.ee\/amr\/wp-json\/wp\/v2\/comments?post=23"}],"version-history":[{"count":3,"href":"https:\/\/sisu.ut.ee\/amr\/wp-json\/wp\/v2\/pages\/23\/revisions"}],"predecessor-version":[{"id":684,"href":"https:\/\/sisu.ut.ee\/amr\/wp-json\/wp\/v2\/pages\/23\/revisions\/684"}],"wp:attachment":[{"href":"https:\/\/sisu.ut.ee\/amr\/wp-json\/wp\/v2\/media?parent=23"}],"curies":[{"name":"wp","href":"https:\/\/api.w.org\/{rel}","templated":true}]}}