{"id":20,"date":"2024-04-03T23:29:34","date_gmt":"2024-04-03T20:29:34","guid":{"rendered":"https:\/\/sisu.ut.ee\/amr\/statistika\/"},"modified":"2024-04-10T12:48:48","modified_gmt":"2024-04-10T09:48:48","slug":"statistika","status":"publish","type":"page","link":"https:\/\/sisu.ut.ee\/amr\/statistika\/","title":{"rendered":"Statistika"},"content":{"rendered":"<p>K\u00f5rvalt men\u00fc\u00fcst leiate erinevaid valdkondi puudutavad materjalid.<\/p>\n<p>Sisu ootab veel t\u00e4iendamist.<\/p>\n<ul>\n<li style=\"text-align: left;\"><a href=\"http:\/\/www.euro.who.int\/en\/health-topics\/disease-prevention\/antimicrobial-resistance\/data-and-statistics\/prevalence-of-antimicrobial-resistance-in-the-who-european-region\" target=\"_blank\" rel=\"noopener\">Prevalence of antimicrobial resistance in the WHO European Region<\/a>\u00a0(kaardid)<\/li>\n<li style=\"text-align: left;\"><a href=\"http:\/\/www.efsa.europa.eu\/en\/search\/doc\/4006.pdf\" target=\"_blank\" rel=\"noopener\">ECDC\/EFSA\/EMA first joint report on the integrated analysis of the consumption of antimicrobial agents and occurrence of antimicrobial resistance in bacteria from humans and food-producing animals<\/a><\/li>\n<li style=\"text-align: left;\"><span class=\"c0\"><a href=\"http:\/\/mechanismsofbetalactamases.moonfruit.com\/amr-statistics\/4587919035\" target=\"_blank\" rel=\"noopener\">Antibiotic Resistance: Beta-lactamases<\/a>\u00a0In 2014 a review on antimicrobial resistance (AMR) made prediction for the future effects of AMR if drugs which can treat antibiotic resistant diseases are not discovered.<\/span><\/li>\n<\/ul>\n<p><span class=\"c0\"><img loading=\"lazy\" decoding=\"async\" width=\"383\" height=\"417\" class=\"alignnone wp-image-185 aligncenter\" title=\"4617504871_383x417.png\" src=\"https:\/\/sisu.ut.ee\/wp-content\/uploads\/sites\/104\/4617504871_383x417.png\" alt=\"4617504871_383x417.png\" srcset=\"https:\/\/sisu.ut.ee\/wp-content\/uploads\/sites\/104\/4617504871_383x417.png 383w, https:\/\/sisu.ut.ee\/wp-content\/uploads\/sites\/104\/4617504871_383x417-276x300.png 276w\" sizes=\"auto, (max-width: 383px) 100vw, 383px\"><\/span><\/p>\n<p><a href=\"http:\/\/www.efsa.europa.eu\/en\/topics\/topic\/amr.htm\" target=\"_blank\" rel=\"noopener\"><img loading=\"lazy\" decoding=\"async\" width=\"800\" height=\"592\" class=\"alignnone wp-image-186 aligncenter\" title=\"amrinfographic150226_800_b.jpg\" src=\"https:\/\/sisu.ut.ee\/wp-content\/uploads\/sites\/104\/amrinfographic150226_800_b.jpg\" alt=\"amrinfographic150226_800_b.jpg\" srcset=\"https:\/\/sisu.ut.ee\/wp-content\/uploads\/sites\/104\/amrinfographic150226_800_b.jpg 800w, https:\/\/sisu.ut.ee\/wp-content\/uploads\/sites\/104\/amrinfographic150226_800_b-300x222.jpg 300w, https:\/\/sisu.ut.ee\/wp-content\/uploads\/sites\/104\/amrinfographic150226_800_b-768x568.jpg 768w\" sizes=\"auto, (max-width: 800px) 100vw, 800px\"><\/a><\/p>\n","protected":false},"excerpt":{"rendered":"<p>K\u00f5rvalt men\u00fc\u00fcst leiate erinevaid valdkondi puudutavad materjalid. Sisu ootab veel t\u00e4iendamist. Prevalence of antimicrobial resistance in the WHO European Region\u00a0(kaardid) ECDC\/EFSA\/EMA first joint report on the integrated analysis of the consumption of antimicrobial agents and occurrence of antimicrobial resistance in &#8230;<\/p>\n","protected":false},"author":39,"featured_media":0,"parent":0,"menu_order":0,"comment_status":"closed","ping_status":"closed","template":"","meta":{"_acf_changed":false,"inline_featured_image":false,"footnotes":""},"class_list":["post-20","page","type-page","status-publish","hentry"],"acf":[],"_links":{"self":[{"href":"https:\/\/sisu.ut.ee\/amr\/wp-json\/wp\/v2\/pages\/20","targetHints":{"allow":["GET"]}}],"collection":[{"href":"https:\/\/sisu.ut.ee\/amr\/wp-json\/wp\/v2\/pages"}],"about":[{"href":"https:\/\/sisu.ut.ee\/amr\/wp-json\/wp\/v2\/types\/page"}],"author":[{"embeddable":true,"href":"https:\/\/sisu.ut.ee\/amr\/wp-json\/wp\/v2\/users\/39"}],"replies":[{"embeddable":true,"href":"https:\/\/sisu.ut.ee\/amr\/wp-json\/wp\/v2\/comments?post=20"}],"version-history":[{"count":2,"href":"https:\/\/sisu.ut.ee\/amr\/wp-json\/wp\/v2\/pages\/20\/revisions"}],"predecessor-version":[{"id":588,"href":"https:\/\/sisu.ut.ee\/amr\/wp-json\/wp\/v2\/pages\/20\/revisions\/588"}],"wp:attachment":[{"href":"https:\/\/sisu.ut.ee\/amr\/wp-json\/wp\/v2\/media?parent=20"}],"curies":[{"name":"wp","href":"https:\/\/api.w.org\/{rel}","templated":true}]}}