{"id":16,"date":"2024-04-03T23:29:34","date_gmt":"2024-04-03T20:29:34","guid":{"rendered":"https:\/\/sisu.ut.ee\/amr\/uritused\/"},"modified":"2024-06-20T13:15:22","modified_gmt":"2024-06-20T10:15:22","slug":"uritused","status":"publish","type":"page","link":"https:\/\/sisu.ut.ee\/amr\/uritused\/","title":{"rendered":"\u00dcritused"},"content":{"rendered":"<h2><a href=\"https:\/\/antibiotic.ecdc.europa.eu\/et\/osalemine\" target=\"_blank\" rel=\"noopener\" data-url=\"https:\/\/antibiotic.ecdc.europa.eu\/et\/osalemine\"><img loading=\"lazy\" decoding=\"async\" width=\"297\" height=\"170\" class=\"alignnone wp-image-162\" title=\"elap.png\" src=\"https:\/\/sisu.ut.ee\/wp-content\/uploads\/sites\/104\/elap.png\" alt=\"elap.png\"><\/a><\/h2>\n<p><a title=\"\" href=\"https:\/\/www.facebook.com\/EAAD.EU\" target=\"_blank\" rel=\"noopener\" data-url=\"https:\/\/www.facebook.com\/EAAD.EU\">Facebookis<\/a><\/p>\n<hr>\n<h2>Eesti s\u00fcndmused<\/h2>\n<p><img loading=\"lazy\" decoding=\"async\" width=\"512\" height=\"188\" class=\"alignnone wp-image-164\" style=\"width: 400px; height: 147px;\" title=\"screenshot_2023-02-06_at_15.26.23.png\" src=\"https:\/\/sisu.ut.ee\/wp-content\/uploads\/sites\/104\/screenshot_2023-02-06_at_15.26.23.png\" alt=\"amrita_EU\" srcset=\"https:\/\/sisu.ut.ee\/wp-content\/uploads\/sites\/104\/screenshot_2023-02-06_at_15.26.23.png 512w, https:\/\/sisu.ut.ee\/wp-content\/uploads\/sites\/104\/screenshot_2023-02-06_at_15.26.23-300x110.png 300w\" sizes=\"auto, (max-width: 512px) 100vw, 512px\"><\/p>\n<h2>2023<\/h2>\n<hr>\n<p style=\"border: none; margin-bottom: .0001pt;\"><span style=\"line-height: normal;\"><span style=\"color: black;\"><strong>10. veebruar 2023<\/strong> <\/span><\/span><\/p>\n<p style=\"border: none; margin-bottom: .0001pt;\"><span style=\"line-height: normal;\"><span style=\"color: black;\">kell 10.30 \u2013 16. 30<\/span><\/span><\/p>\n<p>Ministeeriumide \u00dchishoone, Suur -Ameerika tn 1<\/p>\n<p style=\"border: none; margin-bottom: .0001pt;\"><span style=\"font-weight: bold;\">Antibiootikumiresistentsuse levik ja selle ohjamise vo\u0303imalused<\/span><\/p>\n<div class=\"page\" title=\"Page 1\">\n<div class=\"layoutArea\">\n<div class=\"column\">\n<p>Rakendusuuringu tulemuste tutvustus<\/p>\n<p>Kava:<br>\n10.30 Antibiootikumide kasutamine ambulatoorselt \u2013 Kaidi Telling, TU\u0308 bio- ja siirdemeditsiini instituudi mikrobioloogia osakond ja TU\u0308 Kliinikum infektsioonikontrolli teenistus<\/p>\n<p>10.50 Antibiootikumide kasutamine haiglates \u2013 Jana Lass, TU\u0308 Kliinikum\/ TU\u0308 Farmaatsia instituut<\/p>\n<p>11.10 Haigla ja ambulatoorsetelt patsientidelt isoleeritud mikroobide antibiootikumresistentsus \u2013 Epp Sepp, TU\u0308 bio- ja siirdemeditsiini instituudi mikrobioloogia osakond<\/p>\n<p>11.30 Antibiootikumresistentse E. coli ja K. pneumoniae poolt po\u0303hjustatud vereringeinfektsiooni epidemioloogia \u2013 Piret Mitt<\/p>\n<p>11.50 Antibiootikumresistentsuse ja\u0308relevalve parandamise vo\u0303imalused \u2013 Paul Naaber, TU\u0308 bio- ja siirdemeditsiini instituudi mikrobioloogia osakond, ELMU\u0308 kliinilise mikrobioloogia sektsioon, SYNLAB<\/p>\n<p>12.10 Lo\u0303una<\/p>\n<p>13.00 Antibiootikumide kasutamine toodanguloomade ravis \u2013 Piret Kalmus, EMU\u0308 veterinaarmeditsiini dotsent<br>\n13.20 Antibiootikumiresistentsed bakterid loomadel ja toidus \u2013 Epp Moks, Riigi laboriuuringute ja riskihindamise keskuse bakterioloogia-patoloogia osakonna juhataja<br>\n13.40 Meie vo\u0303imekus antibiootikumija\u0308a\u0308ke ma\u0308a\u0308rata keskkonnas \u2013 Koit Herodes, TU\u0308 analu\u0308u\u0308tilise keemia kaasprofessor<br>\n14.00 Antibiootikumid ja keskkond. Resistentsus. \u2013 Veljo Kisand, TU\u0308 molekulaaro\u0308koloogia kaasprofessor<br>\n14.20 Kohvipaus<\/p>\n<p>14.30\u2013 16.30 Arutelu \u2013 u\u0308marlaud<\/p>\n<p>Uuringutulemusi kasutavad valdkondlike poliitikate kujundamisel Maaeluministeerium, Keskkonnaministeerium ning Sotsiaalministeerium. Uuring valmis Eesti Teadusagentuuri tellimusel ning seda rahastatakse programmi RITA kaudu Euroopa Regionaalarengufondi ja Eesti riigi eelarvest.<\/p>\n<p>Lisainfo: Tanel Tenson, TU\u0308 antimikroobsete ainete tehnoloogia professor, tanel.tenson@ut.ee<\/p>\n<p><span style=\"color: #0563c1;\">Raportid leiab projekti kodulehelt.<\/span><\/p>\n<\/div>\n<\/div>\n<\/div>\n<h2>2021<\/h2>\n<hr>\n<p>Rakendusuuringu AMRITA ehk <strong>\u201eAntibiootikumiresistentsuse levikuteed ja resistentsuse ohjamise v\u00f5imalused\u201c<\/strong> raportite tutvustus<\/p>\n<p><strong>17. november, 11.15\u00a0\u2013\u00a013.30 ZOOM<\/strong>: https:\/\/us02web.zoom.us\/j\/88346182444<\/p>\n<p>Valminud raportid:<\/p>\n<p>\u201eAmbulatoorse antibiootikumide kasutuse, antibiootikumikasutuse kvaliteedi indikaatorite ja antimikroobse resistentsuse v\u00f5rdlus Eestis ja P\u00f5hjamaades ning L\u00e4tis\u201c<\/p>\n<p>\u201eAmbulatoorne antibiootikumide kasutus Eestis aastatel 2014-2018\u201c<\/p>\n<p>11.15\u00a0\u2013\u00a011. 45<\/p>\n<p>Ambulatoorne antibiootikumide kasutus Jana Lass, T\u00dc Kliinikum\/ T\u00dc Farmaatsia instituut<\/p>\n<p>11.45\u00a0\u2013\u00a012.15<\/p>\n<p>Epp Sepp, T\u00dc bio- ja siirdemeditsiini instituudi mikrobioloogia osakond<\/p>\n<p>12.15\u00a0\u2013 12.45<\/p>\n<p>\u201eAmbulatoorne antibiootikumide kasutus Eestis aastatel 2014-2018\u201c<br>\nKaidi Telling, T\u00dc bio- ja siirdemeditsiini instituudi mikrobioloogia osakond ja T\u00dc Kliinikum infektsioonikontrolli teenistus<\/p>\n<p>12. 45\u00a0\u2013\u00a013. 30<\/p>\n<p>Diskussioon l\u00e4htuvalt raportite j\u00e4reldustest ja ettepanekutest j\u00e4relvalve parandamiseks. Juhatab Irja Lutsar, T\u00dc bio- ja siirdemeditsiini instituudi mikrobioloogia osakond<\/p>\n<p>Eelregistreerimine kuni 16. november:\u00a0https:\/\/forms.gle\/2e3JhVnczLRraJzQ6\u00a0Raportid:\u00a0https:\/\/sisu.ut.ee\/amr\/rita-raportid<\/p>\n<h2>Arhiiv<\/h2>\n<hr>\n<p><strong>23. aprillil 2015 TALLINNAS, Terviseametis kohtumine antimikroobse resistentsuse teemal<\/strong><\/p>\n<p>Kohtumise peamine eesm\u00e4rk on luua esmane kontakt asutuste vahel, kes puutuvad kokku AMR temaatikaga l\u00e4bi tervise, ravimipoliitika, pollumajanduse, teaduse ning keskkonna valdkonna. Kohtumise alaeesm\u00e4rkideks on:<br>\n\u2013\u00a0\u00a0\u00a0\u00a0\u00a0\u00a0\u00a0\u00a0\u00a0\u00a0 jagada omavahel olemasolevat informatsiooni AMR leviku kohta Eestis erinevates valdkondades;<br>\n\u2013\u00a0\u00a0\u00a0\u00a0\u00a0\u00a0\u00a0\u00a0\u00a0\u00a0 arutada probleeme AMR seirel, ennetamisel ja t\u00f5rjel;<br>\n\u2013\u00a0\u00a0\u00a0\u00a0\u00a0\u00a0\u00a0\u00a0\u00a0\u00a0 arutada v\u00f5imalike info vahetamise, koost\u00f6\u00f6 ning koordineerimise v\u00f5imalusi valdkondade vahel;<br>\n\u2013\u00a0\u00a0\u00a0\u00a0\u00a0\u00a0\u00a0\u00a0\u00a0\u00a0 jagada vastastikku informatsiooni erinevate valdkondade tulevikuplaanide ning initsiatiivide kohta AMR osas ning<br>\n\u2013\u00a0\u00a0\u00a0\u00a0\u00a0\u00a0\u00a0\u00a0\u00a0\u00a0 otsustada asutuste vahelise AMR t\u00f6\u00f6r\u00fchma loomine<\/p>\n<p>Ettekanded:<\/p>\n<p>SOTSIAALMINISTEERIUM Kerstin Mahlapuu\u00a0<a href=\"https:\/\/sisu.ut.ee\/wp-content\/uploads\/sites\/104\/mahlapuu.pdf\" target=\"_blank\" rel=\"noopener\">JPI AMR\u00a0<\/a><a href=\"https:\/\/sisu.ut.ee\/wp-content\/uploads\/sites\/104\/mahlapuu.pdf\" target=\"_blank\" rel=\"noopener\">Teaduse \u00fchisprogrammeerimise algatus \u201eAntimikroobne resistentsus\u201c<\/a><\/p>\n<p>TERVISEAMET\u00a0Annika Lemetsar\/Jevgenia Ep\u0161tein\u00a0<a href=\"https:\/\/sisu.ut.ee\/wp-content\/uploads\/sites\/104\/terviseamet.pdf\" target=\"_blank\" rel=\"noopener\">Antibiootikumiresistentsuse seire<\/a><\/p>\n<p>P\u00d5LLUMAJANDUSMINISTEERIUM Piret Aasm\u00e4e\u00a0<a href=\"https:\/\/sisu.ut.ee\/wp-content\/uploads\/sites\/104\/aasmae2015.pdf\" target=\"_blank\" rel=\"noopener\">AMRi tegevused P\u00f5llumajandusministeeriumi valdkonnas<\/a><\/p>\n<p>RAVIMIAMET Helve Vestman\/Ave-Ly Toomvap\u00a0<a href=\"https:\/\/sisu.ut.ee\/wp-content\/uploads\/sites\/104\/2015ravimiamet.pdf\" target=\"_blank\" rel=\"noopener\">Antibiootikumide kasutamise statistika<\/a><\/p>\n<p style=\"text-align: left;\"><strong>3. novembril 2014 TALLINNAS, Roseni tornis (Mere pst 6) \u00fcmarlaud\u00a0\u00a0<a href=\"http:\/\/www.tuit.ut.ee\/et\/jpi-antimicrobial-resistance\" target=\"_blank\" rel=\"noopener\">\u201cEesti v\u00f5imalik \u00fchinemine programmiga \u201cJoint Programming Initiative \u2013 Antimicrobial resistance\u201d.\u00a0Vajadused ja v\u00e4ljakutsed\u201d<\/a><\/strong><\/p>\n<p class=\"p1\" style=\"padding-left: 30px;\">9.45 Coffee<\/p>\n<p class=\"p1\" style=\"padding-left: 30px;\">10.15\u00a0\u00a0<a href=\"https:\/\/sisu.ut.ee\/wp-content\/uploads\/sites\/104\/tenson_041114.pdf\" target=\"_blank\" rel=\"noopener\">Introduction \u2013 AMR research in Estonia,\u00a0Tanel Tenson (University of Tartu)<\/a><\/p>\n<p class=\"p1\" style=\"padding-left: 30px;\">10.45\u00a0<a href=\"https:\/\/sisu.ut.ee\/wp-content\/uploads\/sites\/104\/jpiamr_presentation_tallin2014_marin.pdf\" target=\"_blank\" rel=\"noopener\">Presentation about the JPI AMR,\u00a0Laura Marin (JPI AMR secretariat)<\/a>\u00a0+\u00a0<a href=\"http:\/\/www.jpiamr.eu\/news-and-events\/videos\/\" target=\"_blank\" rel=\"noopener\">video<\/a><\/p>\n<p class=\"p1\" style=\"padding-left: 30px;\">11.15 Questions, Answers, Discussion<\/p>\n<p class=\"p1\" style=\"padding-left: 30px;\">12.00 Coffee<\/p>\n<p class=\"p1\" style=\"padding-left: 30px;\">12.30\u00a0<a href=\"https:\/\/sisu.ut.ee\/wp-content\/uploads\/sites\/104\/napa_jpi_ettekanne.pdf\" target=\"_blank\" rel=\"noopener\">JPI tegevuste v\u00f5imalik rahastamine sh struktuurifondidest,\u00a0\u00dclle Napa (ETAg)<\/a><\/p>\n<p class=\"p1\" style=\"padding-left: 30px;\">13.10 Arutelu (JPI temaatika ja antibiootikumiresistentsuse t\u00f5rje kava koostamise planeerimine)<\/p>\n<p><strong>30.05. 2014\u00a0<a href=\"http:\/\/tervistaistrateegia.ee\/tootuba30352014\/materjalid\" target=\"_blank\" rel=\"noopener\">Temaatiline t\u00f6\u00f6tuba: Eesti tervishoiu programmi \u00f5ppetunnid\u00a0<\/a><\/strong><\/p>\n<p><strong>28.04.2014\u00a0<a href=\"http:\/\/tervistaistrateegia.ee\/tootuba28042014\" target=\"_blank\" rel=\"noopener\">Temaatiline t\u00f6\u00f6tuba: Antibiootikumiresistentsuse v\u00e4ljakutsed ja T&amp;A v\u00f5imekus<\/a>\u00a0<\/strong><\/p>\n<p align=\"justify\">28. aprillil\u00a0kell 9.30-14.00\u00a0toimus Eesti Teaduste Akadeemias, aadressil Kohtu 6 t\u00f6\u00f6tuba, mille\u00a0eesm\u00e4rgiks oli tuua kokku valdkonda uurivad teadlased ja asjassepuutuvad riigiasutused, et saada \u00fclevaade Eestis tehtavast ning arutada edasiliikumise vajadusi ja v\u00f5imalusi. Millist informatsiooni, anal\u00fc\u00fcsi ja kompetentsi v\u00f5iksid teadlased pakkuda riigiasutustele? Millised on riigiasutuste vajadused? Kas Eesti peaks liituma vastavate rahvusvaheliste algatustega nagu nt Euroopa \u00fchisprogrammeerimise initsiatiiv\u00a0<a href=\"http:\/\/jpiamr.eu\/\">JPIAMR<\/a>.\u00a0Milline on teema t\u00e4hendus valmiva\u00a0tervishoiu teadus-arendustegevuse ja innovatsiooni strateegia kontekstis? vt. \u00fcrituse lisad<\/p>\n<p style=\"padding-left: 30px;\"><em id=\"__mceDel\" style=\"line-height: 21px;\">28.04.2014 Teaduste Akadeemias esitatud slaidid:<\/em><\/p>\n<div class=\"page\" style=\"padding-left: 30px;\" title=\"Page 1\">\n<div class=\"layoutArea\" style=\"padding-left: 30px;\">\n<div class=\"column\" style=\"padding-left: 30px;\">\n<p>PIRET\u00a0AASM\u00c4E<br>\n<a href=\"https:\/\/sisu.ut.ee\/wp-content\/uploads\/sites\/104\/aasmae.pdf\" target=\"_blank\" rel=\"noopener\">EUROOPA\u00a0KOMISJONI TEGEVUSED RESISTENTSUSE V\u00c4HENDAMISEKS.<\/a><\/p>\n<p>PIRET\u00a0KALMUS<br>\n<a href=\"https:\/\/sisu.ut.ee\/wp-content\/uploads\/sites\/104\/kalmus.pdf\" target=\"_blank\" rel=\"noopener\">LOOMADELT ISOLEERITUD BAKTERITE ANTIBIOOTIKUMIRESISTENTSUS\u00a0EESTIS\u00a02007-2014<\/a><\/p>\n<p>VELJO\u00a0KISAND<br>\n<a href=\"https:\/\/sisu.ut.ee\/wp-content\/uploads\/sites\/104\/kisand.pdf\" target=\"_blank\" rel=\"noopener\">DNA\u00a0P\u00d5HINE MIKROBIOLOOGIA\u00a0\u2013\u00a0AVANEVAD V\u00d5IMALUSED.<\/a><\/p>\n<p>MAILIS\u00a0LAHT<br>\n<a href=\"https:\/\/sisu.ut.ee\/wp-content\/uploads\/sites\/104\/laht.pdf\" target=\"_blank\" rel=\"noopener\">ANTIBIOOTIKUMIRESISTENTSUS JA KESKKOND.<\/a><\/p>\n<p>ANNIKA\u00a0LEMETSAR<br>\n<a href=\"https:\/\/sisu.ut.ee\/wp-content\/uploads\/sites\/104\/lemetsar.pdf\" target=\"_blank\" rel=\"noopener\">ANTIBIOOTIKUMIRESISTENTSUSE SEIRE\u00a0EESTI MEDITSIINIS\u00dcSTEEMIS.<\/a><\/p>\n<p>IRJA\u00a0LUTSAR<br>\n<a href=\"https:\/\/sisu.ut.ee\/wp-content\/uploads\/sites\/104\/lutsar.pdf\" target=\"_blank\" rel=\"noopener\">ANTIBIOOTIKUMIRESISTENTSUS\u00a0EESTI MEDITSIINIS\u00dcSTEEMI VAATEPUNKTIST.<\/a><\/p>\n<p>PAUL\u00a0NAABER<br>\n<a href=\"https:\/\/sisu.ut.ee\/wp-content\/uploads\/sites\/104\/naaber.pdf\" target=\"_blank\" rel=\"noopener\">ANTIMIKROOBNE RESISTENTSUS:\u00a0PROJEKTID JA V\u00c4LJUNDID.<\/a><\/p>\n<p>KAIDI\u00a0TELLING<br>\n<a href=\"https:\/\/sisu.ut.ee\/wp-content\/uploads\/sites\/104\/telling.pdf\" target=\"_blank\" rel=\"noopener\">TERVISEPROGRAMMI\u00a0(TERVE)\u00a0PROJEKT ANTIBIOOTIKUMRESISTENTSUSE LEVIKUTEEDE KAARDISTAMISEKS.<\/a><\/p>\n<p>TANEL\u00a0TENSON<br>\n<a href=\"https:\/\/sisu.ut.ee\/wp-content\/uploads\/sites\/104\/tenson.pdf\" target=\"_blank\" rel=\"noopener\">ANTIBIOOTIKUMIDJA ANTIBIOOTIKUMIRESISTENTSUS.<\/a><\/p>\n<p>JAAK\u00a0TRUU<br>\n<a href=\"https:\/\/sisu.ut.ee\/wp-content\/uploads\/sites\/104\/truu.pdf\" target=\"_blank\" rel=\"noopener\">KESKKONNATEHNOLOOGIA JA ANTIBIOOTIKUMIRESISTENTSUS.<\/a><\/p>\n<\/div>\n<\/div>\n<\/div>\n","protected":false},"excerpt":{"rendered":"<p>Facebookis Eesti s\u00fcndmused 2023 10. veebruar 2023 kell 10.30 \u2013 16. 30 Ministeeriumide \u00dchishoone, Suur -Ameerika tn 1 Antibiootikumiresistentsuse levik ja selle ohjamise vo\u0303imalused Rakendusuuringu tulemuste tutvustus Kava: 10.30 Antibiootikumide kasutamine ambulatoorselt \u2013 Kaidi Telling, TU\u0308 bio- ja siirdemeditsiini instituudi &#8230;<\/p>\n","protected":false},"author":39,"featured_media":0,"parent":0,"menu_order":0,"comment_status":"closed","ping_status":"closed","template":"","meta":{"_acf_changed":false,"inline_featured_image":false,"footnotes":""},"class_list":["post-16","page","type-page","status-publish","hentry"],"acf":[],"_links":{"self":[{"href":"https:\/\/sisu.ut.ee\/amr\/wp-json\/wp\/v2\/pages\/16","targetHints":{"allow":["GET"]}}],"collection":[{"href":"https:\/\/sisu.ut.ee\/amr\/wp-json\/wp\/v2\/pages"}],"about":[{"href":"https:\/\/sisu.ut.ee\/amr\/wp-json\/wp\/v2\/types\/page"}],"author":[{"embeddable":true,"href":"https:\/\/sisu.ut.ee\/amr\/wp-json\/wp\/v2\/users\/39"}],"replies":[{"embeddable":true,"href":"https:\/\/sisu.ut.ee\/amr\/wp-json\/wp\/v2\/comments?post=16"}],"version-history":[{"count":3,"href":"https:\/\/sisu.ut.ee\/amr\/wp-json\/wp\/v2\/pages\/16\/revisions"}],"predecessor-version":[{"id":693,"href":"https:\/\/sisu.ut.ee\/amr\/wp-json\/wp\/v2\/pages\/16\/revisions\/693"}],"wp:attachment":[{"href":"https:\/\/sisu.ut.ee\/amr\/wp-json\/wp\/v2\/media?parent=16"}],"curies":[{"name":"wp","href":"https:\/\/api.w.org\/{rel}","templated":true}]}}