{"id":15,"date":"2024-04-03T23:29:34","date_gmt":"2024-04-03T20:29:34","guid":{"rendered":"https:\/\/sisu.ut.ee\/amr\/avaleht\/"},"modified":"2024-04-10T14:37:54","modified_gmt":"2024-04-10T11:37:54","slug":"avaleht","status":"publish","type":"page","link":"https:\/\/sisu.ut.ee\/amr\/","title":{"rendered":"Avaleht"},"content":{"rendered":"<h2 class=\"wp-block-heading\">Videomaterjale antibiootikumiresistentsusest<\/h2>\n\n\n<div class=\"boxes-box-content\">\n<div style=\"text-align: center;\">\u00a0<\/div>\n<div style=\"text-align: center;\"><a title=\"\" href=\"https:\/\/www.youtube.com\/watch?v=wWAhXMrYHyI&amp;feature=youtu.be\" target=\"_blank\" rel=\"noopener\"><img loading=\"lazy\" decoding=\"async\" class=\"media-element file-default\" style=\"width: 245px; height: 140px;\" title=\"\" src=\"https:\/\/sisu.ut.ee\/wp-content\/uploads\/sites\/104\/1ajalugu.jpg\" alt=\"1\" width=\"880\" height=\"463\"><\/a>\u00a0 \u00a0\u00a0<a title=\"\" href=\"https:\/\/www.youtube.com\/watch?v=MNLOeh83QLE&amp;feature=youtu.be\" target=\"_blank\" rel=\"noopener\"><img loading=\"lazy\" decoding=\"async\" class=\"media-element file-default\" style=\"width: 245px; height: 140px;\" title=\"\" src=\"https:\/\/sisu.ut.ee\/wp-content\/uploads\/sites\/104\/2toim.jpg\" alt=\"2\" width=\"880\" height=\"463\"><\/a>\u00a0 \u00a0\u00a0\u00a0<a title=\"\" href=\"https:\/\/www.youtube.com\/watch?v=fk0eqc0ocM4&amp;feature=youtu.be\" target=\"_blank\" rel=\"noopener\"><img loading=\"lazy\" decoding=\"async\" class=\"media-element file-default\" style=\"width: 245px; height: 140px;\" title=\"\" src=\"https:\/\/sisu.ut.ee\/wp-content\/uploads\/sites\/104\/3kus.jpg\" alt=\"3\" width=\"880\" height=\"463\"><\/a><\/div>\n<div style=\"text-align: center;\">\u00a0<\/div>\n<div style=\"text-align: center;\"><a title=\"\" href=\"https:\/\/www.youtube.com\/watch?v=XX0pXHdzbE4&amp;feature=youtu.be\" target=\"_blank\" rel=\"noopener\"><img loading=\"lazy\" decoding=\"async\" class=\"media-element file-default\" style=\"width: 245px; height: 140px;\" title=\"\" src=\"https:\/\/sisu.ut.ee\/wp-content\/uploads\/sites\/104\/4oige.jpg\" alt=\"4\" width=\"880\" height=\"463\"><\/a>\u00a0 \u00a0\u00a0<a title=\"\" href=\"https:\/\/www.youtube.com\/watch?v=WxMrE-AnXQ8&amp;feature=youtu.be\" target=\"_blank\" rel=\"noopener\"><img loading=\"lazy\" decoding=\"async\" class=\"media-element file-default\" style=\"width: 245px; height: 140px;\" title=\"\" src=\"https:\/\/sisu.ut.ee\/wp-content\/uploads\/sites\/104\/5pic.jpg\" alt=\"5\" width=\"880\" height=\"463\"><\/a>\u00a0 \u00a0 \u00a0<a title=\"\" href=\"https:\/\/www.youtube.com\/watch?v=LIEIIGG8da4&amp;feature=youtu.be\" target=\"_blank\" rel=\"noopener\"><img loading=\"lazy\" decoding=\"async\" class=\"media-element file-default\" style=\"width: 245px; height: 140px;\" title=\"\" src=\"https:\/\/sisu.ut.ee\/wp-content\/uploads\/sites\/104\/lab1.jpg\" alt=\"lab1\" width=\"880\" height=\"463\"><\/a><\/div>\n<div style=\"text-align: center;\">\u00a0<\/div>\n<p style=\"text-align: center;\"><a title=\"\" href=\"https:\/\/www.youtube.com\/watch?v=yPFA-_C0ZlQ&amp;feature=youtu.be\" target=\"_blank\" rel=\"noopener\"><img loading=\"lazy\" decoding=\"async\" class=\"media-element file-default\" style=\"width: 244px; height: 139px;\" title=\"\" src=\"https:\/\/sisu.ut.ee\/wp-content\/uploads\/sites\/104\/cc.jpg\" alt=\"x\" width=\"880\" height=\"463\"><\/a>\u00a0 \u00a0\u00a0<a href=\"https:\/\/www.youtube.com\/watch?v=mACmrykuHME&amp;feature=youtu.be\" target=\"_blank\" rel=\"noopener\"><img loading=\"lazy\" decoding=\"async\" class=\"media-element file-default\" style=\"width: 245px; height: 140px;\" title=\"\" src=\"https:\/\/sisu.ut.ee\/wp-content\/uploads\/sites\/104\/ff.jpg\" alt=\"f\" width=\"880\" height=\"463\"><\/a>\u00a0 \u00a0\u00a0<a title=\"\" href=\"https:\/\/www.youtube.com\/watch?v=FpBvJFCiF3s&amp;feature=youtu.be\" target=\"_blank\" rel=\"noopener\"><img loading=\"lazy\" decoding=\"async\" class=\"media-element file-default\" style=\"width: 245px; height: 140px;\" title=\"\" src=\"https:\/\/sisu.ut.ee\/wp-content\/uploads\/sites\/104\/uu.jpg\" alt=\"uu\" width=\"880\" height=\"463\"><\/a><\/p>\n<\/div>\n<h2>Mis on antibiootikumiresistentsus?<\/h2>\n<p>Antibiootikumid pidurdavad bakterite kasvu ja seet\u00f5ttu saab nende abil ravida bakterite poolt p\u00f5hjustatud haiguseid. Paraku j\u00e4\u00e4vad ravi k\u00e4igus ellu need bakterid, kes on muteerunud selliseks, et ravim neile enam ei toimi. Tekkinud on antibiootikumiresistentsed bakterid. Seega ei ole v\u00f5imalik antibiootikumi abil sellist nakkust enam ravida.<\/p>\n<p>Antibiootikumiresistentsus ei ole kitsalt meditsiini probleem. Resistentsuse tekkel ja levikul on olulisel kohal antibiootikumide kasutamine loomakasvatuses ja veterinaarias ning levik keskkonnas. Eestis on antibiootikumiresistentsuse uuringuid rahastatud nii institutsionaalsete uurimisteemade raames kui ka tervisetehnoloogia, biotehnoloogia ja keskkonnatehnoloogia riiklikest programmidest. Samuti on rahastamist saadud Euroopa Liidu 7. Raamprogrammist. Temaatikaga puutuvad kokku Sotsiaalministeeriumi ning P\u00f5llumajandusministeeriumi regulatoorsed ja j\u00e4relvalveasutused. Tugevamaks on muutumas seos keskkonnatehnoloogiate ja keskkonna j\u00e4relvalvega.<\/p>\n<p>Eesti Teadusagentuur rahastab tervishoiuteaduste v\u00f5imekuse edendamise programmi TerVE raames s\u00f5lmitud lepingu alusel keskkonnast l\u00e4htuvate terviseriskide m\u00f5ju uuringute l\u00e4biviimiseks projekti \u201eAntibiootikumiresistentsuse levikuteed (ABRESIST)\u201c.<\/p>\n<p>Tanel Tenson<br>antimikroobsete ainete tehnoloogia professor, PhD<\/p>\n<p style=\"text-align: center;\"><img loading=\"lazy\" decoding=\"async\" class=\"alignnone size-medium wp-image-260\" src=\"https:\/\/sisu.ut.ee\/wp-content\/uploads\/sites\/104\/esf350-300x167.jpg\" alt=\"l\" width=\"300\" height=\"167\" srcset=\"https:\/\/sisu.ut.ee\/wp-content\/uploads\/sites\/104\/esf350-300x167.jpg 300w, https:\/\/sisu.ut.ee\/wp-content\/uploads\/sites\/104\/esf350.jpg 350w\" sizes=\"auto, (max-width: 300px) 100vw, 300px\"> <img loading=\"lazy\" decoding=\"async\" class=\"alignnone size-full wp-image-273\" src=\"https:\/\/sisu.ut.ee\/wp-content\/uploads\/sites\/104\/logo_terve1-1.jpeg\" alt=\"\" width=\"200\" height=\"84\"> <img loading=\"lazy\" decoding=\"async\" class=\"alignnone size-full wp-image-314\" src=\"https:\/\/sisu.ut.ee\/wp-content\/uploads\/sites\/104\/jpiamr_logo.jpg\" alt=\"\" width=\"242\" height=\"95\"> <img loading=\"lazy\" decoding=\"async\" class=\"alignnone size-medium wp-image-269\" src=\"https:\/\/sisu.ut.ee\/wp-content\/uploads\/sites\/104\/etag-1-300x93.jpg\" alt=\"\" width=\"300\" height=\"93\" srcset=\"https:\/\/sisu.ut.ee\/wp-content\/uploads\/sites\/104\/etag-1-300x93.jpg 300w, https:\/\/sisu.ut.ee\/wp-content\/uploads\/sites\/104\/etag-1.jpg 402w\" sizes=\"auto, (max-width: 300px) 100vw, 300px\"><\/p>","protected":false},"excerpt":{"rendered":"<p>Videomaterjale antibiootikumiresistentsusest \u00a0 \u00a0 \u00a0\u00a0\u00a0 \u00a0\u00a0\u00a0 \u00a0 \u00a0 \u00a0\u00a0\u00a0 \u00a0 \u00a0 \u00a0 \u00a0 \u00a0\u00a0\u00a0 \u00a0\u00a0 Mis on antibiootikumiresistentsus? Antibiootikumid pidurdavad bakterite kasvu ja seet\u00f5ttu saab nende abil ravida bakterite poolt p\u00f5hjustatud haiguseid. Paraku j\u00e4\u00e4vad ravi k\u00e4igus ellu need bakterid, kes &#8230;<\/p>\n","protected":false},"author":39,"featured_media":0,"parent":0,"menu_order":0,"comment_status":"closed","ping_status":"closed","template":"","meta":{"_acf_changed":false,"inline_featured_image":false,"footnotes":""},"class_list":["post-15","page","type-page","status-publish","hentry"],"acf":[],"_links":{"self":[{"href":"https:\/\/sisu.ut.ee\/amr\/wp-json\/wp\/v2\/pages\/15","targetHints":{"allow":["GET"]}}],"collection":[{"href":"https:\/\/sisu.ut.ee\/amr\/wp-json\/wp\/v2\/pages"}],"about":[{"href":"https:\/\/sisu.ut.ee\/amr\/wp-json\/wp\/v2\/types\/page"}],"author":[{"embeddable":true,"href":"https:\/\/sisu.ut.ee\/amr\/wp-json\/wp\/v2\/users\/39"}],"replies":[{"embeddable":true,"href":"https:\/\/sisu.ut.ee\/amr\/wp-json\/wp\/v2\/comments?post=15"}],"version-history":[{"count":15,"href":"https:\/\/sisu.ut.ee\/amr\/wp-json\/wp\/v2\/pages\/15\/revisions"}],"predecessor-version":[{"id":649,"href":"https:\/\/sisu.ut.ee\/amr\/wp-json\/wp\/v2\/pages\/15\/revisions\/649"}],"wp:attachment":[{"href":"https:\/\/sisu.ut.ee\/amr\/wp-json\/wp\/v2\/media?parent=15"}],"curies":[{"name":"wp","href":"https:\/\/api.w.org\/{rel}","templated":true}]}}