{"id":139,"date":"2024-04-03T23:29:41","date_gmt":"2024-04-03T20:29:41","guid":{"rendered":"https:\/\/sisu.ut.ee\/amr\/rita-raportid\/"},"modified":"2024-04-10T13:58:02","modified_gmt":"2024-04-10T10:58:02","slug":"rita-raportid","status":"publish","type":"page","link":"https:\/\/sisu.ut.ee\/amr\/rita-raportid\/","title":{"rendered":"RITA raportid"},"content":{"rendered":"<p>Siia on lisatud RITA raportid:<\/p>\n<p><a href=\"https:\/\/sisu.ut.ee\/wp-content\/uploads\/sites\/104\/amr-rita_lopparuanne_0.pdf\" data-fid=\"73547\">AMR-RITA l\u00f5pparuanne<\/a><\/p>\n<ul>\n<li style=\"text-align: left;\"><a href=\"https:\/\/sisu.ut.ee\/wp-content\/uploads\/sites\/104\/amr_seireprogrammide_tulemused_veterinaameditsiini_valdkonnas_2017-2021_0.pdf\" data-fid=\"72710\">Antibiootikumiresistentsust hindavad seireprogrammid veterinaarmeditsiini valdkonnas<\/a><\/li>\n<li style=\"text-align: left;\"><a href=\"https:\/\/sisu.ut.ee\/wp-content\/uploads\/sites\/104\/antibiootikumresistentsuse_jarelevalve_referentsteenus_eestis_19.01.2022_0.pdf\" data-fid=\"72711\">Antimikroobse resistentsuse ja antimikroobsete ravimite kasutamisej\u00e4relevalve (AMR j\u00e4relevalve) s\u00fcsteem Eestis<\/a><\/li>\n<li style=\"text-align: left;\"><a href=\"https:\/\/sisu.ut.ee\/wp-content\/uploads\/sites\/104\/haiglate_antibiootikumikasutuse_raport.pdf\" data-fid=\"72712\">Antibiootikumide kasutamine Eesti haiglates 2019. aastal<\/a><\/li>\n<li style=\"text-align: left;\"><a href=\"https:\/\/sisu.ut.ee\/wp-content\/uploads\/sites\/104\/l6pparuanne_tuved.pdf\" data-fid=\"72713\">Bakterit\u00fcvede iseloomustus genoomi\u00a0andmete p\u00f5hjal<\/a><\/li>\n<li style=\"text-align: left;\"><a href=\"https:\/\/sisu.ut.ee\/wp-content\/uploads\/sites\/104\/resistentsuse_taset_mojutavad_tegurid.pdf\" data-fid=\"72714\">Antibiootikumiresistentsuse taset m\u00f5jutavad tegurid<\/a><\/li>\n<li style=\"text-align: left;\"><a href=\"https:\/\/sisu.ut.ee\/wp-content\/uploads\/sites\/104\/soovitused_b-kategooriasse_kuuluvate_antbiootikumide_kasutamise_vahendamiseks_loomade_ravis.pdf\" data-fid=\"72715\">Soovitused 3.-4. p\u00f5lvkonna tsefalosporiinide ja fluorokinoloonide kasutamise v\u00e4hendamiseks produktiivloomahaiguste ravis<\/a><\/li>\n<\/ul>\n<hr>\n<ul>\n<li style=\"text-align: left;\"><a href=\"https:\/\/sisu.ut.ee\/wp-content\/uploads\/sites\/104\/antimikroobsete_ravimite_kasutuse_hetklevimusuuring_eesti_aktiivravihaiglates_2016_raport_final.pdf\" data-fid=\"67827\">Antimikroobsete ravimite kasutus Eesti aktiivravihaiglates: hetklevimusuuringu tulemused 2016. aastal<\/a><\/li>\n<li style=\"text-align: left;\"><a href=\"https:\/\/sisu.ut.ee\/wp-content\/uploads\/sites\/104\/antibiootikumresistentsuse_jarelevalve_referentsteenus_eestis_19.01.2022.pdf\" data-fid=\"66994\">Antimikroobse resistentsuse ja antimikroobsete ravimite kasutamise ja\u0308relevalve (AMR ja\u0308relevalve) su\u0308steem Eestis. AMR-RITA projekti to\u0308o\u0308grupi ettepanekud.<\/a><\/li>\n<li style=\"text-align: left;\"><a title=\"\" href=\"https:\/\/sisu.ut.ee\/wp-content\/uploads\/sites\/104\/loomadelt_ja_toidust_parit_mikroobide_amr_2010-2018.pdf\" target=\"_blank\" rel=\"noopener\" data-url=\"https:\/\/sisu.ut.ee\/wp-content\/uploads\/sites\/104\/loomadelt_ja_toidust_parit_mikroobide_amr_2010-2018.pdf\">Aastatel 2010-2018 loomadelt ja toidust isoleeritud Escherichia coli, Enterococcus spp, Campylobacter spp ja Salmonella spp antibiootikumiresistentsus<\/a><\/li>\n<li style=\"text-align: left;\"><a href=\"https:\/\/sisu.ut.ee\/wp-content\/uploads\/sites\/104\/amb_antibiootikumikasutuse_raport_011020.pdf\" data-fid=\"56927\">Ambulatoorne antibiootikumide kasutus Eestis aastatel 2014-2018<\/a><\/li>\n<li style=\"text-align: left;\"><a title=\"\" href=\"https:\/\/sisu.ut.ee\/wp-content\/uploads\/sites\/104\/antibiootikumide_kasutamine_eesti_veterinaarmeditsiinis_2011-2018_0.pdf\" target=\"_blank\" rel=\"noopener\" data-url=\"https:\/\/sisu.ut.ee\/wp-content\/uploads\/sites\/104\/antibiootikumide_kasutamine_eesti_veterinaarmeditsiinis_2011-2018_0.pdf\">Antibioootikumise kasutamine Eesti veterinaarmeditsiinis<\/a><\/li>\n<li style=\"text-align: left;\"><a href=\"https:\/\/sisu.ut.ee\/wp-content\/uploads\/sites\/104\/antibiootikumide_muugiandmed_2.pdf\" data-fid=\"56926\">Ambulatoorse antibiootikumide kasutuse, antibiootikumikasutuse kvaliteedi indikaatorite ja antimikroobse resistentsuse v\u00f5rdlus Eestis ja P\u00f5hjamaades ning L\u00e4tis 2020<\/a>\u00a0\u00a0<\/li>\n<\/ul>\n<p style=\"text-align: justify;\">Ingl. k.<\/p>\n<ul>\n<li style=\"text-align: left;\"><a title=\"\" href=\"https:\/\/sisu.ut.ee\/wp-content\/uploads\/sites\/104\/antimicrobial_resistance_of_bacteria_orginated_from_production_animal_2010-2018_1.pdf\" target=\"_blank\" rel=\"noopener\" data-url=\"https:\/\/sisu.ut.ee\/wp-content\/uploads\/sites\/104\/antimicrobial_resistance_of_bacteria_orginated_from_production_animal_2010-2018_1.pdf\">Antimicrobial resistance of\u00a0Escherichia coli,\u00a0Enterococcus\u00a0spp,\u00a0Campylobacter\u00a0spp and\u00a0Salmonella\u00a0spp originated from animal and food in 2010-2018 in\u00a0Estonia<\/a><\/li>\n<li style=\"text-align: left;\"><a title=\"\" href=\"https:\/\/sisu.ut.ee\/wp-content\/uploads\/sites\/104\/antibiotics_in_the_environment_b.pdf\" target=\"_blank\" rel=\"noopener\" data-url=\"https:\/\/sisu.ut.ee\/wp-content\/uploads\/sites\/104\/antibiotics_in_the_environment_b.pdf\">Antibiotics and antibiotic resistance in the environment<\/a>\u00a0<\/li>\n<\/ul>\n<p style=\"text-align: justify;\">AMRITA projekti publikatsioonid<\/p>\n<ul>\n<li style=\"text-align: left;\"><a href=\"https:\/\/www.frontiersin.org\/articles\/10.3389\/fmicb.2021.601490\/full\" target=\"_blank\" rel=\"noopener\" data-saferedirecturl=\"https:\/\/www.google.com\/url?q=https:\/\/www.frontiersin.org\/articles\/10.3389\/fmicb.2021.601490\/full&amp;source=gmail&amp;ust=1664619328105000&amp;usg=AOvVaw3a3lLSdZ3OEO2qRkQS-yf2\">Frontiers | Molecular Characterization of Enterococcus Isolates From Different Sources in Estonia Reveals Potential Transmission of Resistance Genes Among Different Reservoirs (frontiersin.org)<\/a><\/li>\n<li><a href=\"https:\/\/www.mdpi.com\/2079-6382\/11\/1\/44\" target=\"_blank\" rel=\"noopener\" data-saferedirecturl=\"https:\/\/www.google.com\/url?q=https:\/\/www.mdpi.com\/2079-6382\/11\/1\/44&amp;source=gmail&amp;ust=1664619328105000&amp;usg=AOvVaw0-t4ULmdR8GdjxlFDkobGt\">Antibiotics | Free Full-Text | Antimicrobial Selection for the Treatment of Clinical Mastitis and the Efficacy of Penicillin Treatment Protocols in Large Estonian Dairy Herds (mdpi.com)<\/a><\/li>\n<li><a href=\"https:\/\/www.mdpi.com\/2079-6382\/10\/5\/499\" target=\"_blank\" rel=\"noopener\" data-saferedirecturl=\"https:\/\/www.google.com\/url?q=https:\/\/www.mdpi.com\/2079-6382\/10\/5\/499&amp;source=gmail&amp;ust=1664619328105000&amp;usg=AOvVaw0fDNZM-v5b5pudC1GMtLgU\">Antibiotics | Free Full-Text | The Use of Colistin in Food-Producing Animals in Estonia\u2014Vaccination as an Effective Alternative to Consumption of Critically Important Antimicrobials in Pigs (mdpi.com)<\/a><\/li>\n<li><a href=\"https:\/\/eestiarst.ee\/antibiootikumide-kasutamine-ja-antimikroobne-resistentsus-covid-19-pandeemia-ajajargul\/\" target=\"_blank\" rel=\"noopener\" data-saferedirecturl=\"https:\/\/www.google.com\/url?q=https:\/\/eestiarst.ee\/antibiootikumide-kasutamine-ja-antimikroobne-resistentsus-covid-19-pandeemia-ajajargul\/&amp;source=gmail&amp;ust=1664619328105000&amp;usg=AOvVaw3tZSMehGdUxdN3HNedANKL\">Antibiootikumide kasutamine ja antimikroobne resistentsus COVID-19-pandeemia ajaj\u00e4rgul \u2013 Eesti Arst \u2013 Eesti Arstide Liidu ajakiri<\/a><\/li>\n<li><a href=\"https:\/\/eestiarst.ee\/ambulatoorne-antibiootikumide-kasutus-eestis\/\" target=\"_blank\" rel=\"noopener\" data-saferedirecturl=\"https:\/\/www.google.com\/url?q=https:\/\/eestiarst.ee\/ambulatoorne-antibiootikumide-kasutus-eestis\/&amp;source=gmail&amp;ust=1664619328105000&amp;usg=AOvVaw2_NLE_f1PnIad27BiXknyQ\">https:\/\/eestiarst.ee\/ambulatoorne-antibiootikumide-kasutus-eestis\/<\/a><\/li>\n<li style=\"text-align: left;\"><a href=\"https:\/\/eestiarst.ee\/haiglavaliste-infektsioonitekitajate-antibiootikumiresistentsus\/\" target=\"_blank\" rel=\"noopener\" data-saferedirecturl=\"https:\/\/www.google.com\/url?q=https:\/\/eestiarst.ee\/haiglavaliste-infektsioonitekitajate-antibiootikumiresistentsus\/&amp;source=gmail&amp;ust=1664619328105000&amp;usg=AOvVaw206zOxgkJ_8-x1AF8T_ZQi\">https:\/\/eestiarst.ee\/haiglavaliste-infektsioonitekitajate-antibiootikumiresistentsus\/<\/a><br><hr><\/li>\n<\/ul>\n\n\n<div class=\"wp-block-group attached-files-group is-layout-constrained wp-block-group-is-layout-constrained\">\n<div class=\"wp-block-file\"><a id=\"wp-block-file--media-29ca8ba2-bfd3-4ab5-b508-932698193b4a\" href=\"https:\/\/sisu.ut.ee\/wp-content\/uploads\/sites\/104\/amr-rita_lopparuanne.pdf\" target=\"_blank\" rel=\"noreferrer noopener\">amr-rita_lopparuanne.pdf<\/a><\/div>\n\n\n\n<div class=\"wp-block-file\"><a id=\"wp-block-file--media-60fc5f2e-df40-45b4-a21d-b482a17288be\" href=\"https:\/\/sisu.ut.ee\/wp-content\/uploads\/sites\/104\/amr-rita_lopparuanne.pdf\" target=\"_blank\" rel=\"noreferrer noopener\">amr-rita_lopparuanne.pdf<\/a><\/div>\n<\/div>\n","protected":false},"excerpt":{"rendered":"<p>Siia on lisatud RITA raportid: AMR-RITA l\u00f5pparuanne Antibiootikumiresistentsust hindavad seireprogrammid veterinaarmeditsiini valdkonnas Antimikroobse resistentsuse ja antimikroobsete ravimite kasutamisej\u00e4relevalve (AMR j\u00e4relevalve) s\u00fcsteem Eestis Antibiootikumide kasutamine Eesti haiglates 2019. aastal Bakterit\u00fcvede iseloomustus genoomi\u00a0andmete p\u00f5hjal Antibiootikumiresistentsuse taset m\u00f5jutavad tegurid Soovitused 3.-4. p\u00f5lvkonna tsefalosporiinide &#8230;<\/p>\n","protected":false},"author":39,"featured_media":0,"parent":0,"menu_order":0,"comment_status":"closed","ping_status":"closed","template":"","meta":{"_acf_changed":false,"inline_featured_image":false,"footnotes":""},"class_list":["post-139","page","type-page","status-publish","hentry"],"acf":[],"_links":{"self":[{"href":"https:\/\/sisu.ut.ee\/amr\/wp-json\/wp\/v2\/pages\/139","targetHints":{"allow":["GET"]}}],"collection":[{"href":"https:\/\/sisu.ut.ee\/amr\/wp-json\/wp\/v2\/pages"}],"about":[{"href":"https:\/\/sisu.ut.ee\/amr\/wp-json\/wp\/v2\/types\/page"}],"author":[{"embeddable":true,"href":"https:\/\/sisu.ut.ee\/amr\/wp-json\/wp\/v2\/users\/39"}],"replies":[{"embeddable":true,"href":"https:\/\/sisu.ut.ee\/amr\/wp-json\/wp\/v2\/comments?post=139"}],"version-history":[{"count":5,"href":"https:\/\/sisu.ut.ee\/amr\/wp-json\/wp\/v2\/pages\/139\/revisions"}],"predecessor-version":[{"id":633,"href":"https:\/\/sisu.ut.ee\/amr\/wp-json\/wp\/v2\/pages\/139\/revisions\/633"}],"wp:attachment":[{"href":"https:\/\/sisu.ut.ee\/amr\/wp-json\/wp\/v2\/media?parent=139"}],"curies":[{"name":"wp","href":"https:\/\/api.w.org\/{rel}","templated":true}]}}