{"id":138,"date":"2024-04-03T23:29:41","date_gmt":"2024-04-03T20:29:41","guid":{"rendered":"https:\/\/sisu.ut.ee\/amr\/amr-rita\/"},"modified":"2024-04-10T15:28:32","modified_gmt":"2024-04-10T12:28:32","slug":"amr-rita","status":"publish","type":"page","link":"https:\/\/sisu.ut.ee\/amr\/amr-rita\/","title":{"rendered":"AMR-RITA 2"},"content":{"rendered":"<p style=\"text-align: right;\"><a href=\"https:\/\/sisu.ut.ee\/amr\/amr-rita\" target=\"_parent\" rel=\"noopener\"><img loading=\"lazy\" decoding=\"async\" width=\"48\" height=\"48\" class=\"alignnone wp-image-227\" style=\"width: 30px; height: 30px;\" title=\"estonia.png\" src=\"https:\/\/sisu.ut.ee\/wp-content\/uploads\/sites\/104\/estonia.png\" alt=\"EST\"><\/a>\u00a0 \u00a0<a title=\"\" href=\"https:\/\/sisu.ut.ee\/amr\/amr-rita-i\" data-url=\"https:\/\/sisu.ut.ee\/amr\/amr-rita-i\"><img loading=\"lazy\" decoding=\"async\" width=\"48\" height=\"48\" class=\"alignnone wp-image-226\" style=\"width: 30px; height: 30px;\" title=\"english.png\" src=\"https:\/\/sisu.ut.ee\/wp-content\/uploads\/sites\/104\/english.png\" alt=\"ENG\"><\/a><\/p>\n<p style=\"text-align: left;\">\u00a0 \u00a0<img loading=\"lazy\" decoding=\"async\" style=\"margin: 10px;\" src=\"https:\/\/www.etag.ee\/wp-content\/uploads\/2014\/01\/ETAG_logo_2017_office_sRGB_violett-must.jpg\" width=\"200\" height=\"49\"><img loading=\"lazy\" decoding=\"async\" width=\"158\" height=\"107\" class=\"alignnone wp-image-225\" title=\"kuri.png\" src=\"https:\/\/sisu.ut.ee\/wp-content\/uploads\/sites\/104\/kuri.png\" alt=\"kuri\"><\/p>\n<p><i>Uuringu tellis ja uuringut rahastab Eesti Teadusagentuur Euroopa Regionaalarengu Fondist toetatava programmi \u201eValdkondliku teadus- ja arendustegevuse tugevdamine\u201c (RITA) tegevuse 1 \u201eStrateegilise TA tegevuse toetamine\u201c kaudu. Uuring valmib hiljemalt 1. juulil 2022 Keskkonnaministeeriumi, Maaeluministeeriumi ja Sotsiaalministeeriumi eesm\u00e4rkide elluviimiseks.<\/i><\/p>\n<p style=\"text-align: justify;\">Tartu \u00dclikooli ja Eesti Maa\u00fclikooli teadlased uurivad koost\u00f6\u00f6s Veterinaar- ja Toidulaboratooriumiga kolme aasta jooksul v\u00f5imalusi, mis aitaks t\u00f5kestada antibiootikumiravile allumatute mikroobide levikut ning teket. Tegemist on Eesti Teadusagentuuri RITA programmist rahastatud uuringuga \u201eMikroobide resistentsuse ohjamise ja v\u00e4hendamise v\u00f5imalused\u201c, mille tulemusi plaanivad probleemi lahendamiseks kasutada Maaeluministeerium, Keskkonnaministeerium ning Sotsiaalministeerium.<\/p>\n<p style=\"text-align: justify;\">Mikroobide resistentsus on mikroorganismide v\u00f5ime antibiootikumide toimele vastu panna. Sellise vastupanuv\u00f5ime kujunemisele aitavad kaasa n\u00e4iteks\u00a0 keskkonda sattunud ravimij\u00e4\u00e4gid. Nii Euroopas kui mujal maailmas on tegemist olulise \u00fchiskondliku probleemiga, mis h\u00f5lmab nii inimmeditsiini, veterinaarmeditsiini, loomakasvatust, pollumajandust, keskkonda kui kaubandust.<\/p>\n<p style=\"text-align: justify;\">\u201cTegemist on probleemiga, mida saab lahendada vaid koost\u00f6\u00f6s. Eestis pole teemaga nii ulatuslikult varem tegeletud. Praegu on Eesti kohta k\u00e4ivad valdkondade\u00fcleselt v\u00f5rreldavad andmed mikroobide resistentsuse kohta kas p\u00e4ris puudu v\u00f5i v\u00e4ga napid. Uuringu tulemusel saab Eesti tervikliku teadusliku vaate antibiootikumiresistentsete mikroobide kasvu m\u00f5jutavatest teguritest, levikuteedest ning olemasolevate teadmiste kitsaskohtadest. Samuti saab riik teaduslikud, Eesti tingimustesse sobivad soovitused selliste mikroobide leviku piiramiseks,\u201d selgitas Maaeluministeeriumi asekantsler Toomas Kevvai.<\/p>\n<h2>Eesti ravimiskasutus loomakasvatuses torkab Euroopas silma<\/h2>\n<p style=\"text-align: justify;\">Tartu \u00dclikooli antimikroobsete ainete tehnoloogia professori ja uuringukonsortsiumi juhi Tanel Tensoni s\u00f5nul on Eestis \u00f5nneks antibiootikumide kasutamine tervikuna olnud suhteliselt vaoshoitud. Seet\u00f5ttu on ka mikroobide resistentsustasemed \u00fcldiselt madalad. Samas on meil ka m\u00f5ned valupunktid. \u201cN\u00e4iteks m\u00f5ne inimesemeditsiinis kriitilise antibiootikumi kasutustasemed loomakasvatuses on meil Euroopa \u00fcks k\u00f5rgeimad. Siin peame selgitama, miks on selline kasutus tekkinud ja kuidas saaks seda alandada,\u201d r\u00e4\u00e4kis Tenson. \u201cSamuti v\u00f5ib nii inimeste kui kaupade rahvuvahelise liikumise t\u00f5ttu j\u00f5uda meile teistes riikides levinud probleemseid mikroobe. Selle v\u00e4ltimiseks on oluline uurida, kas tuleks parandada olemasolevaid j\u00e4relvalves\u00fcsteeme,\u201d t\u00f5i Tenson m\u00f5ne n\u00e4ite antibiootikumiresistentsust m\u00f5jutavast suurest v\u00f5rgustikust, mida teadlased asuvad lahti harutama.<\/p>\n<p style=\"text-align: justify;\">Uuring algas t\u00e4navu juulis ning tulemusi on oodata kolme aasta p\u00e4rast. Uuringu eelarve on 947 370 eurot, mis tuleb\u00a0<a title=\"\" href=\"https:\/\/www.etag.ee\/rahastamine\/rakendusuuringute-toetused\/rita-rakendusuuringud\/rita-strateegilise-ta-tegevuse-toetamine\/\" target=\"_blank\" rel=\"noopener\" data-url=\"https:\/\/www.etag.ee\/rahastamine\/rakendusuuringute-toetused\/rita-rakendusuuringud\/rita-strateegilise-ta-tegevuse-toetamine\/\">RITA programmi<\/a>\u00a0kaudu Euroopa Regionaalarengufondi ja Eesti riigi eelarvest. RITA programmi eesm\u00e4rk on aidata kujuneda riigil rakendusuuringute targaks tellijaks ning uuringutulemuste kasutajaks.<\/p>\n<table class=\"table table-hover\" style=\"width: 100%;\" cellspacing=\"30\" align=\"center\">\n<tbody>\n<tr>\n<td style=\"vertical-align: top; width: 40%; text-align: left;\">\n<h2>LISAINFO:<\/h2>\n<p><strong>Liina Eek<\/strong><br>\nRITA programmi juht<br>\nEesti Teadusagentuur<br>\n7317383,\u00a0<a href=\"mailto:liina.eek@etag.ee\">liina.eek@etag.ee<\/a><\/p>\n<p><strong>Tanel Tenson<\/strong><br>\nuuringukonsortsiumi juht, Tartu \u00dclikooli antimikroobsete ainete tehnoloogia professor<br>\n737 4844,\u00a0<a href=\"mailto:tanel.tenson@ut.ee\">tanel.tenson@ut.ee<\/a><\/p>\n<h2 style=\"text-align: start;\"><\/h2>\n<\/td>\n<td style=\"vertical-align: top; width: 40%; text-align: left;\">\n<header>\n<h2>T\u00d6\u00d6PAKKETIDE EEST VASTUTAVAD:<\/h2>\n<p><img loading=\"lazy\" decoding=\"async\" width=\"299\" height=\"74\" class=\"alignnone wp-image-221\" style=\"width: 200px; height: 49px;\" title=\"screenshot_2019-11-08_at_15.11.42.png\" src=\"https:\/\/sisu.ut.ee\/wp-content\/uploads\/sites\/104\/screenshot_2019-11-08_at_15.11.42.png\" alt=\"t\u00fcti\"><\/p>\n<p><strong><span style=\"font-style: normal;\"><span style=\"letter-spacing: normal;\"><span style=\"text-transform: none;\">Tanel Tenson, tanel.tenson@ut.ee<br>\n<\/span><\/span><\/span><\/strong><strong>Veljo Kisand, veljo.kisand@ut.ee<\/strong><\/p>\n<p><img loading=\"lazy\" decoding=\"async\" width=\"422\" height=\"71\" class=\"alignnone wp-image-222\" style=\"width: 300px; height: 50px;\" title=\"screenshot_2019-11-08_at_15.14.08.png\" src=\"https:\/\/sisu.ut.ee\/wp-content\/uploads\/sites\/104\/screenshot_2019-11-08_at_15.14.08.png\" alt=\"bsmi\" srcset=\"https:\/\/sisu.ut.ee\/wp-content\/uploads\/sites\/104\/screenshot_2019-11-08_at_15.14.08.png 422w, https:\/\/sisu.ut.ee\/wp-content\/uploads\/sites\/104\/screenshot_2019-11-08_at_15.14.08-300x50.png 300w\" sizes=\"auto, (max-width: 422px) 100vw, 422px\"><\/p>\n<p><strong><span style=\"font-style: normal;\"><span style=\"letter-spacing: normal;\"><span style=\"text-transform: none;\">Irja Lutsar,\u00a0<\/span><\/span><\/span>irja.lutsar@ut.ee<\/strong><\/p>\n<h5><img loading=\"lazy\" decoding=\"async\" width=\"269\" height=\"76\" class=\"alignnone wp-image-223\" style=\"width: 189px; height: 53px;\" title=\"screenshot_2019-11-08_at_15.16.37.png\" src=\"https:\/\/sisu.ut.ee\/wp-content\/uploads\/sites\/104\/screenshot_2019-11-08_at_15.16.37.png\" alt=\"ki\"><\/h5>\n<p><strong><span style=\"font-style: normal;\"><span style=\"letter-spacing: normal;\"><span style=\"text-transform: none;\">Koit Herodes,\u00a0<\/span><\/span><\/span>koit.herodes@ut.ee<\/strong><\/p>\n<h5><img loading=\"lazy\" decoding=\"async\" width=\"483\" height=\"74\" class=\"alignnone wp-image-224\" style=\"width: 343px; height: 53px;\" title=\"screenshot_2019-11-08_at_15.17.37.png\" src=\"https:\/\/sisu.ut.ee\/wp-content\/uploads\/sites\/104\/screenshot_2019-11-08_at_15.17.37.png\" alt=\"t\u00fcmri\" srcset=\"https:\/\/sisu.ut.ee\/wp-content\/uploads\/sites\/104\/screenshot_2019-11-08_at_15.17.37.png 483w, https:\/\/sisu.ut.ee\/wp-content\/uploads\/sites\/104\/screenshot_2019-11-08_at_15.17.37-300x46.png 300w\" sizes=\"auto, (max-width: 483px) 100vw, 483px\"><\/h5>\n<p><strong><span style=\"font-style: normal;\"><span style=\"letter-spacing: normal;\"><span style=\"text-transform: none;\">Maido Remm,\u00a0<\/span><\/span><\/span>maido.remm@ut.ee<\/strong><\/p>\n<p><img loading=\"lazy\" decoding=\"async\" width=\"274\" height=\"86\" class=\"alignnone wp-image-233\" title=\"screenshot_2020-02-13_at_20.21.05.png\" src=\"https:\/\/sisu.ut.ee\/wp-content\/uploads\/sites\/104\/screenshot_2020-02-13_at_20.21.05.png\" alt=\"emy\"><\/p>\n<p><strong><span style=\"font-style: normal;\"><span style=\"letter-spacing: normal;\"><span style=\"text-transform: none;\">Piret Kalmus,<\/span><\/span><\/span>\u00a0piret.kalmus@emu.ee<\/strong><\/p>\n<h5><img loading=\"lazy\" decoding=\"async\" class=\"alignnone size-medium wp-image-287\" src=\"https:\/\/sisu.ut.ee\/wp-content\/uploads\/sites\/104\/vet_ja_lab-1-300x68.jpg\" alt=\"\" width=\"300\" height=\"68\" srcset=\"https:\/\/sisu.ut.ee\/wp-content\/uploads\/sites\/104\/vet_ja_lab-1-300x68.jpg 300w, https:\/\/sisu.ut.ee\/wp-content\/uploads\/sites\/104\/vet_ja_lab-1.jpg 468w\" sizes=\"auto, (max-width: 300px) 100vw, 300px\"><\/h5>\n<p><strong><span style=\"font-style: normal;\"><span style=\"letter-spacing: normal;\"><span style=\"text-transform: none;\">Epp Moks,\u00a0<\/span><\/span><\/span>epp.moks@vetlab.ee<\/strong><\/p>\n<\/header>\n<\/td>\n<\/tr>\n<\/tbody>\n<\/table>\n","protected":false},"excerpt":{"rendered":"<p>\u00a0 \u00a0 \u00a0 \u00a0 Uuringu tellis ja uuringut rahastab Eesti Teadusagentuur Euroopa Regionaalarengu Fondist toetatava programmi \u201eValdkondliku teadus- ja arendustegevuse tugevdamine\u201c (RITA) tegevuse 1 \u201eStrateegilise TA tegevuse toetamine\u201c kaudu. Uuring valmib hiljemalt 1. juulil 2022 Keskkonnaministeeriumi, Maaeluministeeriumi ja Sotsiaalministeeriumi eesm\u00e4rkide &#8230;<\/p>\n","protected":false},"author":39,"featured_media":0,"parent":0,"menu_order":0,"comment_status":"closed","ping_status":"closed","template":"","meta":{"_acf_changed":false,"inline_featured_image":false,"footnotes":""},"class_list":["post-138","page","type-page","status-publish","hentry"],"acf":[],"_links":{"self":[{"href":"https:\/\/sisu.ut.ee\/amr\/wp-json\/wp\/v2\/pages\/138","targetHints":{"allow":["GET"]}}],"collection":[{"href":"https:\/\/sisu.ut.ee\/amr\/wp-json\/wp\/v2\/pages"}],"about":[{"href":"https:\/\/sisu.ut.ee\/amr\/wp-json\/wp\/v2\/types\/page"}],"author":[{"embeddable":true,"href":"https:\/\/sisu.ut.ee\/amr\/wp-json\/wp\/v2\/users\/39"}],"replies":[{"embeddable":true,"href":"https:\/\/sisu.ut.ee\/amr\/wp-json\/wp\/v2\/comments?post=138"}],"version-history":[{"count":5,"href":"https:\/\/sisu.ut.ee\/amr\/wp-json\/wp\/v2\/pages\/138\/revisions"}],"predecessor-version":[{"id":682,"href":"https:\/\/sisu.ut.ee\/amr\/wp-json\/wp\/v2\/pages\/138\/revisions\/682"}],"wp:attachment":[{"href":"https:\/\/sisu.ut.ee\/amr\/wp-json\/wp\/v2\/media?parent=138"}],"curies":[{"name":"wp","href":"https:\/\/api.w.org\/{rel}","templated":true}]}}