{"id":9,"date":"2024-04-04T08:15:30","date_gmt":"2024-04-04T05:15:30","guid":{"rendered":"https:\/\/sisu.ut.ee\/alusta-ettevotlusega\/ettevotlusvormid\/"},"modified":"2024-04-19T08:11:12","modified_gmt":"2024-04-19T05:11:12","slug":"ettevotlusvormid","status":"publish","type":"page","link":"https:\/\/sisu.ut.ee\/alusta-ettevotlusega\/ettevotlusvormid\/","title":{"rendered":"2. Ettev\u00f5tlusvormid"},"content":{"rendered":"<blockquote>\n<p>Selle teema raames saad \u00fclevaate ettev\u00f5tlusvormidest ja ettev\u00f5tlusvaldkonda reguleerivatest\u00a0peamistest\u00a0\u00f5igusaktidest.<\/p>\n<\/blockquote>\n<h3>Ettev\u00f5tlusvormid ja seadusandlus Eestis<\/h3>\n<p>Tegevust alustades peab ettev\u00f5tja m\u00e4\u00e4ratlema, millises vormis ta tegutsema asub, st valima ettev\u00f5tlusvormi.<\/p>\n<p>Enne ettev\u00f5tlusvormi valimist peab m\u00f5tlema j\u00e4rgmistele asjaoludele:<\/p>\n<ul>\n<li>kas ettev\u00f5tlusest kujuneb p\u00f5hitegevus\u00a0v\u00f5i on see k\u00f5rvaltegevus;<\/li>\n<li>kas eesm\u00e4rk on luua ettev\u00f5te, mis tagab t\u00f6\u00f6d ainult asutajale\u00a0(ja perekonnaliikmetele) v\u00f5i on kavas\u00a0anda t\u00f6\u00f6d ka teistele inimestele;<\/li>\n<li>kas \u00e4riidee on teenida kiiresti kasumit l\u00fchiajalise projekti kaudu v\u00f5i luua pikema perspektiiviga ettev\u00f5tte;<\/li>\n<li>kui suur on \u00e4ririsk: kas eba\u00f5nnestumise korral ollakse valmis riskima kogu oma varaga.<\/li>\n<\/ul>\n<p>\u00c4riidee rakendamiseks on mitmesuguseid ettev\u00f5tlusvorme. Ettev\u00f5tja otsustada on, kas teha\u00a0majandustehinguid iseenda nimel (f\u00fc\u00fcsilisest isikust ettev\u00f5tja) v\u00f5i\u00a0osaleda\u00a0ettev\u00f5tluses \u00e4ri\u00fchinguna, \u00fcksi v\u00f5i koos partneritega.<\/p>\n<p>Eestis saab valida j\u00e4rgmiste ettev\u00f5tlusvormide vahel:<\/p>\n<ul>\n<li>osa\u00fching (O\u00dc);<\/li>\n<li>aktsiaselts (AS);<\/li>\n<li>t\u00e4is\u00fching (T\u00dc);<\/li>\n<li>usaldus\u00fching (U\u00dc);<\/li>\n<li>tulundus\u00fchistu (Tul\u00dc);<\/li>\n<li>f\u00fc\u00fcsilisest isikust ettev\u00f5tja (FIE).\u00a0<\/li>\n<\/ul>\n<p>Ettev\u00f5tlusvormid erinevad \u00fcksteisest peamiselt j\u00e4rgmiste tunnuste osas:<\/p>\n<ul>\n<li>n\u00f5utava osakapitali suurus ja sissemakse viis;<\/li>\n<li>osanike vastutuse p\u00f5him\u00f5tted, suurus ja osakaal;<\/li>\n<li>\u00e4ri\u00fchingu juhtimisorganid ja otsustusprotsessid, esindus\u00f5igus;<\/li>\n<li>igap\u00e4evase tegevuse korraldamise lihtsus (nt raamatupidamine);<\/li>\n<li>\u00e4ri\u00fchingu auditeerimise n\u00f5uded.<\/li>\n<\/ul>\n<p>K\u00f5ige levinumad ettev\u00f5tlusvormid Eestis on osa\u00fching (O\u00dc), aktsiaselts (AS) ja f\u00fc\u00fcsilisest isikust ettev\u00f5tja (FIE).<\/p>\n<p>Ettev\u00f5tlusvormide kohta vt t\u00e4psemalt\u00a0<a title=\"\" href=\"https:\/\/www.eesti.ee\/et\/ettevotlus\/ettevotte-loomine\/ettevotlusvormide-vordlus\" target=\"_blank\" rel=\"noopener\" data-url=\"https:\/\/www.eesti.ee\/et\/ettevotlus\/ettevotte-loomine\/ettevotlusvormide-vordlus\">https:\/\/www.eesti.ee\/et\/ettevotlus\/ettevotte-loomine\/ettevotlusvormide-vordlus<\/a><\/p>\n<p>Kui tegevuse eesm\u00e4rgiks on seatud mittemateriaalse kasu saamine, tuleks\u00a0kaaluda mittetulundus\u00fchingu (MT\u00dc) v\u00f5i sihtasutuse (SA) loomise vahel.<\/p>\n<p>Rajatavad ettev\u00f5tted on erineva kasvupotentsiaaliga. Hoolimata sellest, et riik soovib n\u00e4ha rohkem innovaatilisi, suure kasvupotentsiaaliga ja ekspordile suunatud ettev\u00f5tteid, moodustavad sellised ettev\u00f5tted vaid v\u00e4ikese osa. Enamik j\u00e4\u00e4b nn elustiiliettev\u00f5teteks, kus on v\u00e4he t\u00f6\u00f6tajaid, suhteliselt lihtne tehnoloogia ja mis on orienteeritud peamiselt kohalikule turule.<\/p>\n<h3>Milline ettev\u00f5tlusvorm valida?<\/h3>\n<p><img loading=\"lazy\" decoding=\"async\" width=\"735\" height=\"466\" class=\"alignnone wp-image-44\" style=\"width: 300px; height: 190px; float: right;\" title=\"Ettev\u00f5tlusvormid\" src=\"https:\/\/sisu.ut.ee\/wp-content\/uploads\/sites\/587\/ettevotlusvormid.png\" alt=\"AE_1_2_vormid\" srcset=\"https:\/\/sisu.ut.ee\/wp-content\/uploads\/sites\/587\/ettevotlusvormid.png 735w, https:\/\/sisu.ut.ee\/wp-content\/uploads\/sites\/587\/ettevotlusvormid-300x190.png 300w\" sizes=\"auto, (max-width: 735px) 100vw, 735px\">See on k\u00fcsimus, mida enamik alustavaid ettev\u00f5tjaid endalt v\u00f5i teistelt k\u00fcsib.<\/p>\n<p>Eestis reguleerivad ettev\u00f5tlusvorme erinevad seadused.<\/p>\n<p><strong><a title=\"\" href=\"https:\/\/www.riigiteataja.ee\/akt\/120062022040\" target=\"_blank\" rel=\"noopener\" data-url=\"https:\/\/www.riigiteataja.ee\/akt\/120062022040\">\u00c4riseadustik<\/a><\/strong> reguleerib FIE, t\u00e4is\u00fchingu (T\u00dc), usaldus\u00fchingu (U\u00dc), osa\u00fchingu (O\u00dc), aktsiaseltsi (AS) ja v\u00e4lismaa \u00e4ri\u00fchingu filiaali loomist.<\/p>\n<ol>\n<li><strong>FIE<\/strong> on ettev\u00f5tjana tegutsev f\u00fc\u00fcsiline isik, kes on kantud \u00e4riregistrisse. FIE eelisteks on algkapitali n\u00f5ude puudumine, kassap\u00f5hine raamatupidamine ja madalad asutamiskulud. Miinusteks on see, et FIE-t on keerulisem maksustada kui ettev\u00f5tet, ja see, et ettev\u00f5tlusest tulenevate kohustuste t\u00f5ttu vastutab ta isikliku varaga. FIE-ks on v\u00f5imalik registreerida e-\u00e4riregistris.<\/li>\n<li><strong>Osa\u00fching<\/strong> (O\u00dc) on l\u00e4bi aegade olnud Eestis levinuim ettev\u00f5tluse vorm. Praegu on keskmiselt 70% registreeritud ettev\u00f5tetest osa\u00fchingud. Osa\u00fchingu v\u00f5ib asutada v\u00e4hemalt \u00fcks inimene ja seda on v\u00f5imalik teha e-\u00e4riregistris. Aastaid tagasi lihtsustati oluliselt osa\u00fchingu asutamist ja alates\u00a001.02.2023 ei ole ka seadusest tulenevalt osa\u00fchingule minimaalse osakapitali n\u00f5uet. Osa\u00fchingu asutamisel on asutajad vabad ise otsustama, kui suurt kapitali neil tarvis l\u00e4heb. See annab suure vabaduse l\u00e4htuda osakapitali valikul osa\u00fchingu plaanitavast tegevusest ja tegelikust kapitalivajadusest.<\/li>\n<li><strong>T\u00e4is\u00fching <\/strong>(T\u00dc) on peaaegu samasugune \u00e4ri\u00fchingu vorm nagu osa\u00fchingki. Erinevus on selles, et T\u00dc-s saab olla v\u00e4hemalt kaks osanikku, kes vastutavad T\u00dc kohustuste eest isikliku varaga. Kapitali suuruse m\u00e4\u00e4ravad asutajad p\u00f5hikirjas. Lisaks puudub T\u00dc-l majandusaasta aruande esitamise kohustus. Kasumit v\u00f5ib v\u00e4lja maksta samamoodi nagu osa\u00fchingu puhul.<\/li>\n<li><strong>Usaldus\u00fching<\/strong> (U\u00dc) on samasugune \u00e4ri\u00fchingu vorm nagu t\u00e4is\u00fching. Erinevus on selles, et U\u00dc \u00fcks liige (ehk t\u00e4isosanik) vastutab \u00fchingu kohustuste eest kogu oma isikliku varaga ja teine liige (ehk usaldusosanik) vastutab \u00fchingu kohustuste eest sissemakstud kapitali ulatuses. Kapitali suuruse m\u00e4\u00e4ravad asutajad p\u00f5hikirjas. Lisaks puudub U\u00dc-l majandusaasta aruande esitamise kohustus. Kasumit v\u00f5ib v\u00e4lja maksta samamoodi nagu osa\u00fchingu ja t\u00e4is\u00fchingu puhul.<\/li>\n<li><strong>Aktsiaselts<\/strong> ehk AS on m\u00f5eldud juba suurematele ettev\u00f5tetele (nt b\u00f6rsiettev\u00f5tted) ja sageli tagab aktsiaselts teatava usalduse rahvusvahelises \u00e4risuhtluses. Aktsiaseltsi algkapital on 25\u202f000 eurot ja aktsiaseltsi saab asutada vaid notari juures.<\/li>\n<\/ol>\n<p><strong><a title=\"\" href=\"https:\/\/www.riigiteataja.ee\/akt\/MT%C3%9CS\" target=\"_blank\" rel=\"noopener\" data-url=\"https:\/\/www.riigiteataja.ee\/akt\/MT\u00dcS\">Mittetulundus\u00fchingute seadus<\/a><\/strong> reguleerib mittetulundus\u00fchingu (MT\u00dc) loomist. Mittetulundus\u00fchingut saab asutada v\u00e4hemalt kaks isikut, st \u00fcksi seda teha ei saa. Oluline on ka see, et mittetulundus\u00fchingu eesm\u00e4rk ei saa olla kasumi teenimine, kuid kasumit ehk tulemit v\u00f5ib ta teenida, seda saab kasutada aga vaid p\u00f5hikirjaliste eesm\u00e4rkide saavutamiseks. Riigil\u00f5iv seevastu on asutamisel madal (20 EUR), kuid samas liikmed vastutavad isiklikult tekitatud kahjude eest. Raamatupidamine on sama mis ettev\u00f5tete puhul, s.o tekkep\u00f5hine.<\/p>\n<p><strong><a title=\"\" href=\"https:\/\/www.riigiteataja.ee\/akt\/120062022034\" target=\"_blank\" rel=\"noopener\" data-url=\"https:\/\/www.riigiteataja.ee\/akt\/120062022034\">Tulundus\u00fchistuseadus<\/a><\/strong> reguleerib \u00fchistu loomist.<\/p>\n<h4>Osa\u00fching ja selle algkapital<\/h4>\n<p>Levinuim ettev\u00f5tlusvorm on osa\u00fching, kuna selle \u00fclesehitus on k\u00f5ige lihtsam, registreerimine on kiire, ei ole n\u00f5udeid osakapitali suurusele\u00a0 ja puudub ka osanike isiklik varaline vastutus osa\u00fchingu kohustuste eest.<\/p>\n<p>FIE, t\u00e4is\u00fchingu, usaldus\u00fchingu ja mittetulundus\u00fchingu puhul vastutavad liikmed \u00fcldjuhul kogu oma isikliku varaga (v.a usaldus\u00fchingu usaldusosanik).<\/p>\n<p>Osa\u00fchingu asutamisel on asutajad vabad ise otsustama, kui suurt kapitali neil tarvis l\u00e4heb. Seejuures tuleb aga arvestada, et osa\u00fchingu asutajad vastutavad osa\u00fchingu asutamisel sissemaksete v\u00f5i asutamiskulude eba\u00f5ige hindamisega osa\u00fchingule tekkinud kahju eest. Kui osakapital valitakse alla 2500 euro ja pankrotiavalduse menetlus raugeb pankrotti v\u00e4lja kuulutamata, m\u00f5istab kohus ajutise halduri taotlusel osa\u00fchingu osanikult v\u00e4lja summa, mis j\u00e4\u00e4b osa\u00fchingu osakapitali ja 2500 euro vahele juhul, kui halduril ei \u00f5nnestu oma tasu ja kulutuste n\u00f5uet rahuldada v\u00f5lgniku muu vara arvelt.<\/p>\n<h3>Enesekontrolli harjutused<\/h3>\n<p>\u00a0<\/p>\n\n\n<div class=\"h5p-iframe-wrapper\"><div class=\"video-placeholder-wrapper video-placeholder-wrapper--fixed\" style=\"height: 366px;\">\n\t\t\t    <div class=\"video-placeholder d-flex justify-content-center align-items-center\">\n\t\t\t        <div class=\"overlay text-white p-2 w-100 text-center d-block justify-content-center align-items-center\">\n\t\t\t            <div>Kolmandate osapoolte sisu n\u00e4gemiseks palun n\u00f5ustu k\u00fcpsistega.<\/div>\n\t\t\t            <button class=\"btn btn-secondary btn-sm mt-1 consent-change\">Muuda n\u00f5usolekut<\/button>\n\t\t\t        <\/div>\n\t\t\t    <\/div>\n\t\t\t<\/div>\n<\/div>\n\n\n<h3><br>M\u00f5tteharjutus<\/h3>\n<p><\/p><div class=\"accordion mb-3\">\n        <div class=\"accordion-item accordion-item--white\">\n        <h2 class=\"accordion-header\" id=\"accordion-69e037abbedf5-heading\">\n            <button class=\"accordion-button collapsed\" type=\"button\" data-bs-toggle=\"collapse\" data-bs-target=\"#accordion-69e037abbedf5-collapse\" aria-expanded=\"true\" aria-controls=\"accordion-69e037abbedf5-collapse\">M\u00f5tle ja pane kirja, milline ettev\u00f5tlusvorm v\u00f5iks sinu \u00e4riidee ja \u00e4rieesm\u00e4rkidega k\u00f5ige paremini sobida?<\/button>\n        <\/h2>\n        <div id=\"accordion-69e037abbedf5-collapse\" class=\"accordion-collapse collapse\" aria-labelledby=\"accordion-69e037abbedf5-heading\">\n            <div class=\"accordion-body\"><strong>Eestis on k\u00f5ige levinum ettev\u00f5tlusvorm osa\u00fching, kuna selle \u00fclesehitus on k\u00f5ige lihtsam,\u00a0ei ole n\u00f5udeid osakapitali suurusele\u00a0 ja puudub ka osanike isiklik varaline vastutus osa\u00fchingu kohustuste eest. FIE, t\u00e4is\u00fchingu, usaldus\u00fchingu ja mittetulundus\u00fchingu puhul vastutavad liikmed \u00fcldjuhul kogu oma isikliku varaga (v.a usaldus\u00fchingu usaldusosanik). Kui plaanid ettev\u00f5tlusega tegelemist katsetada v\u00f5i pakkuda m\u00f5nda teenust oma palgat\u00f6\u00f6 k\u00f5rvalt, v\u00f5id m\u00f5elda ka FIEna tegutsemisele.<\/strong> <\/div>\n        <\/div>\n        <\/div>\n    <\/div>","protected":false},"excerpt":{"rendered":"<p>Selle teema raames saad \u00fclevaate ettev\u00f5tlusvormidest ja ettev\u00f5tlusvaldkonda reguleerivatest\u00a0peamistest\u00a0\u00f5igusaktidest. Ettev\u00f5tlusvormid ja seadusandlus Eestis Tegevust alustades peab ettev\u00f5tja m\u00e4\u00e4ratlema, millises vormis ta tegutsema asub, st valima ettev\u00f5tlusvormi. Enne ettev\u00f5tlusvormi valimist peab m\u00f5tlema j\u00e4rgmistele asjaoludele: kas ettev\u00f5tlusest kujuneb p\u00f5hitegevus\u00a0v\u00f5i on see k\u00f5rvaltegevus; &#8230;<\/p>\n","protected":false},"author":63,"featured_media":0,"parent":0,"menu_order":0,"comment_status":"closed","ping_status":"closed","template":"","meta":{"_acf_changed":false,"inline_featured_image":false,"footnotes":""},"class_list":["post-9","page","type-page","status-publish","hentry"],"acf":[],"_links":{"self":[{"href":"https:\/\/sisu.ut.ee\/alusta-ettevotlusega\/wp-json\/wp\/v2\/pages\/9","targetHints":{"allow":["GET"]}}],"collection":[{"href":"https:\/\/sisu.ut.ee\/alusta-ettevotlusega\/wp-json\/wp\/v2\/pages"}],"about":[{"href":"https:\/\/sisu.ut.ee\/alusta-ettevotlusega\/wp-json\/wp\/v2\/types\/page"}],"author":[{"embeddable":true,"href":"https:\/\/sisu.ut.ee\/alusta-ettevotlusega\/wp-json\/wp\/v2\/users\/63"}],"replies":[{"embeddable":true,"href":"https:\/\/sisu.ut.ee\/alusta-ettevotlusega\/wp-json\/wp\/v2\/comments?post=9"}],"version-history":[{"count":4,"href":"https:\/\/sisu.ut.ee\/alusta-ettevotlusega\/wp-json\/wp\/v2\/pages\/9\/revisions"}],"predecessor-version":[{"id":175,"href":"https:\/\/sisu.ut.ee\/alusta-ettevotlusega\/wp-json\/wp\/v2\/pages\/9\/revisions\/175"}],"wp:attachment":[{"href":"https:\/\/sisu.ut.ee\/alusta-ettevotlusega\/wp-json\/wp\/v2\/media?parent=9"}],"curies":[{"name":"wp","href":"https:\/\/api.w.org\/{rel}","templated":true}]}}