{"id":8,"date":"2024-04-04T08:15:30","date_gmt":"2024-04-04T05:15:30","guid":{"rendered":"https:\/\/sisu.ut.ee\/alusta-ettevotlusega\/ettevotlus-ja-arieesmargid\/"},"modified":"2024-04-19T08:09:29","modified_gmt":"2024-04-19T05:09:29","slug":"ettevotlus-ja-arieesmargid","status":"publish","type":"page","link":"https:\/\/sisu.ut.ee\/alusta-ettevotlusega\/ettevotlus-ja-arieesmargid\/","title":{"rendered":"1. Ettev\u00f5tlus ja \u00e4rieesm\u00e4rgid"},"content":{"rendered":"<blockquote>\n<p>Selle teema raames saad teada, millised v\u00f5imalused on Eestis ettev\u00f5tlusega\u00a0tegutsemiseks, l\u00e4htudes erinevatest \u00e4rieesm\u00e4rkidest.<\/p>\n<\/blockquote>\n<h3>Ettev\u00f5tlus<\/h3>\n<p>Ettev\u00f5tlus on kasusaamisele suunatud tegevus, v\u00f5imaluste n\u00e4gemine ja \u00e4rakasutamine, sellega seotud riskide v\u00f5tmine.<\/p>\n<p>Ettev\u00f5tja v\u00f5ib ettev\u00f5tlusest saada mitmesugust kasu.\u00a0Kasu on h\u00fcvis, mille saab ettev\u00f5tja oma t\u00f6\u00f6 viljana.\u00a0Kasu v\u00f5ib olla\u00a0materiaalne (raha,\u00a0parem elukvaliteet,\u00a0kinnisvara) v\u00f5i\u00a0mittemateriaalne (rahulolu,\u00a0uued teadmised,\u00a0oskused ja kogemused).<\/p>\n<p>Arenguv\u00f5imelise tegutsemise aluseks on rahaline kasum, see t\u00e4hendab, et ettev\u00f5tte tulud on suuremad kui kulud. Reeglina on ettev\u00f5tja ja \u00e4ri\u00fchingu eesm\u00e4rgiks kasu saamine oma \u00e4riidee realiseerimisest.\u00a0<\/p>\n<h3>\u00c4rieesm\u00e4rgid<\/h3>\n<p>Peale rahalise kasu v\u00f5ivad enda ettev\u00f5tte loomise ajendiks olulised olla veel n\u00e4iteks eneseteostus, suurem vabadus, panus piirkonna arengusse, aga ka t\u00f6\u00f6koha loomine endale ja oma pereliikmetele.\u00a0<\/p>\n<p>Laiemalt on ettev\u00f5tluse peamine eesm\u00e4rk \u00fchiskonnas ressursside leidmine ja kasutamine, mille tulemusena luuakse uusi v\u00e4\u00e4rtusi ja inimestele vajalikke tooteid ja teenuseid.<\/p>\n<p>T\u00e4na on oluline olla kursis ka s\u00e4\u00e4stva arengu (ka j\u00e4tkusuutliku v\u00f5i kestliku arengu) p\u00f5him\u00f5tetega, mis seisneb sotsiaal-, keskkonna- ja majandusvaldkonna koosk\u00f5las arendamises. \u00dclemaailmsed s\u00e4\u00e4stva arengu eesm\u00e4rgid, mis sisaldab 17 \u00fclemaailmset s\u00e4\u00e4stva arengu eesm\u00e4rki, v\u00f5eti vastu 2015.a.\u00a0\u00dcRO tippkohtumisel. Nendega saab l\u00e4hemalt tutvuda n\u00e4iteks Riigikantselei lehel:\u00a0<a title=\"\" href=\"https:\/\/www.riigikantselei.ee\/valitsuse-too-planeerimine-ja-korraldamine\/valitsuse-too-toetamine\/saastev-areng\" target=\"_blank\" rel=\"noopener\" data-url=\"https:\/\/www.riigikantselei.ee\/valitsuse-too-planeerimine-ja-korraldamine\/valitsuse-too-toetamine\/saastev-areng\">https:\/\/www.riigikantselei.ee\/valitsuse-too-planeerimine-ja-korraldamine\/valitsuse-too-toetamine\/saastev-areng<\/a>.<\/p>\n<h4>Arenguv\u00f5imeline ettev\u00f5tlus<\/h4>\n<p>Uute v\u00e4\u00e4rtuste loomisel tuleb enda jaoks paika panna, kuidas peale kasusaamise vastutustundlikult tegutseda. Selleks tuleb l\u00e4bi m\u00f5elda, millised on ettev\u00f5tja tegevusest tulenevalt k\u00f5ige olulisemad eluj\u00f5ulise ettev\u00f5tluse m\u00e4rks\u00f5nad: kuidas olla hooliv t\u00f6\u00f6andja, hoida loodust, tagada eetilisus ja arusaadavus, aidata j\u00f5ukohaselt kaasa \u00fchiskonna probleemide lahendamisel.<\/p>\n<p>Ettev\u00f5tlus toimib ja areneb ettev\u00f5tte asutamise ja selle k\u00e4igushoidmise kaudu \u00fcmbritsevas keskkonnas,\u00a0k\u00f5ikides \u00fchiskonnaelu valdkondades. Ettev\u00f5tlus t\u00e4hendab tegutsemist majandus\u00fcksusena, st kaupade v\u00f5i teenuste pakkumist tasu eest p\u00fcsiva tegevusena.<\/p>\n<p>Ettev\u00f5tlust reguleeritakse paljude \u00f5igusaktidega, olulisem neist Eestis on <a title=\"\" href=\"https:\/\/www.riigiteataja.ee\/akt\/120062022040\" target=\"_blank\" rel=\"noopener\" data-url=\"https:\/\/www.riigiteataja.ee\/akt\/120062022040\">\u00c4riseadustik<\/a>.<\/p>\n<p>Vastutustundliku\u00a0ettev\u00f5tluse m\u00e4rks\u00f5nad:\u00a0<\/p>\n<ul>\n<li>eetiline\u00a0ja arusaadav;<\/li>\n<li>loodust hoidev;<\/li>\n<li>hooliv t\u00f6\u00f6andja;<\/li>\n<li>aitab kaasa \u00fchiskonna probleemide lahendamisele.<\/li>\n<\/ul>\n<h4>Sotsiaalne ettev\u00f5tlus<\/h4>\n<p>Sotsiaalsete ettev\u00f5tete p\u00f5hieesm\u00e4rgiks on luua positiivset m\u00f5ju \u00fchiskonnas. Lihtsamalt \u00f6elduna \u2013 sotsiaalsed ettev\u00f5tted m\u00fc\u00fcvad oma tooteid v\u00f5i teenuseid eesm\u00e4rgiga muuta maailm\u00a0paremaks. Sotsiaalsete ettev\u00f5tete \u00fchiskondlik eesm\u00e4rk t\u00e4hendab nende otsest panustamist inimeste toimetulekusse ja heaolusse ning loodus- ja elukeskkonna soovitava seisundi p\u00fcsimisse.<\/p>\n<p>Sotsiaalse ettev\u00f5tte tunnused:<\/p>\n<ul>\n<li>p\u00f5hieesm\u00e4rk on m\u00f5jutada positiivselt inimeste toimetulekut, heaolu v\u00f5i keskkonda, mida ka m\u00f5\u00f5detakse;<\/li>\n<li>j\u00e4tkusuutlik majandusmudel;<\/li>\n<li>50,1+% kasumist reinvesteeritakse p\u00f5hieesm\u00e4rgi saavutamisse;<\/li>\n<li>ettev\u00f5te pakub tasu eest kaupu v\u00f5i teenuseid.<\/li>\n<\/ul>\n<p>Vaata rohkem\u00a0<a title=\"\" href=\"https:\/\/sev.ee\/kasulikku\/sotsiaalne-ettevotlus\/\" target=\"_blank\" rel=\"noopener\" data-url=\"https:\/\/sev.ee\/kasulikku\/sotsiaalne-ettevotlus\/\">https:\/\/sev.ee\/kasulikku\/sotsiaalne-ettevotlus\/<\/a>\u00a0<\/p>\n<h4>Loovettev\u00f5tlus<\/h4>\n<p>Loovettev\u00f5tjad tegutsevad loomemajanduse\u00a0valdkonnas, mis p\u00f5hineb individuaalsel ja kollektiivsel loovusel, oskustel ja andel. Loovettev\u00f5tja on\u00a0v\u00f5imeline\u00a0looma heaolu ja t\u00f6\u00f6kohti intellektuaalse omandi tekke ja peamise m\u00fc\u00fcgiargumendina kasutamise kaudu, rakendades protsessides\u00a0loovm\u00f5tlemist\u00a0ning kus loovisikud on kesksel kohal.<\/p>\n<p>Rahvusvaheliselt k\u00f5neldakse nii kultuuri- ja loomesektorist (cultural and creative sector) kui kultuuri- ja loomet\u00f6\u00f6stusest (cultural and creative industries).<\/p>\n<p><strong>Kultuurimajandus<\/strong> (cultural industries) on majandusharu, mis toodab ja levitab kaupu ja teenuseid, millel arvatakse nende arendamise ajal olevat eriomadus, kasutusviis v\u00f5i otstarve, mis h\u00f5lmab v\u00f5i edastab kultuurilist v\u00e4\u00e4rtust olenemata nende v\u00f5imalikust kaubanduslikust v\u00e4\u00e4rtusest. Siia alla kuuluvad mh n\u00e4itekunst, kujutav kunst, kultuurip\u00e4rand, kino, DVD ja video, televisioon ja raadio, videom\u00e4ngud, uus meedia, muusika, raamatud ja tr\u00fckiv\u00e4ljaanded.<br><strong>Loomemajandus<\/strong> (creative industries) h\u00f5lmab peale kultuurimajanduse veel neid majandusharusid, mis kasutavad kultuuri sisendina ja millel on kultuuriline m\u00f5\u00f5de, kuid mille v\u00e4ljund on peamiselt funktsionaalne (arhitektuur, disain, moekunst, reklaam). Eestis kasutatakse terminit \u201eloomemajandus\u201c Euroopa Liidus kasutusel oleva termini \u201ekultuuri- ja loomemajandus\u201c v\u00f5i \u201ekultuuri- ja loomet\u00f6\u00f6stus\u201c t\u00e4henduses.<\/p>\n<p>Loomemajanduse sektori m\u00e4\u00e4ratlus on kokkuleppeline, ajas muutuv ja riigiti v\u00f5i regiooniti m\u00f5nev\u00f5rra erinev. Eestis on loomemajanduse sektori valdkondadeks<\/p>\n<ul>\n<li>Arhitektuur<\/li>\n<li>Audiovisuaalvaldkond<\/li>\n<li>Disain<\/li>\n<li>Etenduskunstid<\/li>\n<li>Kirjastamine<\/li>\n<li>Kultuurip\u00e4rand<\/li>\n<li>Kunst<\/li>\n<li>Meelelahutustarkvara<\/li>\n<li>Muusika<\/li>\n<li>Reklaam<\/li>\n<\/ul>\n<p>Vaata rohkem\u00a0<a title=\"\" href=\"https:\/\/www.kul.ee\/kunstid-ja-loomemajandus\/loomemajandus\" target=\"_blank\" rel=\"noopener\" data-url=\"https:\/\/www.kul.ee\/kunstid-ja-loomemajandus\/loomemajandus\">https:\/\/www.kul.ee\/kunstid-ja-loomemajandus\/loomemajandus<\/a><\/p>\n<h4>Vaata inspiratsiooniks<strong>\u00a0<\/strong>Edu ja Tegu programmis loodud Reet Ausi\u00a0\u00f5ppevideot\u00a0<strong>\u201c<span style=\"line-height: 107%;\">Eetilisus ja j\u00e4tkusuutlikkus ettev\u00f5tluses<\/span>\u201c.\u00a0<\/strong><\/h4>\n<p><a href=\"https:\/\/www.youtube.com\/watch?v=i9y-pdiKOKY\"><img loading=\"lazy\" decoding=\"async\" width=\"1716\" height=\"1094\" class=\"alignnone wp-image-43\" style=\"width: 250px; height: 159px; float: left;\" title=\"reet_aus_video.jpg\" src=\"https:\/\/sisu.ut.ee\/wp-content\/uploads\/sites\/587\/reet_aus_video.jpg\" alt=\"AE_1-1_video\" srcset=\"https:\/\/sisu.ut.ee\/wp-content\/uploads\/sites\/587\/reet_aus_video.jpg 1716w, https:\/\/sisu.ut.ee\/wp-content\/uploads\/sites\/587\/reet_aus_video-300x191.jpg 300w, https:\/\/sisu.ut.ee\/wp-content\/uploads\/sites\/587\/reet_aus_video-1024x653.jpg 1024w, https:\/\/sisu.ut.ee\/wp-content\/uploads\/sites\/587\/reet_aus_video-768x490.jpg 768w, https:\/\/sisu.ut.ee\/wp-content\/uploads\/sites\/587\/reet_aus_video-1536x979.jpg 1536w\" sizes=\"auto, (max-width: 1716px) 100vw, 1716px\"><\/a><a href=\"https:\/\/www.youtube.com\/watch?v=i9y-pdiKOKY\">https:\/\/www.youtube.com\/watch?v=i9y-pdiKOKY<\/a><\/p>\n<p>\u00a0<\/p>\n<h3>\u00a0<\/h3>\n<h3>\u00a0<\/h3>\n<h3>Enesekontrolli harjutused<\/h3>\n<p>\u00a0<\/p>\n\n\n<div class=\"h5p-iframe-wrapper\"><div class=\"video-placeholder-wrapper video-placeholder-wrapper--fixed\" style=\"height: 366px;\">\n\t\t\t    <div class=\"video-placeholder d-flex justify-content-center align-items-center\">\n\t\t\t        <div class=\"overlay text-white p-2 w-100 text-center d-block justify-content-center align-items-center\">\n\t\t\t            <div>Kolmandate osapoolte sisu n\u00e4gemiseks palun n\u00f5ustu k\u00fcpsistega.<\/div>\n\t\t\t            <button class=\"btn btn-secondary btn-sm mt-1 consent-change\">Muuda n\u00f5usolekut<\/button>\n\t\t\t        <\/div>\n\t\t\t    <\/div>\n\t\t\t<\/div>\n<\/div>\n\n\n<h3><br>M\u00f5tteharjutus<\/h3>\n<p><\/p><div class=\"accordion mb-3\">\n        <div class=\"accordion-item accordion-item--white\">\n        <h2 class=\"accordion-header\" id=\"accordion-69e0383ec49f2-heading\">\n            <button class=\"accordion-button collapsed\" type=\"button\" data-bs-toggle=\"collapse\" data-bs-target=\"#accordion-69e0383ec49f2-collapse\" aria-expanded=\"true\" aria-controls=\"accordion-69e0383ec49f2-collapse\">1. M\u00f5tle ja pane kirja, millist probleemi v\u00f5i vajadust tahad lahendada?<\/button>\n        <\/h2>\n        <div id=\"accordion-69e0383ec49f2-collapse\" class=\"accordion-collapse collapse\" aria-labelledby=\"accordion-69e0383ec49f2-heading\">\n            <div class=\"accordion-body\"><strong>Hea \u00e4riidee saab alguse probleemi v\u00f5i vajaduse m\u00e4rkamisest ja s\u00f5nastamisest. Seega p\u00fc\u00fca algselt s\u00f5nastada probleem v\u00f5i vajadus, mida lahendama hakkad. \u00c4riidee on juba samm edasi, ehk siis Sinu poolt pakutav v\u00f5imalik parim lahendus antud probleemile.<\/strong><\/div>\n        <\/div>\n        <\/div>\n    <\/div>\n<p><\/p><div class=\"accordion mb-3\">\n        <div class=\"accordion-item accordion-item--white\">\n        <h2 class=\"accordion-header\" id=\"accordion-69e0383ec49f9-heading\">\n            <button class=\"accordion-button collapsed\" type=\"button\" data-bs-toggle=\"collapse\" data-bs-target=\"#accordion-69e0383ec49f9-collapse\" aria-expanded=\"true\" aria-controls=\"accordion-69e0383ec49f9-collapse\">2. M\u00f5tle ja pane kirja oma esialgne \u00e4riidee ja \u00e4rieesm\u00e4rk. <\/button>\n        <\/h2>\n        <div id=\"accordion-69e0383ec49f9-collapse\" class=\"accordion-collapse collapse\" aria-labelledby=\"accordion-69e0383ec49f9-heading\">\n            <div class=\"accordion-body\"><strong>Hea \u00e4riidee on lahendus probleemile, millele n\u00e4ed head lahendust v\u00f5i toode, mis rahuldab olemasolevad vajadust ning sellel oleks ka piisavalt suur hulk tarbijaid. \u00c4riidee leidmisel v\u00f5id kaasata ka oma perekonna, s\u00f5brad ja ajur\u00fcnnaku meetodit kasutades luua oma \u00e4riidee.<\/strong> \u00a0<\/div>\n        <\/div>\n        <\/div>\n    <\/div>\n<p>\u00a0<\/p>","protected":false},"excerpt":{"rendered":"<p>Selle teema raames saad teada, millised v\u00f5imalused on Eestis ettev\u00f5tlusega\u00a0tegutsemiseks, l\u00e4htudes erinevatest \u00e4rieesm\u00e4rkidest. Ettev\u00f5tlus Ettev\u00f5tlus on kasusaamisele suunatud tegevus, v\u00f5imaluste n\u00e4gemine ja \u00e4rakasutamine, sellega seotud riskide v\u00f5tmine. Ettev\u00f5tja v\u00f5ib ettev\u00f5tlusest saada mitmesugust kasu.\u00a0Kasu on h\u00fcvis, mille saab ettev\u00f5tja oma t\u00f6\u00f6 &#8230;<\/p>\n","protected":false},"author":63,"featured_media":0,"parent":0,"menu_order":0,"comment_status":"closed","ping_status":"closed","template":"","meta":{"_acf_changed":false,"inline_featured_image":false,"footnotes":""},"class_list":["post-8","page","type-page","status-publish","hentry"],"acf":[],"_links":{"self":[{"href":"https:\/\/sisu.ut.ee\/alusta-ettevotlusega\/wp-json\/wp\/v2\/pages\/8","targetHints":{"allow":["GET"]}}],"collection":[{"href":"https:\/\/sisu.ut.ee\/alusta-ettevotlusega\/wp-json\/wp\/v2\/pages"}],"about":[{"href":"https:\/\/sisu.ut.ee\/alusta-ettevotlusega\/wp-json\/wp\/v2\/types\/page"}],"author":[{"embeddable":true,"href":"https:\/\/sisu.ut.ee\/alusta-ettevotlusega\/wp-json\/wp\/v2\/users\/63"}],"replies":[{"embeddable":true,"href":"https:\/\/sisu.ut.ee\/alusta-ettevotlusega\/wp-json\/wp\/v2\/comments?post=8"}],"version-history":[{"count":4,"href":"https:\/\/sisu.ut.ee\/alusta-ettevotlusega\/wp-json\/wp\/v2\/pages\/8\/revisions"}],"predecessor-version":[{"id":172,"href":"https:\/\/sisu.ut.ee\/alusta-ettevotlusega\/wp-json\/wp\/v2\/pages\/8\/revisions\/172"}],"wp:attachment":[{"href":"https:\/\/sisu.ut.ee\/alusta-ettevotlusega\/wp-json\/wp\/v2\/media?parent=8"}],"curies":[{"name":"wp","href":"https:\/\/api.w.org\/{rel}","templated":true}]}}