{"id":7,"date":"2024-04-04T08:15:29","date_gmt":"2024-04-04T05:15:29","guid":{"rendered":"https:\/\/sisu.ut.ee\/alusta-ettevotlusega\/ettevotlus-ja-ettevotluskeskkond\/"},"modified":"2024-05-20T11:11:55","modified_gmt":"2024-05-20T08:11:55","slug":"ettevotlus-ja-ettevotluskeskkond","status":"publish","type":"page","link":"https:\/\/sisu.ut.ee\/alusta-ettevotlusega\/ettevotlus-ja-ettevotluskeskkond\/","title":{"rendered":"I. Ettev\u00f5tlus ja ettev\u00f5tluskeskkond"},"content":{"rendered":"<blockquote><p>Esimeses\u00a0moodulis \u00f5pid\u00a0hindama \u00e4riv\u00f5imalusi, tutvud erinevate ettev\u00f5tlusvormidega ja saad teada, miks ja kuidas anal\u00fc\u00fcsida ettev\u00f5tluskeskkonda.<\/p><\/blockquote>\n<h4><img loading=\"lazy\" decoding=\"async\" width=\"300\" height=\"269\" class=\"alignnone wp-image-32\" style=\"width: 200px; height: 179px; float: right;\" title=\"i-ettevotluskeskkond.png\" src=\"https:\/\/sisu.ut.ee\/wp-content\/uploads\/sites\/587\/i-ettevotluskeskkond.png\" alt=\"i-ettevotluskeskkond.png\">Selle mooduli teemad on:<\/h4>\n<ol>\n<li>Ettev\u00f5tlus ja \u00e4rieesm\u00e4rgid<\/li>\n<li>Ettev\u00f5tlusvormid<\/li>\n<li>Ettev\u00f5tte sise- ja v\u00e4liskeskkonna anal\u00fc\u00fcs<\/li>\n<li>\u00c4riidee s\u00f5nastamine<\/li>\n<\/ol>\n<h4>Mooduli l\u00e4binud \u00f5ppija<\/h4>\n<ul>\n<li>oskab hinnata enda v\u00f5imalusi ettev\u00f5tjana tegutsemiseks, l\u00e4htudes erinevatest \u00e4rieesm\u00e4rkidest;<\/li>\n<li>teab erinevaid ettev\u00f5tlusvorme ja ettev\u00f5tlusvaldkonda reguleerivaid peamisi \u00f5igusakte;<\/li>\n<li>teab, miks ja kuidas anal\u00fc\u00fcsida ettev\u00f5tluskeskkonda;<\/li>\n<li>oskab s\u00f5nastada \u00e4riideed ja hinnata selle teostatavust.<\/li>\n<\/ul>\n<h4>\u00a0Vaata teema sissejuhatuseks<strong>\u00a0<\/strong>Edu ja Tegu programmis loodud Kuldar Leisi \u00f5ppevideot\u00a0<strong>\u201c\u00c4rikeskkonna m\u00f5istmine eeldab kodut\u00f6\u00f6d\u201d.<\/strong><\/h4>\n<p><a title=\"\" href=\"https:\/\/www.youtube.com\/watch?v=6VvBV0Qvf6Q\" data-url=\"https:\/\/www.youtube.com\/watch?v=6VvBV0Qvf6Q\"><img loading=\"lazy\" decoding=\"async\" width=\"1716\" height=\"1094\" class=\"alignnone wp-image-42\" style=\"width: 250px; height: 159px; float: left;\" title=\"kuldar_leis_video.jpg\" src=\"https:\/\/sisu.ut.ee\/wp-content\/uploads\/sites\/587\/kuldar_leis_video.jpg\" alt=\"AE_1_video\" srcset=\"https:\/\/sisu.ut.ee\/wp-content\/uploads\/sites\/587\/kuldar_leis_video.jpg 1716w, https:\/\/sisu.ut.ee\/wp-content\/uploads\/sites\/587\/kuldar_leis_video-300x191.jpg 300w, https:\/\/sisu.ut.ee\/wp-content\/uploads\/sites\/587\/kuldar_leis_video-1024x653.jpg 1024w, https:\/\/sisu.ut.ee\/wp-content\/uploads\/sites\/587\/kuldar_leis_video-768x490.jpg 768w, https:\/\/sisu.ut.ee\/wp-content\/uploads\/sites\/587\/kuldar_leis_video-1536x979.jpg 1536w\" sizes=\"auto, (max-width: 1716px) 100vw, 1716px\"><\/a><a title=\"\" href=\"https:\/\/www.youtube.com\/watch?v=6VvBV0Qvf6Q&amp;list=PLu6QyDgH-tEYjmxSYZFFA9hxWB73vZc-M&amp;index=11\" target=\"_blank\" rel=\"noopener\" data-url=\"https:\/\/www.youtube.com\/watch?v=6VvBV0Qvf6Q&amp;list=PLu6QyDgH-tEYjmxSYZFFA9hxWB73vZc-M&amp;index=11\">https:\/\/www.youtube.com\/watch?v=6VvBV0Qvf6Q<\/a><\/p>\n<h3><\/h3>\n","protected":false},"excerpt":{"rendered":"<p>Esimeses\u00a0moodulis \u00f5pid\u00a0hindama \u00e4riv\u00f5imalusi, tutvud erinevate ettev\u00f5tlusvormidega ja saad teada, miks ja kuidas anal\u00fc\u00fcsida ettev\u00f5tluskeskkonda. Selle mooduli teemad on: Ettev\u00f5tlus ja \u00e4rieesm\u00e4rgid Ettev\u00f5tlusvormid Ettev\u00f5tte sise- ja v\u00e4liskeskkonna anal\u00fc\u00fcs \u00c4riidee s\u00f5nastamine Mooduli l\u00e4binud \u00f5ppija oskab hinnata enda v\u00f5imalusi ettev\u00f5tjana tegutsemiseks, l\u00e4htudes erinevatest &#8230;<\/p>\n","protected":false},"author":63,"featured_media":0,"parent":0,"menu_order":0,"comment_status":"closed","ping_status":"closed","template":"","meta":{"_acf_changed":false,"inline_featured_image":false,"footnotes":""},"class_list":["post-7","page","type-page","status-publish","hentry"],"acf":[],"_links":{"self":[{"href":"https:\/\/sisu.ut.ee\/alusta-ettevotlusega\/wp-json\/wp\/v2\/pages\/7","targetHints":{"allow":["GET"]}}],"collection":[{"href":"https:\/\/sisu.ut.ee\/alusta-ettevotlusega\/wp-json\/wp\/v2\/pages"}],"about":[{"href":"https:\/\/sisu.ut.ee\/alusta-ettevotlusega\/wp-json\/wp\/v2\/types\/page"}],"author":[{"embeddable":true,"href":"https:\/\/sisu.ut.ee\/alusta-ettevotlusega\/wp-json\/wp\/v2\/users\/63"}],"replies":[{"embeddable":true,"href":"https:\/\/sisu.ut.ee\/alusta-ettevotlusega\/wp-json\/wp\/v2\/comments?post=7"}],"version-history":[{"count":5,"href":"https:\/\/sisu.ut.ee\/alusta-ettevotlusega\/wp-json\/wp\/v2\/pages\/7\/revisions"}],"predecessor-version":[{"id":197,"href":"https:\/\/sisu.ut.ee\/alusta-ettevotlusega\/wp-json\/wp\/v2\/pages\/7\/revisions\/197"}],"wp:attachment":[{"href":"https:\/\/sisu.ut.ee\/alusta-ettevotlusega\/wp-json\/wp\/v2\/media?parent=7"}],"curies":[{"name":"wp","href":"https:\/\/api.w.org\/{rel}","templated":true}]}}