{"id":6,"date":"2024-04-04T08:15:29","date_gmt":"2024-04-04T05:15:29","guid":{"rendered":"https:\/\/sisu.ut.ee\/alusta-ettevotlusega\/millised-padevused-peavad-ettevotjal-olema\/"},"modified":"2024-04-19T08:08:47","modified_gmt":"2024-04-19T05:08:47","slug":"millised-padevused-peavad-ettevotjal-olema","status":"publish","type":"page","link":"https:\/\/sisu.ut.ee\/alusta-ettevotlusega\/millised-padevused-peavad-ettevotjal-olema\/","title":{"rendered":"2. Ettev\u00f5tja p\u00e4devused ja oskused"},"content":{"rendered":"<blockquote>\n<p>Selle teema raames \u00f5pid tundma ettev\u00f5tlusp\u00e4devuse valdkondi ja saad teada, millseid oskusi on ettev\u00f5tjal vaja.<\/p>\n<\/blockquote>\n<h3>Ettev\u00f5tlusp\u00e4devus<\/h3>\n<p><a class=\"colorbox\" href=\"https:\/\/sisu.ut.ee\/wp-content\/uploads\/sites\/587\/1_ep_mudel.png\"><img loading=\"lazy\" decoding=\"async\" width=\"825\" height=\"822\" class=\"alignnone wp-image-38\" style=\"width: 400px; height: 399px; float: right;\" title=\"Ettev\u00f5tlusp\u00e4devuse mudel\" src=\"https:\/\/sisu.ut.ee\/wp-content\/uploads\/sites\/587\/1_ep_mudel.png\" alt=\"AE_EP_mudel\" srcset=\"https:\/\/sisu.ut.ee\/wp-content\/uploads\/sites\/587\/1_ep_mudel.png 825w, https:\/\/sisu.ut.ee\/wp-content\/uploads\/sites\/587\/1_ep_mudel-300x300.png 300w, https:\/\/sisu.ut.ee\/wp-content\/uploads\/sites\/587\/1_ep_mudel-150x150.png 150w, https:\/\/sisu.ut.ee\/wp-content\/uploads\/sites\/587\/1_ep_mudel-768x765.png 768w\" sizes=\"auto, (max-width: 825px) 100vw, 825px\"><\/a>Eestis defineeritakse ettev\u00f5tlusp\u00e4devust\u00a0kui teadmiste, oskuste ja hoiakute terviklikku kogumit, mis on vajalik v\u00e4\u00e4rtust loovate ideede elluviimisel. Kokku on lepitud 4 ettev\u00f5tlusp\u00e4devuse p\u00f5hivaldkonnas. Need on\u00a0<\/p>\n<ul>\n<li>Enesejuhtimine<\/li>\n<li>Sotsiaalsete olukordade lahendamine<\/li>\n<li>V\u00e4\u00e4rtust loov m\u00f5tlemine ja lahenduste leidmine<\/li>\n<li>\u00c4riideede elluviimine<\/li>\n<\/ul>\n<p>Ettev\u00f5tlusp\u00e4devuse mudel toetub ettev\u00f5tluse definitsioonile selle terviklikus k\u00e4situses. Mudel sisaldab p\u00e4devuste kogumit, mis v\u00f5imaldab indiviidil neid p\u00e4devusi arendades edukalt toime tulla mitmesuguste \u00fclesannete, probleemide, dilemmade ja vastuoludega muutuvas keskkonnas kas ettev\u00f5tjana v\u00f5i teistes ettev\u00f5tmistes (nt t\u00f6\u00f6kohal v\u00f5i igap\u00e4evategevustes).<\/p>\n<p>Ettev\u00f5tluse erialase p\u00e4devuse kujundab \u00c4riideede elluviimise p\u00e4devusvaldkond, mille tuuma moodustavad \u00e4riv\u00f5imaluste avastamine ja keskkonna m\u00f5istmine,\u00a0kus ettev\u00f5tlustegevus aset leiab.\u00a0Nagu ka \u00e4riv\u00f5imaluste avastamine ja rakendamine uue ettev\u00f5tte loomisel, on nimetatud alap\u00e4devused olulised tegutsevas ettev\u00f5ttes ideede arendamisel v\u00f5i mitmesuguste tehnoloogiliste probleemide v\u00f5i sotsiaalsete olukordade lahendamisel. Ideede elluviimisel nii ettev\u00f5tluses kui ka isiklikus elus v\u00f5i \u00fchiskonnas on sotsiaalsete eesm\u00e4rkide korral t\u00e4htis ka majanduslik t\u00f5husus, seet\u00f5ttu on mudelis eraldi vajaliku p\u00e4devusena v\u00e4lja toodud finantskirjaoskus. Finantskirjaoskust ehk\u00a0elementaarseid rahandusteadmisi on vaja\u00a0igal inimesel, et planeerida isiklikke tulusid ja kulusid, teha investeeringuotsuseid, m\u00f5ista rahaliste kohustuste olemust ja planeerida suuremaid oste.<\/p>\n<p>Teised\u00a0ettev\u00f5tlusp\u00e4devusmudeli p\u00e4devusvaldkonnad\u00a0kirjeldavad indiviidi ettev\u00f5tlikkust toetavaid alap\u00e4devusi, mis\u00a0on vajalikud \u00e4riideede edukaks elluviimiseks. Nendeks p\u00e4devusvaldkondadeks on enesejuhtimine, v\u00e4\u00e4rtust loov m\u00f5tlemine ja lahenduste otsimine ning sotsiaalsete olukordade lahendamine. Seega \u00e4riideede elluviimine on otseses seoses indiviidi ettev\u00f5tlikkusega.<\/p>\n<p>Enesejuhtimise valdkonnas on t\u00e4htsaks peetud motivatsiooniga seotud tegureid, nagu uskumused v\u00f5imete arendatavusse ja autonoomne motivatsioon, samuti oskust reflekteerida ja reguleerida oma m\u00f5tlemist, tegutsemist ja emotsioone. V\u00e4\u00e4rtust loova m\u00f5tlemise ja lahenduste leidmise valdkonnas on keskseks peetud kognitiivseid protsesse \u2013 loovust, planeerimis- ja probleemilahendusoskust \u2013 ning oskust otsuseid, valikuid ja lahendusi keskkondliku ja sotsiaalse j\u00e4tkusuutlikkuse kontekstis kriitiliselt anal\u00fc\u00fcsida, seega eetilist, teiste elusolendite ning elukeskkonnaga arvestavat tegutsemist. Oskus lahendada sotsiaalseid olukordi tugineb siinse mudeli j\u00e4rgi suhtlemis- ja koost\u00f6\u00f6oskustele ning algatusv\u00f5imele ja kaasamisoskustele. K\u00f5ik alap\u00e4devused on tervikliku ettev\u00f5tlusp\u00e4devuse omandamiseks vajalikud, arendatavad ja omavahel tihedalt p\u00f5imunud.<\/p>\n<h3>Ettev\u00f5tja oskused<\/h3>\n<p>Ettev\u00f5tjana tegutsemiseks on olulised n\u00e4iteks j\u00e4rgmised oskused:<\/p>\n<ul>\n<li>planeerimisoskus (sh eesm\u00e4rgi seadmine);<\/li>\n<li>suhtlemisoskus;<\/li>\n<li>oskus olla liider;<\/li>\n<li>l\u00e4bir\u00e4\u00e4kimisoskus;<\/li>\n<li>aja planeerimise oskus;<\/li>\n<li>konfliktide lahendamise oskus;<\/li>\n<li>veenmis- ja motiveerimisoskus;<\/li>\n<li>anal\u00fc\u00fcsioskus;<\/li>\n<li>koost\u00f6\u00f6oskus.<\/li>\n<\/ul>\n<p>Paljusid nimetatud oskusi l\u00e4heb vaja korraga. N\u00e4iteks on anal\u00fc\u00fcsioskust vaja midagi planeerides, ilma l\u00e4bir\u00e4\u00e4kimis\u00adoskuseta pole v\u00f5imalik konflikte lahendada, suhtlemisoskuseta ei saa teha koost\u00f6\u00f6d. Ettev\u00f5tjaks olemine eeldab v\u00e4ga mitme\u00adk\u00fclgseid teadmisi ja oskusi.<\/p>\n<h3>Ettev\u00f5tja\u00a0v\u00f5i\u00a0palgat\u00f6\u00f6taja?<\/h3>\n<p>Ettev\u00f5tja ja palgat\u00f6\u00f6taja erinevad teineteisest p\u00f5him\u00f5tteliselt. Ettev\u00f5tja on ettev\u00f5tte omanik, ta on iseendale nii t\u00f6\u00f6andja kui palgamaksja. Peale palga saab ettev\u00f5tja tasu ka kasumi arvelt.<\/p>\n<p>Palgat\u00f6\u00f6taja on isik, kes m\u00fc\u00fcb ettev\u00f5tjale oma t\u00f6\u00f6d. Ettev\u00f5tja hangib vajalikud t\u00f6\u00f6vahendid ja materjali ning organiseerib t\u00f6\u00f6taja t\u00f6\u00f6d. T\u00f6\u00f6taja kohustuseks on t\u00e4ita t\u00f6\u00f6protsessist tingitud \u00fclesandeid ja ta vastutab tehtud t\u00f6\u00f6 eest. T\u00f6\u00f6taja saab kindlaks m\u00e4\u00e4ratud ajal t\u00f6\u00f6 eest palka, mis vastab tema t\u00f6\u00f6panusele ja sellele, kui kasulik ta ettev\u00f5tte jaoks on. T\u00f6\u00f6taja ei paiguta oma vara ettev\u00f5ttesse ja seega ei riskeeri ta ka isikliku vara kaotamisega ettev\u00f5tte tegevuse k\u00e4igus.<\/p>\n<h4>Vaata inspiratsiooniks<strong>\u00a0<\/strong>Edu ja Tegu programmis loodud <span style=\"line-height: 107%;\">Arno K\u00fctti \u00f5ppevideot<\/span><b><span style=\"line-height: 107%;\"> \u201c<\/span><\/b><strong><span style=\"line-height: 107%;\">Arenguuskumus. Usu oma arengusse ja miski ei ole v\u00f5imatu<\/span>\u201c.\u00a0<\/strong><\/h4>\n<p><a href=\"https:\/\/www.youtube.com\/watch?v=UyHkfZtYZns\"><img loading=\"lazy\" decoding=\"async\" width=\"1716\" height=\"1094\" class=\"alignnone wp-image-39\" style=\"width: 250px; height: 159px; float: left;\" title=\"arno_kutt_video.jpg\" src=\"https:\/\/sisu.ut.ee\/wp-content\/uploads\/sites\/587\/arno_kutt_video.jpg\" alt=\"S2_video\" srcset=\"https:\/\/sisu.ut.ee\/wp-content\/uploads\/sites\/587\/arno_kutt_video.jpg 1716w, https:\/\/sisu.ut.ee\/wp-content\/uploads\/sites\/587\/arno_kutt_video-300x191.jpg 300w, https:\/\/sisu.ut.ee\/wp-content\/uploads\/sites\/587\/arno_kutt_video-1024x653.jpg 1024w, https:\/\/sisu.ut.ee\/wp-content\/uploads\/sites\/587\/arno_kutt_video-768x490.jpg 768w, https:\/\/sisu.ut.ee\/wp-content\/uploads\/sites\/587\/arno_kutt_video-1536x979.jpg 1536w\" sizes=\"auto, (max-width: 1716px) 100vw, 1716px\"><\/a><a href=\"https:\/\/www.youtube.com\/watch?v=UyHkfZtYZns\">https:\/\/www.youtube.com\/watch?v=UyHkfZtYZns<\/a><\/p>\n<p>\u00a0<\/p>\n<h3>\u00a0<\/h3>\n<h3>\u00a0<\/h3>\n<h3>Enesekontrolli harjutused<\/h3>\n<p>\u00a0<\/p>\n\n\n<div class=\"h5p-iframe-wrapper\"><div class=\"video-placeholder-wrapper video-placeholder-wrapper--fixed\" style=\"height: 366px;\">\n\t\t\t    <div class=\"video-placeholder d-flex justify-content-center align-items-center\">\n\t\t\t        <div class=\"overlay text-white p-2 w-100 text-center d-block justify-content-center align-items-center\">\n\t\t\t            <div>Kolmandate osapoolte sisu n\u00e4gemiseks palun n\u00f5ustu k\u00fcpsistega.<\/div>\n\t\t\t            <button class=\"btn btn-secondary btn-sm mt-1 consent-change\">Muuda n\u00f5usolekut<\/button>\n\t\t\t        <\/div>\n\t\t\t    <\/div>\n\t\t\t<\/div>\n<\/div>\n\n\n<h3><br>M\u00f5tteharjutus<\/h3>\n<p><\/p><div class=\"accordion mb-3\">\n        <div class=\"accordion-item accordion-item--white\">\n        <h2 class=\"accordion-header\" id=\"accordion-69e0383ec3ccd-heading\">\n            <button class=\"accordion-button collapsed\" type=\"button\" data-bs-toggle=\"collapse\" data-bs-target=\"#accordion-69e0383ec3ccd-collapse\" aria-expanded=\"true\" aria-controls=\"accordion-69e0383ec3ccd-collapse\">Anal\u00fc\u00fcsi ennast ja pane k\u00f5igepealt kirja need oskused ja p\u00e4devused, mis sul juba olemas on ja seej\u00e4rel m\u00f5tle ning pane kirja, milliseid p\u00e4devusi ja oskusi pead arendama, et olla oma karj\u00e4\u00e4rivalikus edukas. <\/button>\n        <\/h2>\n        <div id=\"accordion-69e0383ec3ccd-collapse\" class=\"accordion-collapse collapse\" aria-labelledby=\"accordion-69e0383ec3ccd-heading\">\n            <div class=\"accordion-body\">Kas panid kirja ka selliseid oskusi ja p\u00e4devusi, mis seostuvad\u00a0\n<ul>\n<li>enesejuhtimisega, sh emotsioonidega toimetulek, oskus ennast anal\u00fc\u00fcsida ja motiveerida, oskus olla liider jne?<\/li>\n<li>sotsiaalsete olukordadega, sh suhtlemis- ja koost\u00f6\u00f6oskus, l\u00e4bir\u00e4\u00e4kimisoskus, konfliktide lahendamise oskus, algatusv\u00f5ime?<\/li>\n<li>v\u00e4\u00e4rtust loova ja lahenduste leidmisele suunatud m\u00f5tlemisega, sh loovus, probleemilahendus- ja planeerimisoskus, eetilisus ja j\u00e4tkusuutlik m\u00f5tlemine?<\/li>\n<li>\u00e4riideede elluviimisega, sh finantskirjaoskus, keskkonna m\u00f5istmine, probleemide m\u00e4rkamine ja \u00e4riv\u00f5imaluste avastamine?<\/li>\n<\/ul>\n<p><strong>Mida paremini suudad oskusi ja p\u00e4devusi kirjeldada ning\u00a0anal\u00fc\u00fcsida, seda edukam oled t\u00f6\u00f6j\u00f5uturul, olgu siis palgat\u00f6\u00f6tajana v\u00f5i ettev\u00f5tjana. Oluline on teadvustada, et paljusid nimetatud oskusi l\u00e4heb vaja korraga. N\u00e4iteks on anal\u00fc\u00fcsioskust vaja midagi planeerides, ilma l\u00e4bir\u00e4\u00e4kimisoskuseta pole v\u00f5imalik konflikte lahendada, suhtlemisoskuseta ei saa teha koost\u00f6\u00f6d jne.<\/strong>\u00a0<br><\/p><\/div>\n        <\/div>\n        <\/div>\n    <\/div>","protected":false},"excerpt":{"rendered":"<p>Selle teema raames \u00f5pid tundma ettev\u00f5tlusp\u00e4devuse valdkondi ja saad teada, millseid oskusi on ettev\u00f5tjal vaja. Ettev\u00f5tlusp\u00e4devus Eestis defineeritakse ettev\u00f5tlusp\u00e4devust\u00a0kui teadmiste, oskuste ja hoiakute terviklikku kogumit, mis on vajalik v\u00e4\u00e4rtust loovate ideede elluviimisel. Kokku on lepitud 4 ettev\u00f5tlusp\u00e4devuse p\u00f5hivaldkonnas. Need on\u00a0 &#8230;<\/p>\n","protected":false},"author":63,"featured_media":0,"parent":0,"menu_order":0,"comment_status":"closed","ping_status":"closed","template":"","meta":{"_acf_changed":false,"inline_featured_image":false,"footnotes":""},"class_list":["post-6","page","type-page","status-publish","hentry"],"acf":[],"_links":{"self":[{"href":"https:\/\/sisu.ut.ee\/alusta-ettevotlusega\/wp-json\/wp\/v2\/pages\/6","targetHints":{"allow":["GET"]}}],"collection":[{"href":"https:\/\/sisu.ut.ee\/alusta-ettevotlusega\/wp-json\/wp\/v2\/pages"}],"about":[{"href":"https:\/\/sisu.ut.ee\/alusta-ettevotlusega\/wp-json\/wp\/v2\/types\/page"}],"author":[{"embeddable":true,"href":"https:\/\/sisu.ut.ee\/alusta-ettevotlusega\/wp-json\/wp\/v2\/users\/63"}],"replies":[{"embeddable":true,"href":"https:\/\/sisu.ut.ee\/alusta-ettevotlusega\/wp-json\/wp\/v2\/comments?post=6"}],"version-history":[{"count":4,"href":"https:\/\/sisu.ut.ee\/alusta-ettevotlusega\/wp-json\/wp\/v2\/pages\/6\/revisions"}],"predecessor-version":[{"id":170,"href":"https:\/\/sisu.ut.ee\/alusta-ettevotlusega\/wp-json\/wp\/v2\/pages\/6\/revisions\/170"}],"wp:attachment":[{"href":"https:\/\/sisu.ut.ee\/alusta-ettevotlusega\/wp-json\/wp\/v2\/media?parent=6"}],"curies":[{"name":"wp","href":"https:\/\/api.w.org\/{rel}","templated":true}]}}