{"id":5,"date":"2024-04-04T08:15:29","date_gmt":"2024-04-04T05:15:29","guid":{"rendered":"https:\/\/sisu.ut.ee\/alusta-ettevotlusega\/teadlik-karjaari-kujundamine-hakkan-ettevotjaks\/"},"modified":"2024-04-19T08:08:12","modified_gmt":"2024-04-19T05:08:12","slug":"teadlik-karjaari-kujundamine-hakkan-ettevotjaks","status":"publish","type":"page","link":"https:\/\/sisu.ut.ee\/alusta-ettevotlusega\/teadlik-karjaari-kujundamine-hakkan-ettevotjaks\/","title":{"rendered":"1. Teadlik karj\u00e4\u00e4ri kujundamine &#8211; hakkan ettev\u00f5tjaks"},"content":{"rendered":"<blockquote>\n<p>Selle teema raames saad teada, milliseid p\u00e4devusi ja oskusi on vaja, et oma karj\u00e4\u00e4ri teadlikult kujundada, kes on ettev\u00f5tlik inimene ja mis v\u00f5ib olla ajendiks, et hakata ettev\u00f5tjaks.\u00a0<\/p>\n<\/blockquote>\n<p>T\u00e4nast t\u00f6\u00f6maailma iseloomustab muutlikkus ja mitmekesisus. \u00dchelt poolt pakub see rohkelt valikuv\u00f5imalusi, teisalt toob kaasa ebakindlust ja vajaduse kohaneda muutunud olukorras. Tulevik\u00a0 on raskesti ennustatav, m\u00f5ned muutused tabavad meid ootamatult, samas on nende m\u00f5ju laiaulatuslik ja pikemat aega kestev. Covid-19 pandeemiaga kaasnev v\u00f5iks olla \u00fcks n\u00e4ide miljonite inimeste elu m\u00f5jutajatest. Vajadus uute t\u00f6\u00f6tamise viiside, uute teenuste v\u00f5i toodete j\u00e4rele t\u00f5i paljudele inimestele kaasa vajaduse teha muutusi ka oma isiklikus karj\u00e4\u00e4ris, n\u00e4iteks omandada kiiresti uus oskus v\u00f5i amet, leida uus t\u00f6\u00f6koht v\u00f5i hoopis alustada ise ettev\u00f5tlusega. Kohanemisv\u00f5ime, kriitilise m\u00f5tlemise oskus, oskus ennast anal\u00fc\u00fcsida ja motiveerida\u00a0ning\u00a0teised karj\u00e4\u00e4rikujundamise oskused\u00a0on j\u00e4rjest olulisemad oma t\u00f6\u00f6- ja isikliku\u00a0eluga\u00a0hakkama saamisel.<\/p>\n<h3>Teadlik karj\u00e4\u00e4ri kujundamine<\/h3>\n<p>Karj\u00e4\u00e4r t\u00e4nap\u00e4evases t\u00e4henduses on inimese kogu eluk\u00e4ik ja areng. V\u00f5ime sellest m\u00f5elda kui\u00a0pikast teekonnast, mille jooksul meil k\u00f5igil tuleb t\u00e4ita erinevaid rolle nii \u00fchiskonna liikmena kui eraelus. Igal teekonnal, ka oma elu karj\u00e4\u00e4riteel\u00a0edasi liikumiseks tuleb teha valikuid, seada eesm\u00e4rke ja teha plaane, omandada kogemusi ja nendest \u00f5ppida, m\u00f5nikord valida v\u00f5i rajada endale hoopis uus teerada.\u00a0 Iga\u00fchel on v\u00f5imalus oma eluk\u00e4iku m\u00f5jutada l\u00e4bi valikute, tegevuste ja tegemata j\u00e4tmiste, kasutada oma tugevusi ja arvestada oma piirangutega. M\u00f5tle, kas lased oma elul lihtsalt kulgeda omasoodu ja oled pealtvaataja v\u00f5i tahad sellel teekonnal olla ise roolikeerajaks, otsustajaks ja vastutajaks\u00a0\u2013 valik on sinu!<\/p>\n<p>Oma elu teadlik juhtimine endale t\u00e4hendusliku ja \u00f5nneliku elu loomisel ongi karj\u00e4\u00e4ri kujundamine.<br>Targalt tegutsemine eeldab vastavaid teadmisi ja oskusi ning neid on v\u00f5imalik arendada. Oskusi on vaja nii autoga teel p\u00fcsimiseks ja edasi liikumiseks\u00a0kui\u00a0v\u00f5\u00f5ras linnas sihtpunkti j\u00f5udmisks, ettev\u00f5tte juhtimiseks ja oma rahaasjade korraldamiseks. N\u00e4iteid v\u00f5iks tuua veel erinevatelt elualadelt.\u00a0<\/p>\n<p><a class=\"colorbox\" title=\"Karj\u00e4\u00e4ri kujundamise p\u00e4devuste mudel\" href=\"https:\/\/sisu.ut.ee\/wp-content\/uploads\/sites\/587\/2_kp_mudel.png\" data-url=\"https:\/\/sisu.ut.ee\/wp-content\/uploads\/sites\/587\/2_kp_mudel.png\"><img loading=\"lazy\" decoding=\"async\" width=\"913\" height=\"919\" class=\"alignnone wp-image-35\" style=\"width: 400px; height: 403px; float: right;\" title=\"Karj\u00e4\u00e4ri kujundamise p\u00e4devuste mudel\" src=\"https:\/\/sisu.ut.ee\/wp-content\/uploads\/sites\/587\/2_kp_mudel.png\" alt=\"AE_KP_mudel\" srcset=\"https:\/\/sisu.ut.ee\/wp-content\/uploads\/sites\/587\/2_kp_mudel.png 913w, https:\/\/sisu.ut.ee\/wp-content\/uploads\/sites\/587\/2_kp_mudel-298x300.png 298w, https:\/\/sisu.ut.ee\/wp-content\/uploads\/sites\/587\/2_kp_mudel-150x150.png 150w, https:\/\/sisu.ut.ee\/wp-content\/uploads\/sites\/587\/2_kp_mudel-768x773.png 768w\" sizes=\"auto, (max-width: 913px) 100vw, 913px\"><\/a>Karj\u00e4\u00e4ri kujundamiseks ja juhtimiseks vajalikud oskused ja hoiakud saab jagada nelja suuremasse valdkonda<\/p>\n<ul>\n<li>Eneseteadlikkuse arendamine<\/li>\n<li>V\u00f5imaluste anal\u00fc\u00fcs<\/li>\n<li>Planeerimine<\/li>\n<li>Otsustamine ning tegutsemine<\/li>\n<\/ul>\n<p>Enda tundmine\u00a0aitab seada eesm\u00e4rke, leida enda huvidele, v\u00f5imetele ja v\u00e4\u00e4rtustele vastavaid \u00f5ppimise- ja t\u00f6\u00f6tamise v\u00f5imalusi. Eneseteadlikkus on oma karj\u00e4\u00e4ri kujundamise oluline t\u00f6\u00f6riist. Haridus- ja pidevalt muutuva t\u00f6\u00f6maailmaga kursis olemiseks on vaja oskust infot hankida, seda kriitiliselt hinnata ja endast l\u00e4htuvalt anal\u00fc\u00fcsida.\u00a0Planeerimine sisaldab lisaks sihtide ja eesm\u00e4rkide seadmisele ka erinevate v\u00f5imaluste vahel valimist ja\u00a0otsustamist, unistamist ning alternatiivide\u00a0kavandamist. Et plaanid ei j\u00e4\u00e4ks ainult plaanideks, on vaja tegutseda. Oma tulevikuplaanide ja unistuste elluviimine n\u00f5uab vastutustunnet, oskust m\u00f5testatult tegutseda, julgust ja ettev\u00f5tlikkust omandada uusi kogemusi, oma v\u00e4\u00e4rtuste ja v\u00f5imaluste tundmist.\u00a0\u00dchiskond vajab ettev\u00f5tlikke inimesi.\u00a0<\/p>\n<p>Ettev\u00f5tjaks olemine on \u00fcks karj\u00e4\u00e4riv\u00f5imalus. Kasuta\u00a0oma v\u00f5imeid\u00a0ja oskusi\u00a0selleks, et\u00a0endale ja teistele v\u00e4\u00e4rtusi\u00a0luua, \u00f5ppida ja\u00a0areneda. J\u00f5udsat edasiliikumist ja t\u00f6\u00f6r\u00f5\u00f5mu k\u00f5igile selle tee teadlikult valinutele!\u00a0<\/p>\n<h3>Milles v\u00e4ljendub ettev\u00f5tlikkus?<\/h3>\n<p>Ettev\u00f5tlikkus v\u00e4ljendub inimese v\u00f5imes ja tahtes tegutseda. See k\u00e4tkeb endas soovi unistada ja eesm\u00e4rke p\u00fcstitada, oskust leida esilekerkinud probleemidele lahendusi ja viia alustatu l\u00f5pule.<\/p>\n<p>M\u00f5nikord arvatakse ekslikult, et ettev\u00f5tlikud on ainult need inimesed, kel on suurep\u00e4rased \u00e4riideed, juhioskused\u00a0ja kes tegelevad ettev\u00f5tlusega.\u00a0Ettev\u00f5tlikke inimesi on vaja k\u00f5ikides \u00fchiskonnakihtides ja elualadel. Ettev\u00f5tlikud v\u00f5ivad olla nii noored kui\u00a0vanad, nii mehed kui naised, nii t\u00f6\u00f6andjad kui t\u00f6\u00f6v\u00f5tjad, nii \u00fclemused kui ka alluvad.<\/p>\n<p>Ettev\u00f5tliku meelelaadi t\u00e4htsust on raske \u00fcle hinnata. Ettev\u00f5tlik inimene saab hakkama iseendaga ning suudab muuta ka keskkonda.\u00a0<\/p>\n<h3>Miks hakata\u00a0ettev\u00f5tjaks?<\/h3>\n<p>Inimesed hakkavad ettev\u00f5tjaks erinevatel p\u00f5hjustel, neil on mitmesuguseid eesm\u00e4rke ja unistusi. Sageli on isiklik eesm\u00e4rk kombinatsioon erinevatest p\u00f5hjustest ja \u00fcks v\u00f5imalus oma eesm\u00e4rgi saavutamiseks on oma ettev\u00f5tte asutamine. J\u00e4rgnev loetelu erinevatest p\u00f5hjustest pole kindlasti ammendav.<\/p>\n<p>Ettev\u00f5tjaks hakatakse, et<\/p>\n<ul>\n<li>olla s\u00f5ltumatu, teha seda, mida tahad, millal tahad, palju tahad, kuidas tahad;<\/li>\n<li>ise otsustada, mitte t\u00e4ita kellegi teise k\u00e4ske ja korraldusi;<\/li>\n<li>tegeleda hobiga, sellega, mis meeldib;<\/li>\n<li>muuta maailma, olla kellelegi kasulik;<\/li>\n<li>teenida elatist, kuna sobivat t\u00f6\u00f6d keegi ei paku ja\u00a0luuakse endale t\u00f6\u00f6koht;\u00a0<\/li>\n<li>areneda ja ennast teostada, omandada uusi teadmisi, oskusi, kogemusi ning omada suuremaid ja paremaid v\u00f5imalusi;<\/li>\n<li>saada j\u00f5ukaks materiaalses m\u00f5ttes, elada homme paremini kui t\u00e4na, v\u00f5imalada oma perele turvalisemat kodu ja tulevikku;\u00a0<\/li>\n<li>saada \u00fchiskonnas tuntuks, olla hinnatud tutvusringkonnas ja suguv\u00f5sas, p\u00e4lvida tunnustus, positsioon.<\/li>\n<\/ul>\n<p>Ettev\u00f5tjaks olemisega ja oma \u00e4ri juhtimisega kaasneb vastutus. Vastutus nii oma perekonna kui ka ettev\u00f5tte t\u00f6\u00f6tajate, tarbijate ja laiemalt \u00fchiskonna ees. Vastutus on kas teiste\u00a0poolt m\u00e4\u00e4ratud v\u00f5i endale v\u00f5etud t\u00f6\u00f6de sooritamise v\u00f5i \u00fclesannete lahendamise kohustus. Vastutus tuleneb isiku rollist.<\/p>\n<p>Ettev\u00f5tjaks olemine n\u00f5uab p\u00fchendumist. P\u00fchendumine v\u00e4ljendub\u00a0elulaadis ja -viisis. Ettev\u00f5tjal k\u00e4ivad tema t\u00f6\u00f6 ja \u00e4ri, kohustused ja vastutus kogu aeg temaga kaasas.<\/p>\n<p>Ettev\u00f5tjad toetavad piirkondlikku arengut, pakuvad t\u00f6\u00f6h\u00f5ivet, luues tingimusi t\u00f6\u00f6tamiseks ning tagavad sellega sissetulekud nii t\u00f6\u00f6tajatele kui iseendale. Ettev\u00f5tja sissetulek ei ole stabiilne, ta saab t\u00e4pselt nii palju, kui \u00e4ri sisse toob. Siiski, suurimad sissetulekud ei tule mitte palgat\u00f6\u00f6st, vaid ettev\u00f5tlusest.<\/p>\n<h4>Vaata inspiratsiooniks<strong>\u00a0<\/strong>Edu ja Tegu programmis loodud Indrek Neivelti \u00f5ppevideot\u00a0<strong>\u201cEttev\u00f5tjatest ja ettev\u00f5tlikest inimestest \u00fchiskonnas\u201d.\u00a0<\/strong><\/h4>\n<p><a href=\"https:\/\/www.youtube.com\/watch?v=PUES9p11FQs%20\"><img loading=\"lazy\" decoding=\"async\" width=\"1716\" height=\"1094\" class=\"alignnone wp-image-37\" style=\"width: 250px; height: 159px; float: left;\" title=\"indrek_neivelt_video.jpg\" src=\"https:\/\/sisu.ut.ee\/wp-content\/uploads\/sites\/587\/indrek_neivelt_video.jpg\" alt=\"S1-video\" srcset=\"https:\/\/sisu.ut.ee\/wp-content\/uploads\/sites\/587\/indrek_neivelt_video.jpg 1716w, https:\/\/sisu.ut.ee\/wp-content\/uploads\/sites\/587\/indrek_neivelt_video-300x191.jpg 300w, https:\/\/sisu.ut.ee\/wp-content\/uploads\/sites\/587\/indrek_neivelt_video-1024x653.jpg 1024w, https:\/\/sisu.ut.ee\/wp-content\/uploads\/sites\/587\/indrek_neivelt_video-768x490.jpg 768w, https:\/\/sisu.ut.ee\/wp-content\/uploads\/sites\/587\/indrek_neivelt_video-1536x979.jpg 1536w\" sizes=\"auto, (max-width: 1716px) 100vw, 1716px\"><\/a><\/p>\n<p><a href=\"https:\/\/www.youtube.com\/watch?v=PUES9p11FQs\">https:\/\/www.youtube.com\/watch?v=PUES9p11FQs<\/a><\/p>\n<p>\u00a0<\/p>\n<h3>\u00a0<\/h3>\n<h3>\u00a0\u00a0<\/h3>\n<h3>Enesekontrolli harjutused<\/h3>\n<p>\u00a0<\/p>\n\n\n<div class=\"h5p-iframe-wrapper\"><div class=\"video-placeholder-wrapper video-placeholder-wrapper--fixed\" style=\"height: 366px;\">\n\t\t\t    <div class=\"video-placeholder d-flex justify-content-center align-items-center\">\n\t\t\t        <div class=\"overlay text-white p-2 w-100 text-center d-block justify-content-center align-items-center\">\n\t\t\t            <div>Kolmandate osapoolte sisu n\u00e4gemiseks palun n\u00f5ustu k\u00fcpsistega.<\/div>\n\t\t\t            <button class=\"btn btn-secondary btn-sm mt-1 consent-change\">Muuda n\u00f5usolekut<\/button>\n\t\t\t        <\/div>\n\t\t\t    <\/div>\n\t\t\t<\/div>\n<\/div>\n\n\n<h3><br>M\u00f5tteharjutus<\/h3>\n<p><\/p><div class=\"accordion mb-3\">\n        <div class=\"accordion-item accordion-item--white\">\n        <h2 class=\"accordion-header\" id=\"accordion-69e0383ec3ce2-heading\">\n            <button class=\"accordion-button collapsed\" type=\"button\" data-bs-toggle=\"collapse\" data-bs-target=\"#accordion-69e0383ec3ce2-collapse\" aria-expanded=\"true\" aria-controls=\"accordion-69e0383ec3ce2-collapse\">M\u00f5tle oma elule t\u00e4na ja milline see v\u00f5iks olla (v\u00f5i mitte olla) 10 aasta p\u00e4rast? Mida saaksid teha juba t\u00e4na selleks, et oleksid oma eluga rahul 10 aasta p\u00e4rast? <\/button>\n        <\/h2>\n        <div id=\"accordion-69e0383ec3ce2-collapse\" class=\"accordion-collapse collapse\" aria-labelledby=\"accordion-69e0383ec3ce2-heading\">\n            <div class=\"accordion-body\">Kas m\u00f5tlesid ka\u00a0\n<ul>\n<li>oma pere toimetulekule?<\/li>\n<li>kas ja kuidas omada piisavalt sissetulekuid, et lubada endale elu, millest unistad?<\/li>\n<li>milliseid oskusi ja p\u00e4devusi pead endas arendama, mida juurde \u00f5ppima, et elada tulevikus oma unistuste elu?<\/li>\n<li>kas oled piisavalt ettev\u00f5tlik ja leidlik probleemide lahendamisel?<\/li>\n<li>ettev\u00f5tjaks hakkamisele v\u00f5i ettev\u00f5tlusega tegelemisele palgat\u00f6\u00f6 k\u00f5rvalt?<\/li>\n<\/ul>\n<p><strong>Iga\u00fcks saab haarata ohjad ja suunata oma elu teele, mis viib soovitud eesm\u00e4rgini, tehes teadlikke (karj\u00e4\u00e4ri)valikuid ja ennast pidevalt arendades. Kui m\u00f5tlesid ka m\u00f5nele \u00fclaltoodud k\u00fcsimuse teemale, siis v\u00f5iksid\u00a0\u00fche v\u00f5imalusena kaaluda ka ettev\u00f5tlusega tegelemist\u00a0kas p\u00f5hit\u00f6\u00f6na v\u00f5i palgat\u00f6\u00f6 k\u00f5rvalt. Olulised baasteadmised selleks saad antud MOOCi l\u00e4bides.\u00a0<\/strong><br><\/p><\/div>\n        <\/div>\n        <\/div>\n    <\/div>","protected":false},"excerpt":{"rendered":"<p>Selle teema raames saad teada, milliseid p\u00e4devusi ja oskusi on vaja, et oma karj\u00e4\u00e4ri teadlikult kujundada, kes on ettev\u00f5tlik inimene ja mis v\u00f5ib olla ajendiks, et hakata ettev\u00f5tjaks.\u00a0 T\u00e4nast t\u00f6\u00f6maailma iseloomustab muutlikkus ja mitmekesisus. \u00dchelt poolt pakub see rohkelt valikuv\u00f5imalusi, &#8230;<\/p>\n","protected":false},"author":63,"featured_media":0,"parent":0,"menu_order":0,"comment_status":"closed","ping_status":"closed","template":"","meta":{"_acf_changed":false,"inline_featured_image":false,"footnotes":""},"class_list":["post-5","page","type-page","status-publish","hentry"],"acf":[],"_links":{"self":[{"href":"https:\/\/sisu.ut.ee\/alusta-ettevotlusega\/wp-json\/wp\/v2\/pages\/5","targetHints":{"allow":["GET"]}}],"collection":[{"href":"https:\/\/sisu.ut.ee\/alusta-ettevotlusega\/wp-json\/wp\/v2\/pages"}],"about":[{"href":"https:\/\/sisu.ut.ee\/alusta-ettevotlusega\/wp-json\/wp\/v2\/types\/page"}],"author":[{"embeddable":true,"href":"https:\/\/sisu.ut.ee\/alusta-ettevotlusega\/wp-json\/wp\/v2\/users\/63"}],"replies":[{"embeddable":true,"href":"https:\/\/sisu.ut.ee\/alusta-ettevotlusega\/wp-json\/wp\/v2\/comments?post=5"}],"version-history":[{"count":4,"href":"https:\/\/sisu.ut.ee\/alusta-ettevotlusega\/wp-json\/wp\/v2\/pages\/5\/revisions"}],"predecessor-version":[{"id":169,"href":"https:\/\/sisu.ut.ee\/alusta-ettevotlusega\/wp-json\/wp\/v2\/pages\/5\/revisions\/169"}],"wp:attachment":[{"href":"https:\/\/sisu.ut.ee\/alusta-ettevotlusega\/wp-json\/wp\/v2\/media?parent=5"}],"curies":[{"name":"wp","href":"https:\/\/api.w.org\/{rel}","templated":true}]}}