{"id":4,"date":"2024-04-04T08:15:29","date_gmt":"2024-04-04T05:15:29","guid":{"rendered":"https:\/\/sisu.ut.ee\/alusta-ettevotlusega\/sissejuhatus\/"},"modified":"2024-04-04T08:15:58","modified_gmt":"2024-04-04T05:15:58","slug":"sissejuhatus","status":"publish","type":"page","link":"https:\/\/sisu.ut.ee\/alusta-ettevotlusega\/sissejuhatus\/","title":{"rendered":"Sissejuhatus"},"content":{"rendered":"<blockquote>\n<p>\n\t\tKursuse sissejuhatavas osas\u00a0saad teada, mis motiveerib inimesi ettev\u00f5tjaks hakkama ja millised oskused peavad ettev\u00f5tjal olema.\u00a0\n\t<\/p>\n<\/blockquote>\n<h4>\n\t<img loading=\"lazy\" decoding=\"async\" width=\"300\" height=\"269\" class=\"alignnone wp-image-29\" style=\"width: 200px;height: 179px;float: right\" src=\"https:\/\/sisu.ut.ee\/wp-content\/uploads\/sites\/587\/sissejuhatus.png\" title=\"sissejuhatus.png\" alt=\"sissejuhatus.png\">Sissejuhatuse raames k\u00e4sitletavad teemad on:\u00a0<br>\n<\/h4>\n<ol>\n<li>\n\t\tTeadlik karj\u00e4\u00e4ri kujundamine \u2013 hakkan\u00a0ettev\u00f5tjaks\n\t<\/li>\n<li>\n\t\tEttev\u00f5tja p\u00e4devused ja oskused\n\t<\/li>\n<\/ol>\n<h4>\n\tMooduli l\u00e4binud \u00f5ppija<br>\n<\/h4>\n<ul>\n<li>\n\t\toskab teha teadlikke karj\u00e4\u00e4rivalikuid;\n\t<\/li>\n<li>\n\t\tteab, mis motiveerib inimesi ettev\u00f5tjaks hakkama;\u00a0\n\t<\/li>\n<li>\n\t\tteab\u00a0ettev\u00f5tlusp\u00e4devusmudeli p\u00e4devusvaldkondi;\n\t<\/li>\n<li>\n\t\tteab, millised\u00a0oskused peavad olemas olema ettev\u00f5tjal.\n\t<\/li>\n<\/ul>\n<p>\n\t\u00a0\n<\/p>\n<h4>\n\tVaata\u00a0sissejuhatuseks<strong>\u00a0<\/strong>Edu ja Tegu programmis loodud Kristel Kruust\u00fcki \u00f5ppevideot <strong>\u201cAlgatamine ja ettev\u00f5tlikkus viivad elus edasi\u201d.\u00a0<\/strong><br>\n<\/h4>\n<p>\n\t<a data-url=\"https:\/\/www.youtube.com\/watch?v=zkIfZfnfYXs\" href=\"https:\/\/www.youtube.com\/watch?v=zkIfZfnfYXs\" title=\"\"><img loading=\"lazy\" decoding=\"async\" width=\"1716\" height=\"1094\" class=\"alignnone wp-image-34\" style=\"width: 250px;height: 159px;float: left\" src=\"https:\/\/sisu.ut.ee\/wp-content\/uploads\/sites\/587\/kristel_kruustuk_video.jpg\" title=\"kristel_kruustuk_video.jpg\" alt=\"AE_O_video\" srcset=\"https:\/\/sisu.ut.ee\/wp-content\/uploads\/sites\/587\/kristel_kruustuk_video.jpg 1716w, https:\/\/sisu.ut.ee\/wp-content\/uploads\/sites\/587\/kristel_kruustuk_video-300x191.jpg 300w, https:\/\/sisu.ut.ee\/wp-content\/uploads\/sites\/587\/kristel_kruustuk_video-1024x653.jpg 1024w, https:\/\/sisu.ut.ee\/wp-content\/uploads\/sites\/587\/kristel_kruustuk_video-768x490.jpg 768w, https:\/\/sisu.ut.ee\/wp-content\/uploads\/sites\/587\/kristel_kruustuk_video-1536x979.jpg 1536w\" sizes=\"auto, (max-width: 1716px) 100vw, 1716px\"><\/a><a data-url=\"https:\/\/www.youtube.com\/watch?v=zkIfZfnfYXs\" href=\"https:\/\/www.youtube.com\/watch?v=zkIfZfnfYXs\" target=\"_blank\" title=\"https:\/\/www.youtube.com\/watch?v=zkIfZfnfYXs\" rel=\"noopener\">https:\/\/www.youtube.com\/watch?v=zkIfZfnfYXs<\/a>\n<\/p>\n<p>\n\t\u00a0\n<\/p>\n<p>\n\t\u00a0<\/p>\n","protected":false},"excerpt":{"rendered":"<p>Kursuse sissejuhatavas osas\u00a0saad teada, mis motiveerib inimesi ettev\u00f5tjaks hakkama ja millised oskused peavad ettev\u00f5tjal olema.\u00a0 Sissejuhatuse raames k\u00e4sitletavad teemad on:\u00a0 Teadlik karj\u00e4\u00e4ri kujundamine \u2013 hakkan\u00a0ettev\u00f5tjaks Ettev\u00f5tja p\u00e4devused ja oskused Mooduli l\u00e4binud \u00f5ppija oskab teha teadlikke karj\u00e4\u00e4rivalikuid; teab, mis motiveerib inimesi &#8230;<\/p>\n","protected":false},"author":63,"featured_media":0,"parent":0,"menu_order":0,"comment_status":"closed","ping_status":"closed","template":"","meta":{"_acf_changed":false,"inline_featured_image":false,"footnotes":""},"class_list":["post-4","page","type-page","status-publish","hentry"],"acf":[],"_links":{"self":[{"href":"https:\/\/sisu.ut.ee\/alusta-ettevotlusega\/wp-json\/wp\/v2\/pages\/4","targetHints":{"allow":["GET"]}}],"collection":[{"href":"https:\/\/sisu.ut.ee\/alusta-ettevotlusega\/wp-json\/wp\/v2\/pages"}],"about":[{"href":"https:\/\/sisu.ut.ee\/alusta-ettevotlusega\/wp-json\/wp\/v2\/types\/page"}],"author":[{"embeddable":true,"href":"https:\/\/sisu.ut.ee\/alusta-ettevotlusega\/wp-json\/wp\/v2\/users\/63"}],"replies":[{"embeddable":true,"href":"https:\/\/sisu.ut.ee\/alusta-ettevotlusega\/wp-json\/wp\/v2\/comments?post=4"}],"version-history":[{"count":2,"href":"https:\/\/sisu.ut.ee\/alusta-ettevotlusega\/wp-json\/wp\/v2\/pages\/4\/revisions"}],"predecessor-version":[{"id":193,"href":"https:\/\/sisu.ut.ee\/alusta-ettevotlusega\/wp-json\/wp\/v2\/pages\/4\/revisions\/193"}],"wp:attachment":[{"href":"https:\/\/sisu.ut.ee\/alusta-ettevotlusega\/wp-json\/wp\/v2\/media?parent=4"}],"curies":[{"name":"wp","href":"https:\/\/api.w.org\/{rel}","templated":true}]}}