{"id":3,"date":"2024-04-04T08:15:29","date_gmt":"2024-04-04T05:15:29","guid":{"rendered":"https:\/\/sisu.ut.ee\/alusta-ettevotlusega\/avaleht\/"},"modified":"2024-05-20T16:55:58","modified_gmt":"2024-05-20T13:55:58","slug":"avaleht","status":"publish","type":"page","link":"https:\/\/sisu.ut.ee\/alusta-ettevotlusega\/","title":{"rendered":"Avaleht ja \u00f5pijuhis"},"content":{"rendered":"<h2>Tere tulemast \u00f5ppima MOOCil\u00a0\u201cHakka ettev\u00f5tjaks. START\u201d<\/h2>\n<blockquote><p>Kursus on loodud\u00a0Euroopa Liidu Euroopa Sotsiaalfondi Ettev\u00f5tlus- ja karj\u00e4\u00e4ri\u00f5ppe programmi Edu &amp; Tegu raames eesm\u00e4rgiga arendada \u00f5ppijate\u00a0baasteadmisi\u00a0ettev\u00f5tlusest julgustamaks neid looma oma ettev\u00f5tet.<\/p><\/blockquote>\n<p>Kursuse koostamisel on kasutatud ESF Ettev\u00f5tlus- ja karj\u00e4\u00e4ri\u00f5ppe programmi Edu ja Tegu raames v\u00e4lja t\u00f6\u00f6tatud materjale (ettev\u00f5tlus\u00f5ppe digi\u00f5pikut\u00a0\u201cEttev\u00f5tlus. 4. taseme kutse\u00f5pe\u201d ja valikkursuse \u201cEttev\u00f5tlus\u00f5petus\u201d interaktiivseid t\u00f6\u00f6lehti),\u00a0Riigiportaali,\u00a0Registrite ja Infos\u00fcsteemide Keskusening Maakondlike Arenduskeskuste veebilehtedel\u00a0olevaid\u00a0juhendmaterjale ettev\u00f5tlusega alustamiseks\u00a0ja Erasmus+ projekti Student DCE raames v\u00e4lja t\u00f6\u00f6tatud avatud \u00f5ppeamaterjale.<\/p>\n<p>MOOC koosneb sissejuhatusest ja 4 moodulist, mis annavad taustateadmised ettev\u00f5tlusprotsessist ja koondavad teavet ettev\u00f5tte loomisest:<\/p>\n<table class=\"table table-hover\" style=\"width: 100%;\" border=\"0\" cellspacing=\"0\" cellpadding=\"0\">\n<tbody>\n<tr>\n<td rowspan=\"2\"><a title=\"\" href=\"https:\/\/sisu.ut.ee\/alusta-ettevotlusega\/sissejuhatus\" data-url=\"https:\/\/sisu.ut.ee\/alusta-ettevotlusega\/sissejuhatus\"><img loading=\"lazy\" decoding=\"async\" width=\"300\" height=\"269\" class=\"alignnone wp-image-29\" title=\"sissejuhatus.png\" src=\"https:\/\/sisu.ut.ee\/wp-content\/uploads\/sites\/587\/sissejuhatus.png\" alt=\"sissejuhatus.png\"><\/a><\/td>\n<td><a title=\"\" href=\"https:\/\/sisu.ut.ee\/alusta-ettevotlusega\/ettevotlus-ja-ettevotluskeskkond\" data-url=\"https:\/\/sisu.ut.ee\/alusta-ettevotlusega\/ettevotlus-ja-ettevotluskeskkond\"><img loading=\"lazy\" decoding=\"async\" width=\"300\" height=\"269\" class=\"alignnone wp-image-32\" title=\"i-ettevotluskeskkond.png\" src=\"https:\/\/sisu.ut.ee\/wp-content\/uploads\/sites\/587\/i-ettevotluskeskkond.png\" alt=\"i-ettevotluskeskkond.png\"><\/a><\/td>\n<td><a title=\"\" href=\"https:\/\/sisu.ut.ee\/alusta-ettevotlusega\/ettevotte-loomine\" data-url=\"https:\/\/sisu.ut.ee\/alusta-ettevotlusega\/ettevotte-loomine\"><img loading=\"lazy\" decoding=\"async\" width=\"300\" height=\"269\" class=\"alignnone wp-image-31\" title=\"ii-ettevotteloomine.png\" src=\"https:\/\/sisu.ut.ee\/wp-content\/uploads\/sites\/587\/ii-ettevotteloomine.png\" alt=\"ii-ettevotteloomine.png\"><\/a><\/td>\n<\/tr>\n<tr>\n<td><a title=\"\" href=\"https:\/\/sisu.ut.ee\/alusta-ettevotlusega\/finantsid\" data-url=\"https:\/\/sisu.ut.ee\/alusta-ettevotlusega\/finantsid\"><img loading=\"lazy\" decoding=\"async\" width=\"300\" height=\"269\" class=\"alignnone wp-image-30\" title=\"iii-finantsid.png\" src=\"https:\/\/sisu.ut.ee\/wp-content\/uploads\/sites\/587\/iii-finantsid.png\" alt=\"iii-finantsid.png\"><\/a><\/td>\n<td><a title=\"\" href=\"https:\/\/sisu.ut.ee\/alusta-ettevotlusega\/turg-ja-turundus\" data-url=\"https:\/\/sisu.ut.ee\/alusta-ettevotlusega\/turg-ja-turundus\"><img loading=\"lazy\" decoding=\"async\" width=\"300\" height=\"269\" class=\"alignnone wp-image-33\" title=\"iv-turg-turumajandus.png\" src=\"https:\/\/sisu.ut.ee\/wp-content\/uploads\/sites\/587\/iv-turg-turumajandus.png\" alt=\"iv-turg-turumajandus.png\"><\/a><\/td>\n<\/tr>\n<\/tbody>\n<\/table>\n<h4>Kursuse\u00a0l\u00e4binu:<\/h4>\n<ul>\n<li>teab, mis motiveerib inimesi ettev\u00f5tjaks hakkama ja millised oskused peavad ettev\u00f5tjal olema;<\/li>\n<li>oskab hinnata \u00e4riv\u00f5imalusi, arvestades iseenda eeldusi ja ettev\u00f5tluskeskkonda;<\/li>\n<li>oskab kavandada ettev\u00f5tte asutamisprotsessi, l\u00e4htudes \u00e4riseadustikust;<\/li>\n<li>oskab hinnata ettev\u00f5tte asutamisega seonduvaid kulusid ja teab ettev\u00f5tte eelarvestamise, finantseerimise ja majandusarvestuse p\u00f5him\u00f5tteid;<\/li>\n<li>oskab kavandada turundustegevusi vastavalt \u00e4riidees valitud tootele, tarbijale ja turutingimustele.<\/li>\n<\/ul>\n<h2><\/h2>\n<h2>\u00d5pijuhis<\/h2>\n<h4>Kursuse materjalide \u00fclesehitus<\/h4>\n<p>Kursuse maht on 1 EAP ehk 26 tundi \u00f5ppija t\u00f6\u00f6d\u00a0ning see koosneb sissejuhatusest ja 4\u00a0moodulist,\u00a0millest iga\u00fcks omakorda 2-4 teemast. Kursus on koostatud iseseisvalt\u00a0l\u00e4bimiseks. \u00d5ppematerjal\u00a0koosneb tekstiosast, l\u00fchikestest inspiratsioonivideodest,\u00a0n\u00e4idetest ja \u00f5pitu\u00a0kinnistamiseks suunatud enesekontrolliharjutustest. Neil, kes soovivad teemasse rohkem s\u00fcveneda,\u00a0on v\u00f5imalus teha kaasa kursuse iga teemalehe l\u00f5pus olev m\u00f5tlemis\u00fclesanne, et \u00f5pitut m\u00f5testada ja luua soovi korral oma\u00a0\u00e4riplaani projekt.<\/p>\n<p>Lehtede l\u00f5pus olevad nooled v\u00f5imaldavad mugavalt liikuda j\u00e4rgmisele v\u00f5i eelmisele teemale.<\/p>\n<p>Mooduli sissejuhatav leht annab \u00fclevaate k\u00e4sitletavatest teemadest ja \u00f5pitulemustest ning inspiratsiooniks on lisatud Ettev\u00f5tlus- ja karj\u00e4\u00e4ri\u00f5ppeprogrammi Edu ja Tegu raames loodud \u00f5ppevideo. Iga teema kohta on olemas tekstiline osa, mis on \u00f5ppimise\u00a0toetamiseks illustreeritud n\u00e4idete ja skeemidega, ning lisatud on erinevaid viiteid, mis v\u00f5imaldavad teemasse veelgi p\u00f5hjalikumalt\u00a0s\u00fcveneda.<\/p>\n<p>Igal teemalehel on enesekontrolli harjutus, mis v\u00f5imaldab omandatud teadmisi kontrollida ja \u00f5pitut kinnistada. Need testid on \u00fcks osa kursusest ja on v\u00e4ga soovitatav need l\u00e4bi teha saavutades 100%-lise tulemuse. Testide sooritamise arv ei ole piiratud.<\/p>\n<p dir=\"ltr\">Lisaks saab \u00f5ppija soovi korral iga teema l\u00f5pus\u00a0\u00f5pitu kinnistamiseks teha l\u00e4bi ettev\u00f5tte loomisega seonduva m\u00f5tlemisharjutuse ning panna kirja oma m\u00f5tted ja ideed, et kursuse l\u00f5puks luua oma \u00e4riplaani projekt. Kui m\u00f5tted ja ideed on kirja pandud, v\u00f5ib m\u00f5tlemisharjutusel klikkida ja kontrollida, kas m\u00f5tted liikusid \u00f5iges suunas.<\/p>\n<h4 dir=\"ltr\">Enesekontrolli harjutused<\/h4>\n<p>Iga teemalehe l\u00f5pus on enesekontrolli harjutused, mis v\u00f5imaldavad \u00f5ppijal oma teadmisi konkreetsel teemal proovile panna. Harjutused\u00a0on \u00fcles ehitatud p\u00f5him\u00f5ttel, et iga k\u00fcsimus on eraldi slaidil ja l\u00f5pptulemus on n\u00e4ha viimasel slaidil. Pane t\u00e4hele, et m\u00f5nele k\u00fcsimusele on v\u00f5imalik anda mitu vastust. Enesekontrolli harjutuste k\u00fcsimustele saab vastata mitu korda ja kontrollida ka \u00f5igeid vastuseid.<\/p>\n","protected":false},"excerpt":{"rendered":"<p>Tere tulemast \u00f5ppima MOOCil\u00a0\u201cHakka ettev\u00f5tjaks. START\u201d Kursus on loodud\u00a0Euroopa Liidu Euroopa Sotsiaalfondi Ettev\u00f5tlus- ja karj\u00e4\u00e4ri\u00f5ppe programmi Edu &amp; Tegu raames eesm\u00e4rgiga arendada \u00f5ppijate\u00a0baasteadmisi\u00a0ettev\u00f5tlusest julgustamaks neid looma oma ettev\u00f5tet. Kursuse koostamisel on kasutatud ESF Ettev\u00f5tlus- ja karj\u00e4\u00e4ri\u00f5ppe programmi Edu ja Tegu &#8230;<\/p>\n","protected":false},"author":63,"featured_media":0,"parent":0,"menu_order":0,"comment_status":"closed","ping_status":"closed","template":"","meta":{"_acf_changed":false,"inline_featured_image":false,"footnotes":""},"class_list":["post-3","page","type-page","status-publish","hentry"],"acf":[],"_links":{"self":[{"href":"https:\/\/sisu.ut.ee\/alusta-ettevotlusega\/wp-json\/wp\/v2\/pages\/3","targetHints":{"allow":["GET"]}}],"collection":[{"href":"https:\/\/sisu.ut.ee\/alusta-ettevotlusega\/wp-json\/wp\/v2\/pages"}],"about":[{"href":"https:\/\/sisu.ut.ee\/alusta-ettevotlusega\/wp-json\/wp\/v2\/types\/page"}],"author":[{"embeddable":true,"href":"https:\/\/sisu.ut.ee\/alusta-ettevotlusega\/wp-json\/wp\/v2\/users\/63"}],"replies":[{"embeddable":true,"href":"https:\/\/sisu.ut.ee\/alusta-ettevotlusega\/wp-json\/wp\/v2\/comments?post=3"}],"version-history":[{"count":4,"href":"https:\/\/sisu.ut.ee\/alusta-ettevotlusega\/wp-json\/wp\/v2\/pages\/3\/revisions"}],"predecessor-version":[{"id":208,"href":"https:\/\/sisu.ut.ee\/alusta-ettevotlusega\/wp-json\/wp\/v2\/pages\/3\/revisions\/208"}],"wp:attachment":[{"href":"https:\/\/sisu.ut.ee\/alusta-ettevotlusega\/wp-json\/wp\/v2\/media?parent=3"}],"curies":[{"name":"wp","href":"https:\/\/api.w.org\/{rel}","templated":true}]}}