{"id":24,"date":"2024-04-04T08:15:31","date_gmt":"2024-04-04T05:15:31","guid":{"rendered":"https:\/\/sisu.ut.ee\/alusta-ettevotlusega\/turundus-ja-turundussuhtlus\/"},"modified":"2024-04-19T08:19:04","modified_gmt":"2024-04-19T05:19:04","slug":"turundus-ja-turundussuhtlus","status":"publish","type":"page","link":"https:\/\/sisu.ut.ee\/alusta-ettevotlusega\/turundus-ja-turundussuhtlus\/","title":{"rendered":"3. Turundus ja turundussuhtlus"},"content":{"rendered":"<blockquote>\n<p>Viimase teema raames \u00f5pid kavandama\u00a0turundustegevusi ja valima turunduskanaleid\u00a0l\u00e4htuvalt sihtr\u00fchmast, turust ja tootest.<\/p>\n<\/blockquote>\n<h3>Turundus<\/h3>\n<p>Kui oled kavandanud oma toote ja kirjeldanud selle sihtturgu ning sihtr\u00fchma, oled l\u00e4bi m\u00f5elnud, kes on konkurendid ja milline on sinu konkurentsieelis, on aeg m\u00f5elda toote turundamisele.<\/p>\n<p>Toodete pakkujad konkureerivad \u00fcksteisega ostjate p\u00e4rast. Turumajanduse loogika j\u00e4rgi valib tarbija turult parima hinna ja kvaliteedi suhtega toote. Et tarbijatel oleks kergem valida, turundavad pakkujad oma tooteid.<\/p>\n<p><strong>Turundus <\/strong>on tarbijate vajaduste rahuldamiseks ja ettev\u00f5tte eesm\u00e4rkide saavutamiseks planeeritud tegevuste kompleks, mis h\u00f5lmab<\/p>\n<ul>\n<li>turu-uuringuid;<\/li>\n<li>toote\/pakendi kujundamist;<\/li>\n<li>hinnapoliitikat;<\/li>\n<li>m\u00fc\u00fcgikanalite valikut;<\/li>\n<li>m\u00fc\u00fcki ja m\u00fc\u00fcgi toetamist.<\/li>\n<\/ul>\n<p>Turunduse \u00fcldiseks eesm\u00e4rgiks on juhtida turul olevad v\u00f5imalikud tarbijad ettev\u00f5tte toodete v\u00f5i teenuste juurde ning teha k\u00f5ik, et juba olemasolevad tarbijad p\u00fcsiksid lojaalsed. Eesm\u00e4rk on tundma \u00f5ppida tarbijate vajadusi, neid rahuldada ja \u00fchtlasi saavutada ettev\u00f5tte enda eesm\u00e4rke. Teisis\u00f5nu tuleb kokku viia ostjate vajadused ja soovid ning m\u00fc\u00fcjate eesm\u00e4rgid. Selleks h\u00f5lmab turundus endas mitmeid tegevusi, mis peavad omavahel koosk\u00f5las olema ja terviku moodustama.<\/p>\n<p>V\u00f5ib \u00f6elda ka, et turunduse eesm\u00e4rk on m\u00fc\u00fca nii palju kui v\u00f5imalik, nii paljudele kui v\u00f5imalik, nii k\u00f5rge hinnaga kui v\u00f5imalik ja nii kaua kui v\u00f5imalik.<\/p>\n<p><strong>Turu segmenteerimine<\/strong>\u00a0on tegevus, mille k\u00e4igus jagatakse kliendid alar\u00fchmadesse n\u00e4iteks geograafiliste, demograafiliste, ps\u00fchhograafiliste\u00a0ja k\u00e4itumisharjumuste v\u00f5i teiste tunnuste alusel. Eesm\u00e4rgiks on jagada kliendid r\u00fchmadesse, et prognoosida nende v\u00e4\u00e4rtust (kasumlikkust) ettev\u00f5tte jaoks. Et turundus oleks edukas, tuleks erinevate r\u00fchmade\u00a0puhul kasutada erinevaid strateegiaid, et saavutada\u00a0maksimaalne tulemus (v\u00e4\u00e4rtus) nii k\u00f5rge kui ka madala kasumlikkusega klientidest.<\/p>\n<h3>Turunduse nurgakivid<\/h3>\n<p>Sageli arvatakse ekslikult, et turundus h\u00f5lmab vaid toodete reklaami ja m\u00fc\u00fcki (turustust). Need on olulised turundustegevused, kuid on veel palju asju, mis tuleb teha enne m\u00fc\u00fcgi alustamist, m\u00fc\u00fcgi ajal ning ka p\u00e4rast m\u00fc\u00fcki, n\u00e4iteks toote ja lisateenuste arendus, hinnakujundus, m\u00fc\u00fcgitoetuse ja turundusteabe levitamise tegevused. Turundust v\u00f5ib k\u00e4sitleda kui turundusmeetmestiku loomise ja t\u00e4ideviimise protsessi, mille etapid on<\/p>\n<ul>\n<li>turu anal\u00fc\u00fcs;<\/li>\n<li>sihtr\u00fchma valik;<\/li>\n<li>eesm\u00e4rkide seadmine;<\/li>\n<li>turundusmeetmestiku koostamine;<\/li>\n<li>tegevuskava koostamine;<\/li>\n<li>turundusmeetmestiku elluviimine;<\/li>\n<li>tulemuste kontrollimine.<\/li>\n<\/ul>\n<p>Ettev\u00f5tte turundustegevuse eesm\u00e4rk on m\u00e4\u00e4rata kindlaks sihtr\u00fchm, kellele oma pakkumine suunata ning seej\u00e4rel kohandada turundusmeetmestik vastavalt valitud sihtr\u00fchmale. Tuleb l\u00e4bi m\u00f5elda, kuidas oma sihtr\u00fchma vajadustele ja soovidele vastavat v\u00e4\u00e4rtust luua ja edastada. T\u00e4nap\u00e4eval r\u00e4\u00e4gitakse palju v\u00e4\u00e4rtusp\u00f5hisest turundusest. See peab v\u00f5imaldama edastada toote v\u00e4\u00e4rtusi sihtr\u00fchmale, samas ka v\u00e4listama olukorra, kus ostjad on rahul, kuid ettev\u00f5tte turunduskulud kasvavad ja tulud kahanevad.<\/p>\n<p>Konkurentsi tihenedes ja turgude arenedes on turunduse roll muutunud j\u00e4rjest olulisemaks. M\u00fc\u00fcjal tuleb kujundada oma n\u00e4gu, mis peab olema eriline ja ligit\u00f5mbav ning seda saab teha teadliku ja asjatundliku turundusega.<\/p>\n<p>Turunduse nurgakivideks tootekesksel ehk nn 4P-l\u00e4henemisviisil on\u00a0<\/p>\n<ul>\n<li>toode (product);<\/li>\n<li>hind (price);\u00a0<\/li>\n<li>koht (place);<\/li>\n<li>turundus ehk turundussuhtlus\u00a0(promotion).<\/li>\n<\/ul>\n<h3>\u00a0Toode<\/h3>\n<p>Tootega seoses tuleb otsustada, kas pakud\u00a0\u00fcksiktoodet v\u00f5i toodete sarja. N\u00e4iteks k\u00e4sitsi kootud kinnaste puhul saab valida, kas kududa\u00a0vaid \u00fcht v\u00e4rvi, \u00fche mustriga kindaid, v\u00f5i n\u00e4iteks erinevate piirkondade rahvuslike mustritega kinnaste sarja. Peab ka otsustama, millised on vajalikud lisateenused, mis muudaks sihtr\u00fchma jaoks toote ostmise ja kasutamise ahvatlevamaks, mugavamaks, v\u00e4iksema riskiga seotuks.\u00a0<\/p>\n<p>Lisaks peab otsustama, mida tuleks teha, et saada ostjatelt tagasisidet, mis v\u00f5imaldaks toodet edasi arendada v\u00f5i uusi tooteid turule tuua. Kui\u00a0kindaid m\u00fc\u00fcakse turuletilt, saab\u00a0kliendilt kohe arvamust\u00a0k\u00fcsida. Kui aga m\u00fc\u00fcakse\u00a0n\u00e4iteks m\u00f5ne k\u00e4sit\u00f6\u00f6- v\u00f5i e-poe kaudu, peab\u00a0m\u00f5tlema, kuidas klientidelt tagasisidet saada.<\/p>\n<h3>Hind<\/h3>\n<p>Eelmise mooduli Tulude ja kulude teema raames k\u00e4sitlesime hinnakujunduse teemat ja seda, et tootele tuleb m\u00e4\u00e4rata\u00a0<b>m\u00fc\u00fcgihind\u00a0<\/b>ning planeerida, kellele ja milliseid hinnaalandusi rakendada ja millal seda teha, samuti m\u00e4\u00e4rata, millised on krediidiv\u00f5imalused.<\/p>\n<p>Tootele m\u00fc\u00fcgihinna m\u00e4\u00e4ramine on v\u00e4ga oluline turundusotsus ning selle kujundamiseks tuleb arvesse v\u00f5tta kolme peamist tegurit:<\/p>\n<ul>\n<li>toote omahind ehk selle valmistamise ja m\u00fc\u00fcgiga kaasnevad\u00a0kogukulud, nii\u00a0p\u00fcsi-\u00a0kui ka\u00a0muutuvkulud;<\/li>\n<li>konkurentide sarnaste toodete ja asendustoodete hinnad;<\/li>\n<li>tarbijate ostuj\u00f5ud ja valmisolek m\u00e4\u00e4ratud hinda maksta.<\/li>\n<\/ul>\n<p>Toote m\u00fc\u00fcgihinda m\u00f5jutavad k\u00f5ik, sh konkurentide poolt tehtavad allahindlused (hinnasoodustused), pakutavad lisateenused ja krediiditingimused.\u00a0Tootega turule tulles v\u00f5ib hinnasoodustusi teha omahinna arvelt\u00a0v\u00f5i m\u00fc\u00fca seda v\u00e4iksema kasumiga, et ostjaid v\u00f5ita ja toote kasutamise kogemust levitada. V\u00f5i teha m\u00fc\u00fcgikampaaniaid, mille puhul m\u00fc\u00fcakse toodet ajutiselt madalama hinnaga, teenides v\u00e4hem kasumit. Kuid v\u00e4ga\u00a0oluline on\u00a0teadvustada, et kampaaniate, sh odavamat tutvumishinda pakkudes, tuleb tarbijaid kindlasti teavitada, et see on ajutine, vastasel korral tarbija pettub, kui tegelik m\u00fc\u00fcgihind on hiljem k\u00f5rgem.<\/p>\n<p>Madalaima hinna, mida oma toote eest saad v\u00f5tta, m\u00e4\u00e4rab selle omahind, k\u00f5rgeima aga tarbijate ostuv\u00f5ime.<\/p>\n<h3>M\u00fc\u00fcgikoht<\/h3>\n<p>Tuleb ka otsustada, kas m\u00fc\u00fca\u00a0oma toodet ise v\u00f5i vahendajate abil. Toote m\u00fc\u00fcgikoha valik on keeruline otsus, sest l\u00e4bim\u00fc\u00fck s\u00f5ltub paljuski sellest, kus ja millal ning millisel turul toodet m\u00fc\u00fca.<\/p>\n<p>M\u00fc\u00fcgikoht ehk\u00a0m\u00fc\u00fcgikanal\u00a0on s\u00fcsteem, mille kaudu liigub toode tootjalt tarbijani. Ostjani v\u00f5ib toode j\u00f5uda mitmel moel. Sobiva m\u00fc\u00fcgikoha valikul on oluline tunda oma sihtr\u00fchma ja ka toodet. V\u00f5id oma toodet m\u00fc\u00fca turuletilt, laadal v\u00f5i rentida kuskil m\u00fc\u00fcgikohta. Poe avamisel tuleb arvestada nii sihtr\u00fchma liikumise, logistika, juurdep\u00e4\u00e4su, parkimisv\u00f5imaluste kui\u00a0mitmete muude teguritega. Internetiostude ajastul on hea viis oma klientideni j\u00f5uda veebipoe vahendusel ja\u00a0tegutsemas on \u00fcsna palju e-poe platvorme. V\u00f5id oma toodet ka ise sotsiaalmeedia kanali kaudu m\u00fc\u00fca.<\/p>\n<p>Iga m\u00fc\u00fcgikanali puhul tuleb arvutada, kui palju m\u00fc\u00fck maksab (m\u00fc\u00fcgileti rendihind v\u00f5i vahendustasu jms).<\/p>\n<h3>Turundussuhtlus<\/h3>\n<p>Toote k\u00f5rval on t\u00e4htis ka turundussuhtlus. Silmapaistev s\u00f5num, eristumine, lugude r\u00e4\u00e4kimine erinevate meediumite abil v\u00f5imaldab inimestel samastuda ja see viib nad kergemini ostuni.<\/p>\n<p>Turundussuhtluseks v\u00f5ime lugeda k\u00f5iki neid turundustegevusi, mis suhtlemise kaudu suunavad tarbijad ettev\u00f5tte toodet ostma. Eesm\u00e4rgiks on m\u00f5jutada tarbija ostuk\u00e4itumist informeerimise, veenmise ja meeldetuletamise kaudu.<\/p>\n<h4>Reklaam<\/h4>\n<p>Reklaam on m\u00fc\u00fcja tellitud tasuline v\u00f5i tasuta toodete v\u00f5i ideede tutvustamine ja esilet\u00f5stmine.<br>Reklaamikanaliteks on:<\/p>\n<ul>\n<li>reklaamkingitused;<\/li>\n<li>plakatid;<\/li>\n<li>voldikud;<\/li>\n<li>kataloogid;<\/li>\n<li>m\u00fc\u00fcgiletid;<\/li>\n<li>internet, sh sotsiaalmeedia;<\/li>\n<li>ajakirjad;<\/li>\n<li>ajalehed;<\/li>\n<li>televisioon;<\/li>\n<li>raadio;<\/li>\n<li>v\u00e4limeedia;<\/li>\n<li>reklaam transpordivahendil.<\/li>\n<\/ul>\n<p>Reklaami koostamisel ja edastamisel tuleb j\u00e4lgida <a title=\"\" href=\"https:\/\/www.riigiteataja.ee\/akt\/127022022005\" target=\"_blank\" rel=\"noopener\" data-url=\"https:\/\/www.riigiteataja.ee\/akt\/127022022005\">Reklaamiseaduse<\/a> n\u00f5udeid.<\/p>\n<h4>Isiklik m\u00fc\u00fck<\/h4>\n<p>Isiklik m\u00fc\u00fck on see, kui toodet tutvustab ja m\u00fc\u00fcb personal. Eesm\u00e4rgiks on luua kliendisuhe ja j\u00f5uda m\u00fc\u00fcgini. Isikliku m\u00fc\u00fcgi kanalid on kohtumised klientidega, esitlused, tooten\u00e4idiste jagamine, telefonim\u00fc\u00fck, klienditeenindus.<\/p>\n<h4>Suhtekorraldus ja sisuturundus<\/h4>\n<p><strong>Suhtekorraldus <\/strong>(PR, public relations) on p\u00fcsiva usalduse, koost\u00f6\u00f6tahte, hea maine loomine ja hoidmine ettev\u00f5tete ja t\u00f6\u00f6tajate vahel. Suhtekorralduse kanalid on kohtumised, ajakirjad ja ajalehed, televisioon, raadio, internet, sh sotsiaalmeedia. Suhtekorraldus h\u00f5lmab endas n\u00e4iteks pressiteateid, kliendip\u00e4evi, sisuturundust, ka ettev\u00f5tte sisekoolitusi ja ettev\u00f5ttesiseseid \u00fcritusi. Suhtekorraldus on suunatud oma t\u00f6\u00f6tajatele, sihtr\u00fchmale, koost\u00f6\u00f6partneritele ja avalikkusele.<\/p>\n<p><strong>Sisuturundus<\/strong> (CM, content marketing) on moodne trend, mille kaudu ettev\u00f5tted tutvustavad oma parimaid kogemusi, tooteid ja t\u00f6\u00f6tajaid. Sisuturundust tehakse artiklite, saadete, sotsiaalmeedia postituste, blogide ja videote abil. Kajastatakse ettev\u00f5tte ja klientide kogemusi, toote v\u00f5i teenuse kujunemise lugu v\u00f5i kogemust, ettev\u00f5tte omanike, juhtide v\u00f5i valdkonnas tuntud t\u00f6\u00f6tajate arvamusi tootega soetud teemadel jne.<\/p>\n<h4>Otse- ja s\u00fcndmusturundus<\/h4>\n<p><strong>Otseturundus<\/strong> (DM, direct marketing) on \u00fche v\u00f5i mitme meediakanali kaudu otsese kontakti loomine v\u00f5i hoidmine sihtr\u00fchma esindajatega. Otseturunduse tegevusteks v\u00f5ivad olla kataloogid, e-poed ja pakkumine SMS-i, telefoni, kirja v\u00f5i e-kirja teel.<\/p>\n<p><strong>S\u00fcndmusturundus<\/strong> (EM, event marketing) on \u00fcrituste kaudu oma s\u00f5numi edastamine sihtr\u00fchmale. Eesm\u00e4rgiks on kinnistada inimeste peas meeldiv ja pikka aega p\u00fcsiv emotsioon. S\u00fcndmusturundust tehakse n\u00e4iteks suurejooneliste tooteesitluste, ettev\u00f5tte s\u00fcnnip\u00e4evade, kliendivastuv\u00f5ttude ja muude \u00fcrituste abil.<\/p>\n<p><strong>M\u00fc\u00fcgiedendus <\/strong>on mitmesugused m\u00fc\u00fcki m\u00f5jutavad v\u00f5tted. Eesm\u00e4rgiks on saada kohene reaktsioon sihtr\u00fchmalt ja neid ostma suunata. M\u00fc\u00fcgiedenduse tegevusteks on:<\/p>\n<ul>\n<li>esitlused;<\/li>\n<li>visualiseerivad materjalid;<\/li>\n<li>allahindlused;<\/li>\n<li>kupongid;<\/li>\n<li>tooten\u00e4idised;<\/li>\n<li>teemap\u00e4evad ja -n\u00e4dalad;<\/li>\n<li>tarbijam\u00e4ngud, loosimised;<\/li>\n<li>loteriid;<\/li>\n<li>preemiad;<\/li>\n<li>kingitused;<\/li>\n<li>ergutushinnad (nt happy hour, ostu\u00f6\u00f6);<\/li>\n<li>osalemine:\n<ul>\n<li>messidel;<\/li>\n<li>laatadel;<\/li>\n<li>toodete ja ettev\u00f5tete konkurssidel;<\/li>\n<li>kutseoskuste v\u00f5istlustel.<\/li>\n<\/ul>\n<\/li>\n<\/ul>\n<h3>Digiturundus<\/h3>\n<p>Turundustegevus muutub j\u00e4rjest enam digitaalseks ja kandub \u00fcle internetti, et k\u00f5netada inimesi tema nutitelefoni, tahvli- v\u00f5i arvutiekraani kaudu.<\/p>\n<p>Digiturundus\u00a0on toote pakkumine erinevate tehnoloogiliste vahendite ja meediumide kaudu.\u00a0See p\u00f5hineb andmetel, kusjuures nende kasutajatel tuleb j\u00e4rgida isikuandmete kaitse n\u00f5udeid.<\/p>\n<p>Digiturunduse tegemiseks on oluline kodulehek\u00fclg, mis on kohandatud kasutamiseks nii nutitelefonis, tahvlis kui ka arvutis ning mis aitab vaid m\u00f5ne klikiga leida vajaliku toote ning sooritada ost. Oluline on ka kodulehek\u00fclje tehniline \u00fclesehitus, et otsingumootorid (nt Google) peaksid lehek\u00fclge asjakohaseks.<\/p>\n<p>Sisuturundusel on digiturunduses t\u00e4htis roll, kuna see v\u00f5imaldab toota ja jagada sihtgrupile huvi pakkuvat sisu.<\/p>\n<p>Otsingumootori turunduseks nimetatakse erinevaid tekst- v\u00f5i piltreklaame (b\u00e4nnerreklaame) otsingumootorite juures, mille tasu arvestatakse klikkide alusel. Suunatud reklaame n\u00e4idatakse potentsiaalsetele klientidele, kes on varem toote vastu huvi ilmutanud. Kui inimene k\u00fclastab mingi ettev\u00f5tte kodulehte, j\u00e4\u00e4b tema k\u00fclastusele k\u00fclge k\u00fcpsis (cookie), mida kasutades n\u00e4idatakse talle edaspidi just k\u00fclastatud ettev\u00f5tte toodete reklaame.<\/p>\n<h4>Sotsiaalmeedia kui m\u00fc\u00fcgikanal<\/h4>\n<p>Sotsiaalmeediaks v\u00f5ib lugeda igat digitaalset v\u00f5rgustikku, mis pakub oma kasutajatele v\u00f5imalust luua suhteid ja jagada sisu. Sotsiaalmeedia kanaleid on palju, Eestis on tuntumad Facebook, Instagram, Youtube, Snapchat, Linkedin, Twitter, TikTok.<\/p>\n<p>Sotsiaalmeedia roll digiturunduses on toetada turunduseesm\u00e4rki f\u00e4nnibaasi ja huvitunud kontaktide hulga suurendamise kaudu. Informatsiooni jagatakse otseallikast, tagasisidet saadakse vahetult, pakutakse klienditeenindust. Sotsiaalmeedia pakub v\u00e4ga palju v\u00f5imalusi oma toodet otse sihtr\u00fchmale tutvustada, kuid oluline on valida \u00f5ige kanal ja \u00f5ige s\u00f5numi edastaja. Mida paeluvam on s\u00f5num, seda enam m\u00e4rgivad inimesed seda meeldivaks ning jagavad oma v\u00f5rgustikes v\u00f5i avalikult.<\/p>\n<p>Sotsiaalmeedia turunduses tehakse sageli koost\u00f6\u00f6d blogijate ja juutuuberitega (influentserite, s.o suunamudijatega), kelle f\u00e4nnide arv v\u00f5imaldab palju j\u00f5ulisemalt turunduss\u00f5numeid levitada ja sisuturundust teha.<\/p>\n<h4>Vaata l\u00f5petuseks Edu ja Tegu programmis loodud Kaarel Kotkase\u00a0\u00f5ppevideot\u00a0\u201c<strong>Alusta juba t\u00e4na!<\/strong>\u201d\u00a0<\/h4>\n<p><a href=\"https:\/\/www.youtube.com\/watch?v=KTmSyg3Emjc%20\"><img loading=\"lazy\" decoding=\"async\" width=\"1716\" height=\"1094\" class=\"alignnone wp-image-76\" style=\"width: 250px; height: 159px; float: left;\" title=\"kaarel_kotkas_video.jpg\" src=\"https:\/\/sisu.ut.ee\/wp-content\/uploads\/sites\/587\/kaarel_kotkas_video.jpg\" alt=\"AE_IV-3_video\" srcset=\"https:\/\/sisu.ut.ee\/wp-content\/uploads\/sites\/587\/kaarel_kotkas_video.jpg 1716w, https:\/\/sisu.ut.ee\/wp-content\/uploads\/sites\/587\/kaarel_kotkas_video-300x191.jpg 300w, https:\/\/sisu.ut.ee\/wp-content\/uploads\/sites\/587\/kaarel_kotkas_video-1024x653.jpg 1024w, https:\/\/sisu.ut.ee\/wp-content\/uploads\/sites\/587\/kaarel_kotkas_video-768x490.jpg 768w, https:\/\/sisu.ut.ee\/wp-content\/uploads\/sites\/587\/kaarel_kotkas_video-1536x979.jpg 1536w\" sizes=\"auto, (max-width: 1716px) 100vw, 1716px\"><\/a><a href=\"https:\/\/www.youtube.com\/watch?v=KTmSyg3Emjc\">https:\/\/www.youtube.com\/watch?v=KTmSyg3Emjc<\/a><\/p>\n<p>\u00a0<\/p>\n<h3>\u00a0<\/h3>\n<h3>\u00a0<\/h3>\n<h3>\u00a0<\/h3>\n<h3>Enesekontrolli harjutused<\/h3>\n<p>\u00a0<\/p>\n\n\n<div class=\"h5p-iframe-wrapper\"><div class=\"video-placeholder-wrapper video-placeholder-wrapper--fixed\" style=\"height: 366px;\">\n\t\t\t    <div class=\"video-placeholder d-flex justify-content-center align-items-center\">\n\t\t\t        <div class=\"overlay text-white p-2 w-100 text-center d-block justify-content-center align-items-center\">\n\t\t\t            <div>Kolmandate osapoolte sisu n\u00e4gemiseks palun n\u00f5ustu k\u00fcpsistega.<\/div>\n\t\t\t            <button class=\"btn btn-secondary btn-sm mt-1 consent-change\">Muuda n\u00f5usolekut<\/button>\n\t\t\t        <\/div>\n\t\t\t    <\/div>\n\t\t\t<\/div>\n<\/div>\n\n\n<h3><br>M\u00f5tteharjutus<\/h3>\n<p><\/p><div class=\"accordion mb-3\">\n        <div class=\"accordion-item accordion-item--white\">\n        <h2 class=\"accordion-header\" id=\"accordion-69e03751a4f1f-heading\">\n            <button class=\"accordion-button collapsed\" type=\"button\" data-bs-toggle=\"collapse\" data-bs-target=\"#accordion-69e03751a4f1f-collapse\" aria-expanded=\"true\" aria-controls=\"accordion-69e03751a4f1f-collapse\">Koosta oma tootele turunduskava. M\u00f5tle ja pane kirja oma toote sihtr\u00fchm ja potentsiaalsed ostjad ning seej\u00e4rel v\u00f5imalikud turundustegevused ja sihtr\u00fchmale sobivad turunduskanalid ning koosta turunduss\u00f5num. <\/button>\n        <\/h2>\n        <div id=\"accordion-69e03751a4f1f-collapse\" class=\"accordion-collapse collapse\" aria-labelledby=\"accordion-69e03751a4f1f-heading\">\n            <div class=\"accordion-body\"><strong>Silmapaistev turunduss\u00f5num, eristumine, lugude r\u00e4\u00e4kimine erinevate meediumite abil v\u00f5imaldab inimestel samastuda ja see viib nad ostuni. Samuti on \u00f5ige turunduskanali valik l\u00e4htuvalt sihtr\u00fchmast v\u00e4ga oluline. M\u00f5tle, millistest kanalitest sinu toote sihtr\u00fchm \/ostja infot saab\/otsib? Kas selleks on digimeedia v\u00f5i paberv\u00e4ljaanded? Nt noortele suunatud toote turundamine paberkandjal on suure t\u00f5en\u00e4osusega aja ja ressursside raiskamine, samas sotsiaalmeedia postitus v\u00f5i digireklaam oluliselt tulemuslikum. \u00a0Soovitav on turunduskava koostades koheselt hinnata ka turundustegevuste maksumust.<\/strong> \u00a0<\/div>\n        <\/div>\n        <\/div>\n    <\/div>","protected":false},"excerpt":{"rendered":"<p>Viimase teema raames \u00f5pid kavandama\u00a0turundustegevusi ja valima turunduskanaleid\u00a0l\u00e4htuvalt sihtr\u00fchmast, turust ja tootest. Turundus Kui oled kavandanud oma toote ja kirjeldanud selle sihtturgu ning sihtr\u00fchma, oled l\u00e4bi m\u00f5elnud, kes on konkurendid ja milline on sinu konkurentsieelis, on aeg m\u00f5elda toote turundamisele. &#8230;<\/p>\n","protected":false},"author":63,"featured_media":0,"parent":0,"menu_order":0,"comment_status":"closed","ping_status":"closed","template":"","meta":{"_acf_changed":false,"inline_featured_image":false,"footnotes":""},"class_list":["post-24","page","type-page","status-publish","hentry"],"acf":[],"_links":{"self":[{"href":"https:\/\/sisu.ut.ee\/alusta-ettevotlusega\/wp-json\/wp\/v2\/pages\/24","targetHints":{"allow":["GET"]}}],"collection":[{"href":"https:\/\/sisu.ut.ee\/alusta-ettevotlusega\/wp-json\/wp\/v2\/pages"}],"about":[{"href":"https:\/\/sisu.ut.ee\/alusta-ettevotlusega\/wp-json\/wp\/v2\/types\/page"}],"author":[{"embeddable":true,"href":"https:\/\/sisu.ut.ee\/alusta-ettevotlusega\/wp-json\/wp\/v2\/users\/63"}],"replies":[{"embeddable":true,"href":"https:\/\/sisu.ut.ee\/alusta-ettevotlusega\/wp-json\/wp\/v2\/comments?post=24"}],"version-history":[{"count":4,"href":"https:\/\/sisu.ut.ee\/alusta-ettevotlusega\/wp-json\/wp\/v2\/pages\/24\/revisions"}],"predecessor-version":[{"id":191,"href":"https:\/\/sisu.ut.ee\/alusta-ettevotlusega\/wp-json\/wp\/v2\/pages\/24\/revisions\/191"}],"wp:attachment":[{"href":"https:\/\/sisu.ut.ee\/alusta-ettevotlusega\/wp-json\/wp\/v2\/media?parent=24"}],"curies":[{"name":"wp","href":"https:\/\/api.w.org\/{rel}","templated":true}]}}