{"id":23,"date":"2024-04-04T08:15:31","date_gmt":"2024-04-04T05:15:31","guid":{"rendered":"https:\/\/sisu.ut.ee\/alusta-ettevotlusega\/noudlus-ja-pakkumine-vaartuspakkumine\/"},"modified":"2024-04-19T08:18:16","modified_gmt":"2024-04-19T05:18:16","slug":"noudlus-ja-pakkumine-vaartuspakkumine","status":"publish","type":"page","link":"https:\/\/sisu.ut.ee\/alusta-ettevotlusega\/noudlus-ja-pakkumine-vaartuspakkumine\/","title":{"rendered":"2. N\u00f5udlus ja pakkumine. V\u00e4\u00e4rtuspakkumine"},"content":{"rendered":"<blockquote>\n<p>Selle teema raames \u00f5pid hindama, millised tegurid\u00a0m\u00f5jutavad\u00a0n\u00f5udlust ja pakkumist ning saad teada, milles seisneb\u00a0v\u00e4\u00e4rtuspakkumine.\u00a0<\/p>\n<\/blockquote>\n<h3>N\u00f5udlus ja pakkumine turul<\/h3>\n<p>Turul on alati n\u00f5udjad (ostjad) ja pakkujad (m\u00fc\u00fcjad), kellel on erinevad huvid. Teiste s\u00f5nadega \u2013 turul on n\u00f5udlus ja pakkumine, mille puhul peame arvestama teatud seadusp\u00e4rasustega.<\/p>\n<p>N\u00f5udjad on tarbijad, kes turult tooteid ostavad. Me k\u00f5ik osaleme erinevatel turgudel n\u00f5udjatena, telefoni ostes telefoniturul, kinno minnes meelelahutusturul, jalgratast ostes jalgrattaturul, k\u00e4sitsi kootud kindaid ostes r\u00f5ivaturul jne. Kas me oleme valmis ostma neid tooteid ja teenuseid igasuguse hinnaga? Ilmselt mitte.<\/p>\n<p>Tavaliselt ostavad tarbijad midagi rohkem siis, kui see maksab v\u00e4hem, ja v\u00e4hem siis, kui see maksab rohkem. Seda nimetatakse n\u00f5udlusseaduseks.<\/p>\n<p>N\u00f5udmine (n\u00f5udlus) peegeldab toodete koguseid, mida inimesed soovivad ja on suutelised ostma erinevate v\u00f5imalike hindadega antud ajahetkel.<\/p>\n<h3>Ostuj\u00f5ud<\/h3>\n<p>Ostjate ja m\u00fc\u00fcjate erinevad huvid v\u00e4ljenduvad ootustes hinna suhtes. Ostjad ootavad v\u00f5imalikult madalat hinda ja m\u00fc\u00fcjad soovivad saada v\u00f5imalikult k\u00f5rget hinda. Hinnas lepitakse kokku turul kauplemise k\u00e4igus, st kujuneb tasakaalu- v\u00f5i turuhind, millega on rahul nii ostjad kui ka m\u00fc\u00fcjad.<\/p>\n<p>Hind m\u00f5jutab k\u00f5iki inimesi otsustamise juures \u00fchtemoodi. K\u00f5rged hinnad v\u00e4hendavad ostmist, madalamad ergutavad ostma. Hinna m\u00f5ju on niisugune m\u00f5ju, mis m\u00f5jutab ostuotsust. See n\u00e4itab, kuidas inimesed antud n\u00f5udluse korral s\u00f5ltuvalt hinnast ostetavaid koguseid muudavad.\u00a0<\/p>\n<p>Ostuj\u00f5ud on rahaga tagatud n\u00f5udlus.\u00a0<\/p>\n<p>Tarbijaid m\u00f5jutavad\u00a0<\/p>\n<ul>\n<li>ostuj\u00f5ud;<\/li>\n<li>toote v\u00e4\u00e4rtuse muutumine tarbija jaoks;\u00a0<\/li>\n<li>kahanev piirkasulikkus;<\/li>\n<li>asenduskaupade olemasolu.<\/li>\n<\/ul>\n<h3>N\u00f5udmine turul<\/h3>\n<p>Suuremal osal toodetest on konkurendid ja asendustoode. K\u00e4sitsi kootud kinnastel n\u00e4iteks masinkootud v\u00f5i nahast\/kangast \u00f5mmeldud kindad.\u00a0Janu kutsutamiseks sobivad erinevad joogid, ka vesi. Kui lemmikjoogi hind t\u00f5useb, ostetakse tihti\u00a0soodsama hinnaga asendusjooke. Samas, kui hind langeb, valitakse\u00a0paljude v\u00f5imaluste hulgast kindlasti pigem oma lemmikjook.<\/p>\n<p>Hinnamuutused m\u00f5jutavad meid k\u00f5iki. Meie k\u00f5ikide n\u00f5udluste koosm\u00f5ju on turun\u00f5udlus.<\/p>\n<p>Tarbijate reageerimise tundlikkust hinnamuutustele nimetatakse n\u00f5udluse hinnaelastsuseks (ka hinnatundlikkuseks). N\u00f5udluse hinnaelastsus n\u00e4itab tundlikkust hinnamuutuse suhtes.<\/p>\n<p>N\u00f5udlus on hinnaelastne, kui hindade alanemine toob kaasa suure n\u00f5udluse kasvu ja v\u00e4ike hinnat\u00f5us olulise n\u00f5udluse v\u00e4henemise. On tooteid, mille n\u00f5udlus on j\u00e4ik, kuna need tooted on inimestele vajalikumad kui teised ja nende tarbitav kogus hinna muutudes oluliselt ei muutu.<\/p>\n<p>N\u00f5udluse hinnaelastsust m\u00f5jutavad paljud tegurid, nagu n\u00e4iteks asenduskaupade k\u00e4ttesaadavus, hinnamuutustega kohanemise aeg, tootele kulutatu osat\u00e4htsus eelarves. Mis tahes toote n\u00f5udluse muutust p\u00f5hjustavad erinevad tegurid: muutused sissetulekutes ja hooajalistes tingimustes, t\u00e4iend- ja asenduskaupade k\u00e4ttesaadavus ja hinnad, muutused ostjate arvus, maitses, harjumustes v\u00f5i ootustes.<\/p>\n<h3>Pakkumine turul\u00a0<\/h3>\n<p>Ettev\u00f5tted toovad turule uusi tooteid, nad on pakkujad. Pakkujad on k\u00f5ik, kes turul midagi m\u00fc\u00fca soovivad. Pakkumine on toodete kogus, mida tootjad soovivad ja suudavad teatud ajahetkel erinevate hindadega m\u00fc\u00fcgiks pakkuda.<\/p>\n<p>Pakkumise seadus peegeldab pakutava koguse ja toote hinna vahelist suhet. Kui hind t\u00f5useb, suureneb m\u00fc\u00fcgiks pakutav kogus, ja vastupidi, kui hind langeb, v\u00e4heneb ka pakutav kogus.<\/p>\n<p>Hind m\u00f5jutab ka teisi pakkujaid. Kui k\u00f5ikide m\u00fc\u00fcjate pakkumised liita, saame summa, mida nimetatakse turupakkumiseks.<\/p>\n<p>Kui hinnamuutus toob kaasa toodete pakutava koguse suure muutuse, on hinnam\u00f5ju suur ja pakkumine elastne. N\u00e4iteks v\u00f5ib villaste k\u00e4sitsi kootud kinnaste kogus, mida tootja m\u00fc\u00fca soovib, tunduvalt suureneda, kui k\u00e4sit\u00f6\u00f6toodete hind veidi t\u00f5useb. Kui ettev\u00f5te suudab reageerida hinnamuutustele kiiresti ja v\u00e4hese vaevaga, on pakkumine elastne. M\u00f5nede toodete puhul on hinnam\u00f5ju v\u00e4ike. Selliste toodete puhul ei ole nende l\u00e4bim\u00fc\u00fcki v\u00f5imalik oluliselt kasvatada, pakkumine on j\u00e4ik.<\/p>\n<p>Pakkumise muutust m\u00f5jutavad<\/p>\n<ul>\n<li>tootmise piirkulude muutmine;<\/li>\n<li>tootjate ja m\u00fc\u00fcjate arvu muutumine;<\/li>\n<li>tootjate ootuste muutus.<\/li>\n<\/ul>\n<p>N\u00f5udlus ja pakkumine toimivad turul korraga ja \u00fches s\u00fcsteemis. M\u00e4rkame, et aeg-ajalt on m\u00f5ne toote hind, mida tavap\u00e4raselt ostame, t\u00f5usnud. M\u00f5nikord hinnatakse tooteid ka alla. Hindade t\u00f5usmine ja langemine on turul loomulik protsess.<\/p>\n<h3>Turuhind<\/h3>\n<p>Turuhinnad ehk tasakaaluhinnad kujunevad n\u00f5udluse ja pakkumise tulemusel ning need omakorda juhivad nii m\u00fc\u00fcjate kui ka ostjate otsuseid.<\/p>\n<p>Konkreetse hinnataseme korral n\u00f5uavad tarbijad mingit kindlat toodete kogust ja tootjad on valmis pakkuma mingit kindlat kogust. Tarbija ja tootja eesm\u00e4rkidesse on programmeeritud vastuolu ning tuleb leida kompromiss. Selleks on turu tasakaalu saavutamine.<\/p>\n<p>Turu tasakaalu puhul on n\u00f5utava ja pakutava toote kogused mingil hinnatasandil v\u00f5rdsed. Tasakaaluhinnaga ei ole kindlasti rahul k\u00f5ik tootjad, kes sooviksid k\u00f5rgema hinnaga m\u00fc\u00fca, ega ka k\u00f5ik ostjad, kes sooviksid madalama hinnaga osta. Kuid selline tegutsemise v\u00f5imaldab turul edasi toimida.<\/p>\n<p>Tasakaaluhind ja tasakaalukogus on seega tootjatele ja tarbijatele vastuv\u00f5etav hinna ja koguse kombinatsioon. T\u00e4ielikku turu tasakaalu, mis oleks ideaalne olukord, tegelikkuses ei eksisteeri. Kui n\u00f5udmine on suurem kui pakkumine, on turul puuduj\u00e4\u00e4k, kui aga pakkumine on suurem kui n\u00f5udlus, valitseb turul \u00fclej\u00e4\u00e4k. Turu \u00fclej\u00e4\u00e4k surub turuhinna alla ja turu puuduj\u00e4\u00e4k \u00fcles.<\/p>\n<h3>V\u00e4\u00e4rtuspakkumine<\/h3>\n<p>V\u00e4\u00e4rtuspakkumine on see, mis paneb kliente eelistama sinu toodet v\u00f5i teenust teistele pakkujatele.\u00a0V\u00e4\u00e4rtuspakkumine peab v\u00e4ljendama selget ja lihtsat s\u00f5numit, millega p\u00fc\u00fctakse potentsiaalsete klientide t\u00e4helepanu. Selleks on oluline teada, mida sinu toote\u00a0potentsiaalsed kliendid tegelikult v\u00e4\u00e4rtustavad.<br>Unikaalne ja hea v\u00e4\u00e4rtuspakkumine on seotud kliendigrupi peamise probleemiga, mis k\u00f5netab piisaval hulgal kliente, t\u00f5stab sind konkurentide\u00a0seas\u00a0esile ja mida ei ole lihtne kopeerida.<\/p>\n<p>V\u00e4\u00e4rtust saab luua erinevalt. Selleks v\u00f5ib olla midagi, mille teed kliendi eest \u00e4ra, mida talle endale kohe \u00fcldse teha ei meeldi v\u00f5i pakud midagi, mis teeb tema elu lihtsamaks ja s\u00e4\u00e4stab aega, et tegeleda oma hobiga v\u00f5i veeta rohkem aega\u00a0oma perega.<\/p>\n<p>V\u00f5ib \u00f6elda, et just v\u00e4\u00e4rtuspakkumine on see, mille p\u00e4rast kliendid l\u00f5puks sinu uksele koputavad. Kui sinu kaup v\u00f5i teenus\u00a0lahendab kliendi probleemi konkurentidega v\u00f5rreldes kiiremini, paremini, targemini v\u00f5i nutikamalt, siis \u00e4ratab see klientides huvi ja nad on n\u00f5us selle eest ka rohkem maksma.<\/p>\n<p>Turuanal\u00fc\u00fcs, konkurentsianal\u00fc\u00fcs ja v\u00e4\u00e4rtuspakkumise s\u00f5nastamine on asjad, mis tuleks kindlasti \u00e4ra teha juba kohe ettev\u00f5tte k\u00e4ivitamise faasis. See aitab v\u00e4ltida olukordi, kus oled teinud suuri kulutusi tootmise p\u00fcstipanekule v\u00f5i teenuse v\u00e4ljam\u00f5tlemisele, mille vastu keegi huvi ei tunne.<\/p>\n<p>Loe v\u00e4\u00e4rtuspakkumise kohta rohkem Ettev\u00f5tlus- ja karj\u00e4\u00e4ri\u00f5ppe programmi \u201cEdu ja Tegu\u201d toel loodud \u00f5piobjektist \u201cV\u00e4\u00e4rtuste loomine\u201d <a title=\"\" href=\"https:\/\/www.tlu.ee\/opmat\/HTI\/vaartuste_loomine\/vrtuspakkumine.html\" target=\"_blank\" rel=\"noopener\" data-url=\"https:\/\/www.tlu.ee\/opmat\/HTI\/vaartuste_loomine\/vrtuspakkumine.html\">https:\/\/www.tlu.ee\/opmat\/HTI\/vaartuste_loomine\/vrtuspakkumine.html<\/a>.<\/p>\n<h3>Enesekontrolli harjutused<\/h3>\n<p>\u00a0<\/p>\n\n\n<div class=\"h5p-iframe-wrapper\"><div class=\"video-placeholder-wrapper video-placeholder-wrapper--fixed\" style=\"height: 366px;\">\n\t\t\t    <div class=\"video-placeholder d-flex justify-content-center align-items-center\">\n\t\t\t        <div class=\"overlay text-white p-2 w-100 text-center d-block justify-content-center align-items-center\">\n\t\t\t            <div>Kolmandate osapoolte sisu n\u00e4gemiseks palun n\u00f5ustu k\u00fcpsistega.<\/div>\n\t\t\t            <button class=\"btn btn-secondary btn-sm mt-1 consent-change\">Muuda n\u00f5usolekut<\/button>\n\t\t\t        <\/div>\n\t\t\t    <\/div>\n\t\t\t<\/div>\n<\/div>\n\n\n<h3><br>M\u00f5tteharjutus<\/h3>\n<p><\/p><div class=\"accordion mb-3\">\n        <div class=\"accordion-item accordion-item--white\">\n        <h2 class=\"accordion-header\" id=\"accordion-69e037ab76f0f-heading\">\n            <button class=\"accordion-button collapsed\" type=\"button\" data-bs-toggle=\"collapse\" data-bs-target=\"#accordion-69e037ab76f0f-collapse\" aria-expanded=\"true\" aria-controls=\"accordion-69e037ab76f0f-collapse\">S\u00f5nasta oma tootele v\u00e4\u00e4rtuspakkumine.<\/button>\n        <\/h2>\n        <div id=\"accordion-69e037ab76f0f-collapse\" class=\"accordion-collapse collapse\" aria-labelledby=\"accordion-69e037ab76f0f-heading\">\n            <div class=\"accordion-body\"><strong>V\u00e4\u00e4rtuspakkumine peab v\u00e4ljendama selget ja lihtsat s\u00f5numit, millega p\u00fc\u00fctakse potentsiaalsete klientide t\u00e4helepanu. Unikaalne ja hea v\u00e4\u00e4rtuspakkumine on seotud kliendigrupi peamise probleemiga, mis k\u00f5netab piisaval hulgal kliente ja t\u00f5stab sind konkurentidega seas esile. Kui sinu kaup v\u00f5i teenus lahendab kliendi probleemi konkurentidega v\u00f5rreldes kiiremini, paremini, targemini v\u00f5i nutikamalt, siis \u00e4ratab see klientides huvi ja nad on n\u00f5us selle eest ka rohkem maksma.<\/strong><\/div>\n        <\/div>\n        <\/div>\n    <\/div>","protected":false},"excerpt":{"rendered":"<p>Selle teema raames \u00f5pid hindama, millised tegurid\u00a0m\u00f5jutavad\u00a0n\u00f5udlust ja pakkumist ning saad teada, milles seisneb\u00a0v\u00e4\u00e4rtuspakkumine.\u00a0 N\u00f5udlus ja pakkumine turul Turul on alati n\u00f5udjad (ostjad) ja pakkujad (m\u00fc\u00fcjad), kellel on erinevad huvid. Teiste s\u00f5nadega \u2013 turul on n\u00f5udlus ja pakkumine, mille puhul &#8230;<\/p>\n","protected":false},"author":63,"featured_media":0,"parent":0,"menu_order":0,"comment_status":"closed","ping_status":"closed","template":"","meta":{"_acf_changed":false,"inline_featured_image":false,"footnotes":""},"class_list":["post-23","page","type-page","status-publish","hentry"],"acf":[],"_links":{"self":[{"href":"https:\/\/sisu.ut.ee\/alusta-ettevotlusega\/wp-json\/wp\/v2\/pages\/23","targetHints":{"allow":["GET"]}}],"collection":[{"href":"https:\/\/sisu.ut.ee\/alusta-ettevotlusega\/wp-json\/wp\/v2\/pages"}],"about":[{"href":"https:\/\/sisu.ut.ee\/alusta-ettevotlusega\/wp-json\/wp\/v2\/types\/page"}],"author":[{"embeddable":true,"href":"https:\/\/sisu.ut.ee\/alusta-ettevotlusega\/wp-json\/wp\/v2\/users\/63"}],"replies":[{"embeddable":true,"href":"https:\/\/sisu.ut.ee\/alusta-ettevotlusega\/wp-json\/wp\/v2\/comments?post=23"}],"version-history":[{"count":4,"href":"https:\/\/sisu.ut.ee\/alusta-ettevotlusega\/wp-json\/wp\/v2\/pages\/23\/revisions"}],"predecessor-version":[{"id":190,"href":"https:\/\/sisu.ut.ee\/alusta-ettevotlusega\/wp-json\/wp\/v2\/pages\/23\/revisions\/190"}],"wp:attachment":[{"href":"https:\/\/sisu.ut.ee\/alusta-ettevotlusega\/wp-json\/wp\/v2\/media?parent=23"}],"curies":[{"name":"wp","href":"https:\/\/api.w.org\/{rel}","templated":true}]}}