{"id":18,"date":"2024-04-04T08:15:31","date_gmt":"2024-04-04T05:15:31","guid":{"rendered":"https:\/\/sisu.ut.ee\/alusta-ettevotlusega\/eelarve-koostamine\/"},"modified":"2024-04-19T08:15:32","modified_gmt":"2024-04-19T05:15:32","slug":"eelarve-koostamine","status":"publish","type":"page","link":"https:\/\/sisu.ut.ee\/alusta-ettevotlusega\/eelarve-koostamine\/","title":{"rendered":"1. Eelarve koostamine"},"content":{"rendered":"<blockquote>\n<p>Selle teema raames saad teada, miks\u00a0eelarvestamine on oluline ja kuidas eelarvet koostada.\u00a0<\/p>\n<\/blockquote>\n<h3>Miks on\u00a0eelarve koostamine oluline?<\/h3>\n<p>Eelarve ehk teisis\u00f5nu finantsplaan on ettev\u00f5tte rahas v\u00e4ljendatud tegevusplaan, mille abil kavandatakse ettev\u00f5tte majandustulemused ja finantsseisund.\u00a0<\/p>\n<p>Ettev\u00f5tlusega saab\u00a0alustada ainult siis, kui selleks on olemas vajlikud ressursid. Ressursivajaduse kindlaksm\u00e4\u00e4ramine vajalike vahendite hankimiseks\u00a0on h\u00e4davajalik kohe ettev\u00f5tte loomise idee\u00a0algusest peale. Selleks, et ettev\u00f5te saavutaks oma potentsiaali, on vaja see hoolikalt kavandada.<\/p>\n<p>Alustava ettev\u00f5tte finantsprognooside koostamine keskendub sellele, et ettev\u00f5ttel j\u00e4tkuks piisavalt raha oma eesm\u00e4rkide t\u00e4itmiseks ning suudaks seejuures\u00a0teenida ka kasumit. Eelk\u00f5ige on finantsprognoosid ja eelarve koostamine vajalik ettev\u00f5tjale endale, et aru saada, kui tulusaks v\u00f5ib \u00e4ri kasvada aga ka siesndiks v\u00f5imalikele rahastajatele.\u00a0<\/p>\n<h4>Alusta\u00a0eelarvest. Mis see on?<\/h4>\n<p>Ettev\u00f5tte eelarve on ettev\u00f5tte loomise ja k\u00e4ivitamise erinevate etappide kogukulude hinnang. See v\u00f5ib h\u00f5lmata selliseid aspekte nagu<\/p>\n<ul>\n<li>ettev\u00f5tte registreerimise kulud;<\/li>\n<li>omakapital;<\/li>\n<li>inimeste t\u00f6\u00f6tasud\/t\u00f6\u00f6j\u00f5ukulud;<\/li>\n<li>seadistuskulud (nt. t\u00f6\u00f6koht, t\u00f6\u00f6riistad, seadmed jne);<\/li>\n<li>tegevuskulud (t\u00f6\u00f6kohtade ja koosolekuruumide rent, reisikulud jne);<\/li>\n<li>kulud vajalikele materjalidele;<\/li>\n<li>reklaamikulud jne.<\/li>\n<\/ul>\n<p>Eelarve koostamine aitab tagada, et\u00a0katta on v\u00f5imalik k\u00f5ik ettev\u00f5tte loomisega seotud kulud, ka tekkida v\u00f5ivad ootamatud kulud.<\/p>\n<p>Ettev\u00f5tte eelarve on oluline ka juhul, kui taotletakse toetust ettev\u00f5tte loomiseks. See\u00a0annab infot\u00a0finantsvajaduse kohta erinevates etappides ning\u00a0on oluline\u00a0alus\u00a0ja\u00a0t\u00f5endusbaas rahastajale taotluse hindamisel.<\/p>\n<h3>Kuidas eelarvet koostada?<\/h3>\n<p>Eelarve tuleb koostada p\u00f5hjalikult, et kahe silma vahele ei j\u00e4\u00e4ks komponendid, mis v\u00f5ivad m\u00f5jutada rahastamise tagamist. Eelarvestamine on v\u00e4ga oluline, et ettev\u00f5tte oleks rahaliselt edukas, sest k\u00f5ikide kuludega eelarves mitte arvestamine v\u00f5ib viia\u00a0v\u00f5lgadesse.<\/p>\n<p>Eelarve koostamisel peab arvestama\u00a0mitmete p\u00f5hiaspektidega ja kasutada v\u00f5ib eelarve koostamisel kulude hindamise erinevaid meetodeid.<\/p>\n<h4>Lihtsa eelarve loomise k\u00f5ige elementaarsemad sammud.<\/h4>\n<ol>\n<li><img loading=\"lazy\" decoding=\"async\" width=\"273\" height=\"151\" class=\"alignnone wp-image-58\" style=\"width: 250px; height: 138px; float: right;\" title=\"Lihtsa eelarve n\u00e4idis\" src=\"https:\/\/sisu.ut.ee\/wp-content\/uploads\/sites\/587\/lihtsa_eelarve_naidis.png\" alt=\"AE_3_eelarve _n\u00e4idis\"><strong>Tegvuste\/\u00fclesannete loendi koostamine<\/strong><br>See aitab kindlaks teha, mida peab ettev\u00f5tte loomise ja k\u00e4ivitamise igas etapis tegema\/saavutama. Samuti aitab see jagada tegevused v\u00e4iksemateks alategevusteks ja vajadusel m\u00e4\u00e4rata vastutaja meeskonnaliikmete seast. \u00dclesannete loendi koostamist on soovitav alustada juba ettev\u00f5tte\u00a0kavandamise etapis.<\/li>\n<li><strong>Tegevuse kuluprognoosi koostamine<\/strong><br>Iga tegevuse puhul tuleb v\u00e4lja selgitada\/hinnata k\u00f5igi selle tegevuse jaoks vajalike ressursside, materjalide ja aja maksumust. Iga \u00fclesande saavutamiseks tuleb seada realistlikud ajaraamid. Projekti esialgse eelarve saamiseks tuleb k\u00f5ikide tegevuste\u00a0kuluprognoosid kokku liita.\u00a0K\u00f5igi andmete sisestamine arvutustabelisse v\u00f5ib\u00a0selles etapis olla v\u00e4ga kasulik. Koostades oma arvutustabeli kahe veeruna \u2013 \u00fcks \u201eTegevus\u201d ja teine \u201cMaksumus\u201d, n\u00e4ete \u00fclevaatlikult, mida on vaja teha iga \u00fclesande t\u00e4itmiseks ja kui palju see hinnanguliselt maksab.\u00a0<\/li>\n<li><strong>Eelarve\u00a0etten\u00e4gematute kulude jaoks ehk meelerahufond<\/strong><br>Etten\u00e4gematute olukordadega\/kuludega arvestamine on eelarves\u00a0\u00e4\u00e4rmiselt oluline. Kunagi ei tea, millal v\u00f5ivad tekkida t\u00e4iendavad v\u00f5i ootamatud kulud. Hea l\u00e4htepunkt etten\u00e4gematute kulude jaoks on 10% tegevuskulude kogumaksumusest. See tagab, et teil on raha hoidmaks oma tegevused eelarve raamides.<\/li>\n<\/ol>\n<p>Soovitav on ka leida\u00a0keegi, kes vaatab eelarve \u00fcle,\u00a0tagamaks, et k\u00f5ik aspektid on arvesse v\u00f5etud.<\/p>\n<p>Kui selguvad uued asjaolud, v\u00f5ib eelarve alati \u00fcle vaadata ja teha vajalikud korrektuurid.\u00a0<\/p>\n<h4>Vaata inspiratsiooniks Edu ja Tegu programmis loodud Alissa Vassilkova \u00f5ppevideot\u00a0<strong>\u201cPlaneerimine \u2013 tark ei torma\u201d.<\/strong><\/h4>\n<p><a title=\"\" href=\"https:\/\/www.youtube.com\/watch?v=QLOCtfd3z2Q&amp;\" data-url=\"https:\/\/www.youtube.com\/watch?v=QLOCtfd3z2Q&amp;\"><img decoding=\"async\" style=\"width: 250px; height: 159px; float: left;\" title=\"\" src=\"https:\/\/sisu.ut.ee\/wp-content\/uploads\/sites\/587\/alissa_vassilkova_video.jpg\" alt=\"AE_2_vidoe2\" data-file_info=\"%7B%22fid%22:%2273674%22,%22view_mode%22:%22default%22,%22type%22:%22media%22%7D\"><\/a><a title=\"\" href=\"https:\/\/www.youtube.com\/watch?v=QLOCtfd3z2Q&amp;list=PLu6QyDgH-tEYjmxSYZFFA9hxWB73vZc-M&amp;index=11\" target=\"_blank\" rel=\"noopener\">https:\/\/www.youtube.com\/watch?v=QLOCtfd3z2Q&amp;<\/a><\/p>\n<p>\u00a0<\/p>\n<p>\u00a0<\/p>\n<p>\u00a0<\/p>\n<h3>Enesekontrolli harjutused<\/h3>\n<p>\u00a0<\/p>\n\n\n<div class=\"h5p-iframe-wrapper\"><div class=\"video-placeholder-wrapper video-placeholder-wrapper--fixed\" style=\"height: 366px;\">\n\t\t\t    <div class=\"video-placeholder d-flex justify-content-center align-items-center\">\n\t\t\t        <div class=\"overlay text-white p-2 w-100 text-center d-block justify-content-center align-items-center\">\n\t\t\t            <div>Kolmandate osapoolte sisu n\u00e4gemiseks palun n\u00f5ustu k\u00fcpsistega.<\/div>\n\t\t\t            <button class=\"btn btn-secondary btn-sm mt-1 consent-change\">Muuda n\u00f5usolekut<\/button>\n\t\t\t        <\/div>\n\t\t\t    <\/div>\n\t\t\t<\/div>\n<\/div>\n\n\n<h3><br>M\u00f5tteharjutus<\/h3>\n<p><\/p><div class=\"accordion mb-3\">\n        <div class=\"accordion-item accordion-item--white\">\n        <h2 class=\"accordion-header\" id=\"accordion-69e039709e9c5-heading\">\n            <button class=\"accordion-button collapsed\" type=\"button\" data-bs-toggle=\"collapse\" data-bs-target=\"#accordion-69e039709e9c5-collapse\" aria-expanded=\"true\" aria-controls=\"accordion-69e039709e9c5-collapse\">Koosta oma ettev\u00f5tte loomiseks lihtne eelarve. Selleks pane kirja k\u00f5ik tegevused mis on vaja teha ettev\u00f5tte edukaks registreerimiseks \u00c4riregistris ja tegevuse alustamiseks, v\u00f5ttes aluseks eelmise teema juures koostatud ettev\u00f5tte asutamisprotsessi kirjelduse. Loetle eelarves k\u00f5ik tegevused \u00fcksikasjalikult ning hinda iga tegevuse maksumust kulude poolel. Tulude poolele pane kirja ettev\u00f5tte rahastamise allikad. <\/button>\n        <\/h2>\n        <div id=\"accordion-69e039709e9c5-collapse\" class=\"accordion-collapse collapse\" aria-labelledby=\"accordion-69e039709e9c5-heading\">\n            <div class=\"accordion-body\">Kas m\u00f5tlesid ka sellistele v\u00f5imalike kuludele nagu\n<ul>\n<li>tasuline konsultatsioon (nt juriidiline n\u00f5u)?<\/li>\n<li>riigil\u00f5iv ettev\u00f5tte registreerimisel?<\/li>\n<li>osakapitali sissemakse?<\/li>\n<li>tootmis- ja\/v\u00f5i kontoriruumide kulu?<\/li>\n<li>materjali kulu?<\/li>\n<li>m\u00fc\u00fcgi ja turundusega seotud kulud?<\/li>\n<li>transpordikulu?<\/li>\n<li>t\u00f6\u00f6koha loomisega seotud kulud ja kontoritarbed?<\/li>\n<li>t\u00f6\u00f6j\u00f5ukulu (sh t\u00f6\u00f6tasu ja maksud)?<\/li>\n<li>reserv ootamatute kulude jaoks?<\/li>\n<\/ul>\n<p><strong>Tegevuste loendi koostamisel on abiks eelmise teema juures koostatud asutamisprotsessi kirjeldus, mida saab vajadusel t\u00e4iendada ja muuta detailsemaks. Oluline on kirja panna k\u00f5ik v\u00f5imalikud kuluallikad, et omaksid realistlikku \u00fclevaadet vaja minevatest ressurssidest. Soovitav on alati lisada ca 10% ootamatuteks kuludeks. Ettev\u00f5tte registreerimise j\u00e4rel saab tehtud kulutused \u00fcles v\u00f5tta ettev\u00f5tte kuludena. Selleks tuleb loomulikult alles hoida k\u00f5ik kuludokumendid. Eelarve koostamine on mugav Excelis, mis v\u00f5imaldab lisada valemeid automaatseteks arvutusteks. Soovitav on koheselt lisada ka tegevuste ajakava, mis v\u00f5imaldab hinnata kulusid kuude l\u00f5ikes (vaata j\u00e4rgmise teema all n\u00e4itena toodud Ettev\u00f5tte k\u00e4ivitamise kavandamise joonist).<\/strong><br><\/p><\/div>\n        <\/div>\n        <\/div>\n    <\/div>","protected":false},"excerpt":{"rendered":"<p>Selle teema raames saad teada, miks\u00a0eelarvestamine on oluline ja kuidas eelarvet koostada.\u00a0 Miks on\u00a0eelarve koostamine oluline? Eelarve ehk teisis\u00f5nu finantsplaan on ettev\u00f5tte rahas v\u00e4ljendatud tegevusplaan, mille abil kavandatakse ettev\u00f5tte majandustulemused ja finantsseisund.\u00a0 Ettev\u00f5tlusega saab\u00a0alustada ainult siis, kui selleks on olemas &#8230;<\/p>\n","protected":false},"author":63,"featured_media":0,"parent":0,"menu_order":0,"comment_status":"closed","ping_status":"closed","template":"","meta":{"_acf_changed":false,"inline_featured_image":false,"footnotes":""},"class_list":["post-18","page","type-page","status-publish","hentry"],"acf":[],"_links":{"self":[{"href":"https:\/\/sisu.ut.ee\/alusta-ettevotlusega\/wp-json\/wp\/v2\/pages\/18","targetHints":{"allow":["GET"]}}],"collection":[{"href":"https:\/\/sisu.ut.ee\/alusta-ettevotlusega\/wp-json\/wp\/v2\/pages"}],"about":[{"href":"https:\/\/sisu.ut.ee\/alusta-ettevotlusega\/wp-json\/wp\/v2\/types\/page"}],"author":[{"embeddable":true,"href":"https:\/\/sisu.ut.ee\/alusta-ettevotlusega\/wp-json\/wp\/v2\/users\/63"}],"replies":[{"embeddable":true,"href":"https:\/\/sisu.ut.ee\/alusta-ettevotlusega\/wp-json\/wp\/v2\/comments?post=18"}],"version-history":[{"count":4,"href":"https:\/\/sisu.ut.ee\/alusta-ettevotlusega\/wp-json\/wp\/v2\/pages\/18\/revisions"}],"predecessor-version":[{"id":185,"href":"https:\/\/sisu.ut.ee\/alusta-ettevotlusega\/wp-json\/wp\/v2\/pages\/18\/revisions\/185"}],"wp:attachment":[{"href":"https:\/\/sisu.ut.ee\/alusta-ettevotlusega\/wp-json\/wp\/v2\/media?parent=18"}],"curies":[{"name":"wp","href":"https:\/\/api.w.org\/{rel}","templated":true}]}}