{"id":17,"date":"2024-04-04T08:15:31","date_gmt":"2024-04-04T05:15:31","guid":{"rendered":"https:\/\/sisu.ut.ee\/alusta-ettevotlusega\/finantsid\/"},"modified":"2024-04-19T08:15:02","modified_gmt":"2024-04-19T05:15:02","slug":"finantsid","status":"publish","type":"page","link":"https:\/\/sisu.ut.ee\/alusta-ettevotlusega\/finantsid\/","title":{"rendered":"III. Finantsid"},"content":{"rendered":"<blockquote><p>Kolmandas moodulis \u00f5pid hindama ettev\u00f5tte asutamisega seonduvaid kulusid ja tutvud ettev\u00f5tte eelarvestamise, finantseerimise ja raamatupidamise p\u00f5him\u00f5tetega.<\/p><\/blockquote>\n<h4><img loading=\"lazy\" decoding=\"async\" width=\"300\" height=\"269\" class=\"alignnone wp-image-30\" style=\"width: 200px; height: 179px; float: right;\" title=\"iii-finantsid.png\" src=\"https:\/\/sisu.ut.ee\/wp-content\/uploads\/sites\/587\/iii-finantsid.png\" alt=\"iii-finantsid.png\">Selle mooduli teemad on:<\/h4>\n<ol>\n<li>Eelarve koostamine<\/li>\n<li>Tulud ja kulud<\/li>\n<li>Ettev\u00f5tte raamatupidamine. Bilanss<\/li>\n<\/ol>\n<h4>Mooduli l\u00e4binud \u00f5ppija<\/h4>\n<ul>\n<li>teab, miks ja kuidas koostada eelarvet;<\/li>\n<li>oskab hinnata ettev\u00f5tlusega seotud kulusid ja tulusid ning koostada m\u00fc\u00fcgiprognoosi;<\/li>\n<li>teab ettev\u00f5tte raamatupidamise p\u00f5hialuseid.<\/li>\n<\/ul>\n<h4>Vaata teema sissejuhatuseks\u00a0Edu ja Tegu programmis loodud Paavo Siimanni \u00f5ppevideot\u00a0<strong>\u201cRahatarkus\u00a0aitab hoida raha taskus<\/strong><strong>\u201c.<\/strong><\/h4>\n<p><a title=\"\" href=\"https:\/\/www.youtube.com\/watch?v=hSYhKHcJ_Js&amp;\" data-url=\"https:\/\/www.youtube.com\/watch?v=hSYhKHcJ_Js&amp;\"><img loading=\"lazy\" decoding=\"async\" width=\"1716\" height=\"1094\" class=\"alignnone wp-image-57\" style=\"width: 250px; height: 159px; float: left;\" title=\"paavo_siimann_video.jpg\" src=\"https:\/\/sisu.ut.ee\/wp-content\/uploads\/sites\/587\/paavo_siimann_video.jpg\" alt=\"AE_3_video\" srcset=\"https:\/\/sisu.ut.ee\/wp-content\/uploads\/sites\/587\/paavo_siimann_video.jpg 1716w, https:\/\/sisu.ut.ee\/wp-content\/uploads\/sites\/587\/paavo_siimann_video-300x191.jpg 300w, https:\/\/sisu.ut.ee\/wp-content\/uploads\/sites\/587\/paavo_siimann_video-1024x653.jpg 1024w, https:\/\/sisu.ut.ee\/wp-content\/uploads\/sites\/587\/paavo_siimann_video-768x490.jpg 768w, https:\/\/sisu.ut.ee\/wp-content\/uploads\/sites\/587\/paavo_siimann_video-1536x979.jpg 1536w\" sizes=\"auto, (max-width: 1716px) 100vw, 1716px\"><\/a><a title=\"\" href=\"https:\/\/www.youtube.com\/watch?v=hSYhKHcJ_Js&amp;list=PLu6QyDgH-tEYjmxSYZFFA9hxWB73vZc-M&amp;index=9\" target=\"_blank\" rel=\"noopener\" data-url=\"https:\/\/www.youtube.com\/watch?v=hSYhKHcJ_Js&amp;list=PLu6QyDgH-tEYjmxSYZFFA9hxWB73vZc-M&amp;index=9\">https:\/\/www.youtube.com\/watch?v=hSYhKHcJ_Js&amp;<\/a><\/p>\n","protected":false},"excerpt":{"rendered":"<p>Kolmandas moodulis \u00f5pid hindama ettev\u00f5tte asutamisega seonduvaid kulusid ja tutvud ettev\u00f5tte eelarvestamise, finantseerimise ja raamatupidamise p\u00f5him\u00f5tetega. Selle mooduli teemad on: Eelarve koostamine Tulud ja kulud Ettev\u00f5tte raamatupidamine. Bilanss Mooduli l\u00e4binud \u00f5ppija teab, miks ja kuidas koostada eelarvet; oskab hinnata ettev\u00f5tlusega &#8230;<\/p>\n","protected":false},"author":63,"featured_media":0,"parent":0,"menu_order":0,"comment_status":"closed","ping_status":"closed","template":"","meta":{"_acf_changed":false,"inline_featured_image":false,"footnotes":""},"class_list":["post-17","page","type-page","status-publish","hentry"],"acf":[],"_links":{"self":[{"href":"https:\/\/sisu.ut.ee\/alusta-ettevotlusega\/wp-json\/wp\/v2\/pages\/17","targetHints":{"allow":["GET"]}}],"collection":[{"href":"https:\/\/sisu.ut.ee\/alusta-ettevotlusega\/wp-json\/wp\/v2\/pages"}],"about":[{"href":"https:\/\/sisu.ut.ee\/alusta-ettevotlusega\/wp-json\/wp\/v2\/types\/page"}],"author":[{"embeddable":true,"href":"https:\/\/sisu.ut.ee\/alusta-ettevotlusega\/wp-json\/wp\/v2\/users\/63"}],"replies":[{"embeddable":true,"href":"https:\/\/sisu.ut.ee\/alusta-ettevotlusega\/wp-json\/wp\/v2\/comments?post=17"}],"version-history":[{"count":2,"href":"https:\/\/sisu.ut.ee\/alusta-ettevotlusega\/wp-json\/wp\/v2\/pages\/17\/revisions"}],"predecessor-version":[{"id":184,"href":"https:\/\/sisu.ut.ee\/alusta-ettevotlusega\/wp-json\/wp\/v2\/pages\/17\/revisions\/184"}],"wp:attachment":[{"href":"https:\/\/sisu.ut.ee\/alusta-ettevotlusega\/wp-json\/wp\/v2\/media?parent=17"}],"curies":[{"name":"wp","href":"https:\/\/api.w.org\/{rel}","templated":true}]}}