{"id":16,"date":"2024-04-04T08:15:30","date_gmt":"2024-04-04T05:15:30","guid":{"rendered":"https:\/\/sisu.ut.ee\/alusta-ettevotlusega\/ettevotte-asutamisprotsess\/"},"modified":"2024-04-19T08:14:48","modified_gmt":"2024-04-19T05:14:48","slug":"ettevotte-asutamisprotsess","status":"publish","type":"page","link":"https:\/\/sisu.ut.ee\/alusta-ettevotlusega\/ettevotte-asutamisprotsess\/","title":{"rendered":"4. Ettev\u00f5tte asutamisprotsess"},"content":{"rendered":"<blockquote>\n<p>Selle teema raames saad\u00a0\u00fclevaate\u00a0ettev\u00f5tte asutamisprotsessist ja sellest, mida on vaja teha kohe peale ettev\u00f5tte registreerimist.\u00a0<\/p>\n<\/blockquote>\n<h3>Ettev\u00f5tte loomine<\/h3>\n<p>Kindlasti peab enne ettev\u00f5tte registreerimist valima \u00e4rinime,\u00a0ettev\u00f5tlusvormi ja tegevusala. T\u00e4psemalt k\u00e4sitlesime teemat, millele enne ettev\u00f5tte loomist on vaja veel\u00a0 kindlasti m\u00f5elda, ettev\u00f5tluse tugis\u00fcsteemiga tutvumisel k\u00e4esoleva\u00a0mooduli esimese\u00a0teema raames.<\/p>\n<h4>Osa\u00fching kui levinuim ettev\u00f5tlusvorm<\/h4>\n<p>Levinuim ettev\u00f5tlusvorm Eestis on osa\u00fching, kuna selle \u00fclesehitus on k\u00f5ige lihtsam, registreerimine on kiire, ei ole n\u00f5udeid osakapitali suurusele ja\u00a0puudub osanike isiklik varaline vastutus osa\u00fchingu kohustuste eest. FIE, t\u00e4is\u00fchingu, usaldus\u00fchingu ja mittetulundus\u00fchingu puhul vastutavad liikmed \u00fcldjuhul kogu oma isikliku varaga (v.a usaldus\u00fchingu usaldusosanik).<\/p>\n<p>Eelnevalt k\u00e4sitletu meeldetuletuseks, et alates 01.02.2023 osa\u00fchingule seadusest tulenevat minimaalse osakapitali n\u00f5uet ei ole. Osa\u00fchingu asutamisel on asutajad vabad ise otsustama, kui suurt kapitali neil tarvis l\u00e4heb, mis\u00a0annab suure vabaduse l\u00e4htuda osakapitali valikul osa\u00fchingu plaanitavast tegevusest ja tegelikust kapitalivajadusest. Ei tohi aga unustada, et osa\u00fchingu asutajad vastutavad osa\u00fchingu asutamisel sissemaksete v\u00f5i asutamiskulude eba\u00f5ige hindamisega osa\u00fchingule tekkinud kahju eest.\u00a0<\/p>\n<p>Osa\u00fchingu asutamisest loe t\u00e4psemalt Riigiportaalist:\u00a0<a title=\"\" href=\"https:\/\/www.eesti.ee\/et\/ettevotlus\/ettevotte-loomine\/osauehingu-asutamine\" target=\"_blank\" rel=\"noopener\" data-url=\"https:\/\/www.eesti.ee\/et\/ettevotlus\/ettevotte-loomine\/osauehingu-asutamine\">https:\/\/www.eesti.ee\/et\/ettevotlus\/ettevotte-loomine\/osauehingu-asutamine<\/a><\/p>\n<h4>\u00c4rinime ja domeeni kontroll<\/h4>\n<p>Enne ettev\u00f5tte asutamist on soovitatav teha ka \u00e4rinime kontroll, seda saab teha <a title=\"\" href=\"https:\/\/www.rik.ee\/et\/e-ariregister\" target=\"_blank\" rel=\"noopener\" data-url=\"https:\/\/www.rik.ee\/et\/e-ariregister\">e-\u00e4riregistris<\/a>. Registreeritav \u00e4rinimi peab olema selgelt eristatav teistest \u00e4riregistrisse kantud \u00e4rinimedest.<\/p>\n<p>\u00c4rinimes ei tohi kasutada Eestis kaubam\u00e4rgina kaitstavat s\u00f5nalist, t\u00e4helist v\u00f5i numbrilist t\u00e4hist v\u00f5i nende kombinatsiooni ilma kaubam\u00e4rgi omaniku notariaalselt kinnitatud n\u00f5usolekuta, v\u00e4lja arvatud juhul, kui ettev\u00f5tja tegutseb tegevusaladel, mille suhtes kaubam\u00e4rk ei ole kaitstud.<\/p>\n<p>Kuna t\u00e4nap\u00e4eval on koduleht \u00fcheks ettev\u00f5tte olulisemaks elektrooniliseks visiitkaardiks, siis on vaja kontrollida ka domeeni saadavust. Eriti just nende ettev\u00f5tjate puhul, kes soovivad, et koduleht oleks ettev\u00f5tte nimega sama. Seda saab teha erinevate registreeritud registripidajate juures, kelle nimekirjad on v\u00f5imalik leida <a title=\"\" href=\"https:\/\/www.internet.ee\/et\" target=\"_blank\" rel=\"noopener\" data-url=\"https:\/\/www.internet.ee\/et\">Eesti Interneti SA<\/a> lehelt.<\/p>\n<h4>Tegevusala valik<\/h4>\n<p>Ettev\u00f5tte registreerimisel on vaja siseatada EMTAK kood ehk tegevusala kood <a title=\"\" href=\"https:\/\/www.rik.ee\/sites\/www.rik.ee\/files\/elfinder\/article_files\/emtak_2008_pdf_0.pdf\" target=\"_blank\" rel=\"noopener\" data-url=\"https:\/\/www.rik.ee\/sites\/www.rik.ee\/files\/elfinder\/article_files\/emtak_2008_pdf_0.pdf\">Eesti Majanduse Tegevusalade Klassifikaatorist<\/a>, mis\u00a0on rahvusvaheliselt \u00fchtlustatud klassifikaatori NACE Eesti rahvuslik versioon. See tuleb v\u00e4lja otsida enne ettev\u00f5tte regsitreerimisprotsessiga alustamist.\u00a0<\/p>\n<p>Vaata t\u00e4psemalt Registrite ja Infos\u00fcsteemide Keskuse kodulehelt:\u00a0<a title=\"\" href=\"https:\/\/www.rik.ee\/et\/e-ariregister\/emtak-tegevusalad\" target=\"_blank\" rel=\"noopener\" data-url=\"https:\/\/www.rik.ee\/et\/e-ariregister\/emtak-tegevusalad\">https:\/\/www.rik.ee\/et\/e-ariregister\/emtak-tegevusalad<\/a>\u00a0<\/p>\n<h3>Ettev\u00f5tte loomine<\/h3>\n<p>Ettev\u00f5tte loomiseks tuleb see regsitreerida kas elektrooniliselt <a title=\"\" href=\"https:\/\/www.rik.ee\/et\/e-ariregister\" target=\"_blank\" rel=\"noopener\" data-url=\"https:\/\/www.rik.ee\/et\/e-ariregister\">e-\u00e4riregistri portaalis<\/a> v\u00f5i notari kaudu.\u00a0<\/p>\n<h3>Tegevused peale ettev\u00f5tte loomist<\/h3>\n<h4>Pangakonto<\/h4>\n<p>Pangakonto on v\u00f5imalik avada p\u00e4rast ettev\u00f5tte registreerimist Registrite ja Infos\u00fcsteemide Keskuse poolt hallatavas <a title=\"\" href=\"https:\/\/www.rik.ee\/et\/e-ariregister\" target=\"_blank\" rel=\"noopener\" data-url=\"https:\/\/www.rik.ee\/et\/e-ariregister\">\u00c4riregistris<\/a>. Eestis tegutsevate pankade nimekirjaga on v\u00f5imalik tutvuda <a title=\"\" href=\"https:\/\/www.fi.ee\/et\" target=\"_blank\" rel=\"noopener\" data-url=\"https:\/\/www.fi.ee\/et\">Finantsinspektsiooni<\/a> kodulehel \u201ePangandus ja krediit\u201d rubriigis\u00a0\u201eKrediidiasutused ja krediidiandjad\u201d lehel.<\/p>\n<p>Milline pank valida? Soovitatav on vaadata, mida pangad uutele klientidele pakuvad ning kas ettev\u00f5tte tooted\/teenused toetavad v\u00f5i v\u00f5ivad pigem takistada ettev\u00f5tte kasvu. N\u00e4iteks kui ettev\u00f5ttel on vaja makseterminale v\u00f5i stardilaenu, kas pank siis pakub seda v\u00f5i tuleks\u00a0selleks avada pangakonto m\u00f5nes teises pangas.<\/p>\n<h4>Tegevusluba<\/h4>\n<p>Tulenevalt \u00e4riseadustikust v\u00f5ib ettev\u00f5tja tegutseda tegevusaladel, millel tegutsemine pole seadusega keelatud. Seadus v\u00f5ib s\u00e4testada tegevusalasid, milleks on vaja tegevusluba v\u00f5i millel v\u00f5ib tegutseda vaid teatud liiki ettev\u00f5tja (nt mittetulundus\u00fching, sihtasutus vm).<\/p>\n<p>Erin\u00f5uetega tegevusalad jaotuvad kahte kategooriasse: tegevusalad, millel on vaja taotleda tegevusluba ja tegevusalad, millel on kohustus esitada majandustegevusteade. Tegevusloa v\u00f5i majandustegevusteate registreerimise kohustuse kohta leiab infot valdkonda reguleerivatest organisatsioonidest ja \u00f5igusaktidest. Vaata lisaks <a title=\"\" href=\"https:\/\/www.eesti.ee\/et\" target=\"_blank\" rel=\"noopener\" data-url=\"https:\/\/www.eesti.ee\/et\">Riigiportaalist<\/a>\u00a0\u201eErin\u00f5uetega tegevusalad\u201d rubriigist.<\/p>\n<h4>Suhtlus Maksu- ja Tolliametiga<\/h4>\n<p>Alustava ettev\u00f5tjana on v\u00f5imalik k\u00e4ia enne ettev\u00f5tlusega alustamist <a title=\"\" href=\"https:\/\/www.emta.ee\/\" target=\"_blank\" rel=\"noopener\" data-url=\"https:\/\/www.emta.ee\/\">Maksu- ja Tolliametis<\/a>\u00a0konsultatsioonis ja saada \u00fclevaade ettev\u00f5tlusega seotud tegevustest, aruannetest ja maksudest. P\u00e4rast ettev\u00f5tte asutamist on esimese sammuna soovitatav s\u00f5lmida Maksu- ja Tolliametiga leping e-maksuameti kasutamiseks.<\/p>\n<h4>T\u00f6\u00f6tamise register<\/h4>\n<p>T\u00f6\u00f6tamise registreerimise kohustus on k\u00f5igil t\u00f6\u00f6d v\u00f5imaldavatel f\u00fc\u00fcsilistel ja juriidilistel isikutel. <a title=\"\" href=\"https:\/\/www.emta.ee\/ariklient\/registreerimine-ettevotlus\/tootamise-register\" target=\"_blank\" rel=\"noopener\" data-url=\"https:\/\/www.emta.ee\/ariklient\/registreerimine-ettevotlus\/tootamise-register\">T\u00f6\u00f6tamise registrisse<\/a> on kohustus registreerida k\u00f5ik t\u00f6\u00f6tajad alates vabatahtlikutest, praktikantidest, l\u00f5petades juhatuse liikmetega.<\/p>\n<h4>Domeeni registreerimine ja kodulehe loomine<\/h4>\n<p>Domeen on veebilehe aadress, kus asub ettev\u00f5tte koduleht. Kuna domeen ei pea kuuluma ettev\u00f5ttele, siis saab eraisik ka enne ettev\u00f5tte asutamist domeeni registreerida. Standardtingimustes soovitatakse, et domeeni ja kodulehe nimi on sarnased, kuna see v\u00f5imaldab lihtsamat n\u00e4htavust otsingumootorites. Samas v\u00f5ib domeeniks olla br\u00e4nd v\u00f5i endale kuuluv kaubam\u00e4rk, millega soovitakse turul eristuda.<\/p>\n<h4>Tegevusplaan<\/h4>\n<p>\u00c4riplaani rakendamine n\u00f5uab head tegevusplaani ja s\u00fcsteemset tegutsemist. Selleks, et oma tegevust paremini planeerida, tuleb koostada \u00e4riplaani elluviimise tegevuskava (tegevusplaan).<\/p>\n<ul>\n<li>Tegevuskava peab esimese aasta kohta olema maksimaalselt detailne ning tegevused kirjeldatud kuude l\u00f5ikes, kusjuures esimese kuu tegevused v\u00f5iksid olla eraldi r\u00f5hutatuna v\u00e4lja toodud.<\/li>\n<li>K\u00f5ikidele tegevustele tuleks lisada t\u00e4itjad\/vastutajad ja t\u00e4htajad. Vastutajate m\u00e4\u00e4ramisel m\u00f5tle l\u00e4bi, kas m\u00f5nda tegevust on m\u00f5istlikum n\u00e4iteks partneritelt teenusena osta, mitte ise teha (nt veebilehe tegemine, raamatupidamine).<\/li>\n<li>Tegevusplaani koostamisel j\u00e4lgi, et tegevused ei kuhjuks samasse perioodi, kuna see tekitab kohe riski, et tegelikkuses ei suuda ettev\u00f5te k\u00f5ike \u00e4ra teha.<\/li>\n<li>Arvesta t\u00e4htaegade seadmisel m\u00f5istliku ajavaruga ning sinu \u00e4ri jaoks oluliste faktoritega (nt hooajalisus).<\/li>\n<li>Uute vajaduste ilmnemisel t\u00e4ienda tegevuskava jooksvalt. Tegevuskava planeerimisel lepi oma tuumikmeeskonnaga kokku tegevuskava elluviimise j\u00e4lgimise kord (regulaarsed koosolekud v\u00f5i \u00fclevaated jmt).<\/li>\n<\/ul>\n<h4>Vaata inspiratsiooniks<strong>\u00a0<\/strong>Edu ja Tegu programmis loodud Ville Jehe \u00f5ppevideot\u00a0<strong>\u201cMetatunnetus ehk kotkaperspektiiv iseendale\u201d.\u00a0<\/strong><\/h4>\n<p><a href=\"https:\/\/www.youtube.com\/watch?v=9koyjKlPhY0\"><img loading=\"lazy\" decoding=\"async\" width=\"1716\" height=\"1094\" class=\"alignnone wp-image-56\" style=\"width: 250px; height: 159px; float: left;\" title=\"ville_jehe_video.jpg\" src=\"https:\/\/sisu.ut.ee\/wp-content\/uploads\/sites\/587\/ville_jehe_video.jpg\" alt=\"AE_II-4_video\" srcset=\"https:\/\/sisu.ut.ee\/wp-content\/uploads\/sites\/587\/ville_jehe_video.jpg 1716w, https:\/\/sisu.ut.ee\/wp-content\/uploads\/sites\/587\/ville_jehe_video-300x191.jpg 300w, https:\/\/sisu.ut.ee\/wp-content\/uploads\/sites\/587\/ville_jehe_video-1024x653.jpg 1024w, https:\/\/sisu.ut.ee\/wp-content\/uploads\/sites\/587\/ville_jehe_video-768x490.jpg 768w, https:\/\/sisu.ut.ee\/wp-content\/uploads\/sites\/587\/ville_jehe_video-1536x979.jpg 1536w\" sizes=\"auto, (max-width: 1716px) 100vw, 1716px\">https:\/\/www.youtube.com\/watch?v=9koyjKlPhY0<\/a><\/p>\n<p>\u00a0<\/p>\n<h4>\u00a0<\/h4>\n<p>\u00a0<\/p>\n<h3>Enesekontrolli harjutused<\/h3>\n<p>\u00a0<\/p>\n\n\n<div class=\"h5p-iframe-wrapper\"><div class=\"video-placeholder-wrapper video-placeholder-wrapper--fixed\" style=\"height: 366px;\">\n\t\t\t    <div class=\"video-placeholder d-flex justify-content-center align-items-center\">\n\t\t\t        <div class=\"overlay text-white p-2 w-100 text-center d-block justify-content-center align-items-center\">\n\t\t\t            <div>Kolmandate osapoolte sisu n\u00e4gemiseks palun n\u00f5ustu k\u00fcpsistega.<\/div>\n\t\t\t            <button class=\"btn btn-secondary btn-sm mt-1 consent-change\">Muuda n\u00f5usolekut<\/button>\n\t\t\t        <\/div>\n\t\t\t    <\/div>\n\t\t\t<\/div>\n<\/div>\n\n\n<h3><br>M\u00f5tteharjutus<\/h3>\n<p><\/p><div class=\"accordion mb-3\">\n        <div class=\"accordion-item accordion-item--white\">\n        <h2 class=\"accordion-header\" id=\"accordion-69e037ab8c6e0-heading\">\n            <button class=\"accordion-button collapsed\" type=\"button\" data-bs-toggle=\"collapse\" data-bs-target=\"#accordion-69e037ab8c6e0-collapse\" aria-expanded=\"true\" aria-controls=\"accordion-69e037ab8c6e0-collapse\">Koosta oma ettev\u00f5tte asutamisprotsessi kirjeldus. Pane kirja k\u00f5ik tegevused, mida on vaja teha enne ettev\u00f5tte registreerimist, milliseid dokumente ja infot on vaja ettev\u00f5tte registreerimiseks \u00c4riregistris ning milliseid tegevusi on vaja teha peale ettev\u00f5tte registreerimist. <\/button>\n        <\/h2>\n        <div id=\"accordion-69e037ab8c6e0-collapse\" class=\"accordion-collapse collapse\" aria-labelledby=\"accordion-69e037ab8c6e0-heading\">\n            <div class=\"accordion-body\"><strong>Et registreerimisprotsess \u00c4riregistris oleks sujuv, on oluline eelnevalt l\u00e4bi m\u00f5elda ja valida sobiv \u00e4rinimi ja ettev\u00f5tlusvorm ning tegevusala. Kuna \u00e4rinimele kehtivad mitmed piirangud, siis on oluline eelnevalt teostada e-\u00e4riregistris \u00e4rinime kontroll. Tegevusala valikul aitab Eesti Majanduse Tegevusalade Klassifikaator, kust tuleb leida tegevusala ehk nn EMTAK kood. Peale ettev\u00f5tte registreerimist on koheselt vaja avada ettev\u00f5ttele pangakonto, s\u00f5lmida Maksu- ja Tolliametiga (MTA) leping e-maksuameti kasutamiseks ning registreerida t\u00f6\u00f6tajad (ka juhatuse liikmed) MTA poolt hallatavas T\u00f6\u00f6tamise registris, samuti koostada detailne tegevuskava \u00e4riplaani elluviimiseks. <\/strong><\/div>\n        <\/div>\n        <\/div>\n    <\/div>","protected":false},"excerpt":{"rendered":"<p>Selle teema raames saad\u00a0\u00fclevaate\u00a0ettev\u00f5tte asutamisprotsessist ja sellest, mida on vaja teha kohe peale ettev\u00f5tte registreerimist.\u00a0 Ettev\u00f5tte loomine Kindlasti peab enne ettev\u00f5tte registreerimist valima \u00e4rinime,\u00a0ettev\u00f5tlusvormi ja tegevusala. T\u00e4psemalt k\u00e4sitlesime teemat, millele enne ettev\u00f5tte loomist on vaja veel\u00a0 kindlasti m\u00f5elda, ettev\u00f5tluse tugis\u00fcsteemiga &#8230;<\/p>\n","protected":false},"author":63,"featured_media":0,"parent":0,"menu_order":0,"comment_status":"closed","ping_status":"closed","template":"","meta":{"_acf_changed":false,"inline_featured_image":false,"footnotes":""},"class_list":["post-16","page","type-page","status-publish","hentry"],"acf":[],"_links":{"self":[{"href":"https:\/\/sisu.ut.ee\/alusta-ettevotlusega\/wp-json\/wp\/v2\/pages\/16","targetHints":{"allow":["GET"]}}],"collection":[{"href":"https:\/\/sisu.ut.ee\/alusta-ettevotlusega\/wp-json\/wp\/v2\/pages"}],"about":[{"href":"https:\/\/sisu.ut.ee\/alusta-ettevotlusega\/wp-json\/wp\/v2\/types\/page"}],"author":[{"embeddable":true,"href":"https:\/\/sisu.ut.ee\/alusta-ettevotlusega\/wp-json\/wp\/v2\/users\/63"}],"replies":[{"embeddable":true,"href":"https:\/\/sisu.ut.ee\/alusta-ettevotlusega\/wp-json\/wp\/v2\/comments?post=16"}],"version-history":[{"count":4,"href":"https:\/\/sisu.ut.ee\/alusta-ettevotlusega\/wp-json\/wp\/v2\/pages\/16\/revisions"}],"predecessor-version":[{"id":183,"href":"https:\/\/sisu.ut.ee\/alusta-ettevotlusega\/wp-json\/wp\/v2\/pages\/16\/revisions\/183"}],"wp:attachment":[{"href":"https:\/\/sisu.ut.ee\/alusta-ettevotlusega\/wp-json\/wp\/v2\/media?parent=16"}],"curies":[{"name":"wp","href":"https:\/\/api.w.org\/{rel}","templated":true}]}}