{"id":13,"date":"2024-04-04T08:15:30","date_gmt":"2024-04-04T05:15:30","guid":{"rendered":"https:\/\/sisu.ut.ee\/alusta-ettevotlusega\/ettevotluse-tugisusteem-ja-rahastamisallikad\/"},"modified":"2024-04-19T08:13:10","modified_gmt":"2024-04-19T05:13:10","slug":"ettevotluse-tugisusteem-ja-rahastamisallikad","status":"publish","type":"page","link":"https:\/\/sisu.ut.ee\/alusta-ettevotlusega\/ettevotluse-tugisusteem-ja-rahastamisallikad\/","title":{"rendered":"1. Ettev\u00f5tluse tugis\u00fcsteem ja rahastamisallikad"},"content":{"rendered":"<blockquote>\n<p>Selle teema raames saad teada, millised on ettev\u00f5tluse tugis\u00fcsteemid Eestis ja millised v\u00f5imalused on ettev\u00f5tte rahastamiseks.\u00a0<\/p>\n<\/blockquote>\n<h3>Ettev\u00f5tluse tugis\u00fcsteem<\/h3>\n<p>Ettev\u00f5tte asutamine Eestis on \u00fcks lihtsamaid maailmas.\u00a0Kui teha seda <a title=\"\" href=\"https:\/\/www.rik.ee\/et\/e-ariregister\" target=\"_blank\" rel=\"noopener\" data-url=\"https:\/\/www.rik.ee\/et\/e-ariregister\">e-\u00e4riregistris<\/a>, siis v\u00f5tab see aega kuni 30 minutit. Erandiks on aktsiaselts ja tulundus\u00fchistu, mis tuleb registreerida notari kaudu. Ka osa\u00fchingu v\u00f5ib asutada\u00a0notari abiga, sel juhul valmistab notar ette asutamisega seotud dokumendid ja edastab need \u00e4riregistrile. Iseseisvalt erinevate ettev\u00f5tlusvormidega alustamiseks leiab selged juhised <a title=\"\" href=\"https:\/\/www.eesti.ee\/et\/elusuendmused\/soovin-luua-ettevotet\" target=\"_blank\" rel=\"noopener\" data-url=\"https:\/\/www.eesti.ee\/et\/elusuendmused\/soovin-luua-ettevotet\">Riigiportaalist.<\/a>\u00a0<\/p>\n<h4>Enne ettev\u00f5tte asutamist on vaja l\u00e4bi m\u00f5elda:\u00a0<\/h4>\n<ul>\n<li><strong>Milline \u00e4rinimi ettev\u00f5ttele panna?<\/strong><br>Eristuv ja meeldej\u00e4\u00e4v \u00e4rinimi aitab kaasa ettev\u00f5tte tuntusele ning edule. \u00c4rinimele on seatud piiranguid, millega tuleb nime valikul arvestada. Lisaks \u00e4rinimele v\u00f5ite registreerida enda nimele ka kaubam\u00e4rke, mis aitavad teie ettev\u00f5ttel ning pakutavatel toodetel v\u00f5i teenustel eristuda konkurentide omast.\u00a0<\/li>\n<li><strong>Milline tegevusala valida?<\/strong><br>Enne ettev\u00f5tte asutamist valige ettev\u00f5ttele tegevusala. Tegevusala valik on vajalik ettev\u00f5tte registreerimiseks.\u00a0Kui valitud tegevusvaldkond kuulub erin\u00f5uetega tegevusalade hulka, tuleb teil taotleda tegevusluba v\u00f5i litsentsi v\u00f5i esitada majandustegevusteade. Tegevusalade\u00a0valikul on abiks Eesti Majanduse Tegevusalade Klassifikaator (EMTAK).<\/li>\n<li><strong>Milline ettev\u00f5tlusvorm valida?<\/strong><br>Ettev\u00f5tlusvormi valimisel tuleb teil hinnata oma v\u00f5imalusi ja riske. Esmalt tehke endale\u00a0selgeks, milline ettev\u00f5tlusvorm sobib k\u00f5ige paremini valitud tegevusalaga, v\u00f5ttes arvesse ka seatud eesm\u00e4rke ja oma majanduslikke v\u00f5imalusi.<\/li>\n<li><strong>Milliseid dokumente on vaja?<\/strong><br>Milliseid dokumente tuleb teil esitada ettev\u00f5tte asutamiseks, oleneb ettev\u00f5tlusvormist. N\u00f5uded dokumentidele on eri ettev\u00f5tlusvormide puhul erinevad.<\/li>\n<li><strong>Kuidas ettev\u00f5tet registreerida?<\/strong><br>Ettev\u00f5tte registreerimiseks on kaks v\u00f5imalust: kas elektrooniliselt e-\u00e4riregistri portaalis v\u00f5i notari kaudu. Elektrooniline registreerimine ettev\u00f5tjaportaalis on mugav ja kiire.\u00a0Elektrooniliselt saab registreerida osa\u00fchingu, t\u00e4is- ja usaldus\u00fchingu ning f\u00fc\u00fcsilisest isikuks ettev\u00f5tjaks (FIE). Aktsiaselts ja tulundus\u00fchistu tuleb registreerida notari kaudu.<\/li>\n<li><strong>Millised on ettev\u00f5tte registreerimise\u00a0kulud?<\/strong><br>Hetkel on riigil\u00f5iv osa\u00fchingu, aktsiaseltsi ja tulundus\u00fchistu \u00e4riregistrisse kandmise eest on 200 eurot. FIE, t\u00e4is\u00fchingu ja usaldus\u00fchingu registrisse kandmine maksab 20 eurot. Kiirmenetluse korras registreerimisel on hind k\u00f5rgem. Kui registreerite ettev\u00f5tte notari abil, lisanduvad kandeavalduse tasule notari tasud.<\/li>\n<li><strong>Kas ettev\u00f5ttele peab registreerima\u00a0internetidomeeni?<\/strong><br>Internetidomeeni registreerimine on ettev\u00f5tte asutamisel vabatahtlik. Domeeni registreerimiseks tuleb esitada registripidajale taotlus.<\/li>\n<li><strong>Mida peab tegema, kui on soov palgata t\u00f6\u00f6tajaid?<\/strong><br>Kui palkate t\u00f6\u00f6tajad, tuleb nad registreerida t\u00f6\u00f6le asumise p\u00e4eval maksu- ja tolliametis t\u00f6\u00f6tamise registris. T\u00f6\u00f6taja t\u00f6\u00f6le asumisel on ettev\u00f5tja kohustus tagada n\u00f5uetele vastav t\u00f6\u00f6keskkond, t\u00f6\u00f6vahendid ja t\u00f6\u00f6tasu, millelt arvestatakse maha t\u00f6\u00f6andja makstavad ja kinnipeetavad maksud ja maksed.<\/li>\n<li><strong>Milliseid makse\u00a0peab maksma?<\/strong><br>Maksustatakse omandit, tulu v\u00f5i h\u00fcve. Maksud jagunevad riiklikeks ja kohalikeks maksudeks. Milliseid makse ning millise m\u00e4\u00e4ra j\u00e4rgi tuleb maksta, s\u00f5ltub teie ettev\u00f5tte erip\u00e4rast. T\u00f6\u00f6lepinguga t\u00f6\u00f6tava t\u00f6\u00f6taja t\u00f6\u00f6tasult tuleb maksta riigile sotsiaalmaks, f\u00fc\u00fcsilise isiku tulumaks, t\u00f6\u00f6tuskindlustusmakse ja pensionikindlustusmakse.<\/li>\n<li><strong>Kuidas laiendada oma \u00e4ritegevust teise riiki?<\/strong><br>Kui soovite asutada uut ettev\u00f5tet v\u00f5i laiendada oma ettev\u00f5tte tegevust teise ELi riiki, on teil vaja teada selles riigis kehtivaid n\u00f5udeid.<\/li>\n<\/ul>\n<p>Vaata t\u00e4psemalt Riigiportaalist:\u00a0<a title=\"\" href=\"https:\/\/www.eesti.ee\/et\/elusuendmused\/soovin-luua-ettevotet\" target=\"_blank\" rel=\"noopener\" data-url=\"https:\/\/www.eesti.ee\/et\/elusuendmused\/soovin-luua-ettevotet\">https:\/\/www.eesti.ee\/et\/elusuendmused\/soovin-luua-ettevotet<\/a><\/p>\n<h3>Ettev\u00f5tte rahastamine<\/h3>\n<p>Ettev\u00f5tte rahastamine t\u00e4hendab ressursside (kapitali) leidmist ettev\u00f5tlusega alustamiseks. V\u00f5imalikke rahastamise allikaid ja tingimusi tuleb enne p\u00f5hjalikult anal\u00fc\u00fcsida.<\/p>\n<p>Ettev\u00f5tte rahastamisv\u00f5imaluste leidmisel tuleb vahet teha kahel m\u00f5istel: investeerimine ja finantseerimine.<\/p>\n<p><strong>Investeerimine<\/strong> on kaupade ja teenuste tootmiseks vajaliku p\u00f5hivara (masinate, seadmete, hoonete) soetamine eesm\u00e4rgiga saada nende kasutamisest majanduslikku tulu.<\/p>\n<p><strong>Finantseerimiseks<\/strong> nimetatakse rahastamist, mis on vajalik investeeringute tegemiseks.<\/p>\n<h4>Rahastamise allikad\u00a0<\/h4>\n<p>Olulisemad finantseerimise allikad<\/p>\n<ul>\n<li><strong>Ettev\u00f5tja omavahendid. <\/strong>\u00a0Ettev\u00f5tja s\u00e4\u00e4stud ja\u00a0sugulaste v\u00f5i tuttavate ressursid on k\u00f5ige l\u00e4hem allikas. S\u00e4\u00e4stud tekivad inimestel, kes kulutavad v\u00e4hem, kui teenivad. Ettev\u00f5tja omavahendid on v\u00f5imalik allikas v\u00e4iksema, nt elustiili ja\/v\u00f5i hobiettev\u00f5tte k\u00e4ivitamiseks, samuti \u00f5pilasfirma loomisel. Suurema, innovaatilise ettev\u00f5tte k\u00e4imal\u00fckkamiseks tavaliselt isiklikest s\u00e4\u00e4studest ei piisa.<\/li>\n<li><strong>Ettev\u00f5tlusega seotud toetused m\u00f5nest riiklikust v\u00f5i mitteriiklikust programmist\/allikast<\/strong>. Ettev\u00f5tlustoetused on paljudel juhtudel v\u00f5imalikud, aga taotlemise protsess ja toetuse laekumine v\u00f5ib v\u00f5tta aega.\u00a0Neid v\u00e4ljastavad etten\u00e4htud korra j\u00e4rgi peamiselt\n<ul>\n<li>T\u00f6\u00f6tukassa, vaata t\u00e4psemalt:\u00a0<a href=\"https:\/\/www.tootukassa.ee\/\" target=\"_blank\" rel=\"noopener\">https:\/\/www.tootukassa.ee\/<\/a>\u00a0ja <a title=\"\" href=\"https:\/\/www.tootukassa.ee\/et\/ettevotlusega-alustamine\" target=\"_blank\" rel=\"noopener\" data-url=\"https:\/\/www.tootukassa.ee\/et\/ettevotlusega-alustamine\">https:\/\/www.tootukassa.ee\/et\/ettevotlusega-alustamine<\/a><\/li>\n<li>Ettev\u00f5tluse Arendamise Sihtasutus (EAS), vaata t\u00e4psemalt\u00a0<a href=\"https:\/\/www.eas.ee\/\" target=\"_blank\" rel=\"noopener\">https:\/\/www.eas.ee\/<\/a><\/li>\n<li>P\u00f5llumajanduse Registrite ja Informatsiooni Amet (PRIA),\u00a0vaata t\u00e4psemalt\u00a0<a href=\"https:\/\/www.pria.ee\/\" target=\"_blank\" rel=\"noopener\">https:\/\/www.pria.ee\/<\/a><\/li>\n<li>Maaelu Edendamise Sihtasutus (MES),\u00a0vaata t\u00e4psemalt\u00a0<a href=\"https:\/\/www.mes.ee\/\" target=\"_blank\" rel=\"noopener\">https:\/\/www.mes.ee\/<\/a><\/li>\n<li>KredEX,\u00a0vaata t\u00e4psemalt\u00a0<a href=\"https:\/\/www.kredex.ee\/et\" target=\"_blank\" rel=\"noopener\">https:\/\/www.kredex.ee\/et<\/a><\/li>\n<li>EstBan,\u00a0vaata t\u00e4psemalt\u00a0<a href=\"https:\/\/estban.ee\/\" target=\"_blank\" rel=\"noopener\">https:\/\/estban.ee\/<\/a><\/li>\n<\/ul>\n<\/li>\n<li><strong>\u00c4ripartnerite s\u00e4\u00e4stud.<\/strong> Kui v\u00f5imalik, v\u00f5ib paluda \u00e4ripartnerilt laenu v\u00f5i pakkuda talle osalust loodavas ettev\u00f5ttes. Teavet v\u00f5imalike \u00e4ripartnerite kohta v\u00f5ib leida ettev\u00f5tjaid \u00fchendavatest organisatsioonidest ja majandusharude liitudest, nt <a title=\"\" href=\"https:\/\/www.koda.ee\/et\" target=\"_blank\" rel=\"noopener\" data-url=\"https:\/\/www.koda.ee\/et\">Eesti Kaubandus-T\u00f6\u00f6stuskoda<\/a>, <a title=\"\" href=\"https:\/\/employers.ee\/\" target=\"_blank\" rel=\"noopener\" data-url=\"https:\/\/employers.ee\/\">Eesti T\u00f6\u00f6andjate Keskliit<\/a>.<\/li>\n<li><strong>Pangalaen.<\/strong> \u00a0Algajal ettev\u00f5tjal\u00a0on seda peaaegu v\u00f5imatu saada. Arvestama peab asjaoluga, et pangast on v\u00f5imalik saada laenu ainult siis, kui laenutaotleja on \u00e4riprojekti ka isikliku raha paigutanud. Teisis\u00f5nu n\u00f5uab pank laenu taotlevalt ettev\u00f5ttelt omafinantseeringut. Kui ettev\u00f5te laenu tagasi maksta ei j\u00f5ua, on pangal \u00f5igus tagatis maha m\u00fc\u00fca v\u00f5i laenu k\u00e4endanud isikult raha sisse n\u00f5uda.<\/li>\n<\/ul>\n<p>Veel rahastusv\u00f5imalusi<\/p>\n<ul>\n<li><strong>Hankijatelt saadav krediit<\/strong> \u2013 ettev\u00f5tja ei maksa saadud kaupade eest kohe, vaid kokkulepitud aja p\u00e4rast.<\/li>\n<li><strong>Atktsiate t\u00e4iendav m\u00fc\u00fck <\/strong>\u2013 alustava ettev\u00f5tte puhul on see \u00fcsna raskesti teostatav.\u00a0<\/li>\n<li><strong>Liising<\/strong> \u2013 tehing, kus firma ostab p\u00f5hivahendi, aga maksab selle eest osade kaupa. Ostetud p\u00f5hivahendi kasutus\u00f5igus tuleb ostjale \u00fcle kohe liisingulepingut s\u00f5lmides, kuid omandi\u00f5igus alles p\u00e4rast viimase makse tasumist.<\/li>\n<li><strong>Rahastus riskikapitalistilt<\/strong>\u00a0ehk\u00a0investorilt, kes otsib oma raha paigutamiseks algusj\u00e4rgus \u00e4riprojekte, mis t\u00f5otavad suurt tulu.<\/li>\n<li><strong>Rahastus\u00a0\u00e4riinglilt<\/strong>\u00a0ehk j\u00f5ukalt\u00a0ja varasema \u00e4rikogemusega eraisikult, kes investeerib peamiselt m\u00f5nes konkreetses, talle tuntud valdkonnas tegutsevasse alustavasse ettev\u00f5ttesse.<\/li>\n<\/ul>\n<h4>Vaata inspiratsiooniks<strong>\u00a0<\/strong>Edu ja Tegu programmis loodud Mait Paltsi\u00a0\u00f5ppevideot\u00a0<strong>\u201c<span style=\"line-height: 107%;\">Mis teeb ettev\u00f5tjast ettev\u00f5tja?<\/span>\u201d\u00a0<\/strong><\/h4>\n<p><a href=\"https:\/\/www.youtube.com\/watch?v=kiotvsWXkOA\"><img loading=\"lazy\" decoding=\"async\" width=\"1716\" height=\"1094\" class=\"alignnone wp-image-50\" style=\"width: 250px; height: 159px; float: left;\" title=\"mait_palts_video.jpg\" src=\"https:\/\/sisu.ut.ee\/wp-content\/uploads\/sites\/587\/mait_palts_video.jpg\" alt=\"AE_II-1_video\" srcset=\"https:\/\/sisu.ut.ee\/wp-content\/uploads\/sites\/587\/mait_palts_video.jpg 1716w, https:\/\/sisu.ut.ee\/wp-content\/uploads\/sites\/587\/mait_palts_video-300x191.jpg 300w, https:\/\/sisu.ut.ee\/wp-content\/uploads\/sites\/587\/mait_palts_video-1024x653.jpg 1024w, https:\/\/sisu.ut.ee\/wp-content\/uploads\/sites\/587\/mait_palts_video-768x490.jpg 768w, https:\/\/sisu.ut.ee\/wp-content\/uploads\/sites\/587\/mait_palts_video-1536x979.jpg 1536w\" sizes=\"auto, (max-width: 1716px) 100vw, 1716px\"><\/a><a href=\"https:\/\/www.youtube.com\/watch?v=kiotvsWXkOA\">https:\/\/www.youtube.com\/watch?v=kiotvsWXkOA<\/a><\/p>\n<p>\u00a0<\/p>\n<h3>\u00a0<\/h3>\n<h3>\u00a0<\/h3>\n<h3>\u00a0<\/h3>\n<h3>Enesekontrolli harjutused<\/h3>\n<p>\u00a0<\/p>\n\n\n<div class=\"h5p-iframe-wrapper\"><div class=\"video-placeholder-wrapper video-placeholder-wrapper--fixed\" style=\"height: 366px;\">\n\t\t\t    <div class=\"video-placeholder d-flex justify-content-center align-items-center\">\n\t\t\t        <div class=\"overlay text-white p-2 w-100 text-center d-block justify-content-center align-items-center\">\n\t\t\t            <div>Kolmandate osapoolte sisu n\u00e4gemiseks palun n\u00f5ustu k\u00fcpsistega.<\/div>\n\t\t\t            <button class=\"btn btn-secondary btn-sm mt-1 consent-change\">Muuda n\u00f5usolekut<\/button>\n\t\t\t        <\/div>\n\t\t\t    <\/div>\n\t\t\t<\/div>\n<\/div>\n\n\n<h3><br>M\u00f5tteharjutus<\/h3>\n<p><\/p><div class=\"accordion mb-3\">\n        <div class=\"accordion-item accordion-item--white\">\n        <h2 class=\"accordion-header\" id=\"accordion-69e037ab61add-heading\">\n            <button class=\"accordion-button collapsed\" type=\"button\" data-bs-toggle=\"collapse\" data-bs-target=\"#accordion-69e037ab61add-collapse\" aria-expanded=\"true\" aria-controls=\"accordion-69e037ab61add-collapse\">M\u00f5tle ja pane kirja, millised v\u00f5iksid olla Sinu ettev\u00f5tte rahastamise allikad?<\/button>\n        <\/h2>\n        <div id=\"accordion-69e037ab61add-collapse\" class=\"accordion-collapse collapse\" aria-labelledby=\"accordion-69e037ab61add-heading\">\n            <div class=\"accordion-body\"><strong>K\u00f5ige tavap\u00e4rasem rahastusallikas ettev\u00f5tte loomiseks on omavahendite kasutamine. Kuid kindlasti tasub uurida ka riiklikke toetusi alustavatele ettev\u00f5tjatele. Toetuste taotlemine v\u00f5ib olla k\u00fcll aegan\u00f5udvam protsess, kuid v\u00f5imaldab saada (lisa)ressursse oma \u00e4ritegevusega alustamiseks ja ka taotluses enamasti n\u00f5utud \u00e4riplaani koostamine v\u00f5imaldab oma \u00e4ritegevuse k\u00f5ik aspektid uuesti \u00fcle vaadata ja vajadusel korrigeerida. <\/strong><\/div>\n        <\/div>\n        <\/div>\n    <\/div>","protected":false},"excerpt":{"rendered":"<p>Selle teema raames saad teada, millised on ettev\u00f5tluse tugis\u00fcsteemid Eestis ja millised v\u00f5imalused on ettev\u00f5tte rahastamiseks.\u00a0 Ettev\u00f5tluse tugis\u00fcsteem Ettev\u00f5tte asutamine Eestis on \u00fcks lihtsamaid maailmas.\u00a0Kui teha seda e-\u00e4riregistris, siis v\u00f5tab see aega kuni 30 minutit. Erandiks on aktsiaselts ja tulundus\u00fchistu, &#8230;<\/p>\n","protected":false},"author":63,"featured_media":0,"parent":0,"menu_order":0,"comment_status":"closed","ping_status":"closed","template":"","meta":{"_acf_changed":false,"inline_featured_image":false,"footnotes":""},"class_list":["post-13","page","type-page","status-publish","hentry"],"acf":[],"_links":{"self":[{"href":"https:\/\/sisu.ut.ee\/alusta-ettevotlusega\/wp-json\/wp\/v2\/pages\/13","targetHints":{"allow":["GET"]}}],"collection":[{"href":"https:\/\/sisu.ut.ee\/alusta-ettevotlusega\/wp-json\/wp\/v2\/pages"}],"about":[{"href":"https:\/\/sisu.ut.ee\/alusta-ettevotlusega\/wp-json\/wp\/v2\/types\/page"}],"author":[{"embeddable":true,"href":"https:\/\/sisu.ut.ee\/alusta-ettevotlusega\/wp-json\/wp\/v2\/users\/63"}],"replies":[{"embeddable":true,"href":"https:\/\/sisu.ut.ee\/alusta-ettevotlusega\/wp-json\/wp\/v2\/comments?post=13"}],"version-history":[{"count":4,"href":"https:\/\/sisu.ut.ee\/alusta-ettevotlusega\/wp-json\/wp\/v2\/pages\/13\/revisions"}],"predecessor-version":[{"id":179,"href":"https:\/\/sisu.ut.ee\/alusta-ettevotlusega\/wp-json\/wp\/v2\/pages\/13\/revisions\/179"}],"wp:attachment":[{"href":"https:\/\/sisu.ut.ee\/alusta-ettevotlusega\/wp-json\/wp\/v2\/media?parent=13"}],"curies":[{"name":"wp","href":"https:\/\/api.w.org\/{rel}","templated":true}]}}