{"id":9,"date":"2024-04-04T03:17:38","date_gmt":"2024-04-04T00:17:38","guid":{"rendered":"https:\/\/sisu.ut.ee\/aktuaar\/liidu-toimkonnad\/"},"modified":"2024-04-04T03:17:48","modified_gmt":"2024-04-04T00:17:48","slug":"liidu-toimkonnad","status":"publish","type":"page","link":"https:\/\/sisu.ut.ee\/aktuaar\/liidu-toimkonnad\/","title":{"rendered":"Liidu toimkonnad"},"content":{"rendered":"<hr>\n<p>\n\t\u00a0\n<\/p>\n<p>\n\t<span>Liidu (EAL) toimkonnad on revisjonitoimkond, haridustoimkond ja teised \u00fcldkoosoleku poolt ellu kutsutud alalised v\u00f5i ajutised toimkonnad. Toimkondade liikmed valitakse \u00fcldkoosoleku poolt. Toimkonnad annavad oma tegevusest \u00fclevaate \u00fcldkoosolekule ja vajadusel ka juhatusele.<\/span>\n<\/p>\n<p>\n\t<span>Revisjonitoimkond kontrollib liidu majandustegevust v\u00e4hemalt \u00fcks kord aastas. Revideerimisakt eelneva majandusaasta kohta koostatakse \u00fche kuu jooksul p\u00e4rast juhatuselt eelneva majandusaasta raamatupidamisaruande saamist. Revideerimisakt esitatakse juhatusele ja \u00fcldkoosolekule.<\/span>\n<\/p>\n<p>\n\t<span>Revisjonitoimkonna liikmed on alates 2024. aastast <\/span>Matvei Miro\u0161nikov<span>, Anu Mitt ja T\u00f5nis Maldre.<\/span>\n<\/p>\n<p>\n\t<span data-mce-mark=\"1\">Haridustoimkonna \u00fclesandeks on Liidu aktuaaride \u00f5ppeprogrammi koostamine ning pidev t\u00e4iendamine selliselt, et see vastaks IAA ja AAE vastavatele n\u00f5uetele. Haridustoimkonna \u00fclesandeks on samuti kontrollida Liidu liikmete ja liikmekandidaatide vastavust Liidu haridusn\u00f5uetele.<\/span>\n<\/p>\n<p>\n\t<span>Haridustoimkonna liikmed on\u00a0 A. S\u00e4ks, J. Sibul, T. Koll, M. K\u00e4\u00e4rik, H. Viirsalu, L. Sammelsaar.<\/span>\n<\/p>\n<p>\n\tDistsiplinaarkomisjoni (kohtu) liikmed on alates 2024. aastast\u00a0<span style=\"line-height:normal\"><span style=\",serif\">Kati Ok,\u00a0<\/span><\/span><span style=\"line-height:normal\"><span style=\",serif\">Jaanus Sibul,\u00a0<\/span><\/span><span style=\"line-height:normal\"><span style=\",serif\">Lagle Sammelsaar,\u00a0<\/span><\/span><span style=\"line-height:normal\"><span style=\",serif\">Hele-Liis Viirsalu ning\u00a0<\/span><\/span><span style=\"line-height:normal\"><span style=\",serif\">Raine Talvet.<\/span><\/span>\n<\/p>\n<p>\n\t\u00a0<\/p>\n","protected":false},"excerpt":{"rendered":"<p>\u00a0 Liidu (EAL) toimkonnad on revisjonitoimkond, haridustoimkond ja teised \u00fcldkoosoleku poolt ellu kutsutud alalised v\u00f5i ajutised toimkonnad. Toimkondade liikmed valitakse \u00fcldkoosoleku poolt. Toimkonnad annavad oma tegevusest \u00fclevaate \u00fcldkoosolekule ja vajadusel ka juhatusele. Revisjonitoimkond kontrollib liidu majandustegevust v\u00e4hemalt \u00fcks kord aastas. &#8230;<\/p>\n","protected":false},"author":101,"featured_media":0,"parent":0,"menu_order":0,"comment_status":"closed","ping_status":"closed","template":"","meta":{"_acf_changed":false,"inline_featured_image":false,"footnotes":""},"class_list":["post-9","page","type-page","status-publish","hentry"],"acf":[],"_links":{"self":[{"href":"https:\/\/sisu.ut.ee\/aktuaar\/wp-json\/wp\/v2\/pages\/9","targetHints":{"allow":["GET"]}}],"collection":[{"href":"https:\/\/sisu.ut.ee\/aktuaar\/wp-json\/wp\/v2\/pages"}],"about":[{"href":"https:\/\/sisu.ut.ee\/aktuaar\/wp-json\/wp\/v2\/types\/page"}],"author":[{"embeddable":true,"href":"https:\/\/sisu.ut.ee\/aktuaar\/wp-json\/wp\/v2\/users\/101"}],"replies":[{"embeddable":true,"href":"https:\/\/sisu.ut.ee\/aktuaar\/wp-json\/wp\/v2\/comments?post=9"}],"version-history":[{"count":1,"href":"https:\/\/sisu.ut.ee\/aktuaar\/wp-json\/wp\/v2\/pages\/9\/revisions"}],"predecessor-version":[{"id":104,"href":"https:\/\/sisu.ut.ee\/aktuaar\/wp-json\/wp\/v2\/pages\/9\/revisions\/104"}],"wp:attachment":[{"href":"https:\/\/sisu.ut.ee\/aktuaar\/wp-json\/wp\/v2\/media?parent=9"}],"curies":[{"name":"wp","href":"https:\/\/api.w.org\/{rel}","templated":true}]}}