{"id":8,"date":"2024-04-04T03:17:38","date_gmt":"2024-04-04T00:17:38","guid":{"rendered":"https:\/\/sisu.ut.ee\/aktuaar\/liidu-juhtimine\/"},"modified":"2024-04-04T03:17:48","modified_gmt":"2024-04-04T00:17:48","slug":"liidu-juhtimine","status":"publish","type":"page","link":"https:\/\/sisu.ut.ee\/aktuaar\/liidu-juhtimine\/","title":{"rendered":"Liidu juhtimine"},"content":{"rendered":"<hr>\n<p>\n\t\u00a0\n<\/p>\n<p>\n\t<span>Liidu (EAL) k\u00f5rgeim organ on liikmete \u00fcldkoosolek. \u00dcldkoosolekute vahelisel ajal juhib liidu tegevust juhatus, millest v\u00e4hemalt 2\/3 peavad moodustama t\u00e4isliikmed. Juhatuse esimeheks saab olla EAL t\u00e4isliige.<\/span>\n<\/p>\n<p>\n\t<span>Liidu juhatusse kuuluvad alates 2024. aastast <\/span>Marika Guralnik <span>(juhatuse esimees), Eret V\u00f5sa, Piret Raukas ja Tarmo Koll.\u00a0<\/span>\n<\/p>\n<p>\n\t<span>Eelnevalt on juhatuse esimeesteks olnud Kati Ok (2015-2020) Tarmo Koll (1999-2005 ning 2012-2014), Jaanus Sibul (2005-2008 ning\u00a02021-2023), Marika Guralnik (2008-2011).<\/span><\/p>\n","protected":false},"excerpt":{"rendered":"<p>\u00a0 Liidu (EAL) k\u00f5rgeim organ on liikmete \u00fcldkoosolek. \u00dcldkoosolekute vahelisel ajal juhib liidu tegevust juhatus, millest v\u00e4hemalt 2\/3 peavad moodustama t\u00e4isliikmed. Juhatuse esimeheks saab olla EAL t\u00e4isliige. Liidu juhatusse kuuluvad alates 2024. aastast Marika Guralnik (juhatuse esimees), Eret V\u00f5sa, Piret &#8230;<\/p>\n","protected":false},"author":101,"featured_media":0,"parent":0,"menu_order":0,"comment_status":"closed","ping_status":"closed","template":"","meta":{"_acf_changed":false,"inline_featured_image":false,"footnotes":""},"class_list":["post-8","page","type-page","status-publish","hentry"],"acf":[],"_links":{"self":[{"href":"https:\/\/sisu.ut.ee\/aktuaar\/wp-json\/wp\/v2\/pages\/8","targetHints":{"allow":["GET"]}}],"collection":[{"href":"https:\/\/sisu.ut.ee\/aktuaar\/wp-json\/wp\/v2\/pages"}],"about":[{"href":"https:\/\/sisu.ut.ee\/aktuaar\/wp-json\/wp\/v2\/types\/page"}],"author":[{"embeddable":true,"href":"https:\/\/sisu.ut.ee\/aktuaar\/wp-json\/wp\/v2\/users\/101"}],"replies":[{"embeddable":true,"href":"https:\/\/sisu.ut.ee\/aktuaar\/wp-json\/wp\/v2\/comments?post=8"}],"version-history":[{"count":1,"href":"https:\/\/sisu.ut.ee\/aktuaar\/wp-json\/wp\/v2\/pages\/8\/revisions"}],"predecessor-version":[{"id":103,"href":"https:\/\/sisu.ut.ee\/aktuaar\/wp-json\/wp\/v2\/pages\/8\/revisions\/103"}],"wp:attachment":[{"href":"https:\/\/sisu.ut.ee\/aktuaar\/wp-json\/wp\/v2\/media?parent=8"}],"curies":[{"name":"wp","href":"https:\/\/api.w.org\/{rel}","templated":true}]}}