{"id":7,"date":"2024-04-04T03:17:38","date_gmt":"2024-04-04T00:17:38","guid":{"rendered":"https:\/\/sisu.ut.ee\/aktuaar\/aktuaarieetika-koodeks\/"},"modified":"2024-04-04T03:17:48","modified_gmt":"2024-04-04T00:17:48","slug":"aktuaarieetika-koodeks","status":"publish","type":"page","link":"https:\/\/sisu.ut.ee\/aktuaar\/aktuaarieetika-koodeks\/","title":{"rendered":"Aktuaarieetika koodeks"},"content":{"rendered":"<div class=\"page-header\">\n<p>\n\t\t\u00a0\n\t<\/p>\n<p>\n\t\t<span style=\"font-size:15px\"><strong>EESM\u00c4RK\u00a0<\/strong><\/span>\n\t<\/p>\n<p>\n\t\tEesti Aktuaaride Liidu (edaspidi EAL) aktuaarieetika koodeks\u00a0on vastavuses\u00a0rahvusvaheliselt tunnustatud aktuaaride eetikakoodeksiga, mille eest vastutab Euroopa Aktuaaride Liit (Actuarial\u00a0Association\u00a0of Europe,\u00a0AAE).\u00a0Aktuaarieetika koodeksi on kinnitanud\u00a0EAL-i\u00a0\u00fcldkoosolek.\u00a0\n\t<\/p>\n<p>\n\t\tAktuaarieetika koodeks s\u00e4testab aktuaarikutsega seonduvad eetilised normid,\u00a0mida aktuaar peab j\u00e4rgima, seda nii ametialaste \u00fclesannete t\u00e4itmisel kui ka \u00fcldiselt.\u00a0Koodeks\u00a0aitab\u00a0aktuaarsete teenuste kasutajale\u00a0tagada\u00a0selle, et\u00a0teenused\u00a0on\u00a0osutatud\u00a0professionaalselt\u00a0ja n\u00f5uetekohase hoolsusega.\u00a0\n\t<\/p>\n<p>\n\t\tK\u00e4esolev koodeks on kohustuslik k\u00f5ikidele\u00a0EAL-i\u00a0liikmetele (auliige, t\u00e4isliige, assotsieerunud liige v\u00f5i \u00f5pilasliige). Aktuaari ametialaste kohustuste hulka kuulub eetikakoodeksi tundmine.\u00a0\n\t<\/p>\n<p>\n\t\t<span style=\"font-size:15px\"><strong>RAKENDAMINE\u00a0<\/strong><\/span>\n\t<\/p>\n<p>\n\t\tAlltoodud p\u00f5him\u00f5tteid rakendatakse j\u00e4rgnevalt:\u00a0\n\t<\/p>\n<p>\n\t\t\u00dcldine:\u00a0K\u00f5ik aktuaarid peavad oma t\u00f6\u00f6s ja muudes olukordades, milles nende tegevust v\u00f5idakse\u00a0k\u00e4sitleda\u00a0aktuaarse\u00a0tegevusena, j\u00e4rgima 1. p\u00f5him\u00f5tet.\u00a0\n\t<\/p>\n<p>\n\t\tAmetialased teenused:\u00a0K\u00f5ik aktuaarid peavad ametialaste teenuste pakkumisel j\u00e4rgima 2.-5. p\u00f5him\u00f5tet (seda nii tasustatud kui tasustamata teenust osutades).\u00a0\n\t<\/p>\n<p>\n\t\tMuu t\u00f6\u00f6:\u00a0Nii tasustatud kui tasustamata t\u00f6\u00f6d, mis ei ole seotud ametialaste teenuste osutamisega, peavad aktuaarid ise hindama, kas ja millises ulatuses peavad nad j\u00e4rgima 2.-5. p\u00f5him\u00f5tte sisu ja eesm\u00e4rki, v\u00f5ttes sealjuures arvesse t\u00f6\u00f6v\u00f5tjate m\u00f5istlikke ootusi, t\u00f6\u00f6 olemust ja mistahes muid koodekseid v\u00f5i standardeid, mis t\u00f6\u00f6le kehtivad, ja muid olulisi tegureid.\u00a0\n\t<\/p>\n<p>\n\t\tTugirollid:\u00a0Aktuaaridel v\u00f5ib t\u00f6\u00f6\u00fclesande sooritamise juures olla tugiroll, mis t\u00e4hendab, et l\u00f5plik vastutus t\u00f6\u00f6 teostamise eest lasub kellelgi teisel. Ka tugirollis aktuaarid peavad t\u00f6\u00f6s j\u00e4rgima k\u00e4esolevat koodeksit, seejuures hinnates\u00a0nende\u00a0tegevust koodeksi alusel, tuleb arvesse v\u00f5tta ka muid tegureid, nagu nende vastutuse ulatus antud t\u00f6\u00f6\u00fclesande sooritamisel ja nende asjaomane t\u00f6\u00f6kogemus.\u00a0\n\t<\/p>\n<p>\n\t\tKoodeksi\u00a0m\u00f5te\u00a0ja eesm\u00e4rk:\u00a0Koodeks ei kujuta endast k\u00f5ikeh\u00f5lmavat tegutsemisviiside nimekirja, mida peaks\u00a0kohaldama v\u00f5i v\u00e4ltima. Aktuaaridelt eeldatakse\u00a0koodeksi m\u00f5tte ja eesm\u00e4rgi j\u00e4rgimist, mitte lihtsalt\u00a0selle\u00a0s\u00f5na-s\u00f5nalt t\u00f5lgendamist.\u00a0\n\t<\/p>\n<p>\n\t\tVastavus \u00f5iguslikele ja\u00a0j\u00e4relvalvelistele\u00a0n\u00f5uetele:\u00a0Midagi k\u00e4esolevas koodeksis ei tohiks t\u00f5lgendada n\u00f5udena \u00f5iguslikke v\u00f5i\u00a0j\u00e4relvalvelisi\u00a0n\u00f5udeid rikkuda. Kui peaksid esinema vastuolud koodeksi ning \u00f5igluslike ja\u00a0j\u00e4relvalveliste\u00a0n\u00f5uete vahel, siis l\u00e4htutakse \u00f5iguslikest ja\u00a0j\u00e4relvalvelistest\u00a0n\u00f5uetest. \u201e\u00d5iguslikud n\u00f5uded\u201c ei laiene antud t\u00e4henduses osapoolte vahel s\u00f5lmitud lepingute s\u00e4tetele.\u00a0\n\t<\/p>\n<p>\n\t\tLahknevused koodeksist:\u00a0Aktuaarilt eeldatakse k\u00e4esolevas koodeksis toodud tegevuste j\u00e4rgimist, v\u00e4lja arvatud juhul, kui see tooks kaasa sobimatud v\u00f5i potentsiaalselt eksitavad tagaj\u00e4rjed.\u00a0Kui\u00a0ametialaste\u00a0teenuste osutamisel ei j\u00e4rgita\u00a0koodeksis\u00a0etten\u00e4htud korda,\u00a0peab aktuaar\u00a0sellest teavitama ka\u00a0tema\u00a0ametialase\u00a0teenuse kasutajat ning\u00a0esitama\u00a0lahknevuse p\u00f5hjuse.\u00a0\u00a0\n\t<\/p>\n<p>\n\t\t<span style=\"font-size:15px\"><strong>M\u00d5ISTED\u00a0<\/strong><\/span>\n\t<\/p>\n<p>\n\t\tK\u00e4esolevas koodeksis kasutatakse j\u00e4rgnevaid m\u00f5isteid:\u00a0\n\t<\/p>\n<p>\n\t\tAktuaar\u00a0\u2013\u00a0EAL-i\u00a0liige.\u00a0\n\t<\/p>\n<p>\n\t\tKasutaja\u00a0\u2013 Juriidiline v\u00f5i f\u00fc\u00fcsiline isik (tavaliselt h\u00f5lmab klienti),\u00a0kellele aktuaar osutab kasutamiseks ametialaseid teenuseid.\u00a0\n\t<\/p>\n<p>\n\t\tKlient\u00a0\u2013\u00a0Osapool,\u00a0kes\u00a0palkab\u00a0ametialaste\u00a0teenuste osutaja.\u00a0Aktuaari kliendiks v\u00f5ib olla aktuaari t\u00f6\u00f6andja.\u00a0\n\t<\/p>\n<p>\n\t\tAmetialane\u00a0hinnang\u00a0\u2013\u00a0Aktuaari\u00a0hinnang, mis p\u00f5hineb\u00a0aktuaarsele\u00a0(v\u00f5i muule asjaomasele)\u00a0v\u00e4lja\u00f5ppele\u00a0ja kogemusele.\u00a0\n\t<\/p>\n<p>\n\t\tAmetialased\u00a0teenused\u00a0\u2013\u00a0\n\t<\/p>\n<ul role=\"list\">\n<li data-aria-level=\"1\" data-aria-posinset=\"1\" data-font=\"Symbol\" data-leveltext=\"\uf0b7\" data-listid=\"2\" role=\"listitem\">\n<p>\n\t\t\t\tK\u00f5ik aktuaari osutatud teenused, mis seonduvad pensioniplaani v\u00f5i -fondiga,\u00a0kindlustus-,\u00a0edasikindlus-\u00a0v\u00f5i finantsteenuseid osutava ettev\u00f5ttega v\u00f5i finantstehingutega; ja\u00a0\u00a0\n\t\t\t<\/p>\n<\/li>\n<li data-aria-level=\"1\" data-aria-posinset=\"2\" data-font=\"Symbol\" data-leveltext=\"\uf0b7\" data-listid=\"2\" role=\"listitem\">\n<p>\n\t\t\t\tK\u00f5ik muud aktuaari osutatud teenused, mis p\u00f5hinevad\u00a0aktuaarsetel\u00a0alustel.\u00a0\n\t\t\t<\/p>\n<\/li>\n<\/ul>\n<p>\n\t\t<span style=\"font-size:15px\"><strong>P\u00d5HIM\u00d5TTED\u00a0<\/strong><\/span>\n\t<\/p>\n<p>\n\t\t1. Ausus\u00a0\n\t<\/p>\n<p>\n\t\tAktuaar\u00a0kohustub k\u00e4ituma\u00a0ausalt ning l\u00e4htub oma ametialases tegevuses k\u00f5rgeimatest eetilistest standarditest.\u00a0\n\t<\/p>\n<p>\n\t\t2. P\u00e4devus ja hoolikus\u00a0\n\t<\/p>\n<p>\n\t\tAktuaar\u00a0kohustub t\u00e4itma\u00a0oma\u00a0ametialaseid\u00a0teenuseid\u00a0p\u00e4devalt ja hoolikalt.\u00a0\n\t<\/p>\n<p>\n\t\t3. Vastavus\u00a0\n\t<\/p>\n<p>\n\t\tAktuaar\u00a0kohustub j\u00e4rgima\u00a0oma tegevuses k\u00f5iki\u00a0asjaomaseid\u00a0\u00f5igusalaseid,\u00a0j\u00e4relvalvelisi\u00a0ja ametialaseid n\u00f5udeid.\u00a0\n\t<\/p>\n<p>\n\t\t4. Erapooletus\u00a0\n\t<\/p>\n<p>\n\t\tAktuaar ei\u00a0tohi\u00a0lubada\u00a0eelarvamustel, huvide konfliktil v\u00f5i teiste isikute\u202flubamatul\u00a0sekkumisel\u00a0m\u00f5jutada oma ametialast hinnangut.\u00a0\n\t<\/p>\n<p>\n\t\t5.\u00a0Tulemuste esitamine\u00a0\n\t<\/p>\n<p>\n\t\tAktuaar\u00a0kohustub\u00a0esitama oma t\u00f6\u00f6 tulemused\u00a0asjakohaselt ning vastavalt k\u00f5ikidele rakendatavatele aruandlusstandarditele.\u00a0\n\t<\/p>\n<p>\n\t\t<span style=\"font-size:15px\"><strong>P\u00d5HIM\u00d5TETE SELGITUSED\u00a0<\/strong><\/span>\n\t<\/p>\n<p>\n\t\tJ\u00e4rgnevad selgitused\u00a0on osa eetikakoodeksist ja\u00a0nende\u00a0eesm\u00e4rgiks on t\u00e4psustada \u00fclaltoodud p\u00f5him\u00f5tete t\u00f5lgendamist ning kohaldamist.\u00a0\n\t<\/p>\n<p>\n\t\tAntud\u00a0selgitused\u00a0ei ole t\u00e4ielikud\u00a0ega l\u00f5plikud.\u202f Aktuaar peab l\u00e4htuma oma\u00a0ametialasest\u00a0hinnangust ning\u00a0pidama\u00a0eetikakoodeksi j\u00e4rgimisel silmas nii selle\u00a0m\u00f5tet\u00a0kui eesm\u00e4rki, mitte\u00a0seda\u00a0\u00fcks-\u00fchele\u00a0t\u00f5lgendama.\u00a0\n\t<\/p>\n<p>\n\t\t<strong>1. Ausus\u00a0<\/strong>\n\t<\/p>\n<p>\n\t\t1.1\u202f Aktuaar kohustub osutama oma kutseteenust ausalt, oskuslikult ja hoolikalt. Aktuaar t\u00e4idab oma ametialast kohustust kliendi ees, l\u00e4htudes sealjuures k\u00f5igist kehtivatest \u00f5iguslikest,\u00a0j\u00e4relvalvelistest\u00a0ja ametialastest n\u00f5uetest.\u00a0\n\t<\/p>\n<p>\n\t\t1.2 Aktuaar\u00a0ei tohi tegutseda\u00a0viisil, mis\u00a0v\u00f5ib\u00a0kahjustada\u00a0aktuaarikutse mainet,\u00a0seda\u00a0nii oma ameti\u00fclesandeid sooritades\u00a0v\u00f5i\u00a0muudes olukordades,\u00a0kus\u00a0tema\u00a0tegevust v\u00f5idakse k\u00e4sitelda\u00a0aktuaarse\u00a0tegevusena.\u00a0\u00a0\n\t<\/p>\n<p>\n\t\t1.3.\u00a0Aktuaar ei tohi\u00a0esitada sellist infot, mis aktuaari teadmise kohaselt on tegelikult vale v\u00f5i eksitav, sisaldab hooletult esitatud v\u00e4iteid v\u00f5i infot, v\u00f5i\u00a0on v\u00e4lja j\u00e4tnud v\u00f5i varjanud\u00a0asjaolusid,\u00a0mis tegelikult pidanuks selles sisalduma, muutes seega info eksitavaks. Samuti ei tohi aktuaar olla sellise info esitamisega seotud, seda reklaamida v\u00f5i\u00a0kliendile pakkuda.\u00a0Kui aktuaar saab teada, et teda on sellise info esitamisega seostatud,\u00a0peaks ta v\u00f5tma meetmeid, et teda selle infoga ei seostataks.\u00a0See s\u00e4te ei t\u00e4henda, et aktuaar ei peaks\u00a0sooritama\u00a0t\u00f6\u00f6\u00fclesandeid, mis p\u00f5hinevad:\u00a0\n\t<\/p>\n<p>\n\t\t\u2013 eeldustel v\u00f5i metoodikal, mille on\u00a0m\u00e4\u00e4ranud\u00a0klient v\u00f5i teine osapool, tingimusel, et\u00a0kui aktuaar antud eeldusi v\u00f5i metoodikat ei\u00a0poolda, teavitab ta sellest ka kasutajat; v\u00f5i\u00a0\n\t<\/p>\n<p>\n\t\t\u2013 eeldustel v\u00f5i metoodikal, mida on kirjeldatud \u00f5iguslikes,\u00a0j\u00e4relvalvelistes\u00a0v\u00f5i ametialastes n\u00f5uetes.\u00a0\n\t<\/p>\n<p>\n\t\t1.4\u00a0Aktuaar\u00a0peaks\u00a0tegema\u00a0koost\u00f6\u00f6d teiste tema kliendile teenust pakkuvate osapooltega\u00a0ja nende suhtes\u00a0austusega\u00a0k\u00e4ituma.\u00a0\n\t<\/p>\n<p>\n\t\t1.5 Aktuaar peab austama saadud info konfidentsiaalsust, l\u00e4htudes \u00f5iguslikest,\u00a0j\u00e4relvalvelistest\u00a0v\u00f5i ametialastest aruandluskohustustest.\u00a0\n\t<\/p>\n<p>\n\t\t1.6\u00a0Kui aktuaaril palutakse\u00a0v\u00f5tta \u00fcle\u00a0ametialaste\u00a0teenuste\u00a0osutamine, mida enne osutas\u00a0teine aktuaar, peab ta kaaluma, kas\u00a0oleks vajalik\u00a0konsulteerida eelnevalt teenust osutanud aktuaariga, et veenduda, kas v\u00f5ib leiduda m\u00f5ni\u00a0ametialane\u00a0p\u00f5hjus, mis takistaks\u00a0t\u00f6\u00f6\u00a0\u00fcle v\u00f5tmist.\u00a0\n\t<\/p>\n<p>\n\t\t<strong>2. P\u00e4devus ja hoolikus\u00a0<\/strong>\n\t<\/p>\n<p>\n\t\t2.1\u00a0Aktuaar peab oma ametialast teenust osutama hoolikalt, p\u00f5hjalikult ja \u00f5igeaegselt.\u00a0\u00a0\n\t<\/p>\n<p>\n\t\t2.2\u00a0Aktuaar\u00a0tohib\u00a0oma\u00a0ametialast\u00a0teenust pakkuda vaid siis, kui:\u00a0\n\t<\/p>\n<p>\n\t\t\u202f- ta on ametialaselt p\u00e4dev ja vajalike kogemustega v\u00f5i\u00a0\n\t<\/p>\n<p>\n\t\t\u202f- teda n\u00f5ustab isik, kellel on vajalikud teadmised ja oskused ning klient on sellest teadlik, v\u00f5i\u00a0\n\t<\/p>\n<p>\n\t\t\u202f- teda juhendab teine aktuaar, kes v\u00f5tab tehtud t\u00f6\u00f6 eest\u00a0ametialase\u00a0vastutuse.\u00a0\n\t<\/p>\n<p>\n\t\t2.3\u00a0Enne osutatud ametialaste teenuste tulemuste esitamist peab aktuaar tagama selle, et tulemused on tema parima teadmise ja m\u00f5istliku veendumuse\u00a0kohaselt\u00a0ilma vigadeta.\u00a0\n\t<\/p>\n<p>\n\t\t2.4\u00a0Aktuaar peaks enne ametialaste teenuste osutamist kliendiga kokku leppima\u00a0aktuaari kohustuste olemuses ja ulatuses.\u00a0\u00a0\n\t<\/p>\n<p>\n\t\t<strong>3.Vastavus\u00a0<\/strong>\n\t<\/p>\n<p>\n\t\t3.1 Aktuaar\u00a0peab k\u00e4ituma viisil, mis tagab tema ametialase vastutuse t\u00e4itmise \u00fchiskonna ees, j\u00e4rgides oma t\u00f6\u00f6s\u00a0kehtivaid\u00a0tehnilisi\u00a0ja ametialaseid\u00a0standardeid. Aktuaar peab oma t\u00f6\u00f6s l\u00e4htuma k\u00f5ikidest\u00a0EAL-i\u00a0kinnitatud\u00a0suunistest ja tegevusstandarditest.\u00a0\n\t<\/p>\n<p>\n\t\t3.2 Aktuaarile kehtib\u00a0EAL-i\u00a0kodukorras\u00a0esitatud\u00a0distsiplinaarkord. Aktuaaril on \u00f5igus kodukorra alusel apelleerida mistahes\u00a0EAL-i\u00a0otsus. Aktuaar peab aktsepteerima ja t\u00e4itma\u00a0EAL-i\u00a0distsiplinaarkohtu poolt v\u00f5i apellatsiooni tulemusel tehtud otsuseid.\u00a0\n\t<\/p>\n<p>\n\t\t<strong>4. Erapooletus\u00a0<\/strong>\n\t<\/p>\n<p>\n\t\t4.1 Aktuaar ei tohi pakkuda\u00a0ametialast\u00a0teenust olemasoleva v\u00f5i potentsiaalse huvide konflikti korral\u00a0v\u00f5i\u00a0juhul, kui aktuaaril\u00a0on eelarvamusi v\u00f5i tajutavaid eelarvamusi, v\u00e4lja arvatud juhul, kui aktuaaril on\u00a0sellest hoolimata\u00a0v\u00f5imalik erapooletult k\u00e4ituda\u00a0ja\u00a0klienti on\u00a0olemasolevast v\u00f5i\u00a0potentsiaalsest\u00a0huvide konfliktist v\u00f5i eelarvamusest\u00a0t\u00e4ies mahus\u00a0teavitatud.\u00a0\n\t<\/p>\n<p>\n\t\t4.2 Aktuaar\u00a0peab\u00a0klienti kirjalikult ja \u00f5igeaegselt teavitama\u00a0mistahes\u00a0sissetulekutest, mis seonduvad\u00a0kliendi jaoks osutatava teenusega (v\u00e4lja arvatud juhul, kui klient on aktuaari t\u00f6\u00f6andja \u2013 sellel juhul pole vaja teda teavitada t\u00f6\u00f6andja poolt makstavast t\u00f6\u00f6tasust).\u00a0\n\t<\/p>\n<p>\n\t\t<strong>5.\u00a0Tulemuste esitamine\u00a0<\/strong>\n\t<\/p>\n<p>\n\t\t5.1\u00a0Aktuaar\u00a0peab\u00a0oma ametialaste teenuste tulemused esitama \u00f5igeaegselt ning konkreetses\u00a0olukorras n\u00f5utavas\u00a0vormingus\u00a0ja kujul, pidades silmas\u00a0seda, et anal\u00fc\u00fcside ja soovituste\u00a0j\u00e4reldused on esitatud kasutajale arusaadaval viisil.\u00a0\n\t<\/p>\n<p>\n\t\t5.2 V\u00e4lja arvatud juhul, kui see pole aktuaari hinnangul\u00a0m\u00f5istlik\u00a0(sellisel juhul ei tekita antud n\u00f5udest k\u00f5rvalekaldumine avalikustamisn\u00f5uet), peab aktuaar oma ametialaste teenuste tulemuste esitamisel:\u00a0\u00a0\u00a0\n\t<\/p>\n<p>\n\t\t\u2013 selgelt n\u00e4itama, et\u00a0edastatav info\u00a0p\u00e4rineb\u00a0temalt\u00a0endalt;\u00a0\n\t<\/p>\n<p>\n\t\t\u2013\u00a0r\u00f5hutama, et aktuaar vastutab tulemuste eest, v\u00f5ttes arvesse mistahes kehtivaid piiranguid (nende olemasolul);\u00a0\n\t<\/p>\n<p>\n\t\t\u2013\u00a0tutvustama\u00a0oma p\u00e4devust\u00a0ja kompetentsi;\u00a0\n\t<\/p>\n<p>\n\t\t\u2013 tuvastama\u00a0anal\u00fc\u00fcsi ja\u00a0soovituste\u00a0kasutaja;\u00a0\n\t<\/p>\n<p>\n\t\t\u2013\u00a0tooma v\u00e4lja\u00a0t\u00f6\u00f6 ulatuse\u00a0ja eesm\u00e4rgi;\u00a0\n\t<\/p>\n<p>\n\t\t\u2013 tooma v\u00e4lja, millises ulatuses ja kuidas on v\u00f5imalik aktuaarilt v\u00f5i kolmandalt osapoolelt t\u00e4iendavat teavet ja selgitusi saada.\u00a0\u00a0\n\t<\/p>\n<\/div>\n<div>\n<p>\n\t\t<em>Kinnitatud \u00fcldkoosolekul 06.2021<\/em>\n\t<\/p>\n<\/div>\n","protected":false},"excerpt":{"rendered":"<p>\u00a0 EESM\u00c4RK\u00a0 Eesti Aktuaaride Liidu (edaspidi EAL) aktuaarieetika koodeks\u00a0on vastavuses\u00a0rahvusvaheliselt tunnustatud aktuaaride eetikakoodeksiga, mille eest vastutab Euroopa Aktuaaride Liit (Actuarial\u00a0Association\u00a0of Europe,\u00a0AAE).\u00a0Aktuaarieetika koodeksi on kinnitanud\u00a0EAL-i\u00a0\u00fcldkoosolek.\u00a0 Aktuaarieetika koodeks s\u00e4testab aktuaarikutsega seonduvad eetilised normid,\u00a0mida aktuaar peab j\u00e4rgima, seda nii ametialaste \u00fclesannete t\u00e4itmisel kui &#8230;<\/p>\n","protected":false},"author":101,"featured_media":0,"parent":0,"menu_order":0,"comment_status":"closed","ping_status":"closed","template":"","meta":{"_acf_changed":false,"inline_featured_image":false,"footnotes":""},"class_list":["post-7","page","type-page","status-publish","hentry"],"acf":[],"_links":{"self":[{"href":"https:\/\/sisu.ut.ee\/aktuaar\/wp-json\/wp\/v2\/pages\/7","targetHints":{"allow":["GET"]}}],"collection":[{"href":"https:\/\/sisu.ut.ee\/aktuaar\/wp-json\/wp\/v2\/pages"}],"about":[{"href":"https:\/\/sisu.ut.ee\/aktuaar\/wp-json\/wp\/v2\/types\/page"}],"author":[{"embeddable":true,"href":"https:\/\/sisu.ut.ee\/aktuaar\/wp-json\/wp\/v2\/users\/101"}],"replies":[{"embeddable":true,"href":"https:\/\/sisu.ut.ee\/aktuaar\/wp-json\/wp\/v2\/comments?post=7"}],"version-history":[{"count":1,"href":"https:\/\/sisu.ut.ee\/aktuaar\/wp-json\/wp\/v2\/pages\/7\/revisions"}],"predecessor-version":[{"id":102,"href":"https:\/\/sisu.ut.ee\/aktuaar\/wp-json\/wp\/v2\/pages\/7\/revisions\/102"}],"wp:attachment":[{"href":"https:\/\/sisu.ut.ee\/aktuaar\/wp-json\/wp\/v2\/media?parent=7"}],"curies":[{"name":"wp","href":"https:\/\/api.w.org\/{rel}","templated":true}]}}