{"id":5,"date":"2024-04-04T03:17:38","date_gmt":"2024-04-04T00:17:38","guid":{"rendered":"https:\/\/sisu.ut.ee\/aktuaar\/liidu-pohikiri\/"},"modified":"2024-04-04T03:17:48","modified_gmt":"2024-04-04T00:17:48","slug":"liidu-pohikiri","status":"publish","type":"page","link":"https:\/\/sisu.ut.ee\/aktuaar\/liidu-pohikiri\/","title":{"rendered":"Liidu p\u00f5hikiri"},"content":{"rendered":"<hr>\n<p style=\"text-align: center\">I \u00dcLDS\u00c4TTED<\/p>\n<p>\u00a0<\/p>\n<p>1.1. Eesti Aktuaaride Liit (edaspidi p\u00f5hikirjas EAL) on Eesti aktuaaride omavalitsuse alusel tegutsev mittetulunduslik kutse\u00fching.<\/p>\n<p>1.2. EAL on juriidiline isik, mis juhindub oma tegevuses Eesti Vabariigi P\u00f5hiseadusest, mittetulundus\u00fchingute seadusest ja teistest \u00f5igusaktidest ning k\u00e4esolevast p\u00f5hikirjast.<\/p>\n<p>1.3. EAL-il on oma pangaarve, oma nimetusega pitsat ja s\u00fcmboolika.<\/p>\n<p>1.4. EAL-i asukoht on Eesti Vabariik, Tallinna linn.<\/p>\n<p align=\"center\">\u00a0<\/p>\n<p align=\"center\">II TEGEVUSE EESM\u00c4RGID<\/p>\n<p>2.1. EAL-i eesm\u00e4rgiks on: \u00fchiskonna teadvustamine aktuaari kutse ja tegevuse olemusest, aktuaarikutse ja kindlustusteaduse edendamine, liidu liikmete \u00f5iguste kaitsmine, aktuaaride omavahelise austuse ja lugupidamise hoidmine, sidemete arendamine teiste rahvuslike ja rahvusvaheliste aktuaaride organisatsioonidega ja \u00f5igusloome teostamine oma valdkonnas.<\/p>\n<p>2.2. P\u00fcstitatud eesm\u00e4rkide saavutamiseks EAL:<\/p>\n<p>2.2.1. aitab kaasa aktuaarieetika j\u00e4rgimisele;<\/p>\n<p>2.2.2. t\u00f6\u00f6tab v\u00e4lja normid ja juhendid aktuaaridele juhindumiseks igap\u00e4evases t\u00f6\u00f6s;<\/p>\n<p>2.2.3. osaleb aktuaarikoolituse \u00f5ppeprogrammi koostamisel ja rahvusvahelistele standarditele vastava aktuaari kvalifikatsiooni miinimumn\u00f5uete v\u00e4ljat\u00f6\u00f6tamisel;<\/p>\n<p>2.2.4. aitab kaasa kindlustusalaga seotud teaduste, sh kindlustusmatemaatika, arengule ja aktuaaride v\u00e4lja\u00f5ppele;<\/p>\n<p>2.2.5. esindab oma liikmeskonda rahvusvahelistes aktuaaride organisatsioonides;<\/p>\n<p>2.2.6. esindab oma liikmeskonda riigiorganites, teeb koost\u00f6\u00f6d EV riigi- ja j\u00e4relvalve organisatsioonidega;<\/p>\n<p>2.2.7. teeb koost\u00f6\u00f6d Eesti Vabariigi \u00fclikoolide ja teiste k\u00f5rgemate \u00f5ppeasutustega;<\/p>\n<p>2.2.8. teeb koost\u00f6\u00f6d finantssektori ettev\u00f5tetega ja liitudega;<\/p>\n<p>2.2.9. korraldab t\u00e4iendkoolitust ja annab v\u00e4lja tr\u00fckiseid;<\/p>\n<p>2.2.10. m\u00e4\u00e4rab ja taotleb oma liikmetele stipendiume;<\/p>\n<p>2.2.11. osaleb seaduste ja teiste \u00f5igusaktide projektide ettevalmistamises ning arutelus oma valdkonna piires;<\/p>\n<p>2.2.12. korraldab oma liikmeskonda \u00fchendavaid erialaseid ja seltskondlikke \u00fcritusi;<\/p>\n<p>2.2.13. loob t\u00f6\u00f6r\u00fchmi ja -komisjone liidu ees seisvate \u00fclesannete lahendamiseks;<\/p>\n<p>2.2.14. t\u00e4iendab eestikeelset aktuaarset s\u00f5navara ja arendab aktuaari keele kasutamise kultuuri;<\/p>\n<p>2.2.15. loob kontakte teiste erialade \u00fchendustega.<\/p>\n<p>2.3. Oma eesm\u00e4rkide saavutamiseks on EAL-il \u00f5igus:<\/p>\n<p>2.3.1. omada arveldus- ja muid arveid ning teha finantsoperatsioone;<\/p>\n<p>2.3.2. moodustada fonde ja rajada ettev\u00f5tteid;<\/p>\n<p>2.3.3. omada tegevuseks vajalikke ruume, vallata, kasutada ja k\u00e4sutada oma eesm\u00e4rkidele vastavat vara koosk\u00f5las p\u00f5hikirjaga;<\/p>\n<p>2.3.4. teha igasuguseid seadusega lubatud tehinguid;<\/p>\n<p>2.3.5. kompenseerida EAL-i juhtorganitesse valitud liikmetele nende EAL-i t\u00f6\u00f6\u00fclesannete t\u00e4itmisel tekkinud kulutused;<\/p>\n<p>2.3.6. esindada oma liikmeid rahvusvahelistes organisatsioonides.<\/p>\n<p>\u00a0<\/p>\n<p align=\"center\">III EAL-i LIIKMED<\/p>\n<p>3.1\u00a0 EAL-i liikmeskonna moodustavad t\u00e4isliikmed, assotsieerunud liikmed, \u00f5pilasliikmed ja auliikmed.<\/p>\n<p>3.1.1\u00a0\u00a0\u00a0\u00a0\u00a0\u00a0\u00a0 EAL-i t\u00e4isliige peab olema l\u00e4binud rahvusvahelistele standarditele vastava ja EAL \u00fcldkoosoleku poolt kinnitatud aktuaaride \u00f5ppeprogrammi t\u00e4ies ulatuses, omama akadeemilist k\u00f5rgharidust ning v\u00e4hemalt 2 aastast praktilise t\u00f6\u00f6 kogemust aktuaari t\u00f6\u00f6 valdkonnas. EAL-i t\u00e4isliikme staatuse v\u00f5ib EAL-i \u00fcldkoosolek juhatuse ettepanekul anda ka teiste riikide t\u00e4ielikult kvalifitseerunud aktuaaridele tingimusel, et nende maade aktuaaridele kvalifitseerumiseks esitatavad n\u00f5uded vastavad rahvusvahelistele standarditele ning EAL-i \u00f5ppeprogrammile. Viimati nimetatud juhul peab juhatuse vastav ettepanek saama rohkem kui 2\/3 \u00fcldkoosolekust osav\u00f5tnud EAL-i\u00a0 liikmete toetuse.<\/p>\n<p>3.1.2\u00a0\u00a0\u00a0\u00a0\u00a0\u00a0\u00a0 EAL-i assotsieerunud liige peab omama akadeemilist k\u00f5rgharidust ning olema l\u00e4binud aktuaaride \u00f5ppeprogrammi EAL-i \u00fcldkoosoleku poolt s\u00e4testatud m\u00e4\u00e4ras.<\/p>\n<p>3.1.3\u00a0\u00a0\u00a0\u00a0\u00a0\u00a0\u00a0 EAL-i \u00f5pilasliikme staatuse v\u00f5ib omistada neile kindlustusmatemaatikast huvitatud isikutele, kes veel \u00f5pivad k\u00f5rgkoolis ja\/v\u00f5i kes pole l\u00e4binud aktuaaride \u00f5ppeprogrammi assotsieerunud liikmele n\u00f5utavas mahus.<\/p>\n<p>3.1.4\u00a0\u00a0\u00a0\u00a0\u00a0\u00a0\u00a0 EAL-i auliikme staatuse v\u00f5ib EAL-i \u00fcldkoosolek juhatuse ettepanekul omistada inimestele, kes oma positsiooni v\u00f5i tegevusega on oluliselt kaasa aidanud EAL-i tegevusele ja aktuaari kutse arengule.<\/p>\n<p>3.2\u00a0 EAL-i liikmeks vastuv\u00f5tmise otsustab EAL-i juhatus soovija kirjaliku avalduse alusel avalduse esitamisele j\u00e4rgneval koosolekul. Liikmeks astuja peab oma kirjalikule sooviavaldusele lisama haridust t\u00f5endavad dokumendid ning soovituse v\u00e4hemalt \u00fchelt EAL t\u00e4is- v\u00f5i assotsieerunud liikmelt. Uute liikmete vastuv\u00f5tmise\u00a0 kinnitab \u00fcldkoosolek.<\/p>\n<p>3.3\u00a0 EAL-i sisseastumis- ja liikmemaksu\u00a0 suuruse otsustab \u00fcldkoosolek. Auliikmed on liikmemaksust vabastatud.<\/p>\n<p>3.4\u00a0 Liige v\u00f5ib omal soovil EAL-ist v\u00e4lja astuda sellekohase avalduse alusel, mis esitatakse juhatusele. Liige loetakse EAL-ist lahkunuks avalduse esitamise p\u00e4evast.<\/p>\n<p>3.5\u00a0 EAL-i p\u00f5hikirja n\u00f5uete korduva rikkumise, samuti aktuaarieetika vastu raske eksimuse korral ning kui liikmemaksu v\u00f5lgnevus on rohkem kui \u00fcks aasta, v\u00f5ib EAL-i liikme organisatsioonist v\u00e4lja arvata.<\/p>\n<p>3.5.1\u00a0\u00a0\u00a0\u00a0\u00a0\u00a0\u00a0 Otsuse liikme EAL-ist v\u00e4ljaarvamise kohta v\u00f5tab vastu \u00fcldkoosolek juhatuse ettepanekul;<\/p>\n<p>3.5.2\u00a0\u00a0\u00a0\u00a0\u00a0\u00a0\u00a0 EAL-ist omal soovil lahkunud, v\u00e4ljaarvatud ja v\u00e4ljalangenud isikutele sisseastumis- ja liikmemaksu ei tagastata.<a name=\"_Ref117858542\"><\/a><\/p>\n<p>3.6\u00a0 EAL-i liikmel on \u00f5igus:<\/p>\n<p>3.6.1\u00a0\u00a0\u00a0\u00a0\u00a0\u00a0\u00a0 esitada ettepanekuid ja arup\u00e4rimisi EAL-i puudutavates k\u00fcsimustes;<\/p>\n<p>3.6.2\u00a0\u00a0\u00a0\u00a0\u00a0\u00a0\u00a0 kasutada EAL-i ruume ja vara vastavalt p\u00f5hikirjale ja kodukorrale;<\/p>\n<p>3.6.3\u00a0\u00a0\u00a0\u00a0\u00a0\u00a0\u00a0 valida EAL-i juht- ja kontrollorganeid;<\/p>\n<p>3.6.4\u00a0\u00a0\u00a0\u00a0\u00a0\u00a0\u00a0 osaleda EAL-i korraldatud \u00fcritustel;<\/p>\n<p>3.6.5\u00a0\u00a0\u00a0\u00a0\u00a0\u00a0\u00a0 lahkuda EAL-ist omal soovil;<\/p>\n<p>3.6.6\u00a0\u00a0\u00a0\u00a0\u00a0\u00a0\u00a0 saada osa EAL-i vahendatud rahvusvahelistest koolitustest;<\/p>\n<p>3.6.7\u00a0\u00a0\u00a0\u00a0\u00a0\u00a0\u00a0 taotleda EAL-i kaasabi v\u00e4liskoolitustel ja rahvusvahelistel konverentsidel osalemiseks.<\/p>\n<p>3.7\u00a0 EAL-i t\u00e4is- ja assotsieerunud liikmel on lisaks p. 3.6 kirjeldatule \u00f5igus olla valitud k\u00f5igisse EAL-i juht- ja kontrollorganitesse ning ametitesse.<\/p>\n<p>3.8\u00a0 EAL-i liige on kohustatud:<\/p>\n<p>3.8.1\u00a0\u00a0\u00a0\u00a0\u00a0\u00a0\u00a0 j\u00e4rgima EAL-i p\u00f5hikirja ja kodukorda;<\/p>\n<p>3.8.2\u00a0\u00a0\u00a0\u00a0\u00a0\u00a0\u00a0 tasuma sisseastumismaksu ning kindlaksm\u00e4\u00e4ratud ajal ja suuruses liikmemaksu;<\/p>\n<p>3.8.3\u00a0\u00a0\u00a0\u00a0\u00a0\u00a0\u00a0 j\u00e4rgima oma igap\u00e4evases tegevuses aktuaari eetikat, k\u00e4itumiskoodeksit ning EAL-i programmdokumente.<\/p>\n<p>\u00a0<\/p>\n<p align=\"center\">IV JUHTIMINE<\/p>\n<p>4.1. EAL-i organid on \u00fcldkoosolek, juhatus, revisjonitoimkond ja teised \u00fcldkoosoleku poolt ellu kutsutud alalised v\u00f5i ajutised toimkonnad.<\/p>\n<p>4.2. EAL-i k\u00f5rgeim organ on liikmete \u00fcldkoosolek:<\/p>\n<p>4.2.1. \u00fcldkoosolek v\u00f5ib olla korraline v\u00f5i erakorraline;<\/p>\n<p>4.2.2. korraline \u00fcldkoosolek toimub v\u00e4hemalt \u00fcks kord aastas;<\/p>\n<p>4.2.3. \u00fcldkoosoleku kutsub kokku juhatus, teatades EAL-i liikmetele koosoleku aja, koha ja p\u00e4evakorra v\u00e4hemalt 14 p\u00e4eva enne koosolekut;<\/p>\n<p>4.2.4. erakorraline \u00fcldkoosolek tuleb kokku kutsuda EAL-i juhatuse, revisjonitoimkonna v\u00f5i v\u00e4hemalt \u00fche k\u00fcmnendiku liikmete n\u00f5udmisel.<\/p>\n<p>4.3. EAL-i \u00fcldkoosolek v\u00f5ib vastu v\u00f5tta otsuseid, kui sellel osaleb \u00fcle poole EAL-i h\u00e4\u00e4le\u00f5iguslikest liikmetest.<\/p>\n<p>4.4. Kui \u00fcldkoosolek ei ole p-s 4.3. s\u00e4testatud korra kohaselt p\u00e4dev otsuseid vastu v\u00f5tma, kutsub juhatus nelja n\u00e4dala jooksul kokku sama p\u00e4evakorraga kordus\u00fcldkoosoleku, mis on p\u00e4dev vastu v\u00f5tma otsuseid s\u00f5ltumata \u00fcldkoosolekul osalevate liikmete arvust.<\/p>\n<p>4.5. \u00dcldkoosoleku otsused loetakse vastuv\u00f5etuks, kui nende poolt h\u00e4\u00e4letab \u00fcle poole koosolekul osalevatest\u00a0 liikmetest, v\u00e4lja arvatud otsused, mis on seotud p\u00f5hikirja p-dega 3.1.1,4.6.1, 4.6.3 ja4.6.9, mille vastu v\u00f5tmiseks on vajalik rohkem kui kahe kolmandikuline h\u00e4\u00e4lteenamus.<\/p>\n<p>4.6. \u00dcldkoosolek on p\u00e4dev otsustama k\u00f5iki EAL-i tegevusega seonduvaid k\u00fcsimusi. \u00dcldkoosoleku ainup\u00e4devuses on:<\/p>\n<p>4.6.1. p\u00f5hikirja muutmine ja t\u00e4iendamine;<\/p>\n<p>4.6.2. juhatuse, juhatuse esimehe ja revisjonitoimkonna valimine salajase h\u00e4\u00e4letuse teel;<\/p>\n<p>4.6.3. juhatuse ennet\u00e4htaegne tagasikutsumine;<\/p>\n<p>4.6.4. juhatuse ja revisjonitoimkonna tegevuse aruannete \u00e4rakuulamine ja neile hinnangu andmine;<\/p>\n<p>4.6.5. eelarve kinnitamine;<\/p>\n<p>4.6.6. uute liikmete vastuv\u00f5tmise kinnitamine;<\/p>\n<p>4.6.7. liikmete liikmeskonnast v\u00e4ljaarvamise kinnitamine;<\/p>\n<p>4.6.8. sisseastumis-ja liikmemaksu suuruse kehtestamine;<\/p>\n<p>4.6.9. EAL-i \u00fchinemise, jagunemise ja tegevuse vabatahtliku l\u00f5petamise otsustamine;<\/p>\n<p>4.6.10. likvideerimiskomisjoni valimine.<\/p>\n<p>4.7. Juhatus on EAL-i t\u00f6\u00f6organ, mis juhib EAL-i tegevust \u00fcldkoosolekute vahelisel ajal. Juhatuse suuruse otsustab \u00fcldkoosolek, kuid see ei v\u00f5i olla v\u00e4iksem kui 3 liiget ja suurem kui 9 liiget.<\/p>\n<p>4.8. V\u00e4hemalt 2\/3 juhatuse koosseisust peavad moodustama EAL t\u00e4isliikmed. Juhatuse esimeheks saab olla EAL t\u00e4isliige.<\/p>\n<p>4.9. Juhatuse esimees juhib juhatuse t\u00f6\u00f6d, korraldab EAL-i igap\u00e4evast t\u00f6\u00f6d vastavalt EAL-i p\u00f5hikirjalistele eesm\u00e4rkidele ja juhatuse otsustele;<\/p>\n<p>4.10. Juhatuse ametiperiood on kolm aastat.<\/p>\n<p>4.11. Juhatuse koosolekud toimuvad vastavalt vajadusele, kuid v\u00e4hemalt neli korda aastas. Juhatus teeb otsuseid poolth\u00e4\u00e4lteenamuse alusel. Juhatus tuleb kokku juhatuse esimehe kutsel, samuti v\u00e4hemalt kahe juhatuse liikme v\u00f5i revisjonitoimkonna n\u00f5udel.<\/p>\n<p>4.12. Juhatus on p\u00e4dev otsuseid vastu v\u00f5tma, kui koosolekust v\u00f5tab osa \u00fcle poole juhatuse liikmetest.<\/p>\n<p>4.13. Juhatuse p\u00e4devuses on:<\/p>\n<p>4.12.1. juhatuse esimehe aset\u00e4itja ja teiste ametikohtade t\u00e4itjate m\u00e4\u00e4ramine;<\/p>\n<p>4.12.2. koosseisuliste t\u00f6\u00f6tajate ja ametikohtade m\u00e4\u00e4ramine;<\/p>\n<p>4.12.3. tegevuse aruannete koostamine ja selle esitamine \u00fcldkoosolekule;<\/p>\n<p>4.12.4. \u00fcldkoosoleku aja ja koha kindlaksm\u00e4\u00e4ramine ning ettepanekute tegemine \u00fcldkoosoleku p\u00e4evakorra kohta;<\/p>\n<p>4.12.5. eelarve koostamine ja selle esitamine \u00fcldkoosolekule;<\/p>\n<p>4.12.6. koosk\u00f5las p\u00f5hikirjaga EAL-i vara ja vahendite k\u00e4sutamine kinnitatud eelarve piires, arveldus- ja muude arvete avamine ja sulgemine;<\/p>\n<p>4.12.7. lepingute s\u00f5lmimine;<\/p>\n<p>4.12.8. liikmete liikmemaksude arvestuse pidamine;<\/p>\n<p>4.12.9. raamatupidamise korraldamine.<\/p>\n<p>4.13. EAL-i v\u00f5ib esindada iga juhatuse liige. Finants ja \u00f5igustehingutel peab olema juhatuse esimehe ja v\u00e4hemalt \u00fche juhatuse liikme allkiri.<\/p>\n<p>4.14. Revisjonitoimkond koosneb kolmest isikust, kes ei tohi olla juhatuse liikmed. Revisjonitoimkond teeb otsuseid lihth\u00e4\u00e4lteenamuse alusel.<\/p>\n<p>4.15. Revisjonitoimkond<\/p>\n<p>4.16.1. valib enda hulgast revisjonitoimkonna esimehe;<\/p>\n<p>4.16.2. kontrollib EAL-i majandustegevust v\u00e4hemalt kord aastas;<\/p>\n<p>4.16.3. esitab revideerimisakti \u00fcldkoosolekule.<\/p>\n<p>4.17. Revisjonitoimkonna liikmed v\u00f5ivad osaleda juhatuse koosolekul s\u00f5na\u00f5igusega.<\/p>\n<p>\u00a0<\/p>\n<p align=\"center\">V\u00a0 VARA<\/p>\n<p>5.1. EAL-i vara moodustub:<\/p>\n<p>5.1.1 sisseastumis- ja liikmemaksudest;<\/p>\n<p>5.1.2 varalistest annetustest ja eraldistest;<\/p>\n<p>5.1.3 tulu\u00fcritustest saadud laekumistest;<\/p>\n<p>5.1.4 kirjastustegevusest saadud tulust;<\/p>\n<p>5.1.5 t\u00e4iendkoolituse korraldamisel saadud tulust;<\/p>\n<p>5.1.6 muust p\u00f5hikirjalise tegevuse arendamisest saadud tulust.<\/p>\n<p>5.2. Sihtotstarbelisi eraldisi kasutatakse vastavalt annetaja soovile.<\/p>\n<p>5.3. EAL v\u00f5ib olla igasuguse vara omanikuks, mis on vajalik EAL-i p\u00f5hikirjaliste eesm\u00e4rkide saavutamiseks ja mille omamine pole vastuolus seadusega.<\/p>\n<p>5.4. EAL-i tegevusest laekunud tulu kasutatakse p\u00f5hikirjaj\u00e4rgsete eesm\u00e4rkide saavutamiseks.<\/p>\n<p>5.5. EAL peab oma rahaliste vahendite \u00fcle raamatupidamise arvestust ja maksab makse seaduses etten\u00e4htud korras.<\/p>\n<p>\u00a0<\/p>\n<p align=\"center\">VI\u00a0 TEGEVUSE L\u00d5PETAMINE<\/p>\n<p>6.1. EAL-i tegevuse vabatahtliku l\u00f5petamise otsustab \u00fcldkoosolek, kes valib selleks likvideerimiskomisjoni.<\/p>\n<p>6.2. Likvideerimiskomisjon<\/p>\n<p>6.2.1. n\u00f5uab sisse v\u00f5lad ja rahuldab v\u00f5lausaldajate n\u00f5uded;<\/p>\n<p>6.2.2. korraldab p\u00e4rast v\u00f5lausaldajate n\u00f5uete rahuldamist allesj\u00e4\u00e4nud vara jagamise EAL-i tegevuse eesm\u00e4rgi saavutamiseks teiste samadel eesm\u00e4rkidel tegutsevate mittetulundus\u00fchingute vahel, nende puudumisel m\u00e4\u00e4ratakse \u00f5igustatud isikud \u00fcldkoosoleku otsusega.<\/p>\n<p>\u00a0<\/p>\n<p>K\u00e4esolev p\u00f5hikiri on kinnitatud Eesti Aktuaaride Liidu \u00fcldkoosolekul 30.11.2005.<\/p>\n","protected":false},"excerpt":{"rendered":"<p>I \u00dcLDS\u00c4TTED \u00a0 1.1. Eesti Aktuaaride Liit (edaspidi p\u00f5hikirjas EAL) on Eesti aktuaaride omavalitsuse alusel tegutsev mittetulunduslik kutse\u00fching. 1.2. EAL on juriidiline isik, mis juhindub oma tegevuses Eesti Vabariigi P\u00f5hiseadusest, mittetulundus\u00fchingute seadusest ja teistest \u00f5igusaktidest ning k\u00e4esolevast p\u00f5hikirjast. 1.3. EAL-il &#8230;<\/p>\n","protected":false},"author":101,"featured_media":0,"parent":0,"menu_order":0,"comment_status":"closed","ping_status":"closed","template":"","meta":{"_acf_changed":false,"inline_featured_image":false,"footnotes":""},"class_list":["post-5","page","type-page","status-publish","hentry"],"acf":[],"_links":{"self":[{"href":"https:\/\/sisu.ut.ee\/aktuaar\/wp-json\/wp\/v2\/pages\/5","targetHints":{"allow":["GET"]}}],"collection":[{"href":"https:\/\/sisu.ut.ee\/aktuaar\/wp-json\/wp\/v2\/pages"}],"about":[{"href":"https:\/\/sisu.ut.ee\/aktuaar\/wp-json\/wp\/v2\/types\/page"}],"author":[{"embeddable":true,"href":"https:\/\/sisu.ut.ee\/aktuaar\/wp-json\/wp\/v2\/users\/101"}],"replies":[{"embeddable":true,"href":"https:\/\/sisu.ut.ee\/aktuaar\/wp-json\/wp\/v2\/comments?post=5"}],"version-history":[{"count":1,"href":"https:\/\/sisu.ut.ee\/aktuaar\/wp-json\/wp\/v2\/pages\/5\/revisions"}],"predecessor-version":[{"id":100,"href":"https:\/\/sisu.ut.ee\/aktuaar\/wp-json\/wp\/v2\/pages\/5\/revisions\/100"}],"wp:attachment":[{"href":"https:\/\/sisu.ut.ee\/aktuaar\/wp-json\/wp\/v2\/media?parent=5"}],"curies":[{"name":"wp","href":"https:\/\/api.w.org\/{rel}","templated":true}]}}