{"id":4,"date":"2024-04-04T03:17:38","date_gmt":"2024-04-04T00:17:38","guid":{"rendered":"https:\/\/sisu.ut.ee\/aktuaar\/liidu-ajalugu\/"},"modified":"2024-04-04T03:17:48","modified_gmt":"2024-04-04T00:17:48","slug":"liidu-ajalugu","status":"publish","type":"page","link":"https:\/\/sisu.ut.ee\/aktuaar\/liidu-ajalugu\/","title":{"rendered":"Liidu ajalugu"},"content":{"rendered":"<hr>\n<p>Eesti Aktuaaride Liidu asutamiskoosolek toimus Tallinnas 10. jaanuaril 1999. Selleks ajaks olid esimesed aktuaarid Eesti kindlustusseltsides t\u00f6\u00f6tanud juba 3-4 aastat ning m\u00f5te liidu moodustamisest ei olnud sugugi uus. Esimene algatusgrupp kutsuti kokku EV Kindlustusinspektsiooni poolt novembris 1997. aastal. Soodsaks pinnaseks Eesti Aktuaaride Liidu (EAL) tekkimiseks osutus hoopis Leedu ning Vilniuses 1998-99 aastal korraldatud Advanced Actuarial Diploma Course. J\u00e4rgmise aasta septembris otsustasid koolitusel osalenud korraldada v\u00e4ljas\u00f5idu Trakai lossi, kus piknikul leiti, et aeg on h\u00e4rjal sarvist haarata ning moodustada uus algatusgrupp. Kutsed asutamiskoosolekul osalemiseks saadeti k\u00f5ikidele tol hetkel Eestis t\u00f6\u00f6tanud aktuaaridele, lisaks kindlustus\u00admatemaatika \u00f5petamisega seotud \u00f5ppej\u00f5ududele Tartu \u00dclikoolist.<\/p>\n<p>EAL asutajaliikmeid oli 17. Asutamiskoosolekul v\u00f5eti vastu EAL p\u00f5hikiri ning valiti kolmeliikmeline juhatus. Esimesteks juhatuse liikmeteks olid Eret V\u00f5sa, Merike Terask ja Tarmo Koll (juhatuse esimees). T\u00e4naseks on liikmete arv kasvanud ja juhatus on neljaliikmeline. Liikmed jagunevad vastavalt liikmestaatusele j\u00e4rgmiselt: <a href=\".\/liidu-liikmed\" target=\"_blank\" title=\"\" data-url=\".\/liidu-liikmed\" rel=\"noopener\">Liidu liikmed<\/a>.<\/p>\n<p>Selleks, et toetada oma liikmete p\u00fcrgimusi hariduse omandamisel on EAL v\u00f5tnud endale \u00fclesandeks erinevate seminaride ja kursuste korraldamise oma liikmes\u00adkonnale. \u00dche suurema projektina viidi aastatel 2001-2003 l\u00e4bi neli \u00fchen\u00e4dalast koolituskursust, millel osales enamik EAL liikmetest ning lisaks k\u00fclalised L\u00e4ti ja Leedu s\u00f5sarorganisatsioonidest. Lektoriteks olid v\u00e4ljapaistvad oma ala tundjad Howard Bolnick, Marina Adelsky (m\u00f5lemad USA), Simon Pollack (Suurbritannia) ning Marco Micocci (Itaalia). Kursuste korraldamine j\u00e4tkub ka t\u00e4nasel p\u00e4eval.<\/p>\n<p>EAL on seadnud endale eesm\u00e4rgiks saavutada rahvusvaheline tunnustatus k\u00f5rgetasemelise professionaalse organisatsioonina. Juba kolmandal aastal peale liidu loomist saavutasime t\u00e4isliikme staatuse rahvusvahelises aktuaaride assotsiatsioonis IAA (International Actuarial Association). Septembris 2002. aastal omistati EAL-le assotsieerunud liikme staatus Euroopa aktuaaride liite \u00fchendavas organisatsioonis AAE (Actuarial Association of Europe), mis on t\u00e4naseks muutunud t\u00e4isliikme staatuseks.<\/p>\n<p>Liikmestaatus rahvusvahelistes organisatsioonides pole ainult passiivne. Liidu esindajad on osalenud IAA ja AAE erinevate komiteede t\u00f6\u00f6s. EAL organiseeris ka 25.-27. m\u00e4rtsil 2003. aastal AAE kahe komitee (Insurance Committee ja Freedoms and General Purposes Committee) t\u00f6\u00f6koosolekud Tallinnas. Kolme p\u00e4eva jooksul v\u00f5\u00f5rustati 37 k\u00fclalist 21 v\u00e4lisriigist. EAL organiseeris 27.-30. mail 2009. aastal IAA n\u00f5ukogu ja komiteede t\u00f6\u00f6koosolekud Tallinnas. Nelja p\u00e4eva jooksul v\u00f5\u00f5rustati 235 delegaati \u00fcle kogu maailma (<a href=\"http:\/\/arileht.delfi.ee\/news\/uudised\/tallinnas-kogunevad-kogu-maailma-kindlustusari-riskide-hindajad?id=51169568\" target=\"_blank\" title=\"\" data-url=\"http:\/\/arileht.delfi.ee\/news\/uudised\/tallinnas-kogunevad-kogu-maailma-kindlustusari-riskide-hindajad?id=51169568\" rel=\"noopener\">loe l\u00e4hemalt<\/a>).<a href=\"\/Users\/meelis_k\/AppData\/Local\/Temp\/EAL%20koduleht%20KATI&amp;amp;Piret_FINAL.docx#_msocom_1\"><\/a><\/p>\n<p>Algusest peale oleme tihedalt suhelnud oma s\u00f5sarorganisatsioonidega L\u00e4tis (<a href=\"http:\/\/www.aktuars.lv\/\">http:\/\/www.aktuars.lv<\/a>) ja Leedus (<a href=\"http:\/\/www.aktuarai.lt\/\">http:\/\/www.aktuarai.lt<\/a>). Lisaks kokkusaamistele koolitustel on aastast aastasse korraldatud ka Balti aktuaaride suveseminari ja suvep\u00e4evi, esimesed neist L\u00e4tis ja edaspidi kordam\u00f6\u00f6da k\u00f5igis Balti riikides.<\/p>\n","protected":false},"excerpt":{"rendered":"<p>Eesti Aktuaaride Liidu asutamiskoosolek toimus Tallinnas 10. jaanuaril 1999. Selleks ajaks olid esimesed aktuaarid Eesti kindlustusseltsides t\u00f6\u00f6tanud juba 3-4 aastat ning m\u00f5te liidu moodustamisest ei olnud sugugi uus. Esimene algatusgrupp kutsuti kokku EV Kindlustusinspektsiooni poolt novembris 1997. aastal. Soodsaks pinnaseks &#8230;<\/p>\n","protected":false},"author":101,"featured_media":0,"parent":0,"menu_order":0,"comment_status":"closed","ping_status":"closed","template":"","meta":{"_acf_changed":false,"inline_featured_image":false,"footnotes":""},"class_list":["post-4","page","type-page","status-publish","hentry"],"acf":[],"_links":{"self":[{"href":"https:\/\/sisu.ut.ee\/aktuaar\/wp-json\/wp\/v2\/pages\/4","targetHints":{"allow":["GET"]}}],"collection":[{"href":"https:\/\/sisu.ut.ee\/aktuaar\/wp-json\/wp\/v2\/pages"}],"about":[{"href":"https:\/\/sisu.ut.ee\/aktuaar\/wp-json\/wp\/v2\/types\/page"}],"author":[{"embeddable":true,"href":"https:\/\/sisu.ut.ee\/aktuaar\/wp-json\/wp\/v2\/users\/101"}],"replies":[{"embeddable":true,"href":"https:\/\/sisu.ut.ee\/aktuaar\/wp-json\/wp\/v2\/comments?post=4"}],"version-history":[{"count":1,"href":"https:\/\/sisu.ut.ee\/aktuaar\/wp-json\/wp\/v2\/pages\/4\/revisions"}],"predecessor-version":[{"id":99,"href":"https:\/\/sisu.ut.ee\/aktuaar\/wp-json\/wp\/v2\/pages\/4\/revisions\/99"}],"wp:attachment":[{"href":"https:\/\/sisu.ut.ee\/aktuaar\/wp-json\/wp\/v2\/media?parent=4"}],"curies":[{"name":"wp","href":"https:\/\/api.w.org\/{rel}","templated":true}]}}