{"id":39,"date":"2024-04-04T03:17:40","date_gmt":"2024-04-04T00:17:40","guid":{"rendered":"https:\/\/sisu.ut.ee\/aktuaar\/liidust\/"},"modified":"2024-04-04T03:17:47","modified_gmt":"2024-04-04T00:17:47","slug":"liidust","status":"publish","type":"page","link":"https:\/\/sisu.ut.ee\/aktuaar\/liidust\/","title":{"rendered":"Liidust"},"content":{"rendered":"<p>\n\tEesti Aktuaaride Liidu (edaspidi ka EAL) p\u00f5hikirjalisteks eesm\u00e4rkideks on aktuaarikutse ja kindlustusteaduse edendamine, liidu liikmete \u00f5iguste kaitsmine, teiste rahvuslike ja rahvusvaheliste aktuaaride organisatsioonidega sidemete arendamine ja \u00f5igusloome teostamine oma valdkonnas. Selleks, et t\u00e4ita neid eesm\u00e4rke, on EAL vastu v\u00f5tnud mitmeid olulisi programmilisi dokumente, sh aktuaari haridusprogramm, eetikakoodeks ning distsiplinaarprotsess.\n<\/p>\n<p>\n\t\u00dcheks k\u00f5ige olulisemaks \u00fclesandeks on EAL pidanud liikmete haridustaseme t\u00f5stmist. Enamik meie liikmetest on l\u00f5petanud Tartu \u00dclikooli matemaatikateaduskonna.90ndatel aastatel alustasid liikmed erialaseid \u00f5pinguid Institute of Actuaries ja Faculty of Actuaries kaasabil toimunud Actuarial Diploma Course ja Advanced Actuarial Diploma Course kursustel. Alates 2000ndatest aastatest on uued liitunud enamasti l\u00f5petanud T\u00dc Finants- ja kindlustusmatemaatika magistriprogrammi T\u00e4iendamisv\u00f5imalusi on pakkunud mitmete teiste aktuaaride organisatsioonide korraldatud kursused ja suvekoolid (Poola, Itaalia, \u0160veits, L\u00e4ti, Leedu), erinevad kursused v\u00e4lismaistes \u00fclikoolides (n\u00e4iteks Salzburgi \u00dclikool) ja European Actuarial Academy. EAL on alternatiivina toonud ka ise v\u00e4lis \u00f5ppej\u00f5ude Eestisse \u00f5petama.\n<\/p>\n<p>\n\tEAL on seadnud endale eesm\u00e4rgiks saavutada rahvusvaheline tunnustatus k\u00f5rgetasemelise professionaalse organisatsioonina. EAL on rahvusvahelise aktuaaride assotsiatsiooni IAA (International Actuarial Association) ning Euroopa aktuaaride liite \u00fchendava organisatsiooni AAE (Actuarial Association of Europe) t\u00e4isliige. T\u00e4isliikme staatus nendes organisatsioonides peegeldab eelk\u00f5ige seda, et meie liikmeid peetakse rahvusvahelisel tasemel v\u00f5rdv\u00e4\u00e4rseteks partneriteks ning organisatsioon vastab k\u00f5rgeimatele rahvusvahelistele n\u00f5uetele.\n<\/p>\n<p>\n\tOleme oluliseks pidanud ka t\u00f6\u00f6v\u00e4list suhtlemist. Traditsioonideks on muutunud piduliku \u00f5htus\u00f6\u00f6gi korraldamine aastavahetuse paiku ning suvep\u00e4evad. Viimaseid on korraldatud erinevates Eestimaa paikades \u2013 P\u00e4rnus, R\u00f5uges, Elva l\u00e4hedal Peedul, Kihnus, N\u00f5val, Viljandimaal, Sangastes, Naissaarel ja J\u00e4rveveerel.<\/p>\n","protected":false},"excerpt":{"rendered":"<p>Eesti Aktuaaride Liidu (edaspidi ka EAL) p\u00f5hikirjalisteks eesm\u00e4rkideks on aktuaarikutse ja kindlustusteaduse edendamine, liidu liikmete \u00f5iguste kaitsmine, teiste rahvuslike ja rahvusvaheliste aktuaaride organisatsioonidega sidemete arendamine ja \u00f5igusloome teostamine oma valdkonnas. Selleks, et t\u00e4ita neid eesm\u00e4rke, on EAL vastu v\u00f5tnud mitmeid &#8230;<\/p>\n","protected":false},"author":101,"featured_media":0,"parent":0,"menu_order":0,"comment_status":"closed","ping_status":"closed","template":"","meta":{"_acf_changed":false,"inline_featured_image":false,"footnotes":""},"class_list":["post-39","page","type-page","status-publish","hentry"],"acf":[],"_links":{"self":[{"href":"https:\/\/sisu.ut.ee\/aktuaar\/wp-json\/wp\/v2\/pages\/39","targetHints":{"allow":["GET"]}}],"collection":[{"href":"https:\/\/sisu.ut.ee\/aktuaar\/wp-json\/wp\/v2\/pages"}],"about":[{"href":"https:\/\/sisu.ut.ee\/aktuaar\/wp-json\/wp\/v2\/types\/page"}],"author":[{"embeddable":true,"href":"https:\/\/sisu.ut.ee\/aktuaar\/wp-json\/wp\/v2\/users\/101"}],"replies":[{"embeddable":true,"href":"https:\/\/sisu.ut.ee\/aktuaar\/wp-json\/wp\/v2\/comments?post=39"}],"version-history":[{"count":1,"href":"https:\/\/sisu.ut.ee\/aktuaar\/wp-json\/wp\/v2\/pages\/39\/revisions"}],"predecessor-version":[{"id":79,"href":"https:\/\/sisu.ut.ee\/aktuaar\/wp-json\/wp\/v2\/pages\/39\/revisions\/79"}],"wp:attachment":[{"href":"https:\/\/sisu.ut.ee\/aktuaar\/wp-json\/wp\/v2\/media?parent=39"}],"curies":[{"name":"wp","href":"https:\/\/api.w.org\/{rel}","templated":true}]}}