{"id":38,"date":"2024-04-04T03:17:40","date_gmt":"2024-04-04T00:17:40","guid":{"rendered":"https:\/\/sisu.ut.ee\/aktuaar\/avaleht\/"},"modified":"2024-04-16T15:50:02","modified_gmt":"2024-04-16T12:50:02","slug":"avaleht","status":"publish","type":"page","link":"https:\/\/sisu.ut.ee\/aktuaar\/","title":{"rendered":"Avaleht"},"content":{"rendered":"<p><strong>Tere tulemast Eesti Aktuaaride Liidu kodulehele. <\/strong><\/p>\n<p>Siit leiate infot meie liidu kohta ja saate teada, kes on aktuaar.<\/p>\n<p><strong>Kes v\u00f5i mis on aktuaar?<\/strong> See on amet, mida k\u00f5ige enam aetakse segi sarnaselt k\u00f5lava arhivaari ametiga. Kuid erinevalt arhivaaridest on aktuaaride m\u00e4ngumaaks matemaatika, statistika, majanduslikud protsessid, projektsioonide tegemine, riskijuhtimine, modelleerimine jne.<\/p>\n<p>Peamiselt t\u00f6\u00f6tavad aktuaarid elu- ja kahjukindlustuses, kuid ka n\u00e4iteks investeeringute alal, konsultantidena, riigiametites, akadeemilises sf\u00e4\u00e4ris, kindlasti kindlustusj\u00e4relvalves. Kindlustuses t\u00f6\u00f6tavate aktuaaride vastutusalaks on kindlustusmaksed, tehnilised eraldised, kindlustusseltsi maksej\u00f5ulisus ehk solventsus (Solvency II) ja veel palju muud.<\/p>\n<p>Eestis kehtiv seadusandlus s\u00e4testab, et kindlustusandja asjakohase ja usaldusv\u00e4\u00e4rse juhtimise tagamiseks peab kindlustusandjal olema t\u00f5hus juhtimiss\u00fcsteem koos aktuaari funktsiooniga. Aktuaarifunktsiooni t\u00e4itev isik peab omama ja vajaduse korral olema v\u00f5imeline t\u00f5endama kindlustus- ja finantsmatemaatilisi teadmisi ning kogemusi, mis vastavad kindlustusandja tegevusele omaste riskide laadile, ulatusele ja keerukusele. Kuulumine Eesti Aktuaaride Liitu (edaspidi ka EAL) aitab t\u00f5endada aktuaari hariduse vastavust rahvusvahelistele standarditele ning seega ka kvalifikatsiooni vastavust seadusele.<\/p>\n<p>EAL on oma dokumentatsioonis sidunud aktuaari kvalifikatsioonin\u00f5uded liikmestaatusega organisatsioonis. Selleks, et omandada EAL t\u00e4isliikme staatus peab kandidaat olema l\u00e4binud tervikuna aktuaarihariduse programmi, omama k\u00f5rgharidust ning v\u00e4hemalt kaheaastast kogemust aktuaarit\u00f6\u00f6s. Kontroll kandidaatide vastavuse \u00fcle kvalifikatsioonin\u00f5uetele kuulub EAL Haridustoimkonna p\u00e4devusse.<\/p>\n<p>EAL aktuaarihariduse programm vastab t\u00e4nap\u00e4evastele rahvusvahelistele n\u00f5uetele. Programm on \u00fcles ehitatud hierarhiliselt ning liidu liikme staatus on otseselt seotud aktuaarihariduse programmi l\u00e4bimise m\u00e4\u00e4raga. EAL aktuaarihariduse programmi v\u00f5ib laias laastus jagada kaheks \u2013 baashariduse aste ning kindlustus- ja finantsmatemaatika \u00fcldistatud rakenduste aste.<\/p>\n<p>Baashariduse aste sisaldab endas matemaatika, t\u00f5en\u00e4osusteooria, matemaatilise statistika, juhuslike protsesside, arvutiteaduse, majandusteaduste ning raamatupidamise p\u00f5hikursusi, millele lisanduvad n\u00f5udmised suhtlemisoskustele, v\u00f5\u00f5rkeelte oskustele ning teadmistele Euroopa Liidu ja Eesti Vabariigi riigi\u00f5iguslike struktuuride osas. Need on ained, mille l\u00e4bimist eeldatakse k\u00f5rghariduse omandamise k\u00e4igus. Baasteadmisi kindlustus- ja finantsmatemaatika osas on samuti v\u00f5imalik omandada erinevate k\u00f5rgkoolikursuste l\u00e4bimise teel. Baashariduse omandanuil on v\u00f5imalik EAL taotleda assotsieerunud liikme staatust.<\/p>\n<p>Selleks, et taotleda t\u00e4isliikme staatust, peab lisaks olema l\u00e4bitud kindlustus- ja finantsmatemaatika \u00fcldistatud rakenduste aste, mille eesm\u00e4rgiks on vastavate alusteadmiste s\u00fcvendamine ja aktuaarsete tehnikate rakendamine erinevates valdkondades ning eri s\u00fcgavustes. Eraldi k\u00e4sitletakse aktuaarsete riskide juhtimist elukindlustuse, kahjukindlustuses, pensioni- ja tervisekindlustuses.<\/p>\n","protected":false},"excerpt":{"rendered":"<p>Tere tulemast Eesti Aktuaaride Liidu kodulehele. Siit leiate infot meie liidu kohta ja saate teada, kes on aktuaar. Kes v\u00f5i mis on aktuaar? See on amet, mida k\u00f5ige enam aetakse segi sarnaselt k\u00f5lava arhivaari ametiga. Kuid erinevalt arhivaaridest on aktuaaride &#8230;<\/p>\n","protected":false},"author":101,"featured_media":0,"parent":0,"menu_order":0,"comment_status":"closed","ping_status":"closed","template":"","meta":{"_acf_changed":false,"inline_featured_image":false,"footnotes":""},"class_list":["post-38","page","type-page","status-publish","hentry"],"acf":[],"_links":{"self":[{"href":"https:\/\/sisu.ut.ee\/aktuaar\/wp-json\/wp\/v2\/pages\/38","targetHints":{"allow":["GET"]}}],"collection":[{"href":"https:\/\/sisu.ut.ee\/aktuaar\/wp-json\/wp\/v2\/pages"}],"about":[{"href":"https:\/\/sisu.ut.ee\/aktuaar\/wp-json\/wp\/v2\/types\/page"}],"author":[{"embeddable":true,"href":"https:\/\/sisu.ut.ee\/aktuaar\/wp-json\/wp\/v2\/users\/101"}],"replies":[{"embeddable":true,"href":"https:\/\/sisu.ut.ee\/aktuaar\/wp-json\/wp\/v2\/comments?post=38"}],"version-history":[{"count":3,"href":"https:\/\/sisu.ut.ee\/aktuaar\/wp-json\/wp\/v2\/pages\/38\/revisions"}],"predecessor-version":[{"id":1180,"href":"https:\/\/sisu.ut.ee\/aktuaar\/wp-json\/wp\/v2\/pages\/38\/revisions\/1180"}],"wp:attachment":[{"href":"https:\/\/sisu.ut.ee\/aktuaar\/wp-json\/wp\/v2\/media?parent=38"}],"curies":[{"name":"wp","href":"https:\/\/api.w.org\/{rel}","templated":true}]}}