{"id":27,"date":"2024-04-04T03:17:39","date_gmt":"2024-04-04T00:17:39","guid":{"rendered":"https:\/\/sisu.ut.ee\/aktuaar\/conference-2024\/"},"modified":"2024-12-19T13:42:30","modified_gmt":"2024-12-19T11:42:30","slug":"conference-2024","status":"publish","type":"page","link":"https:\/\/sisu.ut.ee\/aktuaar\/conference-2024\/?lang=en","title":{"rendered":"Anniversary Conference 2024 &#8211; Forward Together"},"content":{"rendered":"<p><img loading=\"lazy\" decoding=\"async\" width=\"2560\" height=\"308\" class=\"alignnone wp-image-46\" title=\"as20210926em1ns_035c3.jpg\" src=\"https:\/\/sisu.ut.ee\/wp-content\/uploads\/sites\/203\/as20210926em1ns_035c3-scaled.jpg\" alt=\"Tallinn\" srcset=\"https:\/\/sisu.ut.ee\/wp-content\/uploads\/sites\/203\/as20210926em1ns_035c3-scaled.jpg 2560w, https:\/\/sisu.ut.ee\/wp-content\/uploads\/sites\/203\/as20210926em1ns_035c3-300x36.jpg 300w, https:\/\/sisu.ut.ee\/wp-content\/uploads\/sites\/203\/as20210926em1ns_035c3-1024x123.jpg 1024w, https:\/\/sisu.ut.ee\/wp-content\/uploads\/sites\/203\/as20210926em1ns_035c3-768x92.jpg 768w, https:\/\/sisu.ut.ee\/wp-content\/uploads\/sites\/203\/as20210926em1ns_035c3-1536x185.jpg 1536w, https:\/\/sisu.ut.ee\/wp-content\/uploads\/sites\/203\/as20210926em1ns_035c3-2048x246.jpg 2048w, https:\/\/sisu.ut.ee\/wp-content\/uploads\/sites\/203\/as20210926em1ns_035c3-1920x231.jpg 1920w\" sizes=\"auto, (max-width: 2560px) 100vw, 2560px\"><\/p>\n<p>The Estonian Actuarial Society (EAL) was founded in January 1999 and celebrated its 25th anniversary with a Conference 2024, in Tallinn. At the same time the IAA had its semi-annual meetings in Tallinn.<\/p>\n<h3>Check out:<\/h3>\n\n\n<figure class=\"wp-block-embed is-type-video is-provider-youtube wp-block-embed-youtube wp-embed-aspect-16-9 wp-has-aspect-ratio\"><div class=\"wp-block-embed__wrapper\">\n<div class=\"ratio ratio-16x9 mb-3\"><div class=\"video-placeholder-wrapper video-placeholder-wrapper--16x9\">\n\t\t\t    <div class=\"video-placeholder d-flex justify-content-center align-items-center\">\n\t\t\t        <div class=\"overlay text-white p-2 w-100 text-center d-block justify-content-center align-items-center\">\n\t\t\t            <div>Kolmandate osapoolte sisu n\u00e4gemiseks palun n\u00f5ustu k\u00fcpsistega.<\/div>\n\t\t\t            <button class=\"btn btn-secondary btn-sm mt-1 consent-change\">Muuda n\u00f5usolekut<\/button>\n\t\t\t        <\/div>\n\t\t\t    <\/div>\n\t\t\t<\/div>\n<\/div>\n<\/div><\/figure>\n\n\n\n<div style=\"height:25px\" aria-hidden=\"true\" class=\"wp-block-spacer\"><\/div>\n\n\n<h2>Gold sponsors<\/h2>\n\n\n<div class=\"wp-block-group is-content-justification-left is-nowrap is-layout-flex wp-container-core-group-is-layout-f56a869c wp-block-group-is-layout-flex\">\n<figure class=\"wp-block-image size-full is-resized\"><img loading=\"lazy\" decoding=\"async\" width=\"2560\" height=\"691\" src=\"https:\/\/sisu.ut.ee\/wp-content\/uploads\/sites\/203\/compensa_4c_CS3-scaled.jpg\" alt=\"\" class=\"wp-image-221\" style=\"width:350px\" srcset=\"https:\/\/sisu.ut.ee\/wp-content\/uploads\/sites\/203\/compensa_4c_CS3-scaled.jpg 2560w, https:\/\/sisu.ut.ee\/wp-content\/uploads\/sites\/203\/compensa_4c_CS3-300x81.jpg 300w, https:\/\/sisu.ut.ee\/wp-content\/uploads\/sites\/203\/compensa_4c_CS3-1024x277.jpg 1024w, https:\/\/sisu.ut.ee\/wp-content\/uploads\/sites\/203\/compensa_4c_CS3-768x207.jpg 768w, https:\/\/sisu.ut.ee\/wp-content\/uploads\/sites\/203\/compensa_4c_CS3-1536x415.jpg 1536w, https:\/\/sisu.ut.ee\/wp-content\/uploads\/sites\/203\/compensa_4c_CS3-2048x553.jpg 2048w, https:\/\/sisu.ut.ee\/wp-content\/uploads\/sites\/203\/compensa_4c_CS3-1920x519.jpg 1920w\" sizes=\"auto, (max-width: 2560px) 100vw, 2560px\"><\/figure>\n\n\n\n<div style=\"height:100px;width:0px\" aria-hidden=\"true\" class=\"wp-block-spacer wp-container-content-b30579f5\"><\/div>\n\n\n\n<figure class=\"wp-block-image size-full is-resized\"><img decoding=\"async\" src=\"https:\/\/sisu.ut.ee\/wp-content\/uploads\/sites\/203\/swedbank-logo.svg\" alt=\"\" class=\"wp-image-242\" style=\"width:350px\"><\/figure>\n\n\n\n<div style=\"height:100px;width:0px\" aria-hidden=\"true\" class=\"wp-block-spacer wp-container-content-b30579f5\"><\/div>\n\n\n\n<figure class=\"wp-block-image size-full is-resized\"><img loading=\"lazy\" decoding=\"async\" width=\"103\" height=\"28\" src=\"https:\/\/sisu.ut.ee\/wp-content\/uploads\/sites\/203\/628bac1964eae751ae085dfa_Akur8.svg\" alt=\"\" class=\"wp-image-337\" style=\"width:350px\"><\/figure>\n<\/div>\n\n\n\n<div class=\"wp-block-group is-content-justification-center is-nowrap is-layout-flex wp-container-core-group-is-layout-94bc23d7 wp-block-group-is-layout-flex\">\n<figure class=\"wp-block-image size-full is-resized\"><img loading=\"lazy\" decoding=\"async\" width=\"1800\" height=\"367\" src=\"https:\/\/sisu.ut.ee\/wp-content\/uploads\/sites\/203\/Milliman_logo_Obsidian_CMYK.jpg\" alt=\"\" class=\"wp-image-342\" style=\"width:275px\" srcset=\"https:\/\/sisu.ut.ee\/wp-content\/uploads\/sites\/203\/Milliman_logo_Obsidian_CMYK.jpg 1800w, https:\/\/sisu.ut.ee\/wp-content\/uploads\/sites\/203\/Milliman_logo_Obsidian_CMYK-300x61.jpg 300w, https:\/\/sisu.ut.ee\/wp-content\/uploads\/sites\/203\/Milliman_logo_Obsidian_CMYK-1024x209.jpg 1024w, https:\/\/sisu.ut.ee\/wp-content\/uploads\/sites\/203\/Milliman_logo_Obsidian_CMYK-768x157.jpg 768w, https:\/\/sisu.ut.ee\/wp-content\/uploads\/sites\/203\/Milliman_logo_Obsidian_CMYK-1536x313.jpg 1536w\" sizes=\"auto, (max-width: 1800px) 100vw, 1800px\"><\/figure>\n\n\n\n<div style=\"height:100px;width:0px\" aria-hidden=\"true\" class=\"wp-block-spacer wp-container-content-cf2db169\"><\/div>\n\n\n\n<figure class=\"wp-block-image size-full is-resized\"><img loading=\"lazy\" decoding=\"async\" width=\"2538\" height=\"1532\" src=\"https:\/\/sisu.ut.ee\/wp-content\/uploads\/sites\/203\/aon_logo_signature_red_rgb.jpg\" alt=\"\" class=\"wp-image-346\" style=\"width:180px\" srcset=\"https:\/\/sisu.ut.ee\/wp-content\/uploads\/sites\/203\/aon_logo_signature_red_rgb.jpg 2538w, https:\/\/sisu.ut.ee\/wp-content\/uploads\/sites\/203\/aon_logo_signature_red_rgb-300x181.jpg 300w, https:\/\/sisu.ut.ee\/wp-content\/uploads\/sites\/203\/aon_logo_signature_red_rgb-1024x618.jpg 1024w, https:\/\/sisu.ut.ee\/wp-content\/uploads\/sites\/203\/aon_logo_signature_red_rgb-768x464.jpg 768w, https:\/\/sisu.ut.ee\/wp-content\/uploads\/sites\/203\/aon_logo_signature_red_rgb-1536x927.jpg 1536w, https:\/\/sisu.ut.ee\/wp-content\/uploads\/sites\/203\/aon_logo_signature_red_rgb-2048x1236.jpg 2048w, https:\/\/sisu.ut.ee\/wp-content\/uploads\/sites\/203\/aon_logo_signature_red_rgb-1920x1159.jpg 1920w\" sizes=\"auto, (max-width: 2538px) 100vw, 2538px\"><\/figure>\n<\/div>\n\n\n\n<div class=\"wp-block-group is-content-justification-center is-nowrap is-layout-flex wp-container-core-group-is-layout-94bc23d7 wp-block-group-is-layout-flex\">\n<figure class=\"wp-block-image size-full is-resized\"><img decoding=\"async\" src=\"https:\/\/sisu.ut.ee\/wp-content\/uploads\/sites\/203\/lkf_eksl_yhislogo_rgb.svg\" alt=\"\" class=\"wp-image-240\" style=\"width:350px\"><\/figure>\n\n\n\n<div style=\"height:100px;width:0px\" aria-hidden=\"true\" class=\"wp-block-spacer wp-container-content-cf2db169\"><\/div>\n\n\n\n<figure class=\"wp-block-image size-full is-resized\"><img loading=\"lazy\" decoding=\"async\" width=\"962\" height=\"351\" src=\"https:\/\/sisu.ut.ee\/wp-content\/uploads\/sites\/203\/IAA_Horizontal_RGB.jpg\" alt=\"\" class=\"wp-image-229\" style=\"width:350px\" srcset=\"https:\/\/sisu.ut.ee\/wp-content\/uploads\/sites\/203\/IAA_Horizontal_RGB.jpg 962w, https:\/\/sisu.ut.ee\/wp-content\/uploads\/sites\/203\/IAA_Horizontal_RGB-300x109.jpg 300w, https:\/\/sisu.ut.ee\/wp-content\/uploads\/sites\/203\/IAA_Horizontal_RGB-768x280.jpg 768w\" sizes=\"auto, (max-width: 962px) 100vw, 962px\"><\/figure>\n<\/div>\n\n\n<h3>Silver sponsors<\/h3>\n\n\n<div class=\"wp-block-group is-content-justification-left is-nowrap is-layout-flex wp-container-core-group-is-layout-c6736c52 wp-block-group-is-layout-flex\">\n<figure class=\"wp-block-image size-full is-resized\"><img decoding=\"async\" src=\"https:\/\/sisu.ut.ee\/wp-content\/uploads\/sites\/203\/Slogan_all_keskel_punane.svg\" alt=\"\" class=\"wp-image-227\" style=\"width:160px\"><\/figure>\n\n\n\n<div style=\"height:100px;width:0px\" aria-hidden=\"true\" class=\"wp-block-spacer wp-container-content-cf2db169\"><\/div>\n\n\n\n<figure class=\"wp-block-image size-full is-resized\"><img loading=\"lazy\" decoding=\"async\" width=\"888\" height=\"390\" src=\"https:\/\/sisu.ut.ee\/wp-content\/uploads\/sites\/203\/seb_k_45mm150dpi.jpg\" alt=\"\" class=\"wp-image-208\" style=\"width:160px\" srcset=\"https:\/\/sisu.ut.ee\/wp-content\/uploads\/sites\/203\/seb_k_45mm150dpi.jpg 888w, https:\/\/sisu.ut.ee\/wp-content\/uploads\/sites\/203\/seb_k_45mm150dpi-300x132.jpg 300w, https:\/\/sisu.ut.ee\/wp-content\/uploads\/sites\/203\/seb_k_45mm150dpi-768x337.jpg 768w\" sizes=\"auto, (max-width: 888px) 100vw, 888px\"><\/figure>\n\n\n\n<div style=\"height:100px;width:0px\" aria-hidden=\"true\" class=\"wp-block-spacer wp-container-content-cf2db169\"><\/div>\n\n\n\n<figure class=\"wp-block-image size-full is-resized\"><img loading=\"lazy\" decoding=\"async\" width=\"6930\" height=\"2862\" src=\"https:\/\/sisu.ut.ee\/wp-content\/uploads\/sites\/203\/VITALIS-Azul-1.png\" alt=\"\" class=\"wp-image-235\" style=\"width:160px\" srcset=\"https:\/\/sisu.ut.ee\/wp-content\/uploads\/sites\/203\/VITALIS-Azul-1.png 6930w, https:\/\/sisu.ut.ee\/wp-content\/uploads\/sites\/203\/VITALIS-Azul-1-300x124.png 300w, https:\/\/sisu.ut.ee\/wp-content\/uploads\/sites\/203\/VITALIS-Azul-1-1024x423.png 1024w, https:\/\/sisu.ut.ee\/wp-content\/uploads\/sites\/203\/VITALIS-Azul-1-768x317.png 768w, https:\/\/sisu.ut.ee\/wp-content\/uploads\/sites\/203\/VITALIS-Azul-1-1536x634.png 1536w, https:\/\/sisu.ut.ee\/wp-content\/uploads\/sites\/203\/VITALIS-Azul-1-2048x846.png 2048w, https:\/\/sisu.ut.ee\/wp-content\/uploads\/sites\/203\/VITALIS-Azul-1-1920x793.png 1920w\" sizes=\"auto, (max-width: 6930px) 100vw, 6930px\"><\/figure>\n<\/div>\n","protected":false},"excerpt":{"rendered":"<p>The Estonian Actuarial Society (EAL) was founded in January 1999 and celebrated its 25th anniversary with a Conference 2024, in Tallinn. At the same time the IAA had its semi-annual meetings in Tallinn. Check out: Gold sponsors Silver sponsors<\/p>\n","protected":false},"author":101,"featured_media":0,"parent":0,"menu_order":0,"comment_status":"closed","ping_status":"closed","template":"","meta":{"_acf_changed":false,"inline_featured_image":false,"footnotes":""},"class_list":["post-27","page","type-page","status-publish","hentry"],"acf":[],"_links":{"self":[{"href":"https:\/\/sisu.ut.ee\/aktuaar\/wp-json\/wp\/v2\/pages\/27","targetHints":{"allow":["GET"]}}],"collection":[{"href":"https:\/\/sisu.ut.ee\/aktuaar\/wp-json\/wp\/v2\/pages"}],"about":[{"href":"https:\/\/sisu.ut.ee\/aktuaar\/wp-json\/wp\/v2\/types\/page"}],"author":[{"embeddable":true,"href":"https:\/\/sisu.ut.ee\/aktuaar\/wp-json\/wp\/v2\/users\/101"}],"replies":[{"embeddable":true,"href":"https:\/\/sisu.ut.ee\/aktuaar\/wp-json\/wp\/v2\/comments?post=27"}],"version-history":[{"count":13,"href":"https:\/\/sisu.ut.ee\/aktuaar\/wp-json\/wp\/v2\/pages\/27\/revisions"}],"predecessor-version":[{"id":1139,"href":"https:\/\/sisu.ut.ee\/aktuaar\/wp-json\/wp\/v2\/pages\/27\/revisions\/1139"}],"wp:attachment":[{"href":"https:\/\/sisu.ut.ee\/aktuaar\/wp-json\/wp\/v2\/media?parent=27"}],"curies":[{"name":"wp","href":"https:\/\/api.w.org\/{rel}","templated":true}]}}