{"id":22,"date":"2024-04-04T03:17:39","date_gmt":"2024-04-04T00:17:39","guid":{"rendered":"https:\/\/sisu.ut.ee\/aktuaar\/distsiplinaarprotsess\/"},"modified":"2024-04-04T03:17:47","modified_gmt":"2024-04-04T00:17:47","slug":"distsiplinaarprotsess","status":"publish","type":"page","link":"https:\/\/sisu.ut.ee\/aktuaar\/distsiplinaarprotsess\/","title":{"rendered":"Distsiplinaarprotsess"},"content":{"rendered":"<p style=\"margin-top:0cm;margin-right:0cm;margin-bottom:7.5pt;margin-left:0cm\">\n\t<span style=\"background:white\"><strong><span><span style=\",sans-serif\"><span style=\"color:black\">Distsiplinaarprotsess<\/span><\/span><\/span><\/strong><\/span>\n<\/p>\n<p style=\"margin-top:0cm;margin-right:0cm;margin-bottom:7.5pt;margin-left:0cm\">\n\t<span style=\"background:white\"><span><span style=\",sans-serif\"><span style=\"color:black\">Eesti Aktuaaride Liidu distsiplinaarprotsess kehtestab korra ja reeglid, kuidas liidus viiakse l\u00e4bi distsiplinaarmenetlusi, m\u00e4\u00e4ratletakse karistusi liikme(te) distsiplinaarrikkumiste eest ning tuuakse v\u00e4lja protsess apellatsioonikaebus(t)eks.<\/span><\/span><\/span><\/span>\n<\/p>\n<p style=\"margin-top:0cm;margin-right:0cm;margin-bottom:7.5pt;margin-left:0cm\">\n\t<span style=\"background:white\"><span><span style=\",sans-serif\"><span style=\"color:black\">Distsiplinaarrikkumise all m\u00f5eldakse eksimust Liidu p\u00f5hikirja, kodukorra ja\/v\u00f5i \u00fcldkoosolekute otsuste vastu. Lisaks mistahes teod ja\/v\u00f5i k\u00e4itumine, mis on vastuolus v\u00f5i mida v\u00f5ib hinnata vastuolus olevaks aktuaaride kutsealase eetikakoodeksi v\u00f5i kutsenormidega (juhenditega).<\/span><\/span><\/span><\/span>\n<\/p>\n<p style=\"margin-top:0cm;margin-right:0cm;margin-bottom:7.5pt;margin-left:0cm\">\n\t<span style=\"background:white\"><span><span style=\",sans-serif\"><span style=\"color:black\">Kaebuse esitamise \u00f5igus ei ole piiratud Liidu liikmelisusega. Liidu v\u00e4line f\u00fc\u00fcsiline- ja juriidiline isik v\u00f5ib esitada kaebuse liidu liikme vastu. Liidu liige v\u00f5ib oma k\u00e4itumise uurimiseks ka omal soovil distsiplinaarprotsessi algatada.<\/span><\/span><\/span><\/span>\n<\/p>\n<p style=\"margin-top:0cm;margin-right:0cm;margin-bottom:7.5pt;margin-left:0cm\">\n\t<span style=\"background:white\"><span><span style=\",sans-serif\"><span style=\"color:black\">Igal liikmel on \u00f5igus iseseisvale, s\u00f5ltumatule ja objektiivsele distsiplinaarprotsessile. <\/span><\/span><\/span><\/span>\n<\/p>\n<p style=\"margin-top:0cm;margin-right:0cm;margin-bottom:7.5pt;margin-left:0cm\">\n\t<span style=\"background:white\"><b><span><span style=\",sans-serif\"><span style=\"color:black\">Distsiplinaarkomisjon<\/span><\/span><\/span><\/b><\/span>\n<\/p>\n<p style=\"margin-top:0cm;margin-right:0cm;margin-bottom:7.5pt;margin-left:0cm\">\n\t<span style=\"background:white\"><span><span style=\",sans-serif\"><span style=\"color:black\">Distsiplinaarrikkumiste menetlemiseks moodustatakse distsiplinaarkomisjon.<\/span><\/span><\/span><\/span>\n<\/p>\n<p style=\"margin-top:0cm;margin-right:0cm;margin-bottom:7.5pt;margin-left:0cm\">\n\t<span style=\"background:white\"><span><span style=\",sans-serif\"><span style=\"color:black\">Viis (5) distsiplinaarkomisjoni (edaspidi Kohtu) kaasistujat valitakse kolmeks aastaks Liidu \u00fcldkoosolekul. Kohtu kaasistujateks v\u00f5ivad olla vaid Liidu t\u00e4isliikmed, kes on olnud Liidu liikmed mitte v\u00e4hem kui kolm (3) aastat ja kes omavad laitmatut reputatsiooni.<\/span><\/span><\/span><\/span>\n<\/p>\n<p style=\"margin-top:0cm;margin-right:0cm;margin-bottom:7.5pt;margin-left:0cm\">\n\t<span style=\"background:white\"><span><span style=\",sans-serif\"><span style=\"color:black\">Iga juhtumi k\u00e4sitlemiseks m\u00e4\u00e4ravad valitud kaasistujad endi hulgast eraldi kolmeliikmelise Kohtu koosseisu. Kohtu koosseisu ei tohi kuuluda isik, kellel v\u00f5ib juhtumi k\u00e4sitlemisel tekkida huvide konflikt. Reaalse v\u00f5i potentsiaalse huvide konflikti ilmnemisel peab Kohtu koosseisu valitud isik ennast Kohtu koosseisust esimesel v\u00f5imalusel taandama. Taandunud kaasistuja asemele m\u00e4\u00e4ratakse uus Kohtu liige.<\/span><\/span><\/span><\/span>\n<\/p>\n<p style=\"margin-top:0cm;margin-right:0cm;margin-bottom:7.5pt;margin-left:0cm\">\n\t<span style=\"background:white\"><span><span style=\",sans-serif\"><span style=\"color:black\">Kohus valib isekeskis kaasistujate hulgast eesistuja.<\/span><\/span><\/span><\/span>\n<\/p>\n<p style=\"margin-top:0cm;margin-right:0cm;margin-bottom:7.5pt;margin-left:0cm\">\n\t<span style=\"background:white\"><span><span style=\",sans-serif\"><span style=\"color:black\">Kohus on otsustus\u00f5iguslik, kui kogu Kohtu koosseis on kohal. Kohtu otsus v\u00f5etakse vastu, kui selle poolt on 2\/3 Kohtu koosseisust.<\/span><\/span><\/span><\/span>\n<\/p>\n<p style=\"margin-top:0cm;margin-right:0cm;margin-bottom:7.5pt;margin-left:0cm\">\n\t<span style=\"background:white\"><span><span style=\",sans-serif\"><span style=\"color:black\">Kui Kohus on m\u00e4\u00e4ranud istungi toimumise aja, peab ta sellest teavitama kaebealust v\u00e4hemalt kaksk\u00fcmmend \u00fcks (21) p\u00e4eva ette. Poolte kokkuleppel v\u00f5ib juhtum tulla arutusele ka enne nimetatud t\u00e4htaja saabumist.<\/span><\/span><\/span><\/span>\n<\/p>\n<p style=\"margin-top:0cm;margin-right:0cm;margin-bottom:7.5pt;margin-left:0cm\">\n\t<span style=\"background:white\"><span><span style=\",sans-serif\"><span style=\"color:black\">Liige, kelle suhtes distsiplinaarmenetlust teostatakse, on kohustatud kohtuistungile ilmuma isiklikult ja osalema menetlustoimingutes. Tal on \u00f5igus istungile kaasa v\u00f5tta n\u00f5ustaja(d) ning \u00f5igus kaitsja(d) abile. Kaebealusel on \u00f5igus esitada Kohtule kirjalikult v\u00f5i suuliselt t\u00f5endeid ning p\u00f5hjendusi oma k\u00e4itumise \u00f5igustamiseks.<\/span><\/span><\/span><\/span>\n<\/p>\n<p style=\"margin-top:0cm;margin-right:0cm;margin-bottom:7.5pt;margin-left:0cm\">\n\t<span style=\"background:white\"><span><span style=\",sans-serif\"><span style=\"color:black\">Kohus arutab eksimust kaebealuse juuresolekul. Kohtualuse teistkordsel mitteilmumisel v\u00f5idakse arutelu l\u00e4bi viia ka tagaselja.<\/span><\/span><\/span><\/span>\n<\/p>\n<p style=\"margin-top:0cm;margin-right:0cm;margin-bottom:7.5pt;margin-left:0cm\">\n\t<span style=\"background:white\"><span><span style=\",sans-serif\"><span style=\"color:black\">Kohtu otsus tehakse Kohtu koosseisu kinnisel istungil. Otsus v\u00f5ib olla \u00f5igeksm\u00f5istev\u00a0 v\u00f5i s\u00fc\u00fcdim\u00f5istev. Kohus v\u00f5ib loobuda juhtumi arutelust v\u00f5i arutelu l\u00f5petada ning mitte otsust teha, kui ta leiab, et juhtum ei kuulu Kohtu p\u00e4devusse.<\/span><\/span><\/span><\/span>\n<\/p>\n<p style=\"margin-top:0cm;margin-right:0cm;margin-bottom:7.5pt;margin-left:0cm\">\n\t<span style=\"background:white\"><b><span><span style=\",sans-serif\"><span style=\"color:black\">Karistused (disciplinary sanctsions)<\/span><\/span><\/span><\/b><\/span>\n<\/p>\n<p style=\"margin:0cm\">\n\t<span style=\"background:white\"><span><span style=\",sans-serif\"><span style=\"color:black\">Kui kohus on tuvastanud Liidu liikme eksimust, siis m\u00e4\u00e4ratakse s\u00fc\u00fcdim\u00f5istetule vastavalt s\u00fc\u00fcteo raskusastmele \u00fcks allj\u00e4rgnevatest karistustest:<\/span><\/span><\/span><\/span>\n<\/p>\n<ul>\n<li style=\"margin-top:0cm;margin-right:0cm;margin-bottom:0cm\">\n\t\t<span style=\"background:white\"><span><span style=\",sans-serif\"><span style=\"color:black\">Hoiatus;<\/span><\/span><\/span><\/span>\n\t<\/li>\n<li style=\"margin-top:0cm;margin-right:0cm;margin-bottom:0cm\">\n\t\t<span style=\"background:white\"><span><span style=\",sans-serif\"><span style=\"color:black\">Avalik m\u00e4rkus<\/span><\/span><\/span><\/span>\n\t<\/li>\n<li style=\"margin-top:0cm;margin-right:0cm;margin-bottom:0cm\">\n\t\t<span style=\"background:white\"><span><span style=\",sans-serif\"><span style=\"color:black\">Liidu liikmestaatuse alandamine <\/span><\/span><\/span><\/span>\n\t<\/li>\n<li style=\"margin-top:0cm;margin-right:0cm;margin-bottom:0cm\">\n\t\t<span style=\"background:white\"><span><span style=\",sans-serif\"><span style=\"color:black\">Liidust v\u00e4lja arvamine<\/span><\/span><\/span><\/span>\n\t<\/li>\n<\/ul>\n<p style=\"margin-top:6.0pt;margin-right:0cm;margin-bottom:7.5pt;margin-left:0cm\">\n\t<span style=\"background:white\"><span><span style=\",sans-serif\"><span style=\"color:black\">Kohus teavitab kaebealust kirjalikult oma otsusest hiljemalt kolme (3) p\u00e4eva jooksul alates otsuse vastuv\u00f5tmisest. Kohtu otsus j\u00f5ustub p\u00e4rast apellatsiooni-t\u00e4htaja m\u00f6\u00f6dumist, kui vastavat apellatsiooni ei esitata.<\/span><\/span><\/span><\/span>\n<\/p>\n<p style=\"margin-top:0cm;margin-right:0cm;margin-bottom:7.5pt;margin-left:0cm\">\n\t<span style=\"background:white\"><b><span><span style=\",sans-serif\"><span style=\"color:black\">Appellatsiooni kord<\/span><\/span><\/span><\/b><\/span>\n<\/p>\n<p style=\"margin-top:0cm;margin-right:0cm;margin-bottom:7.5pt;margin-left:0cm\">\n\t<span style=\"background:white\"><span><span style=\",sans-serif\"><span style=\"color:black\">Kohtu otsuse peale on igal osapoolel \u00f5igus apelleerida Apellatsioonikogule. Apellatsiooni-kogu koosneb k\u00f5ikidest Liidu t\u00e4isliikmetest v\u00e4lja arvatud kolmeliikmelise Kohtu koosseisu liikmed, kes on m\u00e4\u00e4ratud juhtumit k\u00e4sitlema. <\/span><\/span><\/span><\/span>\n<\/p>\n<p style=\"margin-top:0cm;margin-right:0cm;margin-bottom:7.5pt;margin-left:0cm\">\n\t<span style=\"background:white\"><span><span style=\",sans-serif\"><span style=\"color:black\">Apellatsioon tuleb esitada Juhatusele neljateistk\u00fcmne (14) p\u00e4eva jooksul p\u00e4rast Kohtu otsuse v\u00e4ljakuulutamist.<\/span><\/span><\/span><\/span>\n<\/p>\n<p style=\"margin-top:0cm;margin-right:0cm;margin-bottom:7.5pt;margin-left:0cm\">\n\t<span style=\"background:white\"><span><span style=\",sans-serif\"><span style=\"color:black\">Apellatsiooni saamisel kutsub Juhatus kokku neljak\u00fcmne viie (45) p\u00e4eva jooksul kokku Apellatsioonikogu teavitades k\u00f5iki selle liikmeid v\u00e4hemalt neljateistk\u00fcmne (14) p\u00e4eva ette.<\/span><\/span><\/span><\/span>\n<\/p>\n<p style=\"margin-top:0cm;margin-right:0cm;margin-bottom:7.5pt;margin-left:0cm\">\n\t<span style=\"background:white\"><span><span style=\",sans-serif\"><span style=\"color:black\">Apelleerinud osapoolel on \u00f5igus ilmuda Apellatsioonikogu ette kas \u00fcksi v\u00f5i koos n\u00f5ustaja(te)ga\/kaitsja(te)ga. Kohtul on samuti \u00f5igus kaasata oma n\u00f5ustaja.<\/span><\/span><\/span><\/span>\n<\/p>\n<p style=\"margin-top:0cm;margin-right:0cm;margin-bottom:7.5pt;margin-left:0cm\">\n\t<span style=\"background:white\"><span><span style=\",sans-serif\"><span style=\"color:black\">Kohtu eesistuja esitab Apellatsioonikogule Kohtu otsuse koos p\u00f5hjendustega. Apelleerinud osapoolel on \u00f5igus esitada oma p\u00f5hjendused, miks tema arvates Kohtu otsus on v\u00e4\u00e4r v\u00f5i eba\u00f5iglane.<\/span><\/span><\/span><\/span>\n<\/p>\n<p style=\"margin-top:0cm;margin-right:0cm;margin-bottom:7.5pt;margin-left:0cm\">\n\t<span style=\"background:white\"><span><span style=\",sans-serif\"><span style=\"color:black\">Apellatsioonikogu on otsustusv\u00f5imeline, kui sellel osaleb rohkem kui 50% Liidu t\u00e4is ja assotsieerunud liikmetest. Juhul, kui kogunenud Apellatsioonikogu ei ole otsustusv\u00f5imeline, l\u00fckatakse asja arutamine kaksk\u00fcmmend \u00fcks (21) p\u00e4eva edasi ning kutsutakse kokku uus Apellatsioonikogu istung.<\/span><\/span><\/span><\/span>\n<\/p>\n<p style=\"margin-top:0cm;margin-right:0cm;margin-bottom:7.5pt;margin-left:0cm\">\n\t<span style=\"background:white\"><span><span style=\",sans-serif\"><span style=\"color:black\">Apellatsioonikogu v\u00f5ib Kohtu otsuse kas j\u00f5usse j\u00e4tta, karistust v\u00e4hendada v\u00f5i \u00fcmber l\u00fckata. Otsuse vastuv\u00f5tmiseks on vajalik 2\/3 h\u00e4\u00e4lteenamus. Apellatsioonikogu otsus on l\u00f5plik ja edasikaebamisele ei kuulu.<\/span><\/span><\/span><\/span>\n<\/p>\n<p style=\"margin-top:0cm;margin-right:0cm;margin-bottom:7.5pt;margin-left:0cm\">\n\t<span style=\"background:white\"><span><span style=\",sans-serif\"><span style=\"color:black\">Apellatsioonikogu otsusest teavitatakse osapooli kirjalikult v\u00e4hemalt neliteist (14) p\u00e4eva enne selle j\u00f5ustumist.<\/span><\/span><\/span><\/span>\n<\/p>\n<p style=\"margin-top:0cm;margin-right:0cm;margin-bottom:7.5pt;margin-left:0cm\">\n\t<b><span><span style=\",sans-serif\">Teavitamine ja konfidentsiaalsus<\/span><\/span><\/b>\n<\/p>\n<p style=\"margin-top:0cm;margin-right:0cm;margin-bottom:7.5pt;margin-left:0cm\">\n\t<span style=\"background:white\"><span><span style=\",sans-serif\"><span style=\"color:black\">Liidu liikmeid, samuti k\u00f5iki teisi avalikult kaasatud osapooli teavitatakse Kohtu otsusest ja\/v\u00f5i apellatsiooni tagaj\u00e4rjel tehtud Apellatsioonikogu otsusest kirjalikult. Kohtu ja Apellatsioonikogu vastavasisulised otsused on avalikud.<\/span><\/span><\/span><\/span>\n<\/p>\n<p style=\"margin-top:0cm;margin-right:0cm;margin-bottom:7.5pt;margin-left:0cm\">\n\t<span style=\"background:white\"><span><span style=\",sans-serif\"><span style=\"color:black\">Reeglina on k\u00f5ik Kohtu ja Apellatsioonikogu poolt teostatud arutelud ja toimingud ning neile kogudele esitatud t\u00f5endid ja \u00fctlused konfidentsiaalsed ning hoitakse saladuses. Liit j\u00e4tab endale \u00f5iguse avaldada kogu asjasse puutuv faktiline materjal juhul, kui konfidentsiaalsuse n\u00f5uet rikutakse v\u00f5i on olemas k\u00f5ikide osapoolte vastav n\u00f5usolek.<\/span><\/span><\/span><\/span>\n<\/p>\n<p style=\"margin-top:0cm;margin-right:0cm;margin-bottom:7.5pt;margin-left:0cm\">\n\t\u00a0\n<\/p>\n<p style=\"margin-top:0cm;margin-right:0cm;margin-bottom:7.5pt;margin-left:0cm\">\n\t<span style=\"background:white\"><i><span><span style=\",sans-serif\"><span style=\"color:black\">EAL kodukorra punkt 9, uuendatud detsember 2022<\/span><\/span><\/span><\/i><\/span><\/p>\n","protected":false},"excerpt":{"rendered":"<p>Distsiplinaarprotsess Eesti Aktuaaride Liidu distsiplinaarprotsess kehtestab korra ja reeglid, kuidas liidus viiakse l\u00e4bi distsiplinaarmenetlusi, m\u00e4\u00e4ratletakse karistusi liikme(te) distsiplinaarrikkumiste eest ning tuuakse v\u00e4lja protsess apellatsioonikaebus(t)eks. Distsiplinaarrikkumise all m\u00f5eldakse eksimust Liidu p\u00f5hikirja, kodukorra ja\/v\u00f5i \u00fcldkoosolekute otsuste vastu. Lisaks mistahes teod ja\/v\u00f5i k\u00e4itumine, &#8230;<\/p>\n","protected":false},"author":101,"featured_media":0,"parent":0,"menu_order":0,"comment_status":"closed","ping_status":"closed","template":"","meta":{"_acf_changed":false,"inline_featured_image":false,"footnotes":""},"class_list":["post-22","page","type-page","status-publish","hentry"],"acf":[],"_links":{"self":[{"href":"https:\/\/sisu.ut.ee\/aktuaar\/wp-json\/wp\/v2\/pages\/22","targetHints":{"allow":["GET"]}}],"collection":[{"href":"https:\/\/sisu.ut.ee\/aktuaar\/wp-json\/wp\/v2\/pages"}],"about":[{"href":"https:\/\/sisu.ut.ee\/aktuaar\/wp-json\/wp\/v2\/types\/page"}],"author":[{"embeddable":true,"href":"https:\/\/sisu.ut.ee\/aktuaar\/wp-json\/wp\/v2\/users\/101"}],"replies":[{"embeddable":true,"href":"https:\/\/sisu.ut.ee\/aktuaar\/wp-json\/wp\/v2\/comments?post=22"}],"version-history":[{"count":1,"href":"https:\/\/sisu.ut.ee\/aktuaar\/wp-json\/wp\/v2\/pages\/22\/revisions"}],"predecessor-version":[{"id":88,"href":"https:\/\/sisu.ut.ee\/aktuaar\/wp-json\/wp\/v2\/pages\/22\/revisions\/88"}],"wp:attachment":[{"href":"https:\/\/sisu.ut.ee\/aktuaar\/wp-json\/wp\/v2\/media?parent=22"}],"curies":[{"name":"wp","href":"https:\/\/api.w.org\/{rel}","templated":true}]}}