{"id":17,"date":"2024-04-04T03:17:38","date_gmt":"2024-04-04T00:17:38","guid":{"rendered":"https:\/\/sisu.ut.ee\/aktuaar\/committees\/"},"modified":"2024-04-10T15:02:21","modified_gmt":"2024-04-10T12:02:21","slug":"committees","status":"publish","type":"page","link":"https:\/\/sisu.ut.ee\/aktuaar\/committees\/?lang=en","title":{"rendered":"Committees"},"content":{"rendered":"<hr>\n<p>\n\t\u00a0\n<\/p>\n<p>\n\tThe committees of the EAS consist of auditing committee, educational committee and other temporary or permanent committees initiated by the general meeting. Members of the committees are elected by the general meeting. The committees report to the general meeting and also to the management board, if necessary.\n<\/p>\n<p>\n\tThe auditing committee reviews the economics activities of the EAS at least once a year. Audit report on previous financial year is compiled within one month after receiving the respective financial report from the management board. The audit report is presented to the management board and the general meeting.\n<\/p>\n<p>\n\tSince January, 2024\u00a0the auditing committee consists of\u00a0Anu Mitt, Matvei Miro\u0161nikov and T\u00f5nis Maldre.\n<\/p>\n<p>\n\tThe educational committee aims at preparing and continuously improving the actuarial study program of the EAS according to respective requirements of the IAA and the AAE. The educational committee also reviews the compliance of the EAS members and member candidates with the education requirements of the society.\n<\/p>\n<p>\n\tThe educational committee consists of L. Sammelsaar, A. S\u00e4ks, J. Sibul, T. Koll, M.K\u00e4\u00e4rik and H. Viirsalu.\n<\/p>\n<p>\n\tSince January, 2024\u00a0the Disciplinary Committee (the Court) consists of Kati Ok,\u00a0Jaanus Sibul,\u00a0Lagle Sammelsaar,\u00a0Hele-Liis Viirsalu and Raine Talvet.<\/p>\n","protected":false},"excerpt":{"rendered":"<p>\u00a0 The committees of the EAS consist of auditing committee, educational committee and other temporary or permanent committees initiated by the general meeting. Members of the committees are elected by the general meeting. The committees report to the general meeting &#8230;<\/p>\n","protected":false},"author":101,"featured_media":0,"parent":0,"menu_order":0,"comment_status":"closed","ping_status":"closed","template":"","meta":{"_acf_changed":false,"inline_featured_image":false,"footnotes":""},"class_list":["post-17","page","type-page","status-publish","hentry"],"acf":[],"_links":{"self":[{"href":"https:\/\/sisu.ut.ee\/aktuaar\/wp-json\/wp\/v2\/pages\/17","targetHints":{"allow":["GET"]}}],"collection":[{"href":"https:\/\/sisu.ut.ee\/aktuaar\/wp-json\/wp\/v2\/pages"}],"about":[{"href":"https:\/\/sisu.ut.ee\/aktuaar\/wp-json\/wp\/v2\/types\/page"}],"author":[{"embeddable":true,"href":"https:\/\/sisu.ut.ee\/aktuaar\/wp-json\/wp\/v2\/users\/101"}],"replies":[{"embeddable":true,"href":"https:\/\/sisu.ut.ee\/aktuaar\/wp-json\/wp\/v2\/comments?post=17"}],"version-history":[{"count":1,"href":"https:\/\/sisu.ut.ee\/aktuaar\/wp-json\/wp\/v2\/pages\/17\/revisions"}],"predecessor-version":[{"id":83,"href":"https:\/\/sisu.ut.ee\/aktuaar\/wp-json\/wp\/v2\/pages\/17\/revisions\/83"}],"wp:attachment":[{"href":"https:\/\/sisu.ut.ee\/aktuaar\/wp-json\/wp\/v2\/media?parent=17"}],"curies":[{"name":"wp","href":"https:\/\/api.w.org\/{rel}","templated":true}]}}