{"id":12,"date":"2024-04-04T03:17:38","date_gmt":"2024-04-04T00:17:38","guid":{"rendered":"https:\/\/sisu.ut.ee\/aktuaar\/taiendkoolitus-cpd\/"},"modified":"2024-04-04T03:17:48","modified_gmt":"2024-04-04T00:17:48","slug":"taiendkoolitus-cpd","status":"publish","type":"page","link":"https:\/\/sisu.ut.ee\/aktuaar\/taiendkoolitus-cpd\/","title":{"rendered":"Pidev kutsealane areng (CPD)"},"content":{"rendered":"<h5>\n\t\u00a0<br>\n<\/h5>\n<h5>\n\t\u00a0<br>\n<\/h5>\n<hr>\n<p>\n\t\u00a0\n<\/p>\n<p style=\"margin-bottom:7.5pt;text-align:justify\">\n\t<span style=\"background:white\"><span style=\"line-height:normal\"><span><span>Pidev kutsealane areng (CPD) on defineeritud kui teadmiste ja kompetentsi pidev areng l\u00e4bi aktuaari karj\u00e4\u00e4ri koos tehniliste, professionaalsete, personaalsete, \u00e4riliste ja juhtimisoskuste kasvuga. Selle eesm\u00e4rk on tagada j\u00e4tkusuutlik p\u00e4devus aktuaarsetes teadmistes ja oskustes, mis vastaks kaasaja n\u00f5udmistele ja v\u00f5imaldaks osutada asjakohaseid, k\u00f5rgkvaliteetseid aktuaari teenuseid ning n\u00f5ustamist. Lisaks, enesearendamine toetab aktuaare uute rollide vastuv\u00f5tmisel ning t\u00e4iendab oskuseid laiemates valdkondades, mis on tingitud muutuvast keskkonnast ning kutseala \u00fcldisest laienemisest.<\/span><\/span><\/span><\/span>\n<\/p>\n<p style=\"margin-top:7.5pt;margin-right:0cm;margin-bottom:7.5pt;margin-left:0cm\">\n\t<span style=\"background:white\"><span style=\"line-height:normal\"><b><span><span>N\u00f5uded ja CPD head tavad <\/span><\/span><\/b><\/span><\/span>\n<\/p>\n<p style=\"border:none;margin-top:7.5pt;margin-bottom:7.5pt\">\n\t<span style=\"background:white\"><span style=\"line-height:normal\"><span><span>1. Kohaldatavus<\/span><\/span><\/span><\/span>\n<\/p>\n<p style=\"margin-bottom:7.5pt;text-align:justify\">\n\t<span style=\"background:white\"><span style=\"line-height:normal\"><span><span>Iga Eesti Aktuaaride Liidu t\u00e4isliige peab osalema pideva kutsealase arengu (CPD) t\u00e4iendkoolituse skeemis. Mittevastavus on lubatud erandlikel juhtudel (n\u00e4iteks lapsehoolduspuhkus).<\/span><\/span><\/span><\/span>\n<\/p>\n<p style=\"border:none;margin-bottom:7.5pt\">\n\t<span style=\"background:white\"><span style=\"line-height:normal\"><span><span>2. Sisu<\/span><\/span><\/span><\/span>\n<\/p>\n<p style=\"margin-bottom:7.5pt;text-align:justify\">\n\t<span style=\"background:white\"><span style=\"line-height:normal\"><span><span>Iga aktuaari isiklik vastutus on anal\u00fc\u00fcsida oma p\u00e4devusi, hinnata edasisi arenguvajadusi ja planeerida personaalsed kutsealased arengueesm\u00e4rgid, millest l\u00e4htuvalt saab valida t\u00e4iendkoolituste tegevused. See peab toetama, aga ei pruugi olla piiritletud tema poolt pakutava teenuse konkreetse iseloomuga.<\/span><\/span><\/span><\/span>\n<\/p>\n<p style=\"margin-bottom:7.5pt\">\n\t<span style=\"background:white\"><span style=\"line-height:normal\"><span><span>T\u00e4iendkoolituse l\u00e4bimiseks on v\u00f5imalik kasutada j\u00e4rgmisi soovituslikke teid:<\/span><\/span><\/span><\/span>\n<\/p>\n<ul>\n<li style=\"margin-top:14.0pt;margin-right:0cm;margin-bottom:.0001pt\">\n\t\t<span style=\"background:white\"><span style=\"line-height:normal\"><span><span>Osalemine kohalikel ja rahvusvahelistel aktuaaride konverentsidel, seminaridel ja kollokviumitel;<\/span><\/span><\/span><\/span>\n\t<\/li>\n<li style=\"margin-top:0cm;margin-right:0cm;margin-bottom:.0001pt\">\n\t\t<span style=\"background:white\"><span style=\"line-height:normal\"><span><span>Osalemine rahvusvahelistel aktuaaride kongressidel, rahvusvaheliste aktuaaride organisatsioonide (IAA, AAE) sektsioonide konverentsidel ja kollokviumitel, komiteede t\u00f6\u00f6koosolekutel;<\/span><\/span><\/span><\/span>\n\t<\/li>\n<li style=\"margin-top:0cm;margin-right:0cm;margin-bottom:.0001pt\">\n\t\t<span style=\"background:white\"><span style=\"line-height:normal\"><span><span>Osalemine koolituskursustel ja -seminaridel;<\/span><\/span><\/span><\/span>\n\t<\/li>\n<li style=\"margin-top:0cm;margin-right:0cm;margin-bottom:.0001pt\">\n\t\t<span style=\"background:white\"><span style=\"line-height:normal\"><span><span>Osalemine aktuaaride suvekoolides;<\/span><\/span><\/span><\/span>\n\t<\/li>\n<li style=\"margin-top:0cm;margin-right:0cm;margin-bottom:.0001pt\">\n\t\t<span style=\"background:white\"><span style=\"line-height:normal\"><span><span>Osalemine teiste erialade v\u00f5i \u00e4rivaldkondade poolt korraldatud konverentsidel ja seminaridel;<\/span><\/span><\/span><\/span>\n\t<\/li>\n<li style=\"margin-top:0cm;margin-right:0cm;margin-bottom:.0001pt\">\n\t\t<span style=\"background:white\"><span style=\"line-height:normal\"><span><span>Osalemine teadust\u00f6\u00f6s;<\/span><\/span><\/span><\/span>\n\t<\/li>\n<li style=\"margin-top:0cm;margin-right:0cm;margin-bottom:.0001pt\">\n\t\t<span style=\"background:white\"><span style=\"line-height:normal\"><span><span>Osalemine t\u00f6\u00f6gruppides ja tehnilistes redaktsioonikomiteedes rahvusvahelisel tasemel;<\/span><\/span><\/span><\/span>\n\t<\/li>\n<li style=\"margin-top:0cm;margin-right:0cm;margin-bottom:.0001pt\">\n\t\t<span style=\"background:white\"><span style=\"line-height:normal\"><span><span>\u00d5ppet\u00f6\u00f6 l\u00e4biviimine aktuaaridele v\u00f5i teemadel, mis on kaetud k\u00e4esolevas \u00f5ppekavas;<\/span><\/span><\/span><\/span>\n\t<\/li>\n<li style=\"margin-top:0cm;margin-right:0cm;margin-bottom:.0001pt\">\n\t\t<span style=\"background:white\"><span style=\"line-height:normal\"><span><span>Erialaste artiklite ja raamatute kirjutamine ja retsenseerimine;<\/span><\/span><\/span><\/span>\n\t<\/li>\n<li style=\"margin-top:0cm;margin-right:0cm;margin-bottom:.0001pt\">\n\t\t<span style=\"background:white\"><span style=\"line-height:normal\"><span><span>Osalemine erialasel E-koolitusel;<\/span><\/span><\/span><\/span>\n\t<\/li>\n<li style=\"margin-top:0cm;margin-right:0cm;margin-bottom:.0001pt\">\n\t\t<span style=\"background:white\"><span style=\"line-height:normal\"><span><span>Erialaste raamatute ja artiklite lugemine ning nende p\u00f5hjal ettekannete koostamine;<\/span><\/span><\/span><\/span>\n\t<\/li>\n<li style=\"margin-top:0cm;margin-right:0cm;margin-bottom:14.0pt\">\n\t\t<span style=\"background:white\"><span style=\"line-height:normal\"><span><span>Teised sarnased tegevused.<\/span><\/span><\/span><\/span>\n\t<\/li>\n<\/ul>\n<p style=\"margin-top:0cm;margin-right:0cm;margin-bottom:14.0pt\">\n\t<span style=\"background:white\"><span style=\"line-height:normal\"><span><span>3. Dokumentatsioon<\/span><\/span><\/span><\/span>\n<\/p>\n<p style=\"margin-bottom:7.5pt;text-align:justify\">\n\t<span style=\"background:white\"><span style=\"line-height:normal\"><span><span>T\u00e4iendkoolituse l\u00e4bimise j\u00e4rgselt registreerib iga Eesti Aktuaaride Liidu t\u00e4isliige koolitusel osalemise fakti ja koolituse mahu vastavas andmebaasis ning esitab t\u00f5endusmaterjali haridustoimkonnale. Esitatav dokumentatsioon peab sisaldab koolituse v\u00f5i tegevuse kirjeldust ja mahtu ning infot l\u00e4biviija kohta. Lisaks on soovitatav, et p\u00e4rast CPD tegevuse l\u00e4bimist t\u00e4isliikmed peegeldaksid arendatud v\u00f5tmep\u00e4devusi.<\/span><\/span><\/span><\/span>\n<\/p>\n<p style=\"border:none;margin-bottom:7.5pt\">\n\t<span style=\"background:white\"><span style=\"line-height:normal\"><span><span>4. Hindamine<\/span><\/span><\/span><\/span>\n<\/p>\n<p style=\"margin-bottom:7.5pt;text-align:justify\">\n\t<span style=\"background:white\"><span style=\"line-height:normal\"><span><span>Igal Eesti Aktuaaride Liidu <b>t\u00e4isliikmel<\/b> on kohustus t\u00e4ita minimaalselt<b> 45 tunni* ulatuses CPD tegevusi iga kolmeaastase perioodi jooksul<\/b>. Tunni all m\u00f5istetakse astronoomilist tundi.<\/span><\/span><\/span><\/span>\n<\/p>\n<p style=\"border:none;margin-top:7.5pt;margin-bottom:7.5pt\">\n\t<span style=\"background:white\"><span style=\"line-height:normal\"><span><span>5. J\u00e4relevalve<\/span><\/span><\/span><\/span>\n<\/p>\n<p style=\"margin-bottom:7.5pt;text-align:justify\">\n\t<span style=\"background:white\"><span style=\"line-height:normal\"><span><span>Liikmete pideva kutsealase arengu (CPD) t\u00e4iendkoolituse\u00a0 skeemi vastavuse ja t\u00e4itmise \u00fclevaatust\u00a0 koordineerib Eesti Aktuaaride Liidu haridustoimkond. Vastavuse hindamine toimub korra aastas ning\u00a0 arvestust peetakse iga EAL t\u00e4isliikme kohta eraldi. <\/span><\/span><\/span><\/span>\n<\/p>\n<p style=\"text-align:justify\">\n\t<span style=\"background:white\"><span style=\"line-height:normal\"><span><span>Eesti Aktuaaride Liidu juhatusel on \u00f5igus kohustada t\u00e4isliiget t\u00e4iendkoolitusel osalema, kui liikmel ei ole t\u00e4idetud t\u00e4iendkoolitustel osalemise n\u00f5uded. Pikaajaline t\u00e4iendkoolitustel mitteosalemine v\u00f5ib olla p\u00f5hjus t\u00e4isliikme staatuse \u00e4rav\u00f5tmise algatamiseks. <\/span><\/span><\/span><\/span>\n<\/p>\n<p style=\"text-align:justify\">\n\t\u00a0\n<\/p>\n<p style=\"text-align:justify\">\n\t<em><span style=\"background:white\"><span style=\"line-height:normal\"><span><span>* Tund on astronoomiline tund, 60 minutit.<\/span><\/span><\/span><\/span><\/em>\n<\/p>\n<p style=\"text-align:justify\">\n\t<em>Kinnitatud \u00fcldkoosolekul 12.2023<\/em>\n<\/p>\n<p style=\"text-align:justify\">\n\t\u00a0\n<\/p>\n<p>\n\t\u00a0<\/p>\n","protected":false},"excerpt":{"rendered":"<p>\u00a0 \u00a0 \u00a0 Pidev kutsealane areng (CPD) on defineeritud kui teadmiste ja kompetentsi pidev areng l\u00e4bi aktuaari karj\u00e4\u00e4ri koos tehniliste, professionaalsete, personaalsete, \u00e4riliste ja juhtimisoskuste kasvuga. Selle eesm\u00e4rk on tagada j\u00e4tkusuutlik p\u00e4devus aktuaarsetes teadmistes ja oskustes, mis vastaks kaasaja n\u00f5udmistele &#8230;<\/p>\n","protected":false},"author":101,"featured_media":0,"parent":0,"menu_order":0,"comment_status":"closed","ping_status":"closed","template":"","meta":{"_acf_changed":false,"inline_featured_image":false,"footnotes":""},"class_list":["post-12","page","type-page","status-publish","hentry"],"acf":[],"_links":{"self":[{"href":"https:\/\/sisu.ut.ee\/aktuaar\/wp-json\/wp\/v2\/pages\/12","targetHints":{"allow":["GET"]}}],"collection":[{"href":"https:\/\/sisu.ut.ee\/aktuaar\/wp-json\/wp\/v2\/pages"}],"about":[{"href":"https:\/\/sisu.ut.ee\/aktuaar\/wp-json\/wp\/v2\/types\/page"}],"author":[{"embeddable":true,"href":"https:\/\/sisu.ut.ee\/aktuaar\/wp-json\/wp\/v2\/users\/101"}],"replies":[{"embeddable":true,"href":"https:\/\/sisu.ut.ee\/aktuaar\/wp-json\/wp\/v2\/comments?post=12"}],"version-history":[{"count":1,"href":"https:\/\/sisu.ut.ee\/aktuaar\/wp-json\/wp\/v2\/pages\/12\/revisions"}],"predecessor-version":[{"id":107,"href":"https:\/\/sisu.ut.ee\/aktuaar\/wp-json\/wp\/v2\/pages\/12\/revisions\/107"}],"wp:attachment":[{"href":"https:\/\/sisu.ut.ee\/aktuaar\/wp-json\/wp\/v2\/media?parent=12"}],"curies":[{"name":"wp","href":"https:\/\/api.w.org\/{rel}","templated":true}]}}