{"id":11,"date":"2024-04-04T03:17:38","date_gmt":"2024-04-04T00:17:38","guid":{"rendered":"https:\/\/sisu.ut.ee\/aktuaar\/liiduga-liitumine\/"},"modified":"2024-04-04T03:17:48","modified_gmt":"2024-04-04T00:17:48","slug":"liiduga-liitumine","status":"publish","type":"page","link":"https:\/\/sisu.ut.ee\/aktuaar\/liiduga-liitumine\/","title":{"rendered":"Liiduga liitumine"},"content":{"rendered":"<hr>\n<p>\n\t\u00a0\n<\/p>\n<p>\n\tLiidu (EAL) liikmeks on oodatud t\u00f6\u00f6tavad aktuaarid ja aktuaarihariduse \u00f5petamisega seotud isikud.\n<\/p>\n<p>\n\tEAL-i liikmeks vastuv\u00f5tmise otsustab EAL-i juhatus soovija kirjaliku avalduse alusel. Liikmeks astuja peab oma kirjalikule sooviavaldusele lisama haridust t\u00f5endavad dokumendid ning soovituse v\u00e4hemalt \u00fchelt EAL t\u00e4is- v\u00f5i assotsieerunud liikmelt. Uute liikmete vastuv\u00f5tmise kinnitab liidu \u00fcldkoosolek.\n<\/p>\n<p>\n\tSoovijal palume kontakteeruda: <a href=\"mailto:aktuaar@gmail.com\">aktuaar@gmail.com<\/a><\/p>\n","protected":false},"excerpt":{"rendered":"<p>\u00a0 Liidu (EAL) liikmeks on oodatud t\u00f6\u00f6tavad aktuaarid ja aktuaarihariduse \u00f5petamisega seotud isikud. EAL-i liikmeks vastuv\u00f5tmise otsustab EAL-i juhatus soovija kirjaliku avalduse alusel. Liikmeks astuja peab oma kirjalikule sooviavaldusele lisama haridust t\u00f5endavad dokumendid ning soovituse v\u00e4hemalt \u00fchelt EAL t\u00e4is- v\u00f5i &#8230;<\/p>\n","protected":false},"author":101,"featured_media":0,"parent":0,"menu_order":0,"comment_status":"closed","ping_status":"closed","template":"","meta":{"_acf_changed":false,"inline_featured_image":false,"footnotes":""},"class_list":["post-11","page","type-page","status-publish","hentry"],"acf":[],"_links":{"self":[{"href":"https:\/\/sisu.ut.ee\/aktuaar\/wp-json\/wp\/v2\/pages\/11","targetHints":{"allow":["GET"]}}],"collection":[{"href":"https:\/\/sisu.ut.ee\/aktuaar\/wp-json\/wp\/v2\/pages"}],"about":[{"href":"https:\/\/sisu.ut.ee\/aktuaar\/wp-json\/wp\/v2\/types\/page"}],"author":[{"embeddable":true,"href":"https:\/\/sisu.ut.ee\/aktuaar\/wp-json\/wp\/v2\/users\/101"}],"replies":[{"embeddable":true,"href":"https:\/\/sisu.ut.ee\/aktuaar\/wp-json\/wp\/v2\/comments?post=11"}],"version-history":[{"count":1,"href":"https:\/\/sisu.ut.ee\/aktuaar\/wp-json\/wp\/v2\/pages\/11\/revisions"}],"predecessor-version":[{"id":106,"href":"https:\/\/sisu.ut.ee\/aktuaar\/wp-json\/wp\/v2\/pages\/11\/revisions\/106"}],"wp:attachment":[{"href":"https:\/\/sisu.ut.ee\/aktuaar\/wp-json\/wp\/v2\/media?parent=11"}],"curies":[{"name":"wp","href":"https:\/\/api.w.org\/{rel}","templated":true}]}}