{"id":10,"date":"2024-04-04T03:17:38","date_gmt":"2024-04-04T00:17:38","guid":{"rendered":"https:\/\/sisu.ut.ee\/aktuaar\/liidu-liikmed\/"},"modified":"2025-12-18T14:20:02","modified_gmt":"2025-12-18T12:20:02","slug":"liidu-liikmed","status":"publish","type":"page","link":"https:\/\/sisu.ut.ee\/aktuaar\/liidu-liikmed\/","title":{"rendered":"Liidu liikmed"},"content":{"rendered":"<hr>\n<p><strong>Auliikmed<\/strong><\/p>\n<table class=\"table table-hover\" border=\"0\" cellspacing=\"0\" cellpadding=\"0\">\n<tbody>\n<tr>\n<td valign=\"top\">1<\/td>\n<td valign=\"top\">Kollo, T\u00f5nu<\/td>\n<td valign=\"top\"><\/td>\n<\/tr>\n<tr>\n<td valign=\"top\">2<\/td>\n<td valign=\"top\">P\u00e4rna, Kalev<\/td>\n<td valign=\"top\"><\/td>\n<\/tr>\n<\/tbody>\n<\/table>\n<p><strong>T\u00e4isliikmed<\/strong><\/p>\n<table class=\"table table-hover\" style=\"height: 706px;\" border=\"0\" width=\"392\" cellspacing=\"0\" cellpadding=\"0\">\n<tbody>\n<tr>\n<td valign=\"top\">1<\/td>\n<td valign=\"top\">Guralnik, Marika<\/td>\n<td valign=\"top\"><\/td>\n<\/tr>\n<tr>\n<td valign=\"top\">2<\/td>\n<td valign=\"top\">Heinapuu, Airi<\/td>\n<td valign=\"top\"><\/td>\n<\/tr>\n<tr>\n<td valign=\"top\">3<\/td>\n<td valign=\"top\">Hoop, Anu<\/td>\n<td valign=\"top\"><\/td>\n<\/tr>\n<tr>\n<td valign=\"top\">4<\/td>\n<td valign=\"top\">Koll, Tarmo<\/td>\n<td valign=\"top\"><\/td>\n<\/tr>\n<tr>\n<td valign=\"top\">5<\/td>\n<td valign=\"top\">Miro\u0161nikov, Matvei<\/td>\n<td valign=\"top\"><\/td>\n<\/tr>\n<tr>\n<td valign=\"top\">6<\/td>\n<td valign=\"top\">Ok, Kati<\/td>\n<td valign=\"top\"><\/td>\n<\/tr>\n<tr>\n<td valign=\"top\">7<\/td>\n<td valign=\"top\">Raukas, Piret<\/td>\n<td valign=\"top\"><\/td>\n<\/tr>\n<tr>\n<td valign=\"top\">8<\/td>\n<td valign=\"top\">Sammelsaar, Lagle<\/td>\n<td valign=\"top\"><\/td>\n<\/tr>\n<tr>\n<td valign=\"top\">9<\/td>\n<td valign=\"top\">Sibul, Jaanus<\/td>\n<td valign=\"top\"><\/td>\n<\/tr>\n<tr>\n<td valign=\"top\">10<\/td>\n<td valign=\"top\">Talvet, Raine<\/td>\n<td valign=\"top\"><\/td>\n<\/tr>\n<tr>\n<td valign=\"top\">11<\/td>\n<td valign=\"top\">Terask, Merike<\/td>\n<td valign=\"top\"><\/td>\n<\/tr>\n<tr>\n<td valign=\"top\">12<\/td>\n<td valign=\"top\">Vainik, Krista<\/td>\n<td valign=\"top\"><\/td>\n<\/tr>\n<tr>\n<td valign=\"top\">13<\/td>\n<td valign=\"top\">Viirsalu, Hele-Liis<\/td>\n<td valign=\"top\"><\/td>\n<\/tr>\n<\/tbody>\n<\/table>\n<p><strong>Assotsieerunud liikmed<\/strong><\/p>\n<table class=\"table table-hover\" style=\"height: 628px;\" border=\"0\" width=\"244\" cellspacing=\"0\" cellpadding=\"0\">\n<tbody>\n<tr>\n<td valign=\"top\">1<\/td>\n<td valign=\"top\">Arum\u00e4gi, Meelis<\/td>\n<td valign=\"top\"><\/td>\n<td valign=\"top\"><\/td>\n<\/tr>\n<tr>\n<td valign=\"top\">2<\/td>\n<td valign=\"top\">Holst, Liisa<\/td>\n<td valign=\"top\"><\/td>\n<td valign=\"top\"><\/td>\n<\/tr>\n<tr>\n<td valign=\"top\">3<\/td>\n<td valign=\"top\">Kippar, K\u00e4tlin<\/td>\n<td valign=\"top\"><\/td>\n<td valign=\"top\"><\/td>\n<\/tr>\n<tr>\n<td valign=\"top\">4<\/td>\n<td valign=\"top\">Kukk, Karin<\/td>\n<td valign=\"top\"><\/td>\n<td valign=\"top\"><\/td>\n<\/tr>\n<tr>\n<td valign=\"top\">5<\/td>\n<td valign=\"top\">Kuum, Kadi-Liis<\/td>\n<td valign=\"top\"><\/td>\n<td valign=\"top\"><\/td>\n<\/tr>\n<tr>\n<td valign=\"top\">6<\/td>\n<td valign=\"top\">K\u00e4\u00e4rik, Meelis<\/td>\n<td valign=\"top\"><\/td>\n<td valign=\"top\"><\/td>\n<\/tr>\n<tr>\n<td valign=\"top\">7<\/td>\n<td valign=\"top\">Maldre, T\u00f5nis<\/td>\n<td valign=\"top\"><\/td>\n<td valign=\"top\"><\/td>\n<\/tr>\n<tr>\n<td valign=\"top\">8<\/td>\n<td valign=\"top\">Mitt, Anu<\/td>\n<td valign=\"top\"><\/td>\n<td valign=\"top\"><\/td>\n<\/tr>\n<tr>\n<td valign=\"top\">9<\/td>\n<td valign=\"top\">Sinikas, Kristjan<\/td>\n<td valign=\"top\"><\/td>\n<td valign=\"top\"><\/td>\n<\/tr>\n<tr>\n<td valign=\"top\">10<\/td>\n<td valign=\"top\">Tamlak, Veikko<\/td>\n<td valign=\"top\"><\/td>\n<td valign=\"top\"><\/td>\n<\/tr>\n<tr>\n<td valign=\"top\">11<\/td>\n<td valign=\"top\">Tee, Liivika<\/td>\n<td valign=\"top\"><\/td>\n<td valign=\"top\"><\/td>\n<\/tr>\n<tr>\n<td valign=\"top\">12<\/td>\n<td valign=\"top\">Tuttar, Artur<\/td>\n<td valign=\"top\"><\/td>\n<td valign=\"top\"><\/td>\n<\/tr>\n<tr>\n<td valign=\"top\">13<\/td>\n<td valign=\"top\">V\u00f5sa, Eret<\/td>\n<td valign=\"top\"><\/td>\n<td valign=\"top\"><\/td>\n<\/tr>\n<\/tbody>\n<\/table>\n<p><strong>\u00d5pilasliikmed<\/strong><\/p>\n<table class=\"table table-hover\" border=\"0\" cellspacing=\"0\" cellpadding=\"0\">\n<tbody>\n<tr>\n<td valign=\"top\">1<\/td>\n<td valign=\"top\">Akulenko, Artur<\/td>\n<td valign=\"top\"><\/td>\n<\/tr>\n<tr>\n<td valign=\"top\">2<\/td>\n<td valign=\"top\">Gedzo, Leon<\/td>\n<td valign=\"top\"><\/td>\n<\/tr>\n<tr>\n<td valign=\"top\">3<\/td>\n<td valign=\"top\">Golikova, Julia<\/td>\n<td valign=\"top\"><\/td>\n<\/tr>\n<tr>\n<td valign=\"top\">4<\/td>\n<td valign=\"top\">Juhkam, Mihhail<\/td>\n<td valign=\"top\"><\/td>\n<\/tr>\n<tr>\n<td valign=\"top\">5<\/td>\n<td valign=\"top\">J\u00fcrisaar, Marit<\/td>\n<td valign=\"top\"><\/td>\n<\/tr>\n<tr>\n<td valign=\"top\">6<\/td>\n<td valign=\"top\">Keller, Irina<\/td>\n<td valign=\"top\"><\/td>\n<\/tr>\n<tr>\n<td valign=\"top\">7<\/td>\n<td valign=\"top\">Kukk, Anneli<\/td>\n<td valign=\"top\"><\/td>\n<\/tr>\n<tr>\n<td valign=\"top\">8<\/td>\n<td valign=\"top\">M\u00f5ts, Eve<\/td>\n<td valign=\"top\"><\/td>\n<\/tr>\n<tr>\n<td valign=\"top\">9<\/td>\n<td valign=\"top\">M\u00f5ttus, Karl-Robert<\/td>\n<td valign=\"top\"><\/td>\n<\/tr>\n<tr>\n<td valign=\"top\">10<\/td>\n<td valign=\"top\">P\u00f5ldma, Aet<\/td>\n<td valign=\"top\"><\/td>\n<\/tr>\n<tr>\n<td valign=\"top\">11<\/td>\n<td valign=\"top\">Raadal, Sten<\/td>\n<td valign=\"top\"><\/td>\n<\/tr>\n<tr>\n<td valign=\"top\">12<\/td>\n<td valign=\"top\">S\u00e4ks, Ardo<\/td>\n<td valign=\"top\"><\/td>\n<\/tr>\n<tr>\n<td valign=\"top\">13<\/td>\n<td valign=\"top\">Tomson, Mikk<\/td>\n<td valign=\"top\"><\/td>\n<\/tr>\n<\/tbody>\n<\/table>\n","protected":false},"excerpt":{"rendered":"<p>Auliikmed 1 Kollo, T\u00f5nu 2 P\u00e4rna, Kalev T\u00e4isliikmed 1 Guralnik, Marika 2 Heinapuu, Airi 3 Hoop, Anu 4 Koll, Tarmo 5 Miro\u0161nikov, Matvei 6 Ok, Kati 7 Raukas, Piret 8 Sammelsaar, Lagle 9 Sibul, Jaanus 10 Talvet, Raine 11 Terask, &#8230;<\/p>\n","protected":false},"author":101,"featured_media":0,"parent":0,"menu_order":0,"comment_status":"closed","ping_status":"closed","template":"","meta":{"_acf_changed":false,"inline_featured_image":false,"footnotes":""},"class_list":["post-10","page","type-page","status-publish","hentry"],"acf":[],"_links":{"self":[{"href":"https:\/\/sisu.ut.ee\/aktuaar\/wp-json\/wp\/v2\/pages\/10","targetHints":{"allow":["GET"]}}],"collection":[{"href":"https:\/\/sisu.ut.ee\/aktuaar\/wp-json\/wp\/v2\/pages"}],"about":[{"href":"https:\/\/sisu.ut.ee\/aktuaar\/wp-json\/wp\/v2\/types\/page"}],"author":[{"embeddable":true,"href":"https:\/\/sisu.ut.ee\/aktuaar\/wp-json\/wp\/v2\/users\/101"}],"replies":[{"embeddable":true,"href":"https:\/\/sisu.ut.ee\/aktuaar\/wp-json\/wp\/v2\/comments?post=10"}],"version-history":[{"count":16,"href":"https:\/\/sisu.ut.ee\/aktuaar\/wp-json\/wp\/v2\/pages\/10\/revisions"}],"predecessor-version":[{"id":1213,"href":"https:\/\/sisu.ut.ee\/aktuaar\/wp-json\/wp\/v2\/pages\/10\/revisions\/1213"}],"wp:attachment":[{"href":"https:\/\/sisu.ut.ee\/aktuaar\/wp-json\/wp\/v2\/media?parent=10"}],"curies":[{"name":"wp","href":"https:\/\/api.w.org\/{rel}","templated":true}]}}