{"id":8,"date":"2024-04-04T03:04:21","date_gmt":"2024-04-04T00:04:21","guid":{"rendered":"https:\/\/sisu.ut.ee\/aktiivope\/tutvumis-ja-soojendusulesanded\/"},"modified":"2024-04-04T03:04:36","modified_gmt":"2024-04-04T00:04:36","slug":"tutvumis-ja-soojendusulesanded","status":"publish","type":"page","link":"https:\/\/sisu.ut.ee\/aktiivope\/tutvumis-ja-soojendusulesanded\/","title":{"rendered":"2. Tutvumis- ja soojendus\u00fclesanded"},"content":{"rendered":"<p><img loading=\"lazy\" decoding=\"async\" width=\"233\" height=\"253\" class=\"alignnone wp-image-46\" style=\"float: right\" src=\"https:\/\/sisu.ut.ee\/wp-content\/uploads\/sites\/187\/tutvumine.png\" title=\"tutvumine.png\" alt=\"tutvumine.png\"><\/p>\n<p style=\"text-align: left\"><em>Katrin Poom-Valickis<\/em><\/p>\n<p><\/p>\n<p><span data-mce-mark=\"1\">Paratamatult peame tegema koost\u00f6\u00f6d teiste inimestega. Ka \u00f5ppimise seisukohast on koost\u00f6\u00f6 ja \u00fcksteiselt \u00f5ppimine \u00e4\u00e4rmiselt oluline. Samas v\u00f5ib koost\u00f6\u00f6 olla nii edasiviiv kui ka pidurdav. K\u00f5ik s\u00f5ltub osapoolte valmidusest ning l\u00e4bisaamisest. Selleks, et v\u00e4lja selgitada, mille poole konkreetne inimene hetkel p\u00fc\u00fcdleb, millised on tema eesm\u00e4rgid, vajadused ja valmisolek, tuleb teda tundma \u00f5ppida.\u00a0<\/span><\/p>\n<p><span><\/span>Selle mooduli raames tutvute te erinevate tutvumis- ja soojendus\u00fclesannetega ning nende kasutamise v\u00f5imalustega e-\u00f5ppes.<\/p>\n","protected":false},"excerpt":{"rendered":"<p>Katrin Poom-Valickis Paratamatult peame tegema koost\u00f6\u00f6d teiste inimestega. Ka \u00f5ppimise seisukohast on koost\u00f6\u00f6 ja \u00fcksteiselt \u00f5ppimine \u00e4\u00e4rmiselt oluline. Samas v\u00f5ib koost\u00f6\u00f6 olla nii edasiviiv kui ka pidurdav. K\u00f5ik s\u00f5ltub osapoolte valmidusest ning l\u00e4bisaamisest. Selleks, et v\u00e4lja selgitada, mille poole konkreetne &#8230;<\/p>\n","protected":false},"author":9,"featured_media":0,"parent":0,"menu_order":0,"comment_status":"closed","ping_status":"closed","template":"","meta":{"_acf_changed":false,"inline_featured_image":false,"footnotes":""},"class_list":["post-8","page","type-page","status-publish","hentry"],"acf":[],"_links":{"self":[{"href":"https:\/\/sisu.ut.ee\/aktiivope\/wp-json\/wp\/v2\/pages\/8","targetHints":{"allow":["GET"]}}],"collection":[{"href":"https:\/\/sisu.ut.ee\/aktiivope\/wp-json\/wp\/v2\/pages"}],"about":[{"href":"https:\/\/sisu.ut.ee\/aktiivope\/wp-json\/wp\/v2\/types\/page"}],"author":[{"embeddable":true,"href":"https:\/\/sisu.ut.ee\/aktiivope\/wp-json\/wp\/v2\/users\/9"}],"replies":[{"embeddable":true,"href":"https:\/\/sisu.ut.ee\/aktiivope\/wp-json\/wp\/v2\/comments?post=8"}],"version-history":[{"count":1,"href":"https:\/\/sisu.ut.ee\/aktiivope\/wp-json\/wp\/v2\/pages\/8\/revisions"}],"predecessor-version":[{"id":156,"href":"https:\/\/sisu.ut.ee\/aktiivope\/wp-json\/wp\/v2\/pages\/8\/revisions\/156"}],"wp:attachment":[{"href":"https:\/\/sisu.ut.ee\/aktiivope\/wp-json\/wp\/v2\/media?parent=8"}],"curies":[{"name":"wp","href":"https:\/\/api.w.org\/{rel}","templated":true}]}}