{"id":7,"date":"2024-04-04T03:04:21","date_gmt":"2024-04-04T00:04:21","guid":{"rendered":"https:\/\/sisu.ut.ee\/aktiivope\/kasutatud-allikad\/"},"modified":"2024-04-04T03:04:36","modified_gmt":"2024-04-04T00:04:36","slug":"kasutatud-allikad","status":"publish","type":"page","link":"https:\/\/sisu.ut.ee\/aktiivope\/kasutatud-allikad\/","title":{"rendered":"Kasutatud allikad"},"content":{"rendered":"<ul>\n<li><span>Jarvis, P. (1998). T\u00e4iskasvanuharidus &amp; pidev\u00f5pe. Teooria ja praktika. Tallinn: SE &amp; JS.<\/span><\/li>\n<li><span>Lindgren, H.C., Suter, W. N. (1994). Pedagoogiline ps\u00fchholoogia koolipraktikas. Tartu: Tartu \u00dclikool.<\/span><\/li>\n<li><span>\u00d5ppimist ja arengut toetav hindamine koolikeskkonnas. \u00a0<a href=\"http:\/\/hindaminekoolikeskkonnas.weebly.com\/index.html\" target=\"_blank\" rel=\"noopener\">http:\/\/hindaminekoolikeskkonnas.weebly.com\/index.html<\/a><\/span><\/li>\n<\/ul>\n","protected":false},"excerpt":{"rendered":"<p>Jarvis, P. (1998). T\u00e4iskasvanuharidus &amp; pidev\u00f5pe. Teooria ja praktika. Tallinn: SE &amp; JS. Lindgren, H.C., Suter, W. N. (1994). Pedagoogiline ps\u00fchholoogia koolipraktikas. Tartu: Tartu \u00dclikool. \u00d5ppimist ja arengut toetav hindamine koolikeskkonnas. \u00a0http:\/\/hindaminekoolikeskkonnas.weebly.com\/index.html<\/p>\n","protected":false},"author":9,"featured_media":0,"parent":0,"menu_order":0,"comment_status":"closed","ping_status":"closed","template":"","meta":{"_acf_changed":false,"inline_featured_image":false,"footnotes":""},"class_list":["post-7","page","type-page","status-publish","hentry"],"acf":[],"_links":{"self":[{"href":"https:\/\/sisu.ut.ee\/aktiivope\/wp-json\/wp\/v2\/pages\/7","targetHints":{"allow":["GET"]}}],"collection":[{"href":"https:\/\/sisu.ut.ee\/aktiivope\/wp-json\/wp\/v2\/pages"}],"about":[{"href":"https:\/\/sisu.ut.ee\/aktiivope\/wp-json\/wp\/v2\/types\/page"}],"author":[{"embeddable":true,"href":"https:\/\/sisu.ut.ee\/aktiivope\/wp-json\/wp\/v2\/users\/9"}],"replies":[{"embeddable":true,"href":"https:\/\/sisu.ut.ee\/aktiivope\/wp-json\/wp\/v2\/comments?post=7"}],"version-history":[{"count":1,"href":"https:\/\/sisu.ut.ee\/aktiivope\/wp-json\/wp\/v2\/pages\/7\/revisions"}],"predecessor-version":[{"id":155,"href":"https:\/\/sisu.ut.ee\/aktiivope\/wp-json\/wp\/v2\/pages\/7\/revisions\/155"}],"wp:attachment":[{"href":"https:\/\/sisu.ut.ee\/aktiivope\/wp-json\/wp\/v2\/media?parent=7"}],"curies":[{"name":"wp","href":"https:\/\/api.w.org\/{rel}","templated":true}]}}