{"id":6,"date":"2024-04-04T03:04:21","date_gmt":"2024-04-04T00:04:21","guid":{"rendered":"https:\/\/sisu.ut.ee\/aktiivope\/opivaljundid-ja-oppemeetodid\/"},"modified":"2024-04-04T03:04:36","modified_gmt":"2024-04-04T00:04:36","slug":"opivaljundid-ja-oppemeetodid","status":"publish","type":"page","link":"https:\/\/sisu.ut.ee\/aktiivope\/opivaljundid-ja-oppemeetodid\/","title":{"rendered":"\u00d5piv\u00e4ljundid ja \u00f5ppemeetodid"},"content":{"rendered":"<p>\n\tV\u00e4ljundip\u00f5hises \u00f5ppes peaksid \u00f5piv\u00e4ljundid, hindamisviisid ja oppemeetodid moodustama koosk\u00f5lalise terviku ning seet\u00f5ttu v\u00f5ib \u00f5ppemeetodeid r\u00fchmitada ka selle alusel, kuidas \u00fcks v\u00f5i teine \u00f5ppemeetod toetab kavandatud \u00f5piv\u00e4ljundite saavutamist.\n<\/p>\n<p>\n\tKui \u00f5piv\u00e4ljundina on m\u00e4\u00e4ratletud, et \u00f5ppija oskab t\u00f6\u00f6tada r\u00fchmas, siis on oluline \u00f5ppeprotsessi jooksul kasutada m\u00f5nda r\u00fchmat\u00f6\u00f6 (r\u00fchmaprojekt, mosaiik vms) meetodit. Kui \u00f5piv\u00e4ljundina on m\u00e4\u00e4ratletud, et \u00f5ppija oskab teadmisi rakendada, siis on kindlasti vajalik ainekursuse jooksul kasutada rakendamist v\u00f5imaldavaid \u00f5ppemeetodeid (\u00fclesannete lahendamine, praktilised harjutused, laborit\u00f6\u00f6d, juhtumi anal\u00fc\u00fcs vms). Kui \u00f5piv\u00e4ljundina on s\u00f5nastatud, et \u00f5ppija oskab anal\u00fc\u00fcsida, siis kindlasti ei piisa, et \u00f5petaja toetab vaid teadmiste meeldej\u00e4tmist, vaid oluline on kasutada meetodeid, mis v\u00f5imaldavad anal\u00fc\u00fcsioskust arendada (diskussioon, anal\u00fc\u00fctiline essee, v\u00f5rdleva tabeli v\u00f5i m\u00f5istekaardi koostamine vms).\n<\/p>\n<p>\n\t\u00d5piv\u00e4ljundite ja \u00f5ppemeetodite vahel pole \u00fcks-\u00fchest seost: \u00fche \u00f5piv\u00e4ljundi saavutamist v\u00f5ivad toetada erinevad oppemeetodid, samuti v\u00f5ib \u00fcks \u00f5ppemeetod (nt juhtumi anal\u00fc\u00fcs) sobida erinevate \u00f5piv\u00e4ljundite saavutamiseks (anal\u00fc\u00fcs, s\u00fcntees, teadmiste rakendamine).\n<\/p>\n<h5>\n\tVajadusel tuletage meelde \u00f5piv\u00e4ljundite s\u00f5nastamise p\u00f5him\u00f5tteid (lk 29):\u00a0<a data-url=\"https:\/\/dspace.ut.ee\/bitstream\/handle\/10062\/16497\/juhend_veeb.pdf?sequence=1&amp;isAllowed=y\" href=\"https:\/\/dspace.ut.ee\/bitstream\/handle\/10062\/16497\/juhend_veeb.pdf?sequence=1&amp;isAllowed=y\" target=\"_blank\" title=\"\" rel=\"noopener\">\u00d5ppekava arendamise juhendmaterjal (Rutiku, S.; Valk, A.; Pilli, E.; Vanari, K. 2009)<\/a>.<br>\n<\/h5>\n","protected":false},"excerpt":{"rendered":"<p>V\u00e4ljundip\u00f5hises \u00f5ppes peaksid \u00f5piv\u00e4ljundid, hindamisviisid ja oppemeetodid moodustama koosk\u00f5lalise terviku ning seet\u00f5ttu v\u00f5ib \u00f5ppemeetodeid r\u00fchmitada ka selle alusel, kuidas \u00fcks v\u00f5i teine \u00f5ppemeetod toetab kavandatud \u00f5piv\u00e4ljundite saavutamist. Kui \u00f5piv\u00e4ljundina on m\u00e4\u00e4ratletud, et \u00f5ppija oskab t\u00f6\u00f6tada r\u00fchmas, siis on oluline \u00f5ppeprotsessi &#8230;<\/p>\n","protected":false},"author":9,"featured_media":0,"parent":0,"menu_order":0,"comment_status":"closed","ping_status":"closed","template":"","meta":{"_acf_changed":false,"inline_featured_image":false,"footnotes":""},"class_list":["post-6","page","type-page","status-publish","hentry"],"acf":[],"_links":{"self":[{"href":"https:\/\/sisu.ut.ee\/aktiivope\/wp-json\/wp\/v2\/pages\/6","targetHints":{"allow":["GET"]}}],"collection":[{"href":"https:\/\/sisu.ut.ee\/aktiivope\/wp-json\/wp\/v2\/pages"}],"about":[{"href":"https:\/\/sisu.ut.ee\/aktiivope\/wp-json\/wp\/v2\/types\/page"}],"author":[{"embeddable":true,"href":"https:\/\/sisu.ut.ee\/aktiivope\/wp-json\/wp\/v2\/users\/9"}],"replies":[{"embeddable":true,"href":"https:\/\/sisu.ut.ee\/aktiivope\/wp-json\/wp\/v2\/comments?post=6"}],"version-history":[{"count":1,"href":"https:\/\/sisu.ut.ee\/aktiivope\/wp-json\/wp\/v2\/pages\/6\/revisions"}],"predecessor-version":[{"id":154,"href":"https:\/\/sisu.ut.ee\/aktiivope\/wp-json\/wp\/v2\/pages\/6\/revisions\/154"}],"wp:attachment":[{"href":"https:\/\/sisu.ut.ee\/aktiivope\/wp-json\/wp\/v2\/media?parent=6"}],"curies":[{"name":"wp","href":"https:\/\/api.w.org\/{rel}","templated":true}]}}