{"id":43,"date":"2024-04-04T03:04:24","date_gmt":"2024-04-04T00:04:24","guid":{"rendered":"https:\/\/sisu.ut.ee\/aktiivope\/individuaalsed-ulesanded-naited\/"},"modified":"2024-04-04T03:04:35","modified_gmt":"2024-04-04T00:04:35","slug":"individuaalsed-ulesanded-naited","status":"publish","type":"page","link":"https:\/\/sisu.ut.ee\/aktiivope\/individuaalsed-ulesanded-naited\/","title":{"rendered":"Individuaalsed \u00fclesanded (n\u00e4ited)"},"content":{"rendered":"<ol>\n<li><a href=\"#\" data-bs-toggle=\"modal\" data-bs-target=\"#popup-modal\" data-title=\"Enne ja p\u00e4rast.\" data-content='V\u00e4ited\/vastused k\u00fcsimustele v\u00f5ib lasta kirjutada &lt;a href=\"https:\/\/mahara.ut.ee\/view\/view.php?id=76\" target=\"_blank\" rel=\"noopener\"&gt;Maharas&lt;\/a&gt;&amp;nbsp;v\u00f5i &lt;a href=\"https:\/\/sites.google.com\/site\/malveeportfoolio\/home\" target=\"_blank\" rel=\"noopener\"&gt;GoogleDrive&amp;#8217;is&lt;\/a&gt; enda portfoolio lehele \u00fchte plokki ja p\u00e4rast \u00f5ppimist teise plokki. Lisada v\u00f5ib enesehinnangu, mida n\u00fc\u00fcd paremini\/rohkem teadis. Kasutada v\u00f5ib ka Moodle&amp;#8217;i \u00f5pip\u00e4evikut, individuaalset vikit, online \u00fclesannet (lubatud korduvalt esitada). Auditooriumis saab interaktiivselt k\u00fcsitleda ka Mentimetri (&lt;a href=\"https:\/\/www.menti.com\/fed4b5\" target=\"_blank\" rel=\"noopener\"&gt;vastamine&lt;\/a&gt;) abil (&lt;a href=\"https:\/\/www.mentimeter.com\/s\/261ff4f8a175dfad9c02d9198f02328a\/967dbd73be47\" target=\"_blank\" rel=\"noopener\"&gt;vastused&lt;\/a&gt;).'>Enne ja p\u00e4rast.<\/a>\u00a0\u00d5ppijad hindavad teatud v\u00e4iteid enne \u00f5ppimist ja samu v\u00e4iteid p\u00e4rast. \u00d5igsust kontrollivad \u00f5ppijad ise.<\/li>\n<li><a href=\"#\" data-bs-toggle=\"modal\" data-bs-target=\"#popup-modal\" data-title=\"E-portfoolio.\" data-content=\"Materjalid saab koondada enda portfooliosse Maharas v\u00f5i Moodle&amp;#8217;i \u00f5pip\u00e4evikusse (lisada saab 1 koondfaili).\">E-portfoolio.<\/a>\u00a0\u00d5piv\u00e4ljunditest l\u00e4htuv reflekteeriv p\u00e4evik + t\u00f5endusmaterjalid.<\/li>\n<li><a href=\"#\" data-bs-toggle=\"modal\" data-bs-target=\"#popup-modal\" data-title=\"Ettekande ettevalmistamine.\" data-content=\"Ettekanne v\u00f5ib olla suuline, mille tulemuse saab kanda e-kursusele \u00fclesande kaudu. Ettekande faili v\u00f5ib koostada ka Google Drive&amp;#8217;is v\u00f5i Prezis. \u00d5ppija v\u00f5ib esitada ettekande faili v\u00f5i lingi sellele foorumisse (k\u00f5igile n\u00e4ha) v\u00f5i \u00fclesande kaudu (privaatne).\">Ettekande ettevalmistamine.<\/a><\/li>\n<li><a href=\"#\" data-bs-toggle=\"modal\" data-bs-target=\"#popup-modal\" data-title=\"Juhtumianal\u00fc\u00fcs.\" data-content=\"\u00d5ppija lahendab juhtumi individuaalselt ja esitab selle \u00f5ppej\u00f5ule \u00fclesande kaudu v\u00f5i avalikult foorumisse. Anal\u00fc\u00fcsid v\u00f5ib koguda ka enda portfooliosse Maharas.\">Juhtumianal\u00fc\u00fcs.<\/a>\u00a0Probleemide, kaasuste lahendamine.\u00a0<\/li>\n<li><a href=\"#\" data-bs-toggle=\"modal\" data-bs-target=\"#popup-modal\" data-title=\"Kaheosaline p\u00e4evik.\" data-content=\"Mugavaim viis on t\u00e4ita sellist p\u00e4evikut GoogleDrive&amp;#8217;is ja esitada \u00f5ppej\u00f5ule selle link \u00fclesande (privaatselt) v\u00f5i foorumi (avalikult) kaudu.\">Kaheosaline p\u00e4evik.<\/a>Esimene veerg sisaldab \u00f5ppematerjalist v\u00e4ljakirjutusi ja teine veerg \u00f5ppija selgitusi.<\/li>\n<li><a href=\"#\" data-bs-toggle=\"modal\" data-bs-target=\"#popup-modal\" data-title=\"Kaksk\u00fcmmend olulist m\u00f5tet.\" data-content=\"M\u00f5tete v\u00e4ljakirjutamiseks ja esitamiseks sobivad GoogleDrive, \u00fclesanne, \u00f5pip\u00e4evik, viki.\">Kaksk\u00fcmmend olulist m\u00f5tet.<\/a>\u00a0\u00d5ppematerjalist (nt artiklist) m\u00e4rgitakse v\u00e4lja 20 olulist m\u00f5tet nii, et teine saab ka aru, mis oli uurimuse eesm\u00e4rk, uurimismeetod, protseduur, tulemused ja uurimuse olulisus.<\/li>\n<li><a href=\"#\" data-bs-toggle=\"modal\" data-bs-target=\"#popup-modal\" data-title=\"Kokkuv\u00f5tte s\u00f5nastamine.\" data-content=\"Kokkuv\u00f5tte v\u00f5ib vormistada portfooliosse, \u00fclesandena (onlain vastuses s\u00f5nade piirang), foorumis (s\u00f5nade loendur).\">Kokkuv\u00f5tte s\u00f5nastamine.<\/a>\u00a0 Kirjutatakse l\u00fchikokkuv\u00f5te \u00f5pitud materjali kohta. T\u00e4pse mahu v\u00f5iks ette anda. V\u00f5ib ette anda ka l\u00fcnkteksti, lausete algused.<\/li>\n<li><a href=\"#\" data-bs-toggle=\"modal\" data-bs-target=\"#popup-modal\" data-title=\"Konspekteerimine.\" data-content=\"Konspekti on mugav kirjutada GoogleDrive&amp;#8217;is v\u00f5i video kohta Videonotis. Lingi konspektile saab esitada \u00fclesande kaudu v\u00f5i foorumisse.\">Konspekteerimine.<\/a><\/li>\n<li><a href=\"#\" data-bs-toggle=\"modal\" data-bs-target=\"#popup-modal\" data-title=\"K\u00fcsimuste koostamine.\" data-content=\"Kui k\u00fcsimused esitada foorumisse, saavad \u00f5ppej\u00f5ud v\u00f5i kaas\u00f5ppijad neile vastata.\">K\u00fcsimuste koostamine.<\/a>\u00a0K\u00fcsimused segaseks j\u00e4\u00e4nud osade kohta \u00f5ppej\u00f5ule v\u00f5i kaas\u00f5ppijatele.<\/li>\n<li><a href=\"#\" data-bs-toggle=\"modal\" data-bs-target=\"#popup-modal\" data-title=\"K\u00fcsimustele vastamine.\" data-content=\"V\u00f5ib kasutada Moodle&amp;#8217;i testi (enamik on arvuti poolt kontrollitavad k\u00fcsimuset\u00fc\u00fcbid) v\u00f5i vastuste esitamist \u00fclesandena.\">K\u00fcsimustele vastamine.<\/a>\u00a0Ette anda k\u00fcsimused (eeldavad materjali sisulist m\u00f5istmist, loovat seostamist v\u00f5i anal\u00fc\u00fcsimist kogemuste baasil).<\/li>\n<li><a href=\"#\" data-bs-toggle=\"modal\" data-bs-target=\"#popup-modal\" data-title=\"Lugemisblogi.\" data-content=\"Lugemisblogi pidamiseks sobib Mahara v\u00f5i GoogleDrive v\u00f5i \u00f5pip\u00e4evik Moodle&amp;#8217;is.\">Lugemisblogi.<\/a>\u00d5ppematerjalist kokkuv\u00f5tted, seostatult isiklike kogemustega, hinnatakse infot, vaieldakse vastu autori seisukohtadele. K\u00fcsimused v\u00f5ivad olla ette antud.\u00a0<\/li>\n<li><a href=\"#\" data-bs-toggle=\"modal\" data-bs-target=\"#popup-modal\" data-title=\"L\u00fchitestid.\" data-content=\"Moodle&amp;#8217;i poolt kontrollitavad, HotPotatoesiga v\u00f5i Sisu@UT-s loodud testid annavad kohest tagasisidet. K\u00fcsimuste vastused v\u00f5ivad olla ka enesekontrolliks akordionina lahtikl\u00f5psatavad. Mentimeter v\u00f5imaldab nt auditooriumis koguda \u00f5ppijate vastused ja esitada need koheselt veebilehel. \">L\u00fchitestid.<\/a>\u00d5ppimise jooksul peab sooritama l\u00fchikesi teste. Vastuseid kontrollivad \u00f5ppijad ise v\u00f5i teeb seda arvuti.<\/li>\n<li><a href=\"#\" data-bs-toggle=\"modal\" data-bs-target=\"#popup-modal\" data-title=\"M\u00e4rkidega lugemine.\" data-content=\"M\u00e4rkidega lugemist on k\u00f5ige mugavam teha Google Drive&amp;#8217;is.\">M\u00e4rkidega lugemine.<\/a>Kasutatakse kindlaid m\u00e4rke: teadsin varem +; uus info !; k\u00fcsimused, kahtlused ?) v\u00f5i v\u00e4rvikoode (uus \u2013 kollane, arusaamatu \u2013 punane).<\/li>\n<li><a href=\"#\" data-bs-toggle=\"modal\" data-bs-target=\"#popup-modal\" data-title=\"Materjali t\u00e4iendamine.\" data-content=\"Kui materjal anda tekstina ette Moodle&amp;#8217;i individuaalses vikis, saavad \u00f5ppijad seda t\u00e4iendada. Materjali v\u00f5ib esitada ka doc-failina, mille \u00f5ppija salvestab enda arvutisse v\u00f5i GoogleDrive&amp;#8217;i ja t\u00e4iendab ning esitab l\u00f5pliku verisooni failina v\u00f5i lingina.\">Materjali t\u00e4iendamine.<\/a>\u00d5ppijad peavad \u00f5pitud materjali p\u00f5hjal t\u00e4iendama e-keskkonnas olevat kirjalikku materjali.<\/li>\n<li><a href=\"#\" data-bs-toggle=\"modal\" data-bs-target=\"#popup-modal\" data-title=\"Neli-kolm-kaks-\u00fcks.\" data-content=\"K\u00f5ige \u00fclevaatlikkum on kasutada v\u00e4rvilisi lipikuid veebitahvlil (nt Paddlet).\">Neli-kolm-kaks-\u00fcks.<\/a>\u00a0(4 uut m\u00f5istet, 3 uut fakti, 2 segast k\u00fcsimust, 1 k\u00f5ige v\u00e4\u00e4rtuslikum m\u00f5te) v\u00f5i kolm-kaks-\u00fcks (kolm uut teadmist, kaks k\u00fcsimust, \u00fcks m\u00f5te v\u00f5i idee, mille \u00fcle tahan veel m\u00f5elda).<\/li>\n<li><a href=\"#\" data-bs-toggle=\"modal\" data-bs-target=\"#popup-modal\" data-title=\"\u00d5ppematerjali hindamine.\" data-content=\"K\u00f5ige paremini sobib \u00f5ppematerjali hindamiseks Moodle&amp;#8217;i \u00f5pikoda, kuhu oodatakse \u00f5ppija t\u00f6\u00f6d ja on lubatud enesehindamine hindemaatriksi alusel.\">\u00d5ppematerjali hindamine.<\/a>Otsitakase \u00f5ppematerjal, anal\u00fc\u00fcsitakse ja hinnatakse maatriksi alusel, tutvustatakse teistele, parimad v\u00f5etakse kasutusele.<\/li>\n<li><a href=\"#\" data-bs-toggle=\"modal\" data-bs-target=\"#popup-modal\" data-title=\"\u00d5ppematerjali koostamine.\" data-content=\"\u00d5ppematerjali saab koostada GoogleDrive&amp;#8217;i v\u00f5i esitada failina \u00fclesandena v\u00f5i foorumisse v\u00f5i lingina Wikipeediast.\">\u00d5ppematerjali koostamine.<\/a>Nt Wikipedia artikkel.<\/li>\n<li><a href=\"#\" data-bs-toggle=\"modal\" data-bs-target=\"#popup-modal\" data-title=\"P\u00f5him\u00f5istete defineerimine enne ja p\u00e4rast.\" data-content=\"Sarnaselt \u00fclesandega &amp;#8220;Enne ja p\u00e4rast&amp;#8221; v\u00f5ib kasutada portfooliot, vikit, \u00fclesannet. \">P\u00f5him\u00f5istete defineerimine enne ja p\u00e4rast.<\/a><\/li>\n<li><a href=\"#\" data-bs-toggle=\"modal\" data-bs-target=\"#popup-modal\" data-title=\"PQ4R.\" data-content=\"Terve \u00fclesanne ei peagi olema e-keskkonnas, vaid ainult m\u00f5ni etapp: k\u00fcsimuste esitamine ja vastamine, reflekteerimine, kokkuv\u00f5tte koostamine, testi sooritamine. \u00d5ppematerjali esitada ja koheselt kontrollida v\u00f5imaldab Moodle&amp;#8217;i tund.\">PQ4R.<\/a>Vaata \u00fcle (preview). Esita k\u00fcsimusi (question). Loe (read). M\u00f5tle (reflect). Arutle ja meenuta (recite). Korda \u00fcle (review). Ka PARS (preview \u2013 question \u2013 read \u2013 summarize), OPRATT (overview \u2013 pose questions \u2013 read \u2013 answer \u2013 talk \u2013 test).<\/li>\n<li><a href=\"#\" data-bs-toggle=\"modal\" data-bs-target=\"#popup-modal\" data-title=\"Referaadi koostamine.\" data-content=\"Referaati saab koostada pilves ja esitada veebilingina v\u00f5i failina foorumisse\/\u00fclesandena v\u00f5i portfoolio \u00fche osana.\">Referaadi koostamine.<\/a><\/li>\n<li><a href=\"#\" data-bs-toggle=\"modal\" data-bs-target=\"#popup-modal\" data-title=\"Reflekteeriv p\u00e4evik.\" data-content=\"Sarnaselt \u00f5piblogiga sobib Mahara v\u00f5i GoogleDrive v\u00f5i \u00f5pip\u00e4evik Moodle&amp;#8217;is.\">Reflekteeriv p\u00e4evik.<\/a>Ette anda suunavad k\u00fcsimused v\u00f5i pidepunktid. Mida sel n\u00e4dalal \u00f5ppisite ja kuidas? Millised teemad v\u00f5i probleemid j\u00e4id ebaselgeks? Kui te oleksite \u00f5ppej\u00f5ud, milliseid k\u00fcsimusi esitaksite oma \u00fcli\u00f5pilastele, et teada saada, kas nad on materjalist aru saanud? \u2026<\/li>\n<li><a href=\"#\" data-bs-toggle=\"modal\" data-bs-target=\"#popup-modal\" data-title=\"Selede (jooniste, skeemide, tabelite, m\u00f5iste- ja m\u00f5ttekaartide) koostamine.\" data-content=\"Selesid on mugav koostada m\u00f5istekaardi rakendustega Moodle&amp;#8217;is v\u00f5i mujal ning GoogleDrive&amp;#8217;is.\">Selede (jooniste, skeemide, tabelite, m\u00f5iste- ja m\u00f5ttekaartide) koostamine.<\/a><\/li>\n<li><a href=\"#\" data-bs-toggle=\"modal\" data-bs-target=\"#popup-modal\" data-title=\"Suhtlusp\u00f5hine videoloeng.\" data-content=\"Videoloengut Panoptoga salvestades saab hiljem lisada video sisse testik\u00fcsimused, millele (\u00f5igesti) vastamata videot edasi vaadata ei saa. Videoloengut pidades v\u00f5ib esitada vaatajale k\u00fcsimusi ja j\u00e4tta m\u00f5tlemiseks paar sekundit aega ning seej\u00e4rel ise kommenteerida. Videos v\u00f5ivad olla suulised\/kirjalikud juhised praktiliseks v\u00f5i kirjalikuks \u00fclesandeks. YouTubes oleva video puhul v\u00f5ivad \u00f5ppijad esitatud k\u00fcsimustele vastata Videonot rakenduse kaudu v\u00f5i Moodle&amp;#8217;i \u00fclesandega.\">Suhtlusp\u00f5hine videoloeng.<\/a>Erinevad \u00fclesanded m\u00f5tlemiseks, testik\u00fcsimused.<\/li>\n<li><a href=\"#\" data-bs-toggle=\"modal\" data-bs-target=\"#popup-modal\" data-title=\"T\u00e4iendatavad jaotusmaterjalid.\" data-content=\"Oluline on jaotusmaterjalid anda \u00f5ppijale sellises vormis, mille sisu on lihtsasti kopeeritav v\u00f5i salvestatav ja p\u00e4rast seda \u00f5ppija poolt muudetav ning esitatav.\">T\u00e4iendatavad jaotusmaterjalid.<\/a>Nt \u2013 koostada loetelu, t\u00e4iendada skeemi, vastata k\u00fcsimusele, joonistada graafik, joonistada skeemile nooled, t\u00e4ita tabel, t\u00e4iendada pilte, koostada m\u00f5iste- v\u00f5i m\u00f5ttekaart.<\/li>\n<li><a href=\"#\" data-bs-toggle=\"modal\" data-bs-target=\"#popup-modal\" data-title=\"Usun ja kahtlen\" data-content=\"Selleks \u00fclesandeks sobivad k\u00f5ik vahendid, mis ka e-portfoolio jaoks.\">Usun ja kahtlen<\/a>\u00a0(n\u00f5ustun v\u00f5i ei n\u00f5ustu).\u00a0 \u00d5ppematerjalist tuuakse v\u00e4lja vastandlikke seisukohti, n\u00e4iteks poolt- ja vastuargumente, tugevusi ja n\u00f5rkusi v\u00f5i v\u00e4iteid, millega \u00f5ppija on n\u00f5us, ja v\u00e4iteid, milles kahtleb.<\/li>\n<\/ol>\n<hr>\n<h5>Rohkem n\u00e4iteid: M. Karm (2013). \u00d5ppemeetodid k\u00f5rgkoolis. Sihtasutus Archimedes. <a href=\"https:\/\/ec.europa.eu\/epale\/sites\/epale\/files\/oppemeetodid.pdf\" target=\"_blank\" rel=\"noopener\">https:\/\/ec.europa.eu\/epale\/sites\/epale\/files\/oppemeetodid.pdf<\/a><\/h5>\n","protected":false},"excerpt":{"rendered":"<p>\u00a0\u00d5ppijad hindavad teatud v\u00e4iteid enne \u00f5ppimist ja samu v\u00e4iteid p\u00e4rast. \u00d5igsust kontrollivad \u00f5ppijad ise. \u00a0\u00d5piv\u00e4ljunditest l\u00e4htuv reflekteeriv p\u00e4evik + t\u00f5endusmaterjalid. \u00a0Probleemide, kaasuste lahendamine.\u00a0 Esimene veerg sisaldab \u00f5ppematerjalist v\u00e4ljakirjutusi ja teine veerg \u00f5ppija selgitusi. \u00a0\u00d5ppematerjalist (nt artiklist) m\u00e4rgitakse v\u00e4lja 20 olulist &#8230;<\/p>\n","protected":false},"author":9,"featured_media":0,"parent":0,"menu_order":0,"comment_status":"closed","ping_status":"closed","template":"","meta":{"_acf_changed":false,"inline_featured_image":false,"footnotes":""},"class_list":["post-43","page","type-page","status-publish","hentry"],"acf":[],"_links":{"self":[{"href":"https:\/\/sisu.ut.ee\/aktiivope\/wp-json\/wp\/v2\/pages\/43","targetHints":{"allow":["GET"]}}],"collection":[{"href":"https:\/\/sisu.ut.ee\/aktiivope\/wp-json\/wp\/v2\/pages"}],"about":[{"href":"https:\/\/sisu.ut.ee\/aktiivope\/wp-json\/wp\/v2\/types\/page"}],"author":[{"embeddable":true,"href":"https:\/\/sisu.ut.ee\/aktiivope\/wp-json\/wp\/v2\/users\/9"}],"replies":[{"embeddable":true,"href":"https:\/\/sisu.ut.ee\/aktiivope\/wp-json\/wp\/v2\/comments?post=43"}],"version-history":[{"count":1,"href":"https:\/\/sisu.ut.ee\/aktiivope\/wp-json\/wp\/v2\/pages\/43\/revisions"}],"predecessor-version":[{"id":122,"href":"https:\/\/sisu.ut.ee\/aktiivope\/wp-json\/wp\/v2\/pages\/43\/revisions\/122"}],"wp:attachment":[{"href":"https:\/\/sisu.ut.ee\/aktiivope\/wp-json\/wp\/v2\/media?parent=43"}],"curies":[{"name":"wp","href":"https:\/\/api.w.org\/{rel}","templated":true}]}}