{"id":40,"date":"2024-04-04T03:04:23","date_gmt":"2024-04-04T00:04:23","guid":{"rendered":"https:\/\/sisu.ut.ee\/aktiivope\/opijuhise-struktuur-0\/"},"modified":"2024-04-04T03:04:36","modified_gmt":"2024-04-04T00:04:36","slug":"opijuhise-struktuur-0","status":"publish","type":"page","link":"https:\/\/sisu.ut.ee\/aktiivope\/opijuhise-struktuur-0\/","title":{"rendered":"\u00d5pijuhise struktuur"},"content":{"rendered":"<ol>\n<li>\u00dclesande nimetus<\/li>\n<li>Eesm\u00e4rk, \u00f5piv\u00e4ljundid<\/li>\n<li>Aeg (algus, etappide algusajad, kestus, t\u00e4htajad)<\/li>\n<li>\u00dcldine korraldus (protsessi kirjeldus, viited konkreetsetele tehnilistele vahenditele)<\/li>\n<li>Hindamine (mida hinnatakse, kriteeriumid, hindeskaala)<\/li>\n<\/ol>\n","protected":false},"excerpt":{"rendered":"<p>\u00dclesande nimetus Eesm\u00e4rk, \u00f5piv\u00e4ljundid Aeg (algus, etappide algusajad, kestus, t\u00e4htajad) \u00dcldine korraldus (protsessi kirjeldus, viited konkreetsetele tehnilistele vahenditele) Hindamine (mida hinnatakse, kriteeriumid, hindeskaala)<\/p>\n","protected":false},"author":9,"featured_media":0,"parent":0,"menu_order":0,"comment_status":"closed","ping_status":"closed","template":"","meta":{"_acf_changed":false,"inline_featured_image":false,"footnotes":""},"class_list":["post-40","page","type-page","status-publish","hentry"],"acf":[],"_links":{"self":[{"href":"https:\/\/sisu.ut.ee\/aktiivope\/wp-json\/wp\/v2\/pages\/40","targetHints":{"allow":["GET"]}}],"collection":[{"href":"https:\/\/sisu.ut.ee\/aktiivope\/wp-json\/wp\/v2\/pages"}],"about":[{"href":"https:\/\/sisu.ut.ee\/aktiivope\/wp-json\/wp\/v2\/types\/page"}],"author":[{"embeddable":true,"href":"https:\/\/sisu.ut.ee\/aktiivope\/wp-json\/wp\/v2\/users\/9"}],"replies":[{"embeddable":true,"href":"https:\/\/sisu.ut.ee\/aktiivope\/wp-json\/wp\/v2\/comments?post=40"}],"version-history":[{"count":1,"href":"https:\/\/sisu.ut.ee\/aktiivope\/wp-json\/wp\/v2\/pages\/40\/revisions"}],"predecessor-version":[{"id":133,"href":"https:\/\/sisu.ut.ee\/aktiivope\/wp-json\/wp\/v2\/pages\/40\/revisions\/133"}],"wp:attachment":[{"href":"https:\/\/sisu.ut.ee\/aktiivope\/wp-json\/wp\/v2\/media?parent=40"}],"curies":[{"name":"wp","href":"https:\/\/api.w.org\/{rel}","templated":true}]}}