{"id":4,"date":"2024-04-04T03:04:21","date_gmt":"2024-04-04T00:04:21","guid":{"rendered":"https:\/\/sisu.ut.ee\/aktiivope\/oppemeetodid\/"},"modified":"2024-04-04T03:04:36","modified_gmt":"2024-04-04T00:04:36","slug":"oppemeetodid","status":"publish","type":"page","link":"https:\/\/sisu.ut.ee\/aktiivope\/oppemeetodid\/","title":{"rendered":"1. \u00d5ppemeetodid"},"content":{"rendered":"<p style=\"text-align: left\"><em><img loading=\"lazy\" decoding=\"async\" width=\"300\" height=\"181\" class=\"alignnone wp-image-44\" style=\"float: right\" src=\"https:\/\/sisu.ut.ee\/wp-content\/uploads\/sites\/187\/meetodid_banner.jpg\" title=\"meetodid_banner.jpg\" alt=\"meetodid_banner.jpg\">Mari Karm<\/em><\/p>\n<p><\/p>\n<p><span data-mce-mark=\"1\">\u00d5ppemeetod on \u00f5petava ja \u00f5ppiva poole \u00fchistegevuse viis, mida kasutatakse \u00f5ppe-eesm\u00e4rkide saavutamiseks. \u00d5ppemeetod h\u00f5lmab \u00f5petaja t\u00f6\u00f6viisi \u2013 \u00f5petamismeetod \u2013 ning \u00f5ppija t\u00f6\u00f6viisi \u2013 \u00f5pimeetod. Juhtiv pool on \u00f5petaja, kes valib t\u00f6\u00f6viisi (\u00f5ppemeetodi), mille abil ta esitab \u00f5ppematerjali (aine) ja juhib \u00f5ppija t\u00f6\u00f6viisi (\u00f5pimeetod).\u00a0<\/span><\/p>\n<p>Meetodite teadlikul valikul tuleks arvestada \u00f5ppeprotsessi eesm\u00e4rke, \u00f5piv\u00e4ljundeid, aine ja \u00f5ppijate erip\u00e4ra, \u00f5ppijate kogemusi meetodite kasutamisel, \u00f5pikeskkonna tingimusi, \u00f5petaja enda oskusi ja kogemusi meetodite kasutamisel jne. Tegelikult peegeldab meetodite valik \u00fcsna palju \u00f5petaja arusaamu \u00f5ppimisest, tema enda ja \u00f5ppijate rollist \u00f5ppeprotsessis. K\u00e4sitledes meetodite kasutamist t\u00e4iskasvanute koolitamisel osutab Peter Jarvis meetodi valikule kui olulisele faktorile, mis on seotud \u201cmitte ainult \u00f5pitava aine sisu, vaid ka \u00f5petaja filosoofiaga\u201d (Jarvis 1998: 230).<\/p>\n<h5>Huvitavaid n\u00e4idis\u00fclesandeid \u00f5pilugudena leiate aadressilt\u00a0<a href=\"http:\/\/oppevara.hitsa.ee\/opilood\/\" target=\"_blank\" rel=\"noopener\">http:\/\/oppevara.hitsa.ee\/opilood\/<\/a><\/h5>\n","protected":false},"excerpt":{"rendered":"<p>Mari Karm \u00d5ppemeetod on \u00f5petava ja \u00f5ppiva poole \u00fchistegevuse viis, mida kasutatakse \u00f5ppe-eesm\u00e4rkide saavutamiseks. \u00d5ppemeetod h\u00f5lmab \u00f5petaja t\u00f6\u00f6viisi \u2013 \u00f5petamismeetod \u2013 ning \u00f5ppija t\u00f6\u00f6viisi \u2013 \u00f5pimeetod. Juhtiv pool on \u00f5petaja, kes valib t\u00f6\u00f6viisi (\u00f5ppemeetodi), mille abil ta esitab \u00f5ppematerjali (aine) &#8230;<\/p>\n","protected":false},"author":9,"featured_media":0,"parent":0,"menu_order":0,"comment_status":"closed","ping_status":"closed","template":"","meta":{"_acf_changed":false,"inline_featured_image":false,"footnotes":""},"class_list":["post-4","page","type-page","status-publish","hentry"],"acf":[],"_links":{"self":[{"href":"https:\/\/sisu.ut.ee\/aktiivope\/wp-json\/wp\/v2\/pages\/4","targetHints":{"allow":["GET"]}}],"collection":[{"href":"https:\/\/sisu.ut.ee\/aktiivope\/wp-json\/wp\/v2\/pages"}],"about":[{"href":"https:\/\/sisu.ut.ee\/aktiivope\/wp-json\/wp\/v2\/types\/page"}],"author":[{"embeddable":true,"href":"https:\/\/sisu.ut.ee\/aktiivope\/wp-json\/wp\/v2\/users\/9"}],"replies":[{"embeddable":true,"href":"https:\/\/sisu.ut.ee\/aktiivope\/wp-json\/wp\/v2\/comments?post=4"}],"version-history":[{"count":1,"href":"https:\/\/sisu.ut.ee\/aktiivope\/wp-json\/wp\/v2\/pages\/4\/revisions"}],"predecessor-version":[{"id":152,"href":"https:\/\/sisu.ut.ee\/aktiivope\/wp-json\/wp\/v2\/pages\/4\/revisions\/152"}],"wp:attachment":[{"href":"https:\/\/sisu.ut.ee\/aktiivope\/wp-json\/wp\/v2\/media?parent=4"}],"curies":[{"name":"wp","href":"https:\/\/api.w.org\/{rel}","templated":true}]}}