{"id":38,"date":"2024-04-04T03:04:23","date_gmt":"2024-04-04T00:04:23","guid":{"rendered":"https:\/\/sisu.ut.ee\/aktiivope\/lausete-lopetamine\/"},"modified":"2024-04-04T03:04:36","modified_gmt":"2024-04-04T00:04:36","slug":"lausete-lopetamine","status":"publish","type":"page","link":"https:\/\/sisu.ut.ee\/aktiivope\/lausete-lopetamine\/","title":{"rendered":"Lausete l\u00f5petamine"},"content":{"rendered":"<p>Refleksiooni toetava \u00fclesandena saab kasutada ka lausete l\u00f5petamise meetodit.\u00a0Lause algused s\u00f5ltuvad k\u00e4sitletavast teemast, \u00f5ppimise k\u00e4igus kasutatud meetoditest ning refleksiooni eesm\u00e4rgist.\u00a0L\u00f5petatud laused v\u00f5ib esitada \u00f5pikeskkonna foorumisse v\u00f5i \u00fclesandevahendiga, \u00f5pip\u00e4eviku v\u00f5i e-portfoolio sissekandena.<\/p>\n<h2>N\u00e4ide 1:<\/h2>\n<ul>\n<li><span>K\u00f5ige huvitavam aspekt k\u00e4sitletud teema juures on \u2026\u00a0<br><\/span><\/li>\n<li><span>K\u00f5ige raskem osa loetud (kuulatud) materjalist on \u2026<\/span><\/li>\n<li><span>Arusaamatuks j\u00e4i \u2026<\/span><\/li>\n<li><span>Uuest teemast aitas mul aru saada \u2026<\/span><\/li>\n<li><span>Tahan edasi uurida veel \u2026.<\/span><\/li>\n<\/ul>\n<h2>N\u00e4ide 2:<\/h2>\n<p>Teil on kolleeg, kes r\u00e4\u00e4kis teile m\u00f5ni aeg tagasi oma plaanist luua \u00fcks MOOC. Ja n\u00fc\u00fcd, kursuse viimase kodut\u00f6\u00f6na palume teil kirjutada talle kiri. Kirja mall on teile ette antud ja palume t\u00e4ita selle t\u00fchjad kohad enda m\u00f5tetega (kokku v\u00e4hemalt 250 s\u00f5na) ning saata siia foorumisse.<\/p>\n<hr>\n<p>Hea \u2026\u2026. !<\/p>\n<p>Pole Sulle ammu kirjutanud, sest on olnud v\u00e4ga kiire. Nimelt osalesin hiljuti \u00fchel MOOCide loomise e-kursusel. L\u00e4ksin sinna kindla plaaniga \u2026\u2026.. Sa ju tead, mida ma MOOCidest m\u00f5tlesin:\u00a0\u2026\u2026.<\/p>\n<p>N\u00fc\u00fcd, 6 n\u00e4dalat hiljem tundub mulle \u2026\u2026.\u00a0ja ma arvan, et \u2026\u2026.\u00a0N\u00fc\u00fcd ma tean, et MOOC \u2026\u2026.\u00a0M\u00e4letad seda T\u00f5nu MOOCi? See on tegelikult ikka tavaline e-kursus, sest \u2026\u2026.\u00a0Kui Sa ikka tahad veel hakata MOOCi looma, siis \u2026\u2026.\u00a0Mina igatahes\u00a0\u2026\u2026.<\/p>\n<p>\u2026\u2026.<\/p>\n<p>P\u00e4ikest Sulle!<\/p>\n<p>\u2026\u2026.<\/p>\n","protected":false},"excerpt":{"rendered":"<p>Refleksiooni toetava \u00fclesandena saab kasutada ka lausete l\u00f5petamise meetodit.\u00a0Lause algused s\u00f5ltuvad k\u00e4sitletavast teemast, \u00f5ppimise k\u00e4igus kasutatud meetoditest ning refleksiooni eesm\u00e4rgist.\u00a0L\u00f5petatud laused v\u00f5ib esitada \u00f5pikeskkonna foorumisse v\u00f5i \u00fclesandevahendiga, \u00f5pip\u00e4eviku v\u00f5i e-portfoolio sissekandena. N\u00e4ide 1: K\u00f5ige huvitavam aspekt k\u00e4sitletud teema juures on &#8230;<\/p>\n","protected":false},"author":9,"featured_media":0,"parent":0,"menu_order":0,"comment_status":"closed","ping_status":"closed","template":"","meta":{"_acf_changed":false,"inline_featured_image":false,"footnotes":""},"class_list":["post-38","page","type-page","status-publish","hentry"],"acf":[],"_links":{"self":[{"href":"https:\/\/sisu.ut.ee\/aktiivope\/wp-json\/wp\/v2\/pages\/38","targetHints":{"allow":["GET"]}}],"collection":[{"href":"https:\/\/sisu.ut.ee\/aktiivope\/wp-json\/wp\/v2\/pages"}],"about":[{"href":"https:\/\/sisu.ut.ee\/aktiivope\/wp-json\/wp\/v2\/types\/page"}],"author":[{"embeddable":true,"href":"https:\/\/sisu.ut.ee\/aktiivope\/wp-json\/wp\/v2\/users\/9"}],"replies":[{"embeddable":true,"href":"https:\/\/sisu.ut.ee\/aktiivope\/wp-json\/wp\/v2\/comments?post=38"}],"version-history":[{"count":1,"href":"https:\/\/sisu.ut.ee\/aktiivope\/wp-json\/wp\/v2\/pages\/38\/revisions"}],"predecessor-version":[{"id":131,"href":"https:\/\/sisu.ut.ee\/aktiivope\/wp-json\/wp\/v2\/pages\/38\/revisions\/131"}],"wp:attachment":[{"href":"https:\/\/sisu.ut.ee\/aktiivope\/wp-json\/wp\/v2\/media?parent=38"}],"curies":[{"name":"wp","href":"https:\/\/api.w.org\/{rel}","templated":true}]}}