{"id":35,"date":"2024-04-04T03:04:23","date_gmt":"2024-04-04T00:04:23","guid":{"rendered":"https:\/\/sisu.ut.ee\/aktiivope\/kokkuvotete-kirjutamine\/"},"modified":"2024-04-04T03:04:36","modified_gmt":"2024-04-04T00:04:36","slug":"kokkuvotete-kirjutamine","status":"publish","type":"page","link":"https:\/\/sisu.ut.ee\/aktiivope\/kokkuvotete-kirjutamine\/","title":{"rendered":"Kokkuv\u00f5tete kirjutamine"},"content":{"rendered":"<p>\u00d5ppijatel palutakse kirjutada oma s\u00f5nadega kokkuv\u00f5te loetud materjali v\u00f5i kuulatud loengu p\u00f5hjal. \u00dclesande erip\u00e4ra on, et v\u00e4ga t\u00e4pselt m\u00e4\u00e4ratletakse kokkuv\u00f5tte pikkus \u2013 n\u00e4iteks 250 s\u00f5na v\u00f5i 25 s\u00f5na (\u00fcks lause). See suunab \u00f5ppijaid otsima peamist ideed ja m\u00f5tet ning s\u00f5nastama selle v\u00e4ga t\u00e4pselt.<\/p>\n<div class=\"no-overflow\">\n<p><span data-mce-mark=\"1\">Kuna kokkuv\u00f5ttes peavad \u00f5ppijad v\u00e4ljendama peamist m\u00f5tet oma s\u00f5nadega, siis peegeldab kirjutatud kokkuv\u00f5te, mil viisil on \u00f5ppijad \u00f5pitavast aru saanud.<\/span><\/p>\n<p><span data-mce-mark=\"1\">Individuaalsele kokkuv\u00f5tte kirjutamisele v\u00f5ib j\u00e4rgneda paarist\u00f6\u00f6, mille k\u00e4igus \u00f5ppijad v\u00f5rdlevad kokkuv\u00f5tteid paarilisega ning kirjutavad \u00fchise viimistletud kokkuv\u00f5tte.\u00a0<br><\/span><\/p>\n<p><span data-mce-mark=\"1\">Kokkuv\u00f5tted v\u00f5ib esitada \u00f5petajale \u00f5pikeskkonna foorumi v\u00f5i \u00fclesandevahendi vahendusel v\u00f5i luua hoopis vikis. Vikis on mugav korraldada ka \u00fchise kokkuv\u00f5tte loomist paarist\u00f6\u00f6na.<\/span><\/p>\n<\/div>\n","protected":false},"excerpt":{"rendered":"<p>\u00d5ppijatel palutakse kirjutada oma s\u00f5nadega kokkuv\u00f5te loetud materjali v\u00f5i kuulatud loengu p\u00f5hjal. \u00dclesande erip\u00e4ra on, et v\u00e4ga t\u00e4pselt m\u00e4\u00e4ratletakse kokkuv\u00f5tte pikkus \u2013 n\u00e4iteks 250 s\u00f5na v\u00f5i 25 s\u00f5na (\u00fcks lause). See suunab \u00f5ppijaid otsima peamist ideed ja m\u00f5tet ning s\u00f5nastama &#8230;<\/p>\n","protected":false},"author":9,"featured_media":0,"parent":0,"menu_order":0,"comment_status":"closed","ping_status":"closed","template":"","meta":{"_acf_changed":false,"inline_featured_image":false,"footnotes":""},"class_list":["post-35","page","type-page","status-publish","hentry"],"acf":[],"_links":{"self":[{"href":"https:\/\/sisu.ut.ee\/aktiivope\/wp-json\/wp\/v2\/pages\/35","targetHints":{"allow":["GET"]}}],"collection":[{"href":"https:\/\/sisu.ut.ee\/aktiivope\/wp-json\/wp\/v2\/pages"}],"about":[{"href":"https:\/\/sisu.ut.ee\/aktiivope\/wp-json\/wp\/v2\/types\/page"}],"author":[{"embeddable":true,"href":"https:\/\/sisu.ut.ee\/aktiivope\/wp-json\/wp\/v2\/users\/9"}],"replies":[{"embeddable":true,"href":"https:\/\/sisu.ut.ee\/aktiivope\/wp-json\/wp\/v2\/comments?post=35"}],"version-history":[{"count":1,"href":"https:\/\/sisu.ut.ee\/aktiivope\/wp-json\/wp\/v2\/pages\/35\/revisions"}],"predecessor-version":[{"id":128,"href":"https:\/\/sisu.ut.ee\/aktiivope\/wp-json\/wp\/v2\/pages\/35\/revisions\/128"}],"wp:attachment":[{"href":"https:\/\/sisu.ut.ee\/aktiivope\/wp-json\/wp\/v2\/media?parent=35"}],"curies":[{"name":"wp","href":"https:\/\/api.w.org\/{rel}","templated":true}]}}