{"id":34,"date":"2024-04-04T03:04:23","date_gmt":"2024-04-04T00:04:23","guid":{"rendered":"https:\/\/sisu.ut.ee\/aktiivope\/refleksiooni-toetavad-oppemeetodid\/"},"modified":"2024-04-04T03:04:35","modified_gmt":"2024-04-04T00:04:35","slug":"refleksiooni-toetavad-oppemeetodid","status":"publish","type":"page","link":"https:\/\/sisu.ut.ee\/aktiivope\/refleksiooni-toetavad-oppemeetodid\/","title":{"rendered":"5. Refleksiooni toetavad meetodid"},"content":{"rendered":"<p style=\"text-align: left\"><img loading=\"lazy\" decoding=\"async\" width=\"284\" height=\"263\" class=\"alignnone wp-image-59\" style=\"float: right\" src=\"https:\/\/sisu.ut.ee\/wp-content\/uploads\/sites\/187\/refleksioon.png\" title=\"refleksioon.png\" alt=\"refleksioon.png\"><em>Mari Karm<\/em><\/p>\n<p><\/p>\n<p>Refleksioonietapis toimub tervikliku pildi loomine \u00f5pitust, \u00f5pitu kasutamine uutes seostes ja uutes olukordades, omapoolse suhtumise kujundamine ja arusaamade muutmine.<\/p>\n<p><span>Refleksioon on vajalik, et \u00f5ppijad uued teadmised tegelikult omaks v\u00f5taksid. Uued teadmised saavad kiiremini omaks, kui neid kasutada ja v\u00f5rrelda varasemate teadmistega. Selleks tuleb \u00f5ppijatele anda v\u00f5imalusi v\u00e4ljendada uusi teadmisi ja ideid oma s\u00f5nadega, samuti anda \u00fclesandeid, kus \u00f5ppijad saaksid uusi teadmisi loovalt rakendada.<\/span><\/p>\n<p><span>T\u00e4htsaks \u00fclesandeks refleksioonietapis on \u00f5hutada m\u00f5ttevahetust \u00f5ppijate vahel, et nad saaks v\u00f5rrelda oma uusi teadmisi ja arusaamist teiste \u00f5ppijate omaga. Samuti on oluline tervikpildi loomine, uute teadmiste paigutamine olemasolevate teadmiste s\u00fcsteemi (m\u00f5ttekaardid, skeemid).<\/span><\/p>\n<p><span>Refleksiooniprotsess v\u00f5iks kaasa aidata sellele, et \u00f5ppijates tekib isiklik suhe \u00f5pitavasse, seda saab toetada \u00f5pimapi (e-portfoolio), \u00f5pip\u00e4evikute jt \u00fclesannete kaudu.<\/span><\/p>\n","protected":false},"excerpt":{"rendered":"<p>Mari Karm Refleksioonietapis toimub tervikliku pildi loomine \u00f5pitust, \u00f5pitu kasutamine uutes seostes ja uutes olukordades, omapoolse suhtumise kujundamine ja arusaamade muutmine. Refleksioon on vajalik, et \u00f5ppijad uued teadmised tegelikult omaks v\u00f5taksid. Uued teadmised saavad kiiremini omaks, kui neid kasutada ja &#8230;<\/p>\n","protected":false},"author":9,"featured_media":0,"parent":0,"menu_order":0,"comment_status":"closed","ping_status":"closed","template":"","meta":{"_acf_changed":false,"inline_featured_image":false,"footnotes":""},"class_list":["post-34","page","type-page","status-publish","hentry"],"acf":[],"_links":{"self":[{"href":"https:\/\/sisu.ut.ee\/aktiivope\/wp-json\/wp\/v2\/pages\/34","targetHints":{"allow":["GET"]}}],"collection":[{"href":"https:\/\/sisu.ut.ee\/aktiivope\/wp-json\/wp\/v2\/pages"}],"about":[{"href":"https:\/\/sisu.ut.ee\/aktiivope\/wp-json\/wp\/v2\/types\/page"}],"author":[{"embeddable":true,"href":"https:\/\/sisu.ut.ee\/aktiivope\/wp-json\/wp\/v2\/users\/9"}],"replies":[{"embeddable":true,"href":"https:\/\/sisu.ut.ee\/aktiivope\/wp-json\/wp\/v2\/comments?post=34"}],"version-history":[{"count":1,"href":"https:\/\/sisu.ut.ee\/aktiivope\/wp-json\/wp\/v2\/pages\/34\/revisions"}],"predecessor-version":[{"id":127,"href":"https:\/\/sisu.ut.ee\/aktiivope\/wp-json\/wp\/v2\/pages\/34\/revisions\/127"}],"wp:attachment":[{"href":"https:\/\/sisu.ut.ee\/aktiivope\/wp-json\/wp\/v2\/media?parent=34"}],"curies":[{"name":"wp","href":"https:\/\/api.w.org\/{rel}","templated":true}]}}