{"id":3,"date":"2024-04-04T03:04:21","date_gmt":"2024-04-04T00:04:21","guid":{"rendered":"https:\/\/sisu.ut.ee\/aktiivope\/avaleht\/"},"modified":"2024-04-17T12:23:21","modified_gmt":"2024-04-17T09:23:21","slug":"avaleht","status":"publish","type":"page","link":"https:\/\/sisu.ut.ee\/aktiivope\/","title":{"rendered":"Avaleht"},"content":{"rendered":"<p>\u00d5ppematerjalide v\u00e4ljat\u00f6\u00f6tajad:\u00a0Einike Pilli, Mari Karm, Katrin Poom-Valickis, Lehti Pilt, Triin Marandi<\/p>\n<p>Illustratsioonid: Triin Marandi, programmiga\u00a0<a href=\"http:\/\/www.picassohead.com\/create.html\" target=\"_blank\" rel=\"noopener\"><span>Picassohead<\/span><\/a><\/p>\n<p>Materjalid on m\u00f5eldud \u00fclikoolide, rakendusk\u00f5rgkoolide, kutse\u00f5ppeasutuste ja \u00fcldhariduskoolide \u00f5ppej\u00f5ududele\/\u00f5petajatele, kellel on m\u00f5ningad kogemused e-\u00f5ppe kasutamisel ning kes soovivad oma e-kursust\/e-toega kursust metoodiliselt t\u00e4iendada.<\/p>\n<p>K\u00e4sitletavad teemad:<\/p>\n<ul>\n<li>\u00d5ppemeetodid ja nende r\u00fchmitamine<\/li>\n<li>Tutvumis- ja soojendus\u00fclesanded<\/li>\n<li>Meetodid, mis toetavad iseseisvat lugemist\/t\u00f6\u00f6d \u00f5ppematerjaliga<\/li>\n<li>R\u00fchmat\u00f6\u00f6 e-\u00f5ppes<\/li>\n<li>Refleksiooni toetavad oppemeetodid<\/li>\n<\/ul>\n<p>Materjalid on kasutusel e-kursusel <a href=\"https:\/\/moodle.ut.ee\/course\/view.php?id=323\" target=\"_blank\" rel=\"noopener\">Aktiivoppemeetodid e-\u00f5ppes (P2AV.TK.318)\u00a0<\/a>\u00a0<\/p>\n\n\n<figure class=\"wp-block-image aligncenter size-full\"><img loading=\"lazy\" decoding=\"async\" width=\"198\" height=\"110\" src=\"https:\/\/sisu.ut.ee\/wp-content\/uploads\/sites\/187\/esf198.jpg\" alt=\"\" class=\"wp-image-75\"><\/figure>\n","protected":false},"excerpt":{"rendered":"<p>\u00d5ppematerjalide v\u00e4ljat\u00f6\u00f6tajad:\u00a0Einike Pilli, Mari Karm, Katrin Poom-Valickis, Lehti Pilt, Triin Marandi Illustratsioonid: Triin Marandi, programmiga\u00a0Picassohead Materjalid on m\u00f5eldud \u00fclikoolide, rakendusk\u00f5rgkoolide, kutse\u00f5ppeasutuste ja \u00fcldhariduskoolide \u00f5ppej\u00f5ududele\/\u00f5petajatele, kellel on m\u00f5ningad kogemused e-\u00f5ppe kasutamisel ning kes soovivad oma e-kursust\/e-toega kursust metoodiliselt t\u00e4iendada. K\u00e4sitletavad teemad: &#8230;<\/p>\n","protected":false},"author":9,"featured_media":0,"parent":0,"menu_order":0,"comment_status":"closed","ping_status":"closed","template":"","meta":{"_acf_changed":false,"inline_featured_image":false,"footnotes":""},"class_list":["post-3","page","type-page","status-publish","hentry"],"acf":[],"_links":{"self":[{"href":"https:\/\/sisu.ut.ee\/aktiivope\/wp-json\/wp\/v2\/pages\/3","targetHints":{"allow":["GET"]}}],"collection":[{"href":"https:\/\/sisu.ut.ee\/aktiivope\/wp-json\/wp\/v2\/pages"}],"about":[{"href":"https:\/\/sisu.ut.ee\/aktiivope\/wp-json\/wp\/v2\/types\/page"}],"author":[{"embeddable":true,"href":"https:\/\/sisu.ut.ee\/aktiivope\/wp-json\/wp\/v2\/users\/9"}],"replies":[{"embeddable":true,"href":"https:\/\/sisu.ut.ee\/aktiivope\/wp-json\/wp\/v2\/comments?post=3"}],"version-history":[{"count":2,"href":"https:\/\/sisu.ut.ee\/aktiivope\/wp-json\/wp\/v2\/pages\/3\/revisions"}],"predecessor-version":[{"id":165,"href":"https:\/\/sisu.ut.ee\/aktiivope\/wp-json\/wp\/v2\/pages\/3\/revisions\/165"}],"wp:attachment":[{"href":"https:\/\/sisu.ut.ee\/aktiivope\/wp-json\/wp\/v2\/media?parent=3"}],"curies":[{"name":"wp","href":"https:\/\/api.w.org\/{rel}","templated":true}]}}